{"id":7381,"date":"2026-05-04T09:32:04","date_gmt":"2026-05-04T07:32:04","guid":{"rendered":"https:\/\/aivape.de\/?post_type=product&#038;p=7381"},"modified":"2026-05-04T09:32:06","modified_gmt":"2026-05-04T07:32:06","slug":"airmez-fox-6-in-1-140k-140-000-zuege-6-in-1-aromasystem-airmez","status":"publish","type":"product","link":"https:\/\/aivape.de\/fr\/product\/airmez-fox-6-in-1-140k-140-000-zuege-6-in-1-aromasystem-airmez\/","title":{"rendered":"Airmez FOX 6 IN 1 140K | 140.000 Z\u00fcge &#038; 6-in-1 Aromasystem | Airmez"},"content":{"rendered":"<h1>Airmez FOX 6 IN 1 140K \u2013 Das ultimative 6-in-1 Vaping-Erlebnis<\/h1>\n<h2 data-path-to-node=\"9\"><b data-path-to-node=\"9\" data-index-in-node=\"0\">Warum die Airmez FOX 6 IN 1 140K w\u00e4hlen?<\/b><\/h2>\n<h3 data-path-to-node=\"10\"><b data-path-to-node=\"10\" data-index-in-node=\"0\">Innovatives 6-in-1 Aromasystem<\/b><\/h3>\n<p data-path-to-node=\"11\">Warum sich f\u00fcr einen Geschmack entscheiden, wenn man sechs haben kann? Ein einziges Ger\u00e4t liefert sechs unterschiedliche Aromen f\u00fcr mehr Abwechslung und l\u00e4ngeren Genuss.<\/p>\n<h3 data-path-to-node=\"12\"><b data-path-to-node=\"12\" data-index-in-node=\"0\">\u00dcberlegene Mesh-Coil-Technologie<\/b><\/h3>\n<p data-path-to-node=\"13\">Die fortschrittliche Mesh-Coil sorgt f\u00fcr eine gleichm\u00e4\u00dfige Erhitzung, eine verbesserte Klarheit des Geschmacks und eine sanftere Dampfproduktion bei jedem Zug.<\/p>\n<h3 data-path-to-node=\"14\"><b data-path-to-node=\"14\" data-index-in-node=\"0\">Massive Kapazit\u00e4t f\u00fcr Power-User<\/b><\/h3>\n<p data-path-to-node=\"15\">Mit einer E-Liquid-Kapazit\u00e4t von <span class=\"math-inline\" data-math=\"15\\text{ml} \\times 3\" data-index-in-node=\"33\">$15\\text{ml} \\times 3$<\/span> stellt die <b data-path-to-node=\"15\" data-index-in-node=\"65\">airmez<\/b> FOX 6 IN 1 eine extrem verl\u00e4ngerte Nutzungsdauer sicher, was sie zu einer der wirtschaftlichsten L\u00f6sungen auf dem Markt macht.<\/p>\n<hr data-path-to-node=\"16\" \/>\n<h2 data-path-to-node=\"17\"><b data-path-to-node=\"17\" data-index-in-node=\"0\">Donn\u00e9es techniques<\/b><\/h2>\n<table data-path-to-node=\"18\">\n<thead>\n<tr>\n<td><strong>Sp\u00e9cification<\/strong><\/td>\n<td><strong>D\u00e9tails<\/strong><\/td>\n<\/tr>\n<\/thead>\n<tbody>\n<tr>\n<td><span data-path-to-node=\"18,1,0,0\"><b data-path-to-node=\"18,1,0,0\" data-index-in-node=\"0\">Nom du produit<\/b><\/span><\/td>\n<td><span data-path-to-node=\"18,1,1,0\">Airmez FOX 6 IN 1<\/span><\/td>\n<\/tr>\n<tr>\n<td><span data-path-to-node=\"18,2,0,0\"><b data-path-to-node=\"18,2,0,0\" data-index-in-node=\"0\">Puff-Kapazit\u00e4t<\/b><\/span><\/td>\n<td><span data-path-to-node=\"18,2,1,0\">Bis zu 140.000 Z\u00fcge<\/span><\/td>\n<\/tr>\n<tr>\n<td><span data-path-to-node=\"18,3,0,0\"><b data-path-to-node=\"18,3,0,0\" data-index-in-node=\"0\">Capacit\u00e9 d'e-liquide<\/b><\/span><\/td>\n<td><span data-path-to-node=\"18,3,1,0\"><span class=\"math-inline\" data-math=\"15\\text{ml} \\times 3\" data-index-in-node=\"0\">$15\\text{ml} \\times 3$<\/span><\/span><\/td>\n<\/tr>\n<tr>\n<td><span data-path-to-node=\"18,4,0,0\"><b data-path-to-node=\"18,4,0,0\" data-index-in-node=\"0\">Aromasystem<\/b><\/span><\/td>\n<td><span data-path-to-node=\"18,4,1,0\">6-in-1<\/span><\/td>\n<\/tr>\n<tr>\n<td><span data-path-to-node=\"18,5,0,0\"><b data-path-to-node=\"18,5,0,0\" data-index-in-node=\"0\">Type de bobine<\/b><\/span><\/td>\n<td><span data-path-to-node=\"18,5,1,0\">Bobine de maille<\/span><\/td>\n<\/tr>\n<tr>\n<td><span data-path-to-node=\"18,6,0,0\"><b data-path-to-node=\"18,6,0,0\" data-index-in-node=\"0\">Capacit\u00e9 de la batterie<\/b><\/span><\/td>\n<td><span data-path-to-node=\"18,6,1,0\">650mAh (wiederaufladbar)<\/span><\/td>\n<\/tr>\n<tr>\n<td><span data-path-to-node=\"18,7,0,0\"><b data-path-to-node=\"18,7,0,0\" data-index-in-node=\"0\">Prise de charge<\/b><\/span><\/td>\n<td><span data-path-to-node=\"18,7,1,0\">Type-C<\/span><\/td>\n<\/tr>\n<tr>\n<td><span data-path-to-node=\"18,8,0,0\"><b data-path-to-node=\"18,8,0,0\" data-index-in-node=\"0\">Utilisation<\/b><\/span><\/td>\n<td><span data-path-to-node=\"18,8,1,0\">Zugaktiviert (keine Kn\u00f6pfe)<\/span><\/td>\n<\/tr>\n<tr>\n<td><span data-path-to-node=\"18,9,0,0\"><b data-path-to-node=\"18,9,0,0\" data-index-in-node=\"0\">Ger\u00e4tetyp<\/b><\/span><\/td>\n<td><span data-path-to-node=\"18,9,1,0\">Wiederaufladbare Einweg-Vape<\/span><\/td>\n<\/tr>\n<\/tbody>\n<\/table>\n<p data-path-to-node=\"0\">Hier ist die SEO-optimierte Produktdetailseite f\u00fcr die <b data-path-to-node=\"0\" data-index-in-node=\"55\">Airmez FOX 6 IN 1 140K<\/b> auf Deutsch. Diese Struktur wurde entwickelt, um sowohl die Benutzererfahrung als auch das Suchmaschinenranking f\u00fcr den Begriff <b data-path-to-node=\"0\" data-index-in-node=\"206\">airmez<\/b> zu maximieren.<\/p>\n<hr data-path-to-node=\"1\" \/>\n<h3 data-path-to-node=\"2\"><b data-path-to-node=\"2\" data-index-in-node=\"0\">SEO-Metadaten<\/b><\/h3>\n<ul data-path-to-node=\"3\">\n<li>\n<p data-path-to-node=\"3,0,0\"><b data-path-to-node=\"3,0,0\" data-index-in-node=\"0\">Meta-Titel:<\/b> Airmez FOX 6 IN 1 140K | 140.000 Z\u00fcge &amp; 6-in-1 Aromasystem | Airmez<\/p>\n<\/li>\n<li>\n<p data-path-to-node=\"3,1,0\"><b data-path-to-node=\"3,1,0\" data-index-in-node=\"0\">Meta-Beschreibung:<\/b> Entdecken Sie die Airmez FOX 6 IN 1 140K. Mit 140.000 Z\u00fcgen, innovativem 6-in-1 Aromasystem, Mesh-Coil und <span class=\"math-inline\" data-math=\"15\\text{ml} \\times 3\" data-index-in-node=\"126\">$15\\text{ml} \\times 3$<\/span> Kapazit\u00e4t. Jetzt Airmez kaufen!<\/p>\n<\/li>\n<\/ul>\n<hr data-path-to-node=\"4\" \/>\n<h1 data-path-to-node=\"5\"><b data-path-to-node=\"5\" data-index-in-node=\"0\">H1: Airmez FOX 6 IN 1 140K \u2013 Das ultimative 6-in-1 Vaping-Erlebnis<\/b><\/h1>\n<h2 data-path-to-node=\"6\"><b data-path-to-node=\"6\" data-index-in-node=\"0\">H2: Kurzbeschreibung (Short Description)<\/b><\/h2>\n<p data-path-to-node=\"7\">Le site <b data-path-to-node=\"7\" data-index-in-node=\"4\">Airmez FOX 6 IN 1 140K<\/b> definiert Vielseitigkeit und Ausdauer neu. Mit einer beeindruckenden Kapazit\u00e4t von insgesamt 140.000 Z\u00fcgen bietet dieses Ger\u00e4t von <b data-path-to-node=\"7\" data-index-in-node=\"158\">airmez<\/b> ein bahnbrechendes 6-in-1-Aromasystem, das sechs verschiedene Geschmackserlebnisse in einem einzigen kompakten Geh\u00e4use vereint. Dank der fortschrittlichen Mesh-Coil-Technologie und einer massiven E-Liquid-Kapazit\u00e4t von <span class=\"math-inline\" data-math=\"15\\text{ml} \\times 3\" data-index-in-node=\"384\">$15\\text{ml} \\times 3$<\/span> genie\u00dfen Sie langanhaltenden, intensiven Geschmack ohne h\u00e4ufigen Austausch. Einfach inhalieren und die Vielfalt entdecken.<\/p>\n<hr data-path-to-node=\"8\" \/>\n<h2 data-path-to-node=\"9\"><b data-path-to-node=\"9\" data-index-in-node=\"0\">H2: Warum die Airmez FOX 6 IN 1 140K w\u00e4hlen?<\/b><\/h2>\n<h3 data-path-to-node=\"10\"><b data-path-to-node=\"10\" data-index-in-node=\"0\">H3: Innovatives 6-in-1 Aromasystem<\/b><\/h3>\n<p data-path-to-node=\"11\">Warum sich f\u00fcr einen Geschmack entscheiden, wenn man sechs haben kann? Ein einziges Ger\u00e4t liefert sechs unterschiedliche Aromen f\u00fcr mehr Abwechslung und l\u00e4ngeren Genuss.<\/p>\n<h3 data-path-to-node=\"12\"><b data-path-to-node=\"12\" data-index-in-node=\"0\">H3: \u00dcberlegene Mesh-Coil-Technologie<\/b><\/h3>\n<p data-path-to-node=\"13\">Die fortschrittliche Mesh-Coil sorgt f\u00fcr eine gleichm\u00e4\u00dfige Erhitzung, eine verbesserte Klarheit des Geschmacks und eine sanftere Dampfproduktion bei jedem Zug.<\/p>\n<h3 data-path-to-node=\"14\"><b data-path-to-node=\"14\" data-index-in-node=\"0\">H3: Massive Kapazit\u00e4t f\u00fcr Power-User<\/b><\/h3>\n<p data-path-to-node=\"15\">Mit einer E-Liquid-Kapazit\u00e4t von <span class=\"math-inline\" data-math=\"15\\text{ml} \\times 3\" data-index-in-node=\"33\">$15\\text{ml} \\times 3$<\/span> stellt die <b data-path-to-node=\"15\" data-index-in-node=\"65\">airmez<\/b> FOX 6 IN 1 eine extrem verl\u00e4ngerte Nutzungsdauer sicher, was sie zu einer der wirtschaftlichsten L\u00f6sungen auf dem Markt macht.<\/p>\n<hr data-path-to-node=\"16\" \/>\n<h2 data-path-to-node=\"17\"><b data-path-to-node=\"17\" data-index-in-node=\"0\">H2: Technische Daten (Technical Specifications)<\/b><\/h2>\n<table data-path-to-node=\"18\">\n<thead>\n<tr>\n<td><strong>Sp\u00e9cification<\/strong><\/td>\n<td><strong>D\u00e9tails<\/strong><\/td>\n<\/tr>\n<\/thead>\n<tbody>\n<tr>\n<td><span data-path-to-node=\"18,1,0,0\"><b data-path-to-node=\"18,1,0,0\" data-index-in-node=\"0\">Nom du produit<\/b><\/span><\/td>\n<td><span data-path-to-node=\"18,1,1,0\">Airmez FOX 6 IN 1<\/span><\/td>\n<\/tr>\n<tr>\n<td><span data-path-to-node=\"18,2,0,0\"><b data-path-to-node=\"18,2,0,0\" data-index-in-node=\"0\">Puff-Kapazit\u00e4t<\/b><\/span><\/td>\n<td><span data-path-to-node=\"18,2,1,0\">Bis zu 140.000 Z\u00fcge<\/span><\/td>\n<\/tr>\n<tr>\n<td><span data-path-to-node=\"18,3,0,0\"><b data-path-to-node=\"18,3,0,0\" data-index-in-node=\"0\">Capacit\u00e9 d'e-liquide<\/b><\/span><\/td>\n<td><span data-path-to-node=\"18,3,1,0\"><span class=\"math-inline\" data-math=\"15\\text{ml} \\times 3\" data-index-in-node=\"0\">$15\\text{ml} \\times 3$<\/span><\/span><\/td>\n<\/tr>\n<tr>\n<td><span data-path-to-node=\"18,4,0,0\"><b data-path-to-node=\"18,4,0,0\" data-index-in-node=\"0\">Aromasystem<\/b><\/span><\/td>\n<td><span data-path-to-node=\"18,4,1,0\">6-in-1<\/span><\/td>\n<\/tr>\n<tr>\n<td><span data-path-to-node=\"18,5,0,0\"><b data-path-to-node=\"18,5,0,0\" data-index-in-node=\"0\">Type de bobine<\/b><\/span><\/td>\n<td><span data-path-to-node=\"18,5,1,0\">Bobine de maille<\/span><\/td>\n<\/tr>\n<tr>\n<td><span data-path-to-node=\"18,6,0,0\"><b data-path-to-node=\"18,6,0,0\" data-index-in-node=\"0\">Capacit\u00e9 de la batterie<\/b><\/span><\/td>\n<td><span data-path-to-node=\"18,6,1,0\">650mAh (wiederaufladbar)<\/span><\/td>\n<\/tr>\n<tr>\n<td><span data-path-to-node=\"18,7,0,0\"><b data-path-to-node=\"18,7,0,0\" data-index-in-node=\"0\">Prise de charge<\/b><\/span><\/td>\n<td><span data-path-to-node=\"18,7,1,0\">Type-C<\/span><\/td>\n<\/tr>\n<tr>\n<td><span data-path-to-node=\"18,8,0,0\"><b data-path-to-node=\"18,8,0,0\" data-index-in-node=\"0\">Utilisation<\/b><\/span><\/td>\n<td><span data-path-to-node=\"18,8,1,0\">Zugaktiviert (keine Kn\u00f6pfe)<\/span><\/td>\n<\/tr>\n<tr>\n<td><span data-path-to-node=\"18,9,0,0\"><b data-path-to-node=\"18,9,0,0\" data-index-in-node=\"0\">Ger\u00e4tetyp<\/b><\/span><\/td>\n<td><span data-path-to-node=\"18,9,1,0\">Wiederaufladbare Einweg-Vape<\/span><\/td>\n<\/tr>\n<\/tbody>\n<\/table>\n<hr data-path-to-node=\"19\" \/>\n<h2 data-path-to-node=\"20\"><b data-path-to-node=\"20\" data-index-in-node=\"0\">Benutzerfreundliches Design &amp; Performance<\/b><\/h2>\n<p data-path-to-node=\"21\">Le site <b data-path-to-node=\"21\" data-index-in-node=\"4\">Airmez FOX 6 IN 1 140K<\/b> wurde f\u00fcr maximale Bequemlichkeit entwickelt. Das kompakte und benutzerfreundliche Design erfordert keine komplizierten Setups oder Kn\u00f6pfe \u2013 das Ger\u00e4t wird einfach durch Inhalieren aktiviert. Der stabile 650mAh-Akku sorgt f\u00fcr eine konstante Leistungsabgabe und l\u00e4sst sich \u00fcber den modernen <b data-path-to-node=\"21\" data-index-in-node=\"317\">Type-C<\/b>-Anschluss schnell und einfach wieder aufladen.<\/p>\n<hr data-path-to-node=\"22\" \/>\n<h2 data-path-to-node=\"23\"><b data-path-to-node=\"23\" data-index-in-node=\"0\">Foire aux questions\u00a0<\/b><\/h2>\n<h3 data-path-to-node=\"24\"><b data-path-to-node=\"24\" data-index-in-node=\"0\">Wie funktioniert das 6-in-1 Aromasystem?<\/b><\/h3>\n<p data-path-to-node=\"25\">Das Ger\u00e4t ist so konzipiert, dass Sie nahtlos zwischen sechs verschiedenen Geschmacksrichtungen wechseln k\u00f6nnen, was f\u00fcr maximale Vielfalt w\u00e4hrend der gesamten Lebensdauer der Vape sorgt.<\/p>\n<h3 data-path-to-node=\"26\"><b data-path-to-node=\"26\" data-index-in-node=\"0\">Ist die Airmez FOX 6 IN 1 wiederaufladbar?<\/b><\/h3>\n<p data-path-to-node=\"27\">Ja, das Ger\u00e4t verf\u00fcgt \u00fcber einen 650mAh-Akku, der bequem \u00fcber ein Type-C-Kabel aufgeladen werden kann, um sicherzustellen, dass Sie das gesamte E-Liquid vollst\u00e4ndig nutzen k\u00f6nnen.<\/p>","protected":false},"excerpt":{"rendered":"<p>Le site <b data-path-to-node=\"7\" data-index-in-node=\"4\">Airmez FOX 6 IN 1 140K<\/b> definiert Vielseitigkeit und Ausdauer neu. Mit einer beeindruckenden Kapazit\u00e4t von insgesamt 140.000 Z\u00fcgen bietet dieses Ger\u00e4t von <b data-path-to-node=\"7\" data-index-in-node=\"158\">airmez<\/b> ein bahnbrechendes 6-in-1-Aromasystem, das sechs verschiedene Geschmackserlebnisse in einem einzigen kompakten Geh\u00e4use vereint. Dank der fortschrittlichen Mesh-Coil-Technologie und einer massiven E-Liquid-Kapazit\u00e4t von <span class=\"math-inline\" data-math=\"15\\text{ml} \\times 3\" data-index-in-node=\"384\">15ml*3 <\/span>genie\u00dfen Sie langanhaltenden, intensiven Geschmack ohne h\u00e4ufigen Austausch. Einfach inhalieren und die Vielfalt entdecken.<\/p>","protected":false},"featured_media":7384,"comment_status":"open","ping_status":"closed","template":"","meta":[],"product_brand":[67],"product_cat":[38],"product_tag":[],"class_list":{"0":"post-7381","1":"product","2":"type-product","3":"status-publish","4":"has-post-thumbnail","6":"product_brand-airmez","7":"product_cat-puff-140k","9":"first","10":"instock","11":"shipping-taxable","12":"purchasable","13":"product-type-variable"},"yoast_head":"<!-- This site is optimized with the Yoast SEO plugin v27.1.1 - https:\/\/yoast.com\/product\/yoast-seo-wordpress\/ -->\n<title>Airmez FOX 6 IN 1 140K | 140.000 Z\u00fcge &amp; 6-in-1 Aromasystem | Airmez - AiVape | Premium E-Zigaretten &amp; Vape Shop Deutschland<\/title>\n<meta name=\"description\" content=\"Entdecken Sie die Airmez FOX 6 IN 1 140K. Mit 140.000 Z\u00fcgen, innovativem 6-in-1 Aromasystem, Mesh-Coil und 15ml*3 Kapazit\u00e4t. Jetzt Airmez kaufen!\" \/>\n<meta name=\"robots\" content=\"index, follow, max-snippet:-1, max-image-preview:large, max-video-preview:-1\" \/>\n<link rel=\"canonical\" href=\"https:\/\/aivape.de\/fr\/product\/airmez-fox-6-in-1-140k-140-000-zuege-6-in-1-aromasystem-airmez\/\" \/>\n<meta property=\"og:locale\" content=\"fr_FR\" \/>\n<meta property=\"og:type\" content=\"article\" \/>\n<meta property=\"og:title\" content=\"Airmez FOX 6 IN 1 140K | 140.000 Z\u00fcge &amp; 6-in-1 Aromasystem | Airmez - AiVape | Premium E-Zigaretten &amp; Vape Shop Deutschland\" \/>\n<meta property=\"og:description\" content=\"Entdecken Sie die Airmez FOX 6 IN 1 140K. Mit 140.000 Z\u00fcgen, innovativem 6-in-1 Aromasystem, Mesh-Coil und 15ml*3 Kapazit\u00e4t. Jetzt Airmez kaufen!\" \/>\n<meta property=\"og:url\" content=\"https:\/\/aivape.de\/fr\/product\/airmez-fox-6-in-1-140k-140-000-zuege-6-in-1-aromasystem-airmez\/\" \/>\n<meta property=\"og:site_name\" content=\"AiVape | Premium E-Zigaretten &amp; Vape Shop Deutschland\" \/>\n<meta property=\"article:modified_time\" content=\"2026-05-04T07:32:06+00:00\" \/>\n<meta property=\"og:image\" content=\"https:\/\/aivape.de\/wp-content\/uploads\/2026\/05\/airmez-fox-6-in-1-140000-puff-flavor-3.webp\" \/>\n\t<meta property=\"og:image:width\" content=\"2048\" \/>\n\t<meta property=\"og:image:height\" content=\"2048\" \/>\n\t<meta property=\"og:image:type\" content=\"image\/webp\" \/>\n<meta name=\"twitter:card\" content=\"summary_large_image\" \/>\n<meta name=\"twitter:label1\" content=\"Dur\u00e9e de lecture estim\u00e9e\" \/>\n\t<meta name=\"twitter:data1\" content=\"4 minutes\" \/>\n<script type=\"application\/ld+json\" class=\"yoast-schema-graph\">{\"@context\":\"https:\/\/schema.org\",\"@graph\":[{\"@type\":\"WebPage\",\"@id\":\"https:\/\/aivape.de\/produkt\/airmez-fox-6-in-1-140k-140-000-zuege-6-in-1-aromasystem-airmez\/\",\"url\":\"https:\/\/aivape.de\/produkt\/airmez-fox-6-in-1-140k-140-000-zuege-6-in-1-aromasystem-airmez\/\",\"name\":\"Airmez FOX 6 IN 1 140K | 140.000 Z\u00fcge & 6-in-1 Aromasystem | Airmez - AiVape | Premium E-Zigaretten &amp; Vape Shop Deutschland\",\"isPartOf\":{\"@id\":\"https:\/\/aivape.de\/#website\"},\"primaryImageOfPage\":{\"@id\":\"https:\/\/aivape.de\/produkt\/airmez-fox-6-in-1-140k-140-000-zuege-6-in-1-aromasystem-airmez\/#primaryimage\"},\"image\":{\"@id\":\"https:\/\/aivape.de\/produkt\/airmez-fox-6-in-1-140k-140-000-zuege-6-in-1-aromasystem-airmez\/#primaryimage\"},\"thumbnailUrl\":\"https:\/\/aivape.de\/wp-content\/uploads\/2026\/05\/airmez-fox-6-in-1-140000-puff-flavor-3.webp\",\"datePublished\":\"2026-05-04T07:32:04+00:00\",\"dateModified\":\"2026-05-04T07:32:06+00:00\",\"description\":\"Entdecken Sie die Airmez FOX 6 IN 1 140K. Mit 140.000 Z\u00fcgen, innovativem 6-in-1 Aromasystem, Mesh-Coil und 15ml*3 Kapazit\u00e4t. Jetzt Airmez kaufen!\",\"breadcrumb\":{\"@id\":\"https:\/\/aivape.de\/produkt\/airmez-fox-6-in-1-140k-140-000-zuege-6-in-1-aromasystem-airmez\/#breadcrumb\"},\"inLanguage\":\"fr-FR\",\"potentialAction\":[{\"@type\":\"ReadAction\",\"target\":[\"https:\/\/aivape.de\/produkt\/airmez-fox-6-in-1-140k-140-000-zuege-6-in-1-aromasystem-airmez\/\"]}]},{\"@type\":\"ImageObject\",\"inLanguage\":\"fr-FR\",\"@id\":\"https:\/\/aivape.de\/produkt\/airmez-fox-6-in-1-140k-140-000-zuege-6-in-1-aromasystem-airmez\/#primaryimage\",\"url\":\"https:\/\/aivape.de\/wp-content\/uploads\/2026\/05\/airmez-fox-6-in-1-140000-puff-flavor-3.webp\",\"contentUrl\":\"https:\/\/aivape.de\/wp-content\/uploads\/2026\/05\/airmez-fox-6-in-1-140000-puff-flavor-3.webp\",\"width\":2048,\"height\":2048,\"caption\":\"airmez-fox-6-in-1-140000-puff-flavor-3\"},{\"@type\":\"BreadcrumbList\",\"@id\":\"https:\/\/aivape.de\/produkt\/airmez-fox-6-in-1-140k-140-000-zuege-6-in-1-aromasystem-airmez\/#breadcrumb\",\"itemListElement\":[{\"@type\":\"ListItem\",\"position\":1,\"name\":\"Home\",\"item\":\"https:\/\/aivape.de\/\"},{\"@type\":\"ListItem\",\"position\":2,\"name\":\"Shop\",\"item\":\"https:\/\/aivape.de\/shop\/\"},{\"@type\":\"ListItem\",\"position\":3,\"name\":\"Airmez FOX 6 IN 1 140K | 140.000 Z\u00fcge &#038; 6-in-1 Aromasystem | Airmez\"}]},{\"@type\":\"WebSite\",\"@id\":\"https:\/\/aivape.de\/#website\",\"url\":\"https:\/\/aivape.de\/\",\"name\":\"AiVape | Premium E-Zigaretten &amp; Vape Shop Deutschland\",\"description\":\"Dein Experte f\u00fcr Vozol, Bang King &amp; Hifancy Vapes \u2013 Schneller EU-Versand\",\"potentialAction\":[{\"@type\":\"SearchAction\",\"target\":{\"@type\":\"EntryPoint\",\"urlTemplate\":\"https:\/\/aivape.de\/?s={search_term_string}\"},\"query-input\":{\"@type\":\"PropertyValueSpecification\",\"valueRequired\":true,\"valueName\":\"search_term_string\"}}],\"inLanguage\":\"fr-FR\"}]}<\/script>\n<!-- \/ Yoast SEO plugin. -->","yoast_head_json":{"title":"Airmez FOX 6 IN 1 140K | 140.000 Z\u00fcge & 6-in-1 Aromasystem | Airmez - AiVape | Premium E-Zigaretten &amp; Vape Shop Deutschland","description":"Entdecken Sie die Airmez FOX 6 IN 1 140K. Mit 140.000 Z\u00fcgen, innovativem 6-in-1 Aromasystem, Mesh-Coil und 15ml*3 Kapazit\u00e4t. Jetzt Airmez kaufen!","robots":{"index":"index","follow":"follow","max-snippet":"max-snippet:-1","max-image-preview":"max-image-preview:large","max-video-preview":"max-video-preview:-1"},"canonical":"https:\/\/aivape.de\/fr\/product\/airmez-fox-6-in-1-140k-140-000-zuege-6-in-1-aromasystem-airmez\/","og_locale":"fr_FR","og_type":"article","og_title":"Airmez FOX 6 IN 1 140K | 140.000 Z\u00fcge & 6-in-1 Aromasystem | Airmez - AiVape | Premium E-Zigaretten &amp; Vape Shop Deutschland","og_description":"Entdecken Sie die Airmez FOX 6 IN 1 140K. Mit 140.000 Z\u00fcgen, innovativem 6-in-1 Aromasystem, Mesh-Coil und 15ml*3 Kapazit\u00e4t. Jetzt Airmez kaufen!","og_url":"https:\/\/aivape.de\/fr\/product\/airmez-fox-6-in-1-140k-140-000-zuege-6-in-1-aromasystem-airmez\/","og_site_name":"AiVape | Premium E-Zigaretten &amp; Vape Shop Deutschland","article_modified_time":"2026-05-04T07:32:06+00:00","og_image":[{"width":2048,"height":2048,"url":"https:\/\/aivape.de\/wp-content\/uploads\/2026\/05\/airmez-fox-6-in-1-140000-puff-flavor-3.webp","type":"image\/webp"}],"twitter_card":"summary_large_image","twitter_misc":{"Dur\u00e9e de lecture estim\u00e9e":"4 minutes"},"schema":{"@context":"https:\/\/schema.org","@graph":[{"@type":"WebPage","@id":"https:\/\/aivape.de\/produkt\/airmez-fox-6-in-1-140k-140-000-zuege-6-in-1-aromasystem-airmez\/","url":"https:\/\/aivape.de\/produkt\/airmez-fox-6-in-1-140k-140-000-zuege-6-in-1-aromasystem-airmez\/","name":"Airmez FOX 6 IN 1 140K | 140.000 Z\u00fcge & 6-in-1 Aromasystem | Airmez - AiVape | Premium E-Zigaretten &amp; Vape Shop Deutschland","isPartOf":{"@id":"https:\/\/aivape.de\/#website"},"primaryImageOfPage":{"@id":"https:\/\/aivape.de\/produkt\/airmez-fox-6-in-1-140k-140-000-zuege-6-in-1-aromasystem-airmez\/#primaryimage"},"image":{"@id":"https:\/\/aivape.de\/produkt\/airmez-fox-6-in-1-140k-140-000-zuege-6-in-1-aromasystem-airmez\/#primaryimage"},"thumbnailUrl":"https:\/\/aivape.de\/wp-content\/uploads\/2026\/05\/airmez-fox-6-in-1-140000-puff-flavor-3.webp","datePublished":"2026-05-04T07:32:04+00:00","dateModified":"2026-05-04T07:32:06+00:00","description":"Entdecken Sie die Airmez FOX 6 IN 1 140K. Mit 140.000 Z\u00fcgen, innovativem 6-in-1 Aromasystem, Mesh-Coil und 15ml*3 Kapazit\u00e4t. Jetzt Airmez kaufen!","breadcrumb":{"@id":"https:\/\/aivape.de\/produkt\/airmez-fox-6-in-1-140k-140-000-zuege-6-in-1-aromasystem-airmez\/#breadcrumb"},"inLanguage":"fr-FR","potentialAction":[{"@type":"ReadAction","target":["https:\/\/aivape.de\/produkt\/airmez-fox-6-in-1-140k-140-000-zuege-6-in-1-aromasystem-airmez\/"]}]},{"@type":"ImageObject","inLanguage":"fr-FR","@id":"https:\/\/aivape.de\/produkt\/airmez-fox-6-in-1-140k-140-000-zuege-6-in-1-aromasystem-airmez\/#primaryimage","url":"https:\/\/aivape.de\/wp-content\/uploads\/2026\/05\/airmez-fox-6-in-1-140000-puff-flavor-3.webp","contentUrl":"https:\/\/aivape.de\/wp-content\/uploads\/2026\/05\/airmez-fox-6-in-1-140000-puff-flavor-3.webp","width":2048,"height":2048,"caption":"airmez-fox-6-in-1-140000-puff-flavor-3"},{"@type":"BreadcrumbList","@id":"https:\/\/aivape.de\/produkt\/airmez-fox-6-in-1-140k-140-000-zuege-6-in-1-aromasystem-airmez\/#breadcrumb","itemListElement":[{"@type":"ListItem","position":1,"name":"Home","item":"https:\/\/aivape.de\/"},{"@type":"ListItem","position":2,"name":"Shop","item":"https:\/\/aivape.de\/shop\/"},{"@type":"ListItem","position":3,"name":"Airmez FOX 6 IN 1 140K | 140.000 Z\u00fcge &#038; 6-in-1 Aromasystem | Airmez"}]},{"@type":"WebSite","@id":"https:\/\/aivape.de\/#website","url":"https:\/\/aivape.de\/","name":"AiVape | Premium E-Zigaretten &amp; Vape Shop Deutschland","description":"Dein Experte f\u00fcr Vozol, Bang King &amp; Hifancy Vapes \u2013 Schneller EU-Versand","potentialAction":[{"@type":"SearchAction","target":{"@type":"EntryPoint","urlTemplate":"https:\/\/aivape.de\/?s={search_term_string}"},"query-input":{"@type":"PropertyValueSpecification","valueRequired":true,"valueName":"search_term_string"}}],"inLanguage":"fr-FR"}]}},"tiered_pricing_type":"fixed","tiered_pricing_fixed_rules":{"30":"12.24","50":"11.99","100":"11.38","200":"10.99"},"tiered_pricing_product_settings":{"layout":"default","base_unit_name":{"singular":null,"plural":null},"default_variation":null},"tiered_pricing_minimum_quantity":10,"tiered_pricing_roles_data":[],"tiered_pricing_percentage_rules":[],"tiered_pricing_maximum_quantity":null,"tiered_pricing_quantity_step":"10","_links":{"self":[{"href":"https:\/\/aivape.de\/fr\/wp-json\/wp\/v2\/product\/7381","targetHints":{"allow":["GET"]}}],"collection":[{"href":"https:\/\/aivape.de\/fr\/wp-json\/wp\/v2\/product"}],"about":[{"href":"https:\/\/aivape.de\/fr\/wp-json\/wp\/v2\/types\/product"}],"replies":[{"embeddable":true,"href":"https:\/\/aivape.de\/fr\/wp-json\/wp\/v2\/comments?post=7381"}],"version-history":[{"count":1,"href":"https:\/\/aivape.de\/fr\/wp-json\/wp\/v2\/product\/7381\/revisions"}],"predecessor-version":[{"id":7431,"href":"https:\/\/aivape.de\/fr\/wp-json\/wp\/v2\/product\/7381\/revisions\/7431"}],"wp:featuredmedia":[{"embeddable":true,"href":"https:\/\/aivape.de\/fr\/wp-json\/wp\/v2\/media\/7384"}],"wp:attachment":[{"href":"https:\/\/aivape.de\/fr\/wp-json\/wp\/v2\/media?parent=7381"}],"wp:term":[{"taxonomy":"product_brand","embeddable":true,"href":"https:\/\/aivape.de\/fr\/wp-json\/wp\/v2\/product_brand?post=7381"},{"taxonomy":"product_cat","embeddable":true,"href":"https:\/\/aivape.de\/fr\/wp-json\/wp\/v2\/product_cat?post=7381"},{"taxonomy":"product_tag","embeddable":true,"href":"https:\/\/aivape.de\/fr\/wp-json\/wp\/v2\/product_tag?post=7381"}],"curies":[{"name":"wp","href":"https:\/\/api.w.org\/{rel}","templated":true}]}}