{"id":7270,"date":"2026-04-30T12:26:16","date_gmt":"2026-04-30T10:26:16","guid":{"rendered":"https:\/\/aivape.de\/?post_type=product&#038;p=7270"},"modified":"2026-04-30T12:29:07","modified_gmt":"2026-04-30T10:29:07","slug":"zooy-triple-70000-70-000-puffs-3-in-1-aroma-wechsel-zooy","status":"publish","type":"product","link":"https:\/\/aivape.de\/fr\/product\/zooy-triple-70000-70-000-puffs-3-in-1-aroma-wechsel-zooy\/","title":{"rendered":"ZOOY Triple 70000 | 70.000 Puffs &#038; 3-in-1 Aroma-Wechsel | Zooy"},"content":{"rendered":"<h2 data-path-to-node=\"10\"><b data-path-to-node=\"10\" data-index-in-node=\"0\">Warum Sie sich f\u00fcr die ZOOY Triple 70000 entscheiden sollten<\/b><\/h2>\n<h3 data-path-to-node=\"11\"><b data-path-to-node=\"11\" data-index-in-node=\"0\">Revolution\u00e4res 3-in-1 Geschmackswechsel-System<\/b><\/h3>\n<p data-path-to-node=\"12\">Warum sich auf ein Aroma festlegen? Die <b data-path-to-node=\"12\" data-index-in-node=\"40\">zooy<\/b> Triple 70000 erm\u00f6glicht es Ihnen, drei verschiedene Geschmacksrichtungen in einem einzigen Ger\u00e4t zu genie\u00dfen. Dank des intuitiven Switch-Systems wechseln Sie jederzeit zwischen den Aromen \u2013 perfekt f\u00fcr Dampfer, die Abwechslung lieben.<\/p>\n<h3 data-path-to-node=\"13\"><b data-path-to-node=\"13\" data-index-in-node=\"0\">Triple 0.9\u03a9 Mesh Coil Technologie<\/b><\/h3>\n<p data-path-to-node=\"14\">Im Inneren der <b data-path-to-node=\"14\" data-index-in-node=\"15\">ZOOY Triple 70000<\/b> sorgen drei spezialisierte <b data-path-to-node=\"14\" data-index-in-node=\"60\">0.9\u03a9 Mesh Coils<\/b> f\u00fcr eine \u00fcberragende Performance. Diese Technologie garantiert eine gleichm\u00e4\u00dfige Erhitzung des Liquids, was in dichten Dampfwolken und einem kristallklaren Geschmack resultiert, der bis zum letzten der 70.000 Z\u00fcge konstant bleibt.<\/p>\n<h3 data-path-to-node=\"15\"><b data-path-to-node=\"15\" data-index-in-node=\"0\">Intelligentes LED-Display &amp; Modernes Design<\/b><\/h3>\n<p data-path-to-node=\"16\">Behalten Sie die volle Kontrolle \u00fcber Ihr Dampferlebnis. Das integrierte <b data-path-to-node=\"16\" data-index-in-node=\"73\">\u00c9cran LED intelligent<\/b> informiert Sie in Echtzeit \u00fcber den Status Ihres Ger\u00e4ts. Mit einem kompakten Ma\u00df von 48 \u00d7 48 \u00d7 117 mm und einem Gewicht von nur 140g liegt die Vape trotz ihrer enormen Kapazit\u00e4t perfekt in der Hand.<\/p>\n<hr data-path-to-node=\"17\" \/>\n<h2 data-path-to-node=\"18\"><b data-path-to-node=\"18\" data-index-in-node=\"0\">Donn\u00e9es techniques <\/b><\/h2>\n<table data-path-to-node=\"19\">\n<thead>\n<tr>\n<td><strong>Param\u00e8tres<\/strong><\/td>\n<td><strong>D\u00e9tails<\/strong><\/td>\n<\/tr>\n<\/thead>\n<tbody>\n<tr>\n<td><span data-path-to-node=\"19,1,0,0\"><b data-path-to-node=\"19,1,0,0\" data-index-in-node=\"0\">Marque<\/b><\/span><\/td>\n<td><span data-path-to-node=\"19,1,1,0\"><b data-path-to-node=\"19,1,1,0\" data-index-in-node=\"0\">Zooy<\/b><\/span><\/td>\n<\/tr>\n<tr>\n<td><span data-path-to-node=\"19,2,0,0\"><b data-path-to-node=\"19,2,0,0\" data-index-in-node=\"0\">Mod\u00e8le<\/b><\/span><\/td>\n<td><span data-path-to-node=\"19,2,1,0\">ZOOY Triple 70000<\/span><\/td>\n<\/tr>\n<tr>\n<td><span data-path-to-node=\"19,3,0,0\"><b data-path-to-node=\"19,3,0,0\" data-index-in-node=\"0\">Puff-Kapazit\u00e4t<\/b><\/span><\/td>\n<td><span data-path-to-node=\"19,3,1,0\">Bis zu 70.000 Z\u00fcge<\/span><\/td>\n<\/tr>\n<tr>\n<td><span data-path-to-node=\"19,4,0,0\"><b data-path-to-node=\"19,4,0,0\" data-index-in-node=\"0\">Type de bobine<\/b><\/span><\/td>\n<td><span data-path-to-node=\"19,4,1,0\">Triple 0.9\u03a9 Mesh Coil<\/span><\/td>\n<\/tr>\n<tr>\n<td><span data-path-to-node=\"19,5,0,0\"><b data-path-to-node=\"19,5,0,0\" data-index-in-node=\"0\">Geschmacks-System<\/b><\/span><\/td>\n<td><span data-path-to-node=\"19,5,1,0\">3-in-1 Switchable (Wechselbar)<\/span><\/td>\n<\/tr>\n<tr>\n<td><span data-path-to-node=\"19,6,0,0\"><b data-path-to-node=\"19,6,0,0\" data-index-in-node=\"0\">Akkutyp<\/b><\/span><\/td>\n<td><span data-path-to-node=\"19,6,1,0\">Wiederaufladbar (Rechargeable)<\/span><\/td>\n<\/tr>\n<tr>\n<td><span data-path-to-node=\"19,7,0,0\"><b data-path-to-node=\"19,7,0,0\" data-index-in-node=\"0\">Prise de charge<\/b><\/span><\/td>\n<td><span data-path-to-node=\"19,7,1,0\">USB Type-C<\/span><\/td>\n<\/tr>\n<tr>\n<td><span data-path-to-node=\"19,8,0,0\"><b data-path-to-node=\"19,8,0,0\" data-index-in-node=\"0\">Anzeige<\/b><\/span><\/td>\n<td><span data-path-to-node=\"19,8,1,0\">\u00c9cran LED intelligent<\/span><\/td>\n<\/tr>\n<tr>\n<td><span data-path-to-node=\"19,9,0,0\"><b data-path-to-node=\"19,9,0,0\" data-index-in-node=\"0\">Poids<\/b><\/span><\/td>\n<td><span data-path-to-node=\"19,9,1,0\">140g<\/span><\/td>\n<\/tr>\n<tr>\n<td><span data-path-to-node=\"19,10,0,0\"><b data-path-to-node=\"19,10,0,0\" data-index-in-node=\"0\">Taille<\/b><\/span><\/td>\n<td><span data-path-to-node=\"19,10,1,0\">48 \u00d7 48 \u00d7 117 mm<\/span><\/td>\n<\/tr>\n<\/tbody>\n<\/table>\n<h2 data-path-to-node=\"21\"><b data-path-to-node=\"21\" data-index-in-node=\"0\">Logistik &amp; Versand<\/b><\/h2>\n<p data-path-to-node=\"22\">Le site <b data-path-to-node=\"22\" data-index-in-node=\"4\">zooy<\/b> Triple 70000 ist f\u00fcr den sicheren Transport und die Lagerung optimiert:<\/p>\n<ul data-path-to-node=\"23\">\n<li>\n<p data-path-to-node=\"23,0,0\"><b data-path-to-node=\"23,0,0\" data-index-in-node=\"0\">Gewicht pro Ger\u00e4t<\/b>: 140g.<\/p>\n<\/li>\n<li>\n<p data-path-to-node=\"23,1,0\"><b data-path-to-node=\"23,1,0\" data-index-in-node=\"0\">Kompaktes Geh\u00e4use<\/b>: 48 \u00d7 48 \u00d7 117 mm.<\/p>\n<\/li>\n<li>\n<p data-path-to-node=\"23,2,0\"><b data-path-to-node=\"23,2,0\" data-index-in-node=\"0\">Rechargeable<\/b>: Dank <b data-path-to-node=\"23,2,0\" data-index-in-node=\"22\">Type-C<\/b> Anschluss ist das Ger\u00e4t schnell wieder einsatzbereit, um die volle Kapazit\u00e4t auszusch\u00f6pfen.<\/p>\n<\/li>\n<\/ul>\n<hr data-path-to-node=\"24\" \/>\n<h3 data-path-to-node=\"25\"><b data-path-to-node=\"25\" data-index-in-node=\"0\">Foire aux questions\u00a0<\/b><\/h3>\n<h3 data-path-to-node=\"26\"><b data-path-to-node=\"26\" data-index-in-node=\"0\">Wie wechsle ich das Aroma bei der ZOOY Triple 70000?<\/b><\/h3>\n<p data-path-to-node=\"27\">Das Ger\u00e4t verf\u00fcgt \u00fcber einen mechanischen oder elektronischen Schalter (je nach Modellvariante), mit dem Sie nahtlos zwischen den drei integrierten Liquid-Kammern umschalten k\u00f6nnen.<\/p>\n<h3 data-path-to-node=\"28\"><b data-path-to-node=\"28\" data-index-in-node=\"0\">Wie lange halten 70.000 Puffs?<\/b><\/h3>\n<p data-path-to-node=\"29\">Bei moderater Nutzung kann die <b data-path-to-node=\"29\" data-index-in-node=\"31\">ZOOY Triple 70000<\/b> mehrere Wochen bis Monate halten. Sie ersetzt etwa 10 herk\u00f6mmliche Einweg-Vapes mit geringerer Zugzahl, was sie besonders wirtschaftlich macht.<\/p>","protected":false},"excerpt":{"rendered":"<p>Erleben Sie mit der <b data-path-to-node=\"8\" data-index-in-node=\"20\">ZOOY Triple 70000<\/b> eine neue Dimension des Dampfens. Dieses Kraftpaket von <b data-path-to-node=\"8\" data-index-in-node=\"94\">zooy<\/b> bietet beeindruckende <b data-path-to-node=\"8\" data-index-in-node=\"121\">70.000 Z\u00fcge<\/b> und ein innovatives <b data-path-to-node=\"8\" data-index-in-node=\"153\">3-in-1-System<\/b>, mit dem Sie m\u00fchelos zwischen drei verschiedenen Aromen wechseln k\u00f6nnen. Ausgestattet mit einer <b data-path-to-node=\"8\" data-index-in-node=\"263\">Triple 0.9\u03a9 Mesh Coil<\/b> f\u00fcr intensive Geschmacksentfaltung und einem smarten LED-Display, ist die ZOOY Triple 70000 die ideale Wahl f\u00fcr alle, die Abwechslung und Langlebigkeit suchen.<\/p>","protected":false},"featured_media":7281,"comment_status":"open","ping_status":"closed","template":"","meta":[],"product_brand":[101],"product_cat":[102],"product_tag":[],"class_list":{"0":"post-7270","1":"product","2":"type-product","3":"status-publish","4":"has-post-thumbnail","6":"product_brand-zooy","7":"product_cat-puff-70k","9":"first","10":"instock","11":"shipping-taxable","12":"purchasable","13":"product-type-variable"},"yoast_head":"<!-- This site is optimized with the Yoast SEO plugin v27.1.1 - https:\/\/yoast.com\/product\/yoast-seo-wordpress\/ -->\n<title>ZOOY Triple 70000 | 70.000 Puffs &amp; 3-in-1 Aroma-Wechsel | Zooy - AiVape | Premium E-Zigaretten &amp; Vape Shop Deutschland<\/title>\n<meta name=\"description\" content=\"Die ZOOY Triple 70000 bietet 70.000 Z\u00fcge, Triple 0.9\u03a9 Mesh Coils und ein smartes 3-in-1 Geschmacks-System. Jetzt Zooy Triple online kaufen \u2013 schneller Versand!\" \/>\n<meta name=\"robots\" content=\"index, follow, max-snippet:-1, max-image-preview:large, max-video-preview:-1\" \/>\n<link rel=\"canonical\" href=\"https:\/\/aivape.de\/fr\/product\/zooy-triple-70000-70-000-puffs-3-in-1-aroma-wechsel-zooy\/\" \/>\n<meta property=\"og:locale\" content=\"fr_FR\" \/>\n<meta property=\"og:type\" content=\"article\" \/>\n<meta property=\"og:title\" content=\"ZOOY Triple 70000 | 70.000 Puffs &amp; 3-in-1 Aroma-Wechsel | Zooy - AiVape | Premium E-Zigaretten &amp; Vape Shop Deutschland\" \/>\n<meta property=\"og:description\" content=\"Die ZOOY Triple 70000 bietet 70.000 Z\u00fcge, Triple 0.9\u03a9 Mesh Coils und ein smartes 3-in-1 Geschmacks-System. Jetzt Zooy Triple online kaufen \u2013 schneller Versand!\" \/>\n<meta property=\"og:url\" content=\"https:\/\/aivape.de\/fr\/product\/zooy-triple-70000-70-000-puffs-3-in-1-aroma-wechsel-zooy\/\" \/>\n<meta property=\"og:site_name\" content=\"AiVape | Premium E-Zigaretten &amp; Vape Shop Deutschland\" \/>\n<meta property=\"article:modified_time\" content=\"2026-04-30T10:29:07+00:00\" \/>\n<meta property=\"og:image\" content=\"https:\/\/aivape.de\/wp-content\/uploads\/2026\/04\/zooy-70000-70k-puffs-3-in-1-flavor-switch-vape.webp\" \/>\n\t<meta property=\"og:image:width\" content=\"800\" \/>\n\t<meta property=\"og:image:height\" content=\"800\" \/>\n\t<meta property=\"og:image:type\" content=\"image\/webp\" \/>\n<meta name=\"twitter:card\" content=\"summary_large_image\" \/>\n<meta name=\"twitter:label1\" content=\"Dur\u00e9e de lecture estim\u00e9e\" \/>\n\t<meta name=\"twitter:data1\" content=\"2 minutes\" \/>\n<script type=\"application\/ld+json\" class=\"yoast-schema-graph\">{\"@context\":\"https:\/\/schema.org\",\"@graph\":[{\"@type\":\"WebPage\",\"@id\":\"https:\/\/aivape.de\/produkt\/zooy-triple-70000-70-000-puffs-3-in-1-aroma-wechsel-zooy\/\",\"url\":\"https:\/\/aivape.de\/produkt\/zooy-triple-70000-70-000-puffs-3-in-1-aroma-wechsel-zooy\/\",\"name\":\"ZOOY Triple 70000 | 70.000 Puffs & 3-in-1 Aroma-Wechsel | Zooy - AiVape | Premium E-Zigaretten &amp; Vape Shop Deutschland\",\"isPartOf\":{\"@id\":\"https:\/\/aivape.de\/#website\"},\"primaryImageOfPage\":{\"@id\":\"https:\/\/aivape.de\/produkt\/zooy-triple-70000-70-000-puffs-3-in-1-aroma-wechsel-zooy\/#primaryimage\"},\"image\":{\"@id\":\"https:\/\/aivape.de\/produkt\/zooy-triple-70000-70-000-puffs-3-in-1-aroma-wechsel-zooy\/#primaryimage\"},\"thumbnailUrl\":\"https:\/\/aivape.de\/wp-content\/uploads\/2026\/04\/zooy-70000-70k-puffs-3-in-1-flavor-switch-vape.webp\",\"datePublished\":\"2026-04-30T10:26:16+00:00\",\"dateModified\":\"2026-04-30T10:29:07+00:00\",\"description\":\"Die ZOOY Triple 70000 bietet 70.000 Z\u00fcge, Triple 0.9\u03a9 Mesh Coils und ein smartes 3-in-1 Geschmacks-System. Jetzt Zooy Triple online kaufen \u2013 schneller Versand!\",\"breadcrumb\":{\"@id\":\"https:\/\/aivape.de\/produkt\/zooy-triple-70000-70-000-puffs-3-in-1-aroma-wechsel-zooy\/#breadcrumb\"},\"inLanguage\":\"fr-FR\",\"potentialAction\":[{\"@type\":\"ReadAction\",\"target\":[\"https:\/\/aivape.de\/produkt\/zooy-triple-70000-70-000-puffs-3-in-1-aroma-wechsel-zooy\/\"]}]},{\"@type\":\"ImageObject\",\"inLanguage\":\"fr-FR\",\"@id\":\"https:\/\/aivape.de\/produkt\/zooy-triple-70000-70-000-puffs-3-in-1-aroma-wechsel-zooy\/#primaryimage\",\"url\":\"https:\/\/aivape.de\/wp-content\/uploads\/2026\/04\/zooy-70000-70k-puffs-3-in-1-flavor-switch-vape.webp\",\"contentUrl\":\"https:\/\/aivape.de\/wp-content\/uploads\/2026\/04\/zooy-70000-70k-puffs-3-in-1-flavor-switch-vape.webp\",\"width\":800,\"height\":800},{\"@type\":\"BreadcrumbList\",\"@id\":\"https:\/\/aivape.de\/produkt\/zooy-triple-70000-70-000-puffs-3-in-1-aroma-wechsel-zooy\/#breadcrumb\",\"itemListElement\":[{\"@type\":\"ListItem\",\"position\":1,\"name\":\"Home\",\"item\":\"https:\/\/aivape.de\/\"},{\"@type\":\"ListItem\",\"position\":2,\"name\":\"Shop\",\"item\":\"https:\/\/aivape.de\/shop\/\"},{\"@type\":\"ListItem\",\"position\":3,\"name\":\"ZOOY Triple 70000 | 70.000 Puffs &#038; 3-in-1 Aroma-Wechsel | Zooy\"}]},{\"@type\":\"WebSite\",\"@id\":\"https:\/\/aivape.de\/#website\",\"url\":\"https:\/\/aivape.de\/\",\"name\":\"AiVape | Premium E-Zigaretten &amp; Vape Shop Deutschland\",\"description\":\"Dein Experte f\u00fcr Vozol, Bang King &amp; Hifancy Vapes \u2013 Schneller EU-Versand\",\"potentialAction\":[{\"@type\":\"SearchAction\",\"target\":{\"@type\":\"EntryPoint\",\"urlTemplate\":\"https:\/\/aivape.de\/?s={search_term_string}\"},\"query-input\":{\"@type\":\"PropertyValueSpecification\",\"valueRequired\":true,\"valueName\":\"search_term_string\"}}],\"inLanguage\":\"fr-FR\"}]}<\/script>\n<!-- \/ Yoast SEO plugin. -->","yoast_head_json":{"title":"ZOOY Triple 70000 | 70.000 Puffs & 3-in-1 Aroma-Wechsel | Zooy - AiVape | Premium E-Zigaretten &amp; Vape Shop Deutschland","description":"Die ZOOY Triple 70000 bietet 70.000 Z\u00fcge, Triple 0.9\u03a9 Mesh Coils und ein smartes 3-in-1 Geschmacks-System. Jetzt Zooy Triple online kaufen \u2013 schneller Versand!","robots":{"index":"index","follow":"follow","max-snippet":"max-snippet:-1","max-image-preview":"max-image-preview:large","max-video-preview":"max-video-preview:-1"},"canonical":"https:\/\/aivape.de\/fr\/product\/zooy-triple-70000-70-000-puffs-3-in-1-aroma-wechsel-zooy\/","og_locale":"fr_FR","og_type":"article","og_title":"ZOOY Triple 70000 | 70.000 Puffs & 3-in-1 Aroma-Wechsel | Zooy - AiVape | Premium E-Zigaretten &amp; Vape Shop Deutschland","og_description":"Die ZOOY Triple 70000 bietet 70.000 Z\u00fcge, Triple 0.9\u03a9 Mesh Coils und ein smartes 3-in-1 Geschmacks-System. Jetzt Zooy Triple online kaufen \u2013 schneller Versand!","og_url":"https:\/\/aivape.de\/fr\/product\/zooy-triple-70000-70-000-puffs-3-in-1-aroma-wechsel-zooy\/","og_site_name":"AiVape | Premium E-Zigaretten &amp; Vape Shop Deutschland","article_modified_time":"2026-04-30T10:29:07+00:00","og_image":[{"width":800,"height":800,"url":"https:\/\/aivape.de\/wp-content\/uploads\/2026\/04\/zooy-70000-70k-puffs-3-in-1-flavor-switch-vape.webp","type":"image\/webp"}],"twitter_card":"summary_large_image","twitter_misc":{"Dur\u00e9e de lecture estim\u00e9e":"2 minutes"},"schema":{"@context":"https:\/\/schema.org","@graph":[{"@type":"WebPage","@id":"https:\/\/aivape.de\/produkt\/zooy-triple-70000-70-000-puffs-3-in-1-aroma-wechsel-zooy\/","url":"https:\/\/aivape.de\/produkt\/zooy-triple-70000-70-000-puffs-3-in-1-aroma-wechsel-zooy\/","name":"ZOOY Triple 70000 | 70.000 Puffs & 3-in-1 Aroma-Wechsel | Zooy - AiVape | Premium E-Zigaretten &amp; Vape Shop Deutschland","isPartOf":{"@id":"https:\/\/aivape.de\/#website"},"primaryImageOfPage":{"@id":"https:\/\/aivape.de\/produkt\/zooy-triple-70000-70-000-puffs-3-in-1-aroma-wechsel-zooy\/#primaryimage"},"image":{"@id":"https:\/\/aivape.de\/produkt\/zooy-triple-70000-70-000-puffs-3-in-1-aroma-wechsel-zooy\/#primaryimage"},"thumbnailUrl":"https:\/\/aivape.de\/wp-content\/uploads\/2026\/04\/zooy-70000-70k-puffs-3-in-1-flavor-switch-vape.webp","datePublished":"2026-04-30T10:26:16+00:00","dateModified":"2026-04-30T10:29:07+00:00","description":"Die ZOOY Triple 70000 bietet 70.000 Z\u00fcge, Triple 0.9\u03a9 Mesh Coils und ein smartes 3-in-1 Geschmacks-System. Jetzt Zooy Triple online kaufen \u2013 schneller Versand!","breadcrumb":{"@id":"https:\/\/aivape.de\/produkt\/zooy-triple-70000-70-000-puffs-3-in-1-aroma-wechsel-zooy\/#breadcrumb"},"inLanguage":"fr-FR","potentialAction":[{"@type":"ReadAction","target":["https:\/\/aivape.de\/produkt\/zooy-triple-70000-70-000-puffs-3-in-1-aroma-wechsel-zooy\/"]}]},{"@type":"ImageObject","inLanguage":"fr-FR","@id":"https:\/\/aivape.de\/produkt\/zooy-triple-70000-70-000-puffs-3-in-1-aroma-wechsel-zooy\/#primaryimage","url":"https:\/\/aivape.de\/wp-content\/uploads\/2026\/04\/zooy-70000-70k-puffs-3-in-1-flavor-switch-vape.webp","contentUrl":"https:\/\/aivape.de\/wp-content\/uploads\/2026\/04\/zooy-70000-70k-puffs-3-in-1-flavor-switch-vape.webp","width":800,"height":800},{"@type":"BreadcrumbList","@id":"https:\/\/aivape.de\/produkt\/zooy-triple-70000-70-000-puffs-3-in-1-aroma-wechsel-zooy\/#breadcrumb","itemListElement":[{"@type":"ListItem","position":1,"name":"Home","item":"https:\/\/aivape.de\/"},{"@type":"ListItem","position":2,"name":"Shop","item":"https:\/\/aivape.de\/shop\/"},{"@type":"ListItem","position":3,"name":"ZOOY Triple 70000 | 70.000 Puffs &#038; 3-in-1 Aroma-Wechsel | Zooy"}]},{"@type":"WebSite","@id":"https:\/\/aivape.de\/#website","url":"https:\/\/aivape.de\/","name":"AiVape | Premium E-Zigaretten &amp; Vape Shop Deutschland","description":"Dein Experte f\u00fcr Vozol, Bang King &amp; Hifancy Vapes \u2013 Schneller EU-Versand","potentialAction":[{"@type":"SearchAction","target":{"@type":"EntryPoint","urlTemplate":"https:\/\/aivape.de\/?s={search_term_string}"},"query-input":{"@type":"PropertyValueSpecification","valueRequired":true,"valueName":"search_term_string"}}],"inLanguage":"fr-FR"}]}},"tiered_pricing_type":"fixed","tiered_pricing_fixed_rules":{"30":"11.63","50":"10.99","100":"9.48","200":"8.99"},"tiered_pricing_product_settings":{"layout":"default","base_unit_name":{"singular":null,"plural":null},"default_variation":null},"tiered_pricing_minimum_quantity":10,"tiered_pricing_roles_data":[],"tiered_pricing_percentage_rules":[],"tiered_pricing_maximum_quantity":null,"tiered_pricing_quantity_step":"10","_links":{"self":[{"href":"https:\/\/aivape.de\/fr\/wp-json\/wp\/v2\/product\/7270","targetHints":{"allow":["GET"]}}],"collection":[{"href":"https:\/\/aivape.de\/fr\/wp-json\/wp\/v2\/product"}],"about":[{"href":"https:\/\/aivape.de\/fr\/wp-json\/wp\/v2\/types\/product"}],"replies":[{"embeddable":true,"href":"https:\/\/aivape.de\/fr\/wp-json\/wp\/v2\/comments?post=7270"}],"version-history":[{"count":1,"href":"https:\/\/aivape.de\/fr\/wp-json\/wp\/v2\/product\/7270\/revisions"}],"predecessor-version":[{"id":7271,"href":"https:\/\/aivape.de\/fr\/wp-json\/wp\/v2\/product\/7270\/revisions\/7271"}],"wp:featuredmedia":[{"embeddable":true,"href":"https:\/\/aivape.de\/fr\/wp-json\/wp\/v2\/media\/7281"}],"wp:attachment":[{"href":"https:\/\/aivape.de\/fr\/wp-json\/wp\/v2\/media?parent=7270"}],"wp:term":[{"taxonomy":"product_brand","embeddable":true,"href":"https:\/\/aivape.de\/fr\/wp-json\/wp\/v2\/product_brand?post=7270"},{"taxonomy":"product_cat","embeddable":true,"href":"https:\/\/aivape.de\/fr\/wp-json\/wp\/v2\/product_cat?post=7270"},{"taxonomy":"product_tag","embeddable":true,"href":"https:\/\/aivape.de\/fr\/wp-json\/wp\/v2\/product_tag?post=7270"}],"curies":[{"name":"wp","href":"https:\/\/api.w.org\/{rel}","templated":true}]}}