{"id":6852,"date":"2026-04-22T10:08:44","date_gmt":"2026-04-22T08:08:44","guid":{"rendered":"https:\/\/aivape.de\/?post_type=product&#038;p=6852"},"modified":"2026-04-22T10:08:46","modified_gmt":"2026-04-22T08:08:46","slug":"bang-leader-350k-puffs-8-in-1-geschmack-40ml-bang-vape","status":"publish","type":"product","link":"https:\/\/aivape.de\/fr\/product\/bang-leader-350k-puffs-8-in-1-geschmack-40ml-bang-vape\/","title":{"rendered":"Bang Leader 350k Puffs | 8-en-1 saveur &amp; 40ml | Bang Vape"},"content":{"rendered":"<h1 data-path-to-node=\"11\"><b data-path-to-node=\"11\" data-index-in-node=\"0\">Bang Leader 350k - La r\u00e9volution de la Bang Vape avec 350.000 bouff\u00e9es<\/b><\/h1>\n<p data-path-to-node=\"12\">Le site <b data-path-to-node=\"12\" data-index-in-node=\"4\">Bang Leader 350k<\/b> n'est pas seulement une e-cigarette - c'est une d\u00e9monstration technologique de puissance et d'endurance. En tant que mod\u00e8le phare de la marque <b data-path-to-node=\"12\" data-index-in-node=\"157\">Bang Vape<\/b> le Leader 350000 pose de nouveaux jalons dans le domaine de la vape jetable. Avec une capacit\u00e9 sans pr\u00e9c\u00e9dent de <b data-path-to-node=\"12\" data-index-in-node=\"272\">350 000 trains<\/b> et le syst\u00e8me innovant Multi-Flavor, elle est le premier choix des vapoteurs qui ne veulent jamais faire de compromis.<\/p>\n<h2 data-path-to-node=\"13\"><b data-path-to-node=\"13\" data-index-in-node=\"0\">Nouveaut\u00e9 mondiale : technologie du go\u00fbt 8 en 1<\/b><\/h2>\n<p data-path-to-node=\"14\">Pourquoi choisir un ar\u00f4me quand on peut en avoir huit ? Le site <b data-path-to-node=\"14\" data-index-in-node=\"68\">bang leader<\/b> 350k dispose d'un syst\u00e8me r\u00e9volutionnaire <b data-path-to-node=\"14\" data-index-in-node=\"117\">Syst\u00e8me 8 en 1<\/b>. Cela vous permet de passer d'une saveur \u00e0 l'autre au sein d'un m\u00eame appareil. En combinaison avec un total de 12 ar\u00f4mes premium disponibles, cet appareil offre une diversit\u00e9 jusqu'ici inimaginable sur le march\u00e9.<\/p>\n<h2 data-path-to-node=\"15\"><b data-path-to-node=\"15\" data-index-in-node=\"0\">Capacit\u00e9 de 40 ml &amp; coil en maille de 0,8\u03a9 pour une performance maximale<\/b><\/h2>\n<p data-path-to-node=\"16\">Pour atteindre les 350.000 trains promis, le Bang Leader est \u00e9quip\u00e9 d'un \u00e9norme <b data-path-to-node=\"16\" data-index-in-node=\"89\">R\u00e9servoir de liquide de 40 ml<\/b> est \u00e9quip\u00e9 d'un syst\u00e8me d'extraction. Pour que le go\u00fbt reste intense de la premi\u00e8re \u00e0 la derni\u00e8re bouff\u00e9e, une technologie de pointe est utilis\u00e9e. <b data-path-to-node=\"16\" data-index-in-node=\"215\">0,8\u03a9 Bobine maill\u00e9e<\/b> est utilis\u00e9e. Celle-ci assure un chauffage plus rapide et une exp\u00e9rience de la vapeur nettement plus dense par rapport aux vapeurs standard.<\/p>\n<h2 data-path-to-node=\"17\"><b data-path-to-node=\"17\" data-index-in-node=\"0\">Performances constantes &amp; recharge rapide<\/b><\/h2>\n<p data-path-to-node=\"18\">Le syst\u00e8me int\u00e9gr\u00e9 <b data-path-to-node=\"18\" data-index-in-node=\"16\">batterie de 650 mAh<\/b> est con\u00e7ue pour une efficacit\u00e9 maximale. Gr\u00e2ce \u00e0 la \u201eEfficient and Consistent Power Delivery\u201c, l'intensit\u00e9 de la vapeur reste stable m\u00eame lorsque le niveau de la batterie diminue. Le port USB-C moderne permet de recharger rapidement l'appareil \u00e0 tout moment afin d'exploiter pleinement le potentiel des 40 ml de liquide.<\/p>\n<hr data-path-to-node=\"19\" \/>\n<h3 data-path-to-node=\"20\">FAQ<\/h3>\n<h4 data-path-to-node=\"21\"><b data-path-to-node=\"21\" data-index-in-node=\"0\">1. comment le Bang Leader fait-il vraiment 350.000 trains ?<\/b><\/h4>\n<p data-path-to-node=\"22\">L'\u00e9norme quantit\u00e9 de bouff\u00e9es est rendue possible par la combinaison d'un chipset tr\u00e8s efficace, d'une capacit\u00e9 de 40 ml de liquide et d'une bobine optimis\u00e9e de 0,8\u03a9. Elle est con\u00e7ue pour fournir un d\u00e9bit constant pendant des semaines, voire des mois.<\/p>\n<h4 data-path-to-node=\"23\"><b data-path-to-node=\"23\" data-index-in-node=\"0\">2. que signifie le syst\u00e8me de go\u00fbt 8 en 1 ?<\/b><\/h4>\n<p data-path-to-node=\"24\">Dans la <b data-path-to-node=\"24\" data-index-in-node=\"7\">bang leader<\/b> plusieurs ar\u00f4mes sont int\u00e9gr\u00e9s et l'utilisateur peut passer de l'un \u00e0 l'autre. Cela \u00e9vite la \u201efatigue gustative\u201c et fait de l'appareil le compagnon le plus polyvalent pour les d\u00e9placements.<\/p>\n<h4 data-path-to-node=\"25\"><b data-path-to-node=\"25\" data-index-in-node=\"0\">3. quel est le d\u00e9lai de livraison au sein de l'UE ?<\/b><\/h4>\n<p data-path-to-node=\"26\">Nous exp\u00e9dions directement depuis notre entrep\u00f4t central europ\u00e9en. Apr\u00e8s la commande, vous recevez votre <b data-path-to-node=\"26\" data-index-in-node=\"98\">Bang Vape<\/b> en g\u00e9n\u00e9ral dans un d\u00e9lai de <b data-path-to-node=\"26\" data-index-in-node=\"135\">1 \u00e0 3 jours ouvrables<\/b>.<\/p>\n<hr data-path-to-node=\"27\" \/>\n<h3 data-path-to-node=\"28\">T\u00e9moignages<\/h3>\n<blockquote data-path-to-node=\"29\">\n<p data-path-to-node=\"29,0\">\u2b50\u2b50\u2b50\u2b50\u2b50 <b data-path-to-node=\"29,0\" data-index-in-node=\"6\">\u201eD'une long\u00e9vit\u00e9 insoup\u00e7onnable\u201c !\u201c<\/b> \u201eJ'ai le Bang Leader 350k depuis trois semaines maintenant et le r\u00e9servoir n'est toujours pas vide. Le syst\u00e8me 8 en 1 est g\u00e9nial - si j'en ai trop d'une vari\u00e9t\u00e9, il me suffit de passer \u00e0 l'autre. Le meilleur investissement jusqu'\u00e0 pr\u00e9sent !\u201c - <i data-path-to-node=\"29,0\" data-index-in-node=\"245\">Kevin S. (Acheteur v\u00e9rifi\u00e9)<\/i><\/p>\n<\/blockquote>\n<blockquote data-path-to-node=\"30\">\n<p data-path-to-node=\"30,0\">\u2b50\u2b50\u2b50\u2b50\u2b50 <b data-path-to-node=\"30,0\" data-index-in-node=\"6\">\u201eLe go\u00fbt et la vapeur sont 1A\u201c<\/b> \u201eGr\u00e2ce au coil de 0,8 ohm, la vapeur sort bien. Le go\u00fbt de Bang Leader est extr\u00eamement intense. La livraison rapide vers l'Autriche \u00e9tait \u00e9galement top ! <i data-path-to-node=\"30,0\" data-index-in-node=\"191\">Lukas P. (Acheteur v\u00e9rifi\u00e9)<\/i><\/p>\n<\/blockquote>","protected":false},"excerpt":{"rendered":"<p data-path-to-node=\"7\"><b data-path-to-node=\"7\" data-index-in-node=\"0\">Le monstre ultime de la vape : Bang Leader 350k avec syst\u00e8me de go\u00fbt 8 en 1.<\/b><\/p>\n<ul data-path-to-node=\"8\">\n<li>\n<p data-path-to-node=\"8,0,0\"><b data-path-to-node=\"8,0,0\" data-index-in-node=\"0\">Capacit\u00e9 :<\/b> Incroyable 350.000 trains (record du march\u00e9).<\/p>\n<\/li>\n<li>\n<p data-path-to-node=\"8,1,0\"><b data-path-to-node=\"8,1,0\" data-index-in-node=\"0\">l'innovation :<\/b> Technologie des saveurs 8 en 1 (alternez entre 8 saveurs).<\/p>\n<\/li>\n<li>\n<p data-path-to-node=\"8,2,0\"><b data-path-to-node=\"8,2,0\" data-index-in-node=\"0\">liquide :<\/b> Massive 40 ml de liquide premium pr\u00e9-rempli.<\/p>\n<\/li>\n<li>\n<p data-path-to-node=\"8,3,0\"><b data-path-to-node=\"8,3,0\" data-index-in-node=\"0\">Puissance :<\/b> Bobine maill\u00e9e 0,8\u03a9 pour un d\u00e9veloppement maximal de la vapeur.<\/p>\n<\/li>\n<li>\n<p data-path-to-node=\"8,4,0\"><b data-path-to-node=\"8,4,0\" data-index-in-node=\"0\">la nicotine :<\/b> Disponible en 0% \/ 2% \/ 3% \/ 5% \u00e9paisseur.<\/p>\n<\/li>\n<li>\n<p data-path-to-node=\"8,5,0\"><b data-path-to-node=\"8,5,0\" data-index-in-node=\"0\">Exp\u00e9dition :<\/b> 1-3 jours ouvrables directement depuis l'entrep\u00f4t de l'UE.<\/p>\n<\/li>\n<\/ul>","protected":false},"featured_media":6853,"comment_status":"open","ping_status":"closed","template":"","meta":[],"product_brand":[69],"product_cat":[99],"product_tag":[],"class_list":{"0":"post-6852","1":"product","2":"type-product","3":"status-publish","4":"has-post-thumbnail","6":"product_brand-bang","7":"product_cat-puff-350k","9":"first","10":"instock","11":"shipping-taxable","12":"purchasable","13":"product-type-variable"},"yoast_head":"<!-- This site is optimized with the Yoast SEO plugin v27.1.1 - https:\/\/yoast.com\/product\/yoast-seo-wordpress\/ -->\n<title>Bang Leader 350k Puffs | 8-in-1 Geschmack &amp; 40ml | Bang Vape - AiVape | Premium E-Zigaretten &amp; Vape Shop Deutschland<\/title>\n<meta name=\"description\" content=\"Entdecken Sie die Bang Leader 350k mit revolution\u00e4ren 350.000 Z\u00fcgen. 8-in-1 Geschmackstechnologie, 40ml E-Liquid &amp; 0,8\u03a9 Mesh-Coil. Jetzt Bang Leader kaufen \u2013 EU-Lager!\" \/>\n<meta name=\"robots\" content=\"index, follow, max-snippet:-1, max-image-preview:large, max-video-preview:-1\" \/>\n<link rel=\"canonical\" href=\"https:\/\/aivape.de\/fr\/product\/bang-leader-350k-puffs-8-in-1-geschmack-40ml-bang-vape\/\" \/>\n<meta property=\"og:locale\" content=\"fr_FR\" \/>\n<meta property=\"og:type\" content=\"article\" \/>\n<meta property=\"og:title\" content=\"Bang Leader 350k Puffs | 8-in-1 Geschmack &amp; 40ml | Bang Vape - AiVape | Premium E-Zigaretten &amp; Vape Shop Deutschland\" \/>\n<meta property=\"og:description\" content=\"Entdecken Sie die Bang Leader 350k mit revolution\u00e4ren 350.000 Z\u00fcgen. 8-in-1 Geschmackstechnologie, 40ml E-Liquid &amp; 0,8\u03a9 Mesh-Coil. Jetzt Bang Leader kaufen \u2013 EU-Lager!\" \/>\n<meta property=\"og:url\" content=\"https:\/\/aivape.de\/fr\/product\/bang-leader-350k-puffs-8-in-1-geschmack-40ml-bang-vape\/\" \/>\n<meta property=\"og:site_name\" content=\"AiVape | Premium E-Zigaretten &amp; Vape Shop Deutschland\" \/>\n<meta property=\"article:modified_time\" content=\"2026-04-22T08:08:46+00:00\" \/>\n<meta property=\"og:image\" content=\"https:\/\/aivape.de\/wp-content\/uploads\/2026\/04\/bang-leader-350000-350k-puffs.webp\" \/>\n\t<meta property=\"og:image:width\" content=\"1200\" \/>\n\t<meta property=\"og:image:height\" content=\"1200\" \/>\n\t<meta property=\"og:image:type\" content=\"image\/webp\" \/>\n<meta name=\"twitter:card\" content=\"summary_large_image\" \/>\n<meta name=\"twitter:label1\" content=\"Dur\u00e9e de lecture estim\u00e9e\" \/>\n\t<meta name=\"twitter:data1\" content=\"3 minutes\" \/>\n<script type=\"application\/ld+json\" class=\"yoast-schema-graph\">{\"@context\":\"https:\/\/schema.org\",\"@graph\":[{\"@type\":\"WebPage\",\"@id\":\"https:\/\/aivape.de\/produkt\/bang-leader-350k-puffs-8-in-1-geschmack-40ml-bang-vape\/\",\"url\":\"https:\/\/aivape.de\/produkt\/bang-leader-350k-puffs-8-in-1-geschmack-40ml-bang-vape\/\",\"name\":\"Bang Leader 350k Puffs | 8-in-1 Geschmack & 40ml | Bang Vape - AiVape | Premium E-Zigaretten &amp; Vape Shop Deutschland\",\"isPartOf\":{\"@id\":\"https:\/\/aivape.de\/#website\"},\"primaryImageOfPage\":{\"@id\":\"https:\/\/aivape.de\/produkt\/bang-leader-350k-puffs-8-in-1-geschmack-40ml-bang-vape\/#primaryimage\"},\"image\":{\"@id\":\"https:\/\/aivape.de\/produkt\/bang-leader-350k-puffs-8-in-1-geschmack-40ml-bang-vape\/#primaryimage\"},\"thumbnailUrl\":\"https:\/\/aivape.de\/wp-content\/uploads\/2026\/04\/bang-leader-350000-350k-puffs.webp\",\"datePublished\":\"2026-04-22T08:08:44+00:00\",\"dateModified\":\"2026-04-22T08:08:46+00:00\",\"description\":\"Entdecken Sie die Bang Leader 350k mit revolution\u00e4ren 350.000 Z\u00fcgen. 8-in-1 Geschmackstechnologie, 40ml E-Liquid & 0,8\u03a9 Mesh-Coil. Jetzt Bang Leader kaufen \u2013 EU-Lager!\",\"breadcrumb\":{\"@id\":\"https:\/\/aivape.de\/produkt\/bang-leader-350k-puffs-8-in-1-geschmack-40ml-bang-vape\/#breadcrumb\"},\"inLanguage\":\"fr-FR\",\"potentialAction\":[{\"@type\":\"ReadAction\",\"target\":[\"https:\/\/aivape.de\/produkt\/bang-leader-350k-puffs-8-in-1-geschmack-40ml-bang-vape\/\"]}]},{\"@type\":\"ImageObject\",\"inLanguage\":\"fr-FR\",\"@id\":\"https:\/\/aivape.de\/produkt\/bang-leader-350k-puffs-8-in-1-geschmack-40ml-bang-vape\/#primaryimage\",\"url\":\"https:\/\/aivape.de\/wp-content\/uploads\/2026\/04\/bang-leader-350000-350k-puffs.webp\",\"contentUrl\":\"https:\/\/aivape.de\/wp-content\/uploads\/2026\/04\/bang-leader-350000-350k-puffs.webp\",\"width\":1200,\"height\":1200,\"caption\":\"bang-leader-350000-350k-puffs\"},{\"@type\":\"BreadcrumbList\",\"@id\":\"https:\/\/aivape.de\/produkt\/bang-leader-350k-puffs-8-in-1-geschmack-40ml-bang-vape\/#breadcrumb\",\"itemListElement\":[{\"@type\":\"ListItem\",\"position\":1,\"name\":\"Home\",\"item\":\"https:\/\/aivape.de\/\"},{\"@type\":\"ListItem\",\"position\":2,\"name\":\"Shop\",\"item\":\"https:\/\/aivape.de\/shop\/\"},{\"@type\":\"ListItem\",\"position\":3,\"name\":\"Bang Leader 350k Puffs | 8-in-1 Geschmack &#038; 40ml | Bang Vape\"}]},{\"@type\":\"WebSite\",\"@id\":\"https:\/\/aivape.de\/#website\",\"url\":\"https:\/\/aivape.de\/\",\"name\":\"AiVape | Premium E-Zigaretten &amp; Vape Shop Deutschland\",\"description\":\"Dein Experte f\u00fcr Vozol, Bang King &amp; Hifancy Vapes \u2013 Schneller EU-Versand\",\"potentialAction\":[{\"@type\":\"SearchAction\",\"target\":{\"@type\":\"EntryPoint\",\"urlTemplate\":\"https:\/\/aivape.de\/?s={search_term_string}\"},\"query-input\":{\"@type\":\"PropertyValueSpecification\",\"valueRequired\":true,\"valueName\":\"search_term_string\"}}],\"inLanguage\":\"fr-FR\"}]}<\/script>\n<!-- \/ Yoast SEO plugin. -->","yoast_head_json":{"title":"Bang Leader 350k Puffs | 8-in-1 Geschmack & 40ml | Bang Vape - AiVape | Premium E-Zigaretten &amp; Vape Shop Deutschland","description":"D\u00e9couvrez le Bang Leader 350k avec ses 350.000 bouff\u00e9es r\u00e9volutionnaires. Technologie de go\u00fbt 8 en 1, 40ml d'e-liquide &amp; 0,8\u03a9 coil en maille. Acheter maintenant Bang Leader - stock EU !","robots":{"index":"index","follow":"follow","max-snippet":"max-snippet:-1","max-image-preview":"max-image-preview:large","max-video-preview":"max-video-preview:-1"},"canonical":"https:\/\/aivape.de\/fr\/product\/bang-leader-350k-puffs-8-in-1-geschmack-40ml-bang-vape\/","og_locale":"fr_FR","og_type":"article","og_title":"Bang Leader 350k Puffs | 8-in-1 Geschmack & 40ml | Bang Vape - AiVape | Premium E-Zigaretten &amp; Vape Shop Deutschland","og_description":"Entdecken Sie die Bang Leader 350k mit revolution\u00e4ren 350.000 Z\u00fcgen. 8-in-1 Geschmackstechnologie, 40ml E-Liquid & 0,8\u03a9 Mesh-Coil. Jetzt Bang Leader kaufen \u2013 EU-Lager!","og_url":"https:\/\/aivape.de\/fr\/product\/bang-leader-350k-puffs-8-in-1-geschmack-40ml-bang-vape\/","og_site_name":"AiVape | Premium E-Zigaretten &amp; Vape Shop Deutschland","article_modified_time":"2026-04-22T08:08:46+00:00","og_image":[{"width":1200,"height":1200,"url":"https:\/\/aivape.de\/wp-content\/uploads\/2026\/04\/bang-leader-350000-350k-puffs.webp","type":"image\/webp"}],"twitter_card":"summary_large_image","twitter_misc":{"Dur\u00e9e de lecture estim\u00e9e":"3 minutes"},"schema":{"@context":"https:\/\/schema.org","@graph":[{"@type":"WebPage","@id":"https:\/\/aivape.de\/produkt\/bang-leader-350k-puffs-8-in-1-geschmack-40ml-bang-vape\/","url":"https:\/\/aivape.de\/produkt\/bang-leader-350k-puffs-8-in-1-geschmack-40ml-bang-vape\/","name":"Bang Leader 350k Puffs | 8-in-1 Geschmack & 40ml | Bang Vape - AiVape | Premium E-Zigaretten &amp; Vape Shop Deutschland","isPartOf":{"@id":"https:\/\/aivape.de\/#website"},"primaryImageOfPage":{"@id":"https:\/\/aivape.de\/produkt\/bang-leader-350k-puffs-8-in-1-geschmack-40ml-bang-vape\/#primaryimage"},"image":{"@id":"https:\/\/aivape.de\/produkt\/bang-leader-350k-puffs-8-in-1-geschmack-40ml-bang-vape\/#primaryimage"},"thumbnailUrl":"https:\/\/aivape.de\/wp-content\/uploads\/2026\/04\/bang-leader-350000-350k-puffs.webp","datePublished":"2026-04-22T08:08:44+00:00","dateModified":"2026-04-22T08:08:46+00:00","description":"D\u00e9couvrez le Bang Leader 350k avec ses 350.000 bouff\u00e9es r\u00e9volutionnaires. Technologie de go\u00fbt 8 en 1, 40ml d'e-liquide &amp; 0,8\u03a9 coil en maille. Acheter maintenant Bang Leader - stock EU !","breadcrumb":{"@id":"https:\/\/aivape.de\/produkt\/bang-leader-350k-puffs-8-in-1-geschmack-40ml-bang-vape\/#breadcrumb"},"inLanguage":"fr-FR","potentialAction":[{"@type":"ReadAction","target":["https:\/\/aivape.de\/produkt\/bang-leader-350k-puffs-8-in-1-geschmack-40ml-bang-vape\/"]}]},{"@type":"ImageObject","inLanguage":"fr-FR","@id":"https:\/\/aivape.de\/produkt\/bang-leader-350k-puffs-8-in-1-geschmack-40ml-bang-vape\/#primaryimage","url":"https:\/\/aivape.de\/wp-content\/uploads\/2026\/04\/bang-leader-350000-350k-puffs.webp","contentUrl":"https:\/\/aivape.de\/wp-content\/uploads\/2026\/04\/bang-leader-350000-350k-puffs.webp","width":1200,"height":1200,"caption":"bang-leader-350000-350k-puffs"},{"@type":"BreadcrumbList","@id":"https:\/\/aivape.de\/produkt\/bang-leader-350k-puffs-8-in-1-geschmack-40ml-bang-vape\/#breadcrumb","itemListElement":[{"@type":"ListItem","position":1,"name":"Home","item":"https:\/\/aivape.de\/"},{"@type":"ListItem","position":2,"name":"Shop","item":"https:\/\/aivape.de\/shop\/"},{"@type":"ListItem","position":3,"name":"Bang Leader 350k Puffs | 8-in-1 Geschmack &#038; 40ml | Bang Vape"}]},{"@type":"WebSite","@id":"https:\/\/aivape.de\/#website","url":"https:\/\/aivape.de\/","name":"AiVape | Premium E-Zigaretten &amp; Vape Shop Deutschland","description":"Dein Experte f\u00fcr Vozol, Bang King &amp; Hifancy Vapes \u2013 Schneller EU-Versand","potentialAction":[{"@type":"SearchAction","target":{"@type":"EntryPoint","urlTemplate":"https:\/\/aivape.de\/?s={search_term_string}"},"query-input":{"@type":"PropertyValueSpecification","valueRequired":true,"valueName":"search_term_string"}}],"inLanguage":"fr-FR"}]}},"tiered_pricing_type":"fixed","tiered_pricing_fixed_rules":{"30":"13.40","50":"11.45","100":"10.01","200":"9.24"},"tiered_pricing_product_settings":{"layout":"default","base_unit_name":{"singular":null,"plural":null},"default_variation":null},"tiered_pricing_minimum_quantity":10,"tiered_pricing_roles_data":[],"tiered_pricing_percentage_rules":[],"tiered_pricing_maximum_quantity":null,"tiered_pricing_quantity_step":"10","_links":{"self":[{"href":"https:\/\/aivape.de\/fr\/wp-json\/wp\/v2\/product\/6852","targetHints":{"allow":["GET"]}}],"collection":[{"href":"https:\/\/aivape.de\/fr\/wp-json\/wp\/v2\/product"}],"about":[{"href":"https:\/\/aivape.de\/fr\/wp-json\/wp\/v2\/types\/product"}],"replies":[{"embeddable":true,"href":"https:\/\/aivape.de\/fr\/wp-json\/wp\/v2\/comments?post=6852"}],"version-history":[{"count":1,"href":"https:\/\/aivape.de\/fr\/wp-json\/wp\/v2\/product\/6852\/revisions"}],"predecessor-version":[{"id":6914,"href":"https:\/\/aivape.de\/fr\/wp-json\/wp\/v2\/product\/6852\/revisions\/6914"}],"wp:featuredmedia":[{"embeddable":true,"href":"https:\/\/aivape.de\/fr\/wp-json\/wp\/v2\/media\/6853"}],"wp:attachment":[{"href":"https:\/\/aivape.de\/fr\/wp-json\/wp\/v2\/media?parent=6852"}],"wp:term":[{"taxonomy":"product_brand","embeddable":true,"href":"https:\/\/aivape.de\/fr\/wp-json\/wp\/v2\/product_brand?post=6852"},{"taxonomy":"product_cat","embeddable":true,"href":"https:\/\/aivape.de\/fr\/wp-json\/wp\/v2\/product_cat?post=6852"},{"taxonomy":"product_tag","embeddable":true,"href":"https:\/\/aivape.de\/fr\/wp-json\/wp\/v2\/product_tag?post=6852"}],"curies":[{"name":"wp","href":"https:\/\/api.w.org\/{rel}","templated":true}]}}