{"id":6768,"date":"2026-04-22T07:56:57","date_gmt":"2026-04-22T05:56:57","guid":{"rendered":"https:\/\/aivape.de\/?post_type=product&#038;p=6768"},"modified":"2026-04-22T08:08:14","modified_gmt":"2026-04-22T06:08:14","slug":"hifancy-legend-20000-puffs-full-screen-two-heating-modes","status":"publish","type":"product","link":"https:\/\/aivape.de\/fr\/product\/hifancy-legend-20000-puffs-full-screen-two-heating-modes\/","title":{"rendered":"HIFANCY Legend 20000 Puffs | Plein \u00e9cran &amp; Deux modes de chauffage"},"content":{"rendered":"<h1 data-path-to-node=\"12\"><b data-path-to-node=\"12\" data-index-in-node=\"0\">HIFANCY Legend 20000 - La l\u00e9gende de la vape intelligente avec plein \u00e9cran<\/b><\/h1>\n<p data-path-to-node=\"13\">Le site <b data-path-to-node=\"13\" data-index-in-node=\"4\">HIFANCY Legend 20000<\/b> est le nouveau produit phare pour les vapoteurs qui ne veulent pas faire de compromis sur le go\u00fbt et la technique. Faisant partie de la gamme exclusive <b data-path-to-node=\"13\" data-index-in-node=\"152\">hifancy<\/b> ligne de produits, cet appareil combine une endurance impressionnante de <b data-path-to-node=\"13\" data-index-in-node=\"230\">20 000 trains<\/b> avec la technologie Smart la plus moderne. Le design marquant <b data-path-to-node=\"13\" data-index-in-node=\"290\">Affichage plein \u00e9cran<\/b> fait de la Legend l'un des appareils les plus avanc\u00e9s sur le march\u00e9 actuel.<\/p>\n<h2 data-path-to-node=\"14\"><b data-path-to-node=\"14\" data-index-in-node=\"0\">Contr\u00f4le total gr\u00e2ce au plein \u00e9cran et \u00e0 la puce intelligente<\/b><\/h2>\n<p data-path-to-node=\"15\">L'affichage plein \u00e9cran int\u00e9gr\u00e9 de la <b data-path-to-node=\"15\" data-index-in-node=\"40\">hifancy<\/b> Legend 20000 n'est pas seulement une merveille visuelle. Il vous fournit des donn\u00e9es pr\u00e9cises en temps r\u00e9el sur l'\u00e9tat de votre batterie et le niveau de liquide restant dans le r\u00e9servoir massif. <b data-path-to-node=\"15\" data-index-in-node=\"212\">r\u00e9servoir de 30 ml<\/b>. Vous avez ainsi un contr\u00f4le total \u00e0 tout moment et \u00e9vitez les mauvaises surprises ou les dry hits.<\/p>\n<h2 data-path-to-node=\"16\"><b data-path-to-node=\"16\" data-index-in-node=\"0\">Deux modes de chauffage pour une exp\u00e9rience de vapotage personnalis\u00e9e<\/b><\/h2>\n<p data-path-to-node=\"17\">Unique dans cette cat\u00e9gorie : l'HIFANCY Legend dispose de <b data-path-to-node=\"17\" data-index-in-node=\"62\">deux modes de chauffage<\/b>. Alternez entre un mode mod\u00e9r\u00e9 pour un nombre maximal de bouff\u00e9es et un mode puissant pour des nuages plus intenses et un ar\u00f4me plus fort. En combinaison avec le <b data-path-to-node=\"17\" data-index-in-node=\"239\">1.0\u03a9 Bobine maill\u00e9e<\/b> cet appareil offre un d\u00e9veloppement du go\u00fbt qui n'a pas son pareil.<\/p>\n<h2 data-path-to-node=\"18\"><b data-path-to-node=\"18\" data-index-in-node=\"0\">Capacit\u00e9 de 30 ml de liquide pour une long\u00e9vit\u00e9 maximale<\/b><\/h2>\n<p data-path-to-node=\"19\">Alors que de nombreuses vapes \u00e0 20 000 bouff\u00e9es \u00e9conomisent le liquide, la HIFANCY Legend mise sur une pleine <b data-path-to-node=\"19\" data-index-in-node=\"90\">R\u00e9servoir de liquide de 30 ml<\/b>. Cela garantit que vous pouvez profiter des 20.000 trains avec une qualit\u00e9 \u00e9lev\u00e9e et constante. Le site <b data-path-to-node=\"19\" data-index-in-node=\"205\">Batterie 750mAh<\/b> se recharge en un clin d'\u0153il via USB-C, de sorte que la Legend est toujours pr\u00eate pour votre prochaine utilisation.<\/p>\n<hr data-path-to-node=\"20\" \/>\n<h3 data-path-to-node=\"21\">FAQ<\/h3>\n<h4 data-path-to-node=\"22\"><b data-path-to-node=\"22\" data-index-in-node=\"0\">Quelle est la dur\u00e9e de vie du HIFANCY Legend 20000 ?<\/b><\/h4>\n<p data-path-to-node=\"23\">Gr\u00e2ce \u00e0 la combinaison de <b data-path-to-node=\"23\" data-index-in-node=\"25\">20 000 poufs<\/b> et l'immense <b data-path-to-node=\"23\" data-index-in-node=\"55\">30 ml de r\u00e9serve de liquide<\/b> la Legend dure environ 4 \u00e0 5 semaines pour une utilisation moyenne. Elle a donc une dur\u00e9e de vie nettement plus longue que les mod\u00e8les standard.<\/p>\n<h4 data-path-to-node=\"24\"><b data-path-to-node=\"24\" data-index-in-node=\"0\">Quel est l'effet des deux modes de chauffage ?<\/b><\/h4>\n<p data-path-to-node=\"25\">Les deux modes vous permettent d'ajuster l'intensit\u00e9 du chauffage. Le mode standard pr\u00e9serve le liquide et la batterie, tandis que le second mode alimente plus fortement la bobine 1.0\u03a9 pour lib\u00e9rer plus de vapeur et de saveur.<\/p>\n<h4 data-path-to-node=\"26\"><b data-path-to-node=\"26\" data-index-in-node=\"0\">Dans quels dosages de nicotine la Legend est-elle disponible ?<\/b><\/h4>\n<p data-path-to-node=\"27\">Nous proposons la <b data-path-to-node=\"27\" data-index-in-node=\"15\">hifancy<\/b> L\u00e9gende dans les points forts <b data-path-to-node=\"27\" data-index-in-node=\"45\">2%, 3% et 5%<\/b> pour r\u00e9pondre \u00e0 tous les besoins des clients, du plaisir l\u00e9ger \u00e0 la sensation forte.<\/p>\n<hr data-path-to-node=\"28\" \/>\n<h3 data-path-to-node=\"29\">T\u00e9moignages<\/h3>\n<blockquote data-path-to-node=\"30\">\n<p data-path-to-node=\"30,0\">\u2b50\u2b50\u2b50\u2b50\u2b50 <b data-path-to-node=\"30,0\" data-index-in-node=\"6\">\u201eMeilleure hifancy \u00e0 ce jour !\u201c<\/b> \u201eL'\u00e9cran du Legend 20000 est incroyable. Il est super \u00e9l\u00e9gant. Les deux modes de chauffage font vraiment la diff\u00e9rence quand on veut plus de vapeur. Les 30 ml durent \u00e9ternellement chez moi !\u201c - <i data-path-to-node=\"30,0\" data-index-in-node=\"215\">Sebastian R. (Acheteur v\u00e9rifi\u00e9)<\/i><\/p>\n<\/blockquote>\n<blockquote data-path-to-node=\"31\">\n<p data-path-to-node=\"31,0\">\u2b50\u2b50\u2b50\u2b50\u2b50 <b data-path-to-node=\"31,0\" data-index-in-node=\"6\">\u201eGo\u00fbt exceptionnel et livraison rapide\u201c<\/b> \u201eJe suis un grand fan de hifancy. La Legend 20000 a un go\u00fbt tr\u00e8s pur gr\u00e2ce au Mesh Coil. Le paquet \u00e9tait chez moi \u00e0 Francfort apr\u00e8s 2 jours. Absolument \u00e0 recommander\u201c ! - <i data-path-to-node=\"31,0\" data-index-in-node=\"207\">Laura S. (Acheteur v\u00e9rifi\u00e9)<\/i><\/p>\n<\/blockquote>","protected":false},"excerpt":{"rendered":"<p data-path-to-node=\"8\"><b data-path-to-node=\"8\" data-index-in-node=\"0\">D\u00e9couvrez l'\u00e9volution : la HIFANCY Legend 20000 avec une capacit\u00e9 de 30 ml.<\/b><\/p>\n<ul data-path-to-node=\"9\">\n<li>\n<p data-path-to-node=\"9,0,0\"><b data-path-to-node=\"9,0,0\" data-index-in-node=\"0\">Capacit\u00e9 :<\/b> Jusqu'\u00e0 20 000 puffs (s\u00e9rie Legend).<\/p>\n<\/li>\n<li>\n<p data-path-to-node=\"9,1,0\"><b data-path-to-node=\"9,1,0\" data-index-in-node=\"0\">Highlight :<\/b> Full Screen interactif pour le contr\u00f4le de la batterie &amp; du liquide.<\/p>\n<\/li>\n<li>\n<p data-path-to-node=\"9,2,0\"><b data-path-to-node=\"9,2,0\" data-index-in-node=\"0\">Puissance :<\/b> Deux modes de chauffage (Two Heating Modes) pour une vapeur douce ou intense.<\/p>\n<\/li>\n<li>\n<p data-path-to-node=\"9,3,0\"><b data-path-to-node=\"9,3,0\" data-index-in-node=\"0\">r\u00e9servoir :<\/b> Massive 30 ml d'e-liquide pr\u00e9-rempli.<\/p>\n<\/li>\n<li>\n<p data-path-to-node=\"9,4,0\"><b data-path-to-node=\"9,4,0\" data-index-in-node=\"0\">R\u00e9sistance :<\/b> 1.0\u03a9 Bobine en maille pour un go\u00fbt pur.<\/p>\n<\/li>\n<li>\n<p data-path-to-node=\"9,5,0\"><b data-path-to-node=\"9,5,0\" data-index-in-node=\"0\">Exp\u00e9dition :<\/b> 1-3 jours ouvrables \u00e0 partir de notre entrep\u00f4t de l'UE.<\/p>\n<\/li>\n<\/ul>","protected":false},"featured_media":6769,"comment_status":"open","ping_status":"closed","template":"","meta":[],"product_brand":[72],"product_cat":[49],"product_tag":[],"class_list":{"0":"post-6768","1":"product","2":"type-product","3":"status-publish","4":"has-post-thumbnail","6":"product_brand-hifancy","7":"product_cat-puff-20k","9":"first","10":"instock","11":"shipping-taxable","12":"purchasable","13":"product-type-variable"},"yoast_head":"<!-- This site is optimized with the Yoast SEO plugin v27.1.1 - https:\/\/yoast.com\/product\/yoast-seo-wordpress\/ -->\n<title>HIFANCY Legend 20000 Puffs | Full Screen &amp; Two Heating Modes - AiVape | Premium E-Zigaretten &amp; Vape Shop Deutschland<\/title>\n<meta name=\"description\" content=\"Entdecken Sie die HIFANCY Legend 20000. 20k Puffs, 30ml Liquid, Full Screen Display und zwei Heizmodi f\u00fcr individuellen Genuss. Jetzt hifancy Legend kaufen \u2013 Blitzversand aus EU!\" \/>\n<meta name=\"robots\" content=\"index, follow, max-snippet:-1, max-image-preview:large, max-video-preview:-1\" \/>\n<link rel=\"canonical\" href=\"https:\/\/aivape.de\/fr\/product\/hifancy-legend-20000-puffs-full-screen-two-heating-modes\/\" \/>\n<meta property=\"og:locale\" content=\"fr_FR\" \/>\n<meta property=\"og:type\" content=\"article\" \/>\n<meta property=\"og:title\" content=\"HIFANCY Legend 20000 Puffs | Full Screen &amp; Two Heating Modes - AiVape | Premium E-Zigaretten &amp; Vape Shop Deutschland\" \/>\n<meta property=\"og:description\" content=\"Entdecken Sie die HIFANCY Legend 20000. 20k Puffs, 30ml Liquid, Full Screen Display und zwei Heizmodi f\u00fcr individuellen Genuss. Jetzt hifancy Legend kaufen \u2013 Blitzversand aus EU!\" \/>\n<meta property=\"og:url\" content=\"https:\/\/aivape.de\/fr\/product\/hifancy-legend-20000-puffs-full-screen-two-heating-modes\/\" \/>\n<meta property=\"og:site_name\" content=\"AiVape | Premium E-Zigaretten &amp; Vape Shop Deutschland\" \/>\n<meta property=\"article:modified_time\" content=\"2026-04-22T06:08:14+00:00\" \/>\n<meta property=\"og:image\" content=\"https:\/\/aivape.de\/wp-content\/uploads\/2026\/04\/hifancy-legend-20k-marbo-zero-zbood-poland-fs18000-30k-puff-vapes-eu-warehouse-disposable-vape.webp\" \/>\n\t<meta property=\"og:image:width\" content=\"1500\" \/>\n\t<meta property=\"og:image:height\" content=\"1500\" \/>\n\t<meta property=\"og:image:type\" content=\"image\/webp\" \/>\n<meta name=\"twitter:card\" content=\"summary_large_image\" \/>\n<meta name=\"twitter:label1\" content=\"Dur\u00e9e de lecture estim\u00e9e\" \/>\n\t<meta name=\"twitter:data1\" content=\"3 minutes\" \/>\n<script type=\"application\/ld+json\" class=\"yoast-schema-graph\">{\"@context\":\"https:\/\/schema.org\",\"@graph\":[{\"@type\":\"WebPage\",\"@id\":\"https:\/\/aivape.de\/produkt\/hifancy-legend-20000-puffs-full-screen-two-heating-modes\/\",\"url\":\"https:\/\/aivape.de\/produkt\/hifancy-legend-20000-puffs-full-screen-two-heating-modes\/\",\"name\":\"HIFANCY Legend 20000 Puffs | Full Screen & Two Heating Modes - AiVape | Premium E-Zigaretten &amp; Vape Shop Deutschland\",\"isPartOf\":{\"@id\":\"https:\/\/aivape.de\/#website\"},\"primaryImageOfPage\":{\"@id\":\"https:\/\/aivape.de\/produkt\/hifancy-legend-20000-puffs-full-screen-two-heating-modes\/#primaryimage\"},\"image\":{\"@id\":\"https:\/\/aivape.de\/produkt\/hifancy-legend-20000-puffs-full-screen-two-heating-modes\/#primaryimage\"},\"thumbnailUrl\":\"https:\/\/aivape.de\/wp-content\/uploads\/2026\/04\/hifancy-legend-20k-marbo-zero-zbood-poland-fs18000-30k-puff-vapes-eu-warehouse-disposable-vape.webp\",\"datePublished\":\"2026-04-22T05:56:57+00:00\",\"dateModified\":\"2026-04-22T06:08:14+00:00\",\"description\":\"Entdecken Sie die HIFANCY Legend 20000. 20k Puffs, 30ml Liquid, Full Screen Display und zwei Heizmodi f\u00fcr individuellen Genuss. Jetzt hifancy Legend kaufen \u2013 Blitzversand aus EU!\",\"breadcrumb\":{\"@id\":\"https:\/\/aivape.de\/produkt\/hifancy-legend-20000-puffs-full-screen-two-heating-modes\/#breadcrumb\"},\"inLanguage\":\"fr-FR\",\"potentialAction\":[{\"@type\":\"ReadAction\",\"target\":[\"https:\/\/aivape.de\/produkt\/hifancy-legend-20000-puffs-full-screen-two-heating-modes\/\"]}]},{\"@type\":\"ImageObject\",\"inLanguage\":\"fr-FR\",\"@id\":\"https:\/\/aivape.de\/produkt\/hifancy-legend-20000-puffs-full-screen-two-heating-modes\/#primaryimage\",\"url\":\"https:\/\/aivape.de\/wp-content\/uploads\/2026\/04\/hifancy-legend-20k-marbo-zero-zbood-poland-fs18000-30k-puff-vapes-eu-warehouse-disposable-vape.webp\",\"contentUrl\":\"https:\/\/aivape.de\/wp-content\/uploads\/2026\/04\/hifancy-legend-20k-marbo-zero-zbood-poland-fs18000-30k-puff-vapes-eu-warehouse-disposable-vape.webp\",\"width\":1500,\"height\":1500,\"caption\":\"hifancy-legend-20k-marbo-zero-zbood-poland-fs18000-30k-puff-vapes-eu-warehouse-disposable-vape\"},{\"@type\":\"BreadcrumbList\",\"@id\":\"https:\/\/aivape.de\/produkt\/hifancy-legend-20000-puffs-full-screen-two-heating-modes\/#breadcrumb\",\"itemListElement\":[{\"@type\":\"ListItem\",\"position\":1,\"name\":\"Home\",\"item\":\"https:\/\/aivape.de\/\"},{\"@type\":\"ListItem\",\"position\":2,\"name\":\"Shop\",\"item\":\"https:\/\/aivape.de\/shop\/\"},{\"@type\":\"ListItem\",\"position\":3,\"name\":\"HIFANCY Legend 20000 Puffs | Full Screen &#038; Two Heating Modes\"}]},{\"@type\":\"WebSite\",\"@id\":\"https:\/\/aivape.de\/#website\",\"url\":\"https:\/\/aivape.de\/\",\"name\":\"AiVape | Premium E-Zigaretten &amp; Vape Shop Deutschland\",\"description\":\"Dein Experte f\u00fcr Vozol, Bang King &amp; Hifancy Vapes \u2013 Schneller EU-Versand\",\"potentialAction\":[{\"@type\":\"SearchAction\",\"target\":{\"@type\":\"EntryPoint\",\"urlTemplate\":\"https:\/\/aivape.de\/?s={search_term_string}\"},\"query-input\":{\"@type\":\"PropertyValueSpecification\",\"valueRequired\":true,\"valueName\":\"search_term_string\"}}],\"inLanguage\":\"fr-FR\"}]}<\/script>\n<!-- \/ Yoast SEO plugin. -->","yoast_head_json":{"title":"HIFANCY Legend 20000 Puffs | Full Screen & Two Heating Modes - AiVape | Premium E-Zigaretten &amp; Vape Shop Deutschland","description":"D\u00e9couvrez la HIFANCY Legend 20000. 20k bouff\u00e9es, 30ml de liquide, affichage plein \u00e9cran et deux modes de chauffage pour un plaisir individuel. Acheter hifancy Legend maintenant - livraison \u00e9clair depuis l'UE !","robots":{"index":"index","follow":"follow","max-snippet":"max-snippet:-1","max-image-preview":"max-image-preview:large","max-video-preview":"max-video-preview:-1"},"canonical":"https:\/\/aivape.de\/fr\/product\/hifancy-legend-20000-puffs-full-screen-two-heating-modes\/","og_locale":"fr_FR","og_type":"article","og_title":"HIFANCY Legend 20000 Puffs | Full Screen & Two Heating Modes - AiVape | Premium E-Zigaretten &amp; Vape Shop Deutschland","og_description":"Entdecken Sie die HIFANCY Legend 20000. 20k Puffs, 30ml Liquid, Full Screen Display und zwei Heizmodi f\u00fcr individuellen Genuss. Jetzt hifancy Legend kaufen \u2013 Blitzversand aus EU!","og_url":"https:\/\/aivape.de\/fr\/product\/hifancy-legend-20000-puffs-full-screen-two-heating-modes\/","og_site_name":"AiVape | Premium E-Zigaretten &amp; Vape Shop Deutschland","article_modified_time":"2026-04-22T06:08:14+00:00","og_image":[{"width":1500,"height":1500,"url":"https:\/\/aivape.de\/wp-content\/uploads\/2026\/04\/hifancy-legend-20k-marbo-zero-zbood-poland-fs18000-30k-puff-vapes-eu-warehouse-disposable-vape.webp","type":"image\/webp"}],"twitter_card":"summary_large_image","twitter_misc":{"Dur\u00e9e de lecture estim\u00e9e":"3 minutes"},"schema":{"@context":"https:\/\/schema.org","@graph":[{"@type":"WebPage","@id":"https:\/\/aivape.de\/produkt\/hifancy-legend-20000-puffs-full-screen-two-heating-modes\/","url":"https:\/\/aivape.de\/produkt\/hifancy-legend-20000-puffs-full-screen-two-heating-modes\/","name":"HIFANCY Legend 20000 Puffs | Full Screen & Two Heating Modes - AiVape | Premium E-Zigaretten &amp; Vape Shop Deutschland","isPartOf":{"@id":"https:\/\/aivape.de\/#website"},"primaryImageOfPage":{"@id":"https:\/\/aivape.de\/produkt\/hifancy-legend-20000-puffs-full-screen-two-heating-modes\/#primaryimage"},"image":{"@id":"https:\/\/aivape.de\/produkt\/hifancy-legend-20000-puffs-full-screen-two-heating-modes\/#primaryimage"},"thumbnailUrl":"https:\/\/aivape.de\/wp-content\/uploads\/2026\/04\/hifancy-legend-20k-marbo-zero-zbood-poland-fs18000-30k-puff-vapes-eu-warehouse-disposable-vape.webp","datePublished":"2026-04-22T05:56:57+00:00","dateModified":"2026-04-22T06:08:14+00:00","description":"D\u00e9couvrez la HIFANCY Legend 20000. 20k bouff\u00e9es, 30ml de liquide, affichage plein \u00e9cran et deux modes de chauffage pour un plaisir individuel. Acheter hifancy Legend maintenant - livraison \u00e9clair depuis l'UE !","breadcrumb":{"@id":"https:\/\/aivape.de\/produkt\/hifancy-legend-20000-puffs-full-screen-two-heating-modes\/#breadcrumb"},"inLanguage":"fr-FR","potentialAction":[{"@type":"ReadAction","target":["https:\/\/aivape.de\/produkt\/hifancy-legend-20000-puffs-full-screen-two-heating-modes\/"]}]},{"@type":"ImageObject","inLanguage":"fr-FR","@id":"https:\/\/aivape.de\/produkt\/hifancy-legend-20000-puffs-full-screen-two-heating-modes\/#primaryimage","url":"https:\/\/aivape.de\/wp-content\/uploads\/2026\/04\/hifancy-legend-20k-marbo-zero-zbood-poland-fs18000-30k-puff-vapes-eu-warehouse-disposable-vape.webp","contentUrl":"https:\/\/aivape.de\/wp-content\/uploads\/2026\/04\/hifancy-legend-20k-marbo-zero-zbood-poland-fs18000-30k-puff-vapes-eu-warehouse-disposable-vape.webp","width":1500,"height":1500,"caption":"hifancy-legend-20k-marbo-zero-zbood-poland-fs18000-30k-puff-vapes-eu-warehouse-disposable-vape"},{"@type":"BreadcrumbList","@id":"https:\/\/aivape.de\/produkt\/hifancy-legend-20000-puffs-full-screen-two-heating-modes\/#breadcrumb","itemListElement":[{"@type":"ListItem","position":1,"name":"Home","item":"https:\/\/aivape.de\/"},{"@type":"ListItem","position":2,"name":"Shop","item":"https:\/\/aivape.de\/shop\/"},{"@type":"ListItem","position":3,"name":"HIFANCY Legend 20000 Puffs | Full Screen &#038; Two Heating Modes"}]},{"@type":"WebSite","@id":"https:\/\/aivape.de\/#website","url":"https:\/\/aivape.de\/","name":"AiVape | Premium E-Zigaretten &amp; Vape Shop Deutschland","description":"Dein Experte f\u00fcr Vozol, Bang King &amp; Hifancy Vapes \u2013 Schneller EU-Versand","potentialAction":[{"@type":"SearchAction","target":{"@type":"EntryPoint","urlTemplate":"https:\/\/aivape.de\/?s={search_term_string}"},"query-input":{"@type":"PropertyValueSpecification","valueRequired":true,"valueName":"search_term_string"}}],"inLanguage":"fr-FR"}]}},"tiered_pricing_type":"fixed","tiered_pricing_fixed_rules":{"30":"12.08","50":"8.99","100":"7.89","200":"7.21"},"tiered_pricing_product_settings":{"layout":"default","base_unit_name":{"singular":null,"plural":null},"default_variation":null},"tiered_pricing_minimum_quantity":10,"tiered_pricing_roles_data":[],"tiered_pricing_percentage_rules":[],"tiered_pricing_maximum_quantity":null,"tiered_pricing_quantity_step":"10","_links":{"self":[{"href":"https:\/\/aivape.de\/fr\/wp-json\/wp\/v2\/product\/6768","targetHints":{"allow":["GET"]}}],"collection":[{"href":"https:\/\/aivape.de\/fr\/wp-json\/wp\/v2\/product"}],"about":[{"href":"https:\/\/aivape.de\/fr\/wp-json\/wp\/v2\/types\/product"}],"replies":[{"embeddable":true,"href":"https:\/\/aivape.de\/fr\/wp-json\/wp\/v2\/comments?post=6768"}],"version-history":[{"count":1,"href":"https:\/\/aivape.de\/fr\/wp-json\/wp\/v2\/product\/6768\/revisions"}],"predecessor-version":[{"id":6780,"href":"https:\/\/aivape.de\/fr\/wp-json\/wp\/v2\/product\/6768\/revisions\/6780"}],"wp:featuredmedia":[{"embeddable":true,"href":"https:\/\/aivape.de\/fr\/wp-json\/wp\/v2\/media\/6769"}],"wp:attachment":[{"href":"https:\/\/aivape.de\/fr\/wp-json\/wp\/v2\/media?parent=6768"}],"wp:term":[{"taxonomy":"product_brand","embeddable":true,"href":"https:\/\/aivape.de\/fr\/wp-json\/wp\/v2\/product_brand?post=6768"},{"taxonomy":"product_cat","embeddable":true,"href":"https:\/\/aivape.de\/fr\/wp-json\/wp\/v2\/product_cat?post=6768"},{"taxonomy":"product_tag","embeddable":true,"href":"https:\/\/aivape.de\/fr\/wp-json\/wp\/v2\/product_tag?post=6768"}],"curies":[{"name":"wp","href":"https:\/\/api.w.org\/{rel}","templated":true}]}}