{"id":6725,"date":"2026-04-21T12:25:59","date_gmt":"2026-04-21T10:25:59","guid":{"rendered":"https:\/\/aivape.de\/?post_type=product&#038;p=6725"},"modified":"2026-04-21T12:26:02","modified_gmt":"2026-04-21T10:26:02","slug":"hifancy-space-50000-puffs-full-screen-display-vape-aivape","status":"publish","type":"product","link":"https:\/\/aivape.de\/fr\/product\/hifancy-space-50000-puffs-full-screen-display-vape-aivape\/","title":{"rendered":"HIFANCY SPACE 50000 Puffs | Affichage plein \u00e9cran Vape | AiVape"},"content":{"rendered":"<h1 data-path-to-node=\"11\"><b data-path-to-node=\"11\" data-index-in-node=\"0\">HIFANCY SPACE 50000 - La r\u00e9volution du full screen avec 50k puffs<\/b><\/h1>\n<p data-path-to-node=\"12\">Le site <b data-path-to-node=\"12\" data-index-in-node=\"4\">HIFANCY SPACE 50000<\/b> n'est pas seulement une e-cigarette, c'est une avanc\u00e9e technologique. En tant que mod\u00e8le phare de la marque <b data-path-to-node=\"12\" data-index-in-node=\"129\">hifancy<\/b> cet appareil \u00e9tablit de nouvelles normes en mati\u00e8re de design et d'endurance. Avec un impressionnant <b data-path-to-node=\"12\" data-index-in-node=\"221\">Affichage plein \u00e9cran<\/b> et une capacit\u00e9 d'une incroyable <b data-path-to-node=\"12\" data-index-in-node=\"279\">50 000 trains<\/b> la Space 50000 offre une exp\u00e9rience de vapotage comme jamais auparavant.<\/p>\n<h2 data-path-to-node=\"13\"><b data-path-to-node=\"13\" data-index-in-node=\"0\">Le futurisme \u00e0 l'\u00e9tat pur - L'exp\u00e9rience Full Screen Display<\/b><\/h2>\n<p data-path-to-node=\"14\">Le c\u0153ur de la <b data-path-to-node=\"14\" data-index-in-node=\"18\">hifancy<\/b> Space 50000, c'est l'\u00e9cran int\u00e9gral. Non seulement il conf\u00e8re \u00e0 l'appareil un look spatial de tr\u00e8s grande qualit\u00e9, mais il vous fournit aussi toutes les informations importantes en un coup d'\u0153il. Suivez en temps r\u00e9el l'\u00e9tat de votre batterie et le niveau de liquide restant dans le r\u00e9servoir de 30 ml.<\/p>\n<h2 data-path-to-node=\"15\"><b data-path-to-node=\"15\" data-index-in-node=\"0\">Endurance maximale : 30ml de liquide &amp; 50.000 bouff\u00e9es<\/b><\/h2>\n<p data-path-to-node=\"16\">Oubliez le changement constant de votre vape. Gr\u00e2ce \u00e0 la massive <b data-path-to-node=\"16\" data-index-in-node=\"67\">R\u00e9servoirs de liquide de 30 ml<\/b> l'HIFANCY SPACE est con\u00e7u pour une dur\u00e9e d'utilisation extr\u00eamement longue. Le r\u00e9glage pr\u00e9cis de la <b data-path-to-node=\"16\" data-index-in-node=\"185\">1.0\u03a9 Bobine maill\u00e9e<\/b> veille \u00e0 ce que le go\u00fbt reste intense et pur de la premi\u00e8re \u00e0 la 50 000e bouff\u00e9e.<\/p>\n<h2 data-path-to-node=\"17\"><b data-path-to-node=\"17\" data-index-in-node=\"0\">La performance rencontre l'individualit\u00e9<\/b><\/h2>\n<p data-path-to-node=\"18\">Que vous soyez un vapoteur exp\u00e9riment\u00e9 ou que vous passiez \u00e0 autre chose, la HIFANCY s'adapte. Avec les taux de nicotine <b data-path-to-node=\"18\" data-index-in-node=\"110\">2%, 3% et 5%<\/b> vous avez le contr\u00f4le total de votre plaisir. Le syst\u00e8me int\u00e9gr\u00e9 <b data-path-to-node=\"18\" data-index-in-node=\"189\">batterie de 650mAh<\/b> se recharge facilement via USB-C, pour que vous ne manquiez pas une seconde de votre ar\u00f4me pr\u00e9f\u00e9r\u00e9.<\/p>\n<hr data-path-to-node=\"19\" \/>\n<h3 data-path-to-node=\"20\">FAQ<\/h3>\n<h4 data-path-to-node=\"21\"><b data-path-to-node=\"21\" data-index-in-node=\"0\">1. combien de temps puis-je utiliser l'HIFANCY SPACE 50000 ?<\/b><\/h4>\n<p data-path-to-node=\"22\">Avec une capacit\u00e9 de <b data-path-to-node=\"22\" data-index-in-node=\"24\">50 000 poufs<\/b> et 30 ml de liquide, l'appareil dure environ 6 \u00e0 9 semaines pour une utilisation moyenne. Ainsi, la <b data-path-to-node=\"22\" data-index-in-node=\"135\">hifancy<\/b> l'un des choix les plus \u00e9conomiques du march\u00e9.<\/p>\n<h4 data-path-to-node=\"23\"><b data-path-to-node=\"23\" data-index-in-node=\"0\">2. quels sont les avantages du design plein \u00e9cran ?<\/b><\/h4>\n<p data-path-to-node=\"24\">L'\u00e9cran ne sert pas seulement \u00e0 l'optique. Il vous prot\u00e8ge contre les \u201edry hits\u201c d\u00e9sagr\u00e9ables, car vous pouvez garder un \u0153il sur le niveau de liquide \u00e0 tout moment. Il indique \u00e9galement le niveau de charge exact de la batterie de 650mAh.<\/p>\n<h4 data-path-to-node=\"25\"><b data-path-to-node=\"25\" data-index-in-node=\"0\">3. l'exp\u00e9dition vers l'Allemagne est-elle s\u00fbre ?<\/b><\/h4>\n<p data-path-to-node=\"26\">Oui ! nous envoyons directement depuis notre <b data-path-to-node=\"26\" data-index-in-node=\"37\">Entrep\u00f4t de l'UE<\/b>. Cela signifie pour vous : pas de probl\u00e8mes de douane, pas de frais cach\u00e9s et un d\u00e9lai de livraison de seulement <b data-path-to-node=\"26\" data-index-in-node=\"144\">1-3 jours ouvrables<\/b>.<\/p>\n<hr data-path-to-node=\"27\" \/>\n<h3 data-path-to-node=\"28\">T\u00e9moignages<\/h3>\n<blockquote data-path-to-node=\"29\">\n<p data-path-to-node=\"29,0\">\u2b50\u2b50\u2b50\u2b50\u2b50 <b data-path-to-node=\"29,0\" data-index-in-node=\"6\">\u201eTout simplement WOW !\u201c<\/b> \u201eL'\u00e9cran complet du hifancy Space est encore plus beau en vrai que sur les photos. Le go\u00fbt est extr\u00eamement clair \u00e0 1,0 ohm. Cela fait maintenant quatre semaines que les bouff\u00e9es de 50k durent chez moi et le r\u00e9servoir est toujours \u00e0 moiti\u00e9 plein\u201c. - <i data-path-to-node=\"29,0\" data-index-in-node=\"260\">Daniel W. (Acheteur v\u00e9rifi\u00e9)<\/i><\/p>\n<\/blockquote>\n<blockquote data-path-to-node=\"30\">\n<p data-path-to-node=\"30,0\">\u2b50\u2b50\u2b50\u2b50\u2b50 <b data-path-to-node=\"30,0\" data-index-in-node=\"6\">\u201eMeilleure hifancy de tous les temps\u201c<\/b> \u201eJ'ai d\u00e9j\u00e0 utilis\u00e9 les mod\u00e8les pr\u00e9c\u00e9dents, mais la Space 50000 est un saut quantique. Super design, temps de chargement rapide et l'exp\u00e9dition d'AiVape est arriv\u00e9e chez moi \u00e0 Munich en 48 heures\u201c. - <i data-path-to-node=\"30,0\" data-index-in-node=\"229\">Markus J. (Acheteur v\u00e9rifi\u00e9)<\/i><\/p>\n<\/blockquote>","protected":false},"excerpt":{"rendered":"<p data-path-to-node=\"7\"><b data-path-to-node=\"7\" data-index-in-node=\"0\">Bienvenue dans le futur : la HIFANCY SPACE 50000 avec Full Screen immersif.<\/b><\/p>\n<ul data-path-to-node=\"8\">\n<li>\n<p data-path-to-node=\"8,0,0\"><b data-path-to-node=\"8,0,0\" data-index-in-node=\"0\">Capacit\u00e9 :<\/b> Gigantesque 50 000 puffs (leader du march\u00e9).<\/p>\n<\/li>\n<li>\n<p data-path-to-node=\"8,1,0\"><b data-path-to-node=\"8,1,0\" data-index-in-node=\"0\">Affichage :<\/b> Le moniteur brillant \u00e0 plein \u00e9cran indique le niveau de la batterie et du liquide.<\/p>\n<\/li>\n<li>\n<p data-path-to-node=\"8,2,0\"><b data-path-to-node=\"8,2,0\" data-index-in-node=\"0\">liquide :<\/b> Capacit\u00e9 pr\u00e9-remplie massive de 30 ml.<\/p>\n<\/li>\n<li>\n<p data-path-to-node=\"8,3,0\"><b data-path-to-node=\"8,3,0\" data-index-in-node=\"0\">R\u00e9sistance :<\/b> 1.0\u03a9 Bobine mesh pour un ar\u00f4me constant.<\/p>\n<\/li>\n<li>\n<p data-path-to-node=\"8,4,0\"><b data-path-to-node=\"8,4,0\" data-index-in-node=\"0\">la nicotine :<\/b> Disponible en 2%, 3% et 5% d'\u00e9paisseur.<\/p>\n<\/li>\n<li>\n<p data-path-to-node=\"8,5,0\"><b data-path-to-node=\"8,5,0\" data-index-in-node=\"0\">Exp\u00e9dition :<\/b> Rapide comme l'\u00e9clair depuis l'entrep\u00f4t de l'UE (1-3 jours ouvrables).<\/p>\n<\/li>\n<\/ul>","protected":false},"featured_media":6726,"comment_status":"open","ping_status":"closed","template":"","meta":[],"product_brand":[72],"product_cat":[29],"product_tag":[],"class_list":{"0":"post-6725","1":"product","2":"type-product","3":"status-publish","4":"has-post-thumbnail","6":"product_brand-hifancy","7":"product_cat-puff-50k","9":"first","10":"instock","11":"shipping-taxable","12":"purchasable","13":"product-type-variable"},"yoast_head":"<!-- This site is optimized with the Yoast SEO plugin v27.1.1 - https:\/\/yoast.com\/product\/yoast-seo-wordpress\/ -->\n<title>HIFANCY SPACE 50000 Puffs | Full Screen Display Vape | AiVape - AiVape | Premium E-Zigaretten &amp; Vape Shop Deutschland<\/title>\n<meta name=\"description\" content=\"Entdecken Sie die HIFANCY SPACE 50000. Mit 50k Puffs, immersivem Full Screen Display und 30ml Liquid. 2%\/3%\/5% Nikotin verf\u00fcgbar. Jetzt hifancy kaufen \u2013 EU-Versand!\" \/>\n<meta name=\"robots\" content=\"index, follow, max-snippet:-1, max-image-preview:large, max-video-preview:-1\" \/>\n<link rel=\"canonical\" href=\"https:\/\/aivape.de\/fr\/product\/hifancy-space-50000-puffs-full-screen-display-vape-aivape\/\" \/>\n<meta property=\"og:locale\" content=\"fr_FR\" \/>\n<meta property=\"og:type\" content=\"article\" \/>\n<meta property=\"og:title\" content=\"HIFANCY SPACE 50000 Puffs | Full Screen Display Vape | AiVape - AiVape | Premium E-Zigaretten &amp; Vape Shop Deutschland\" \/>\n<meta property=\"og:description\" content=\"Entdecken Sie die HIFANCY SPACE 50000. Mit 50k Puffs, immersivem Full Screen Display und 30ml Liquid. 2%\/3%\/5% Nikotin verf\u00fcgbar. Jetzt hifancy kaufen \u2013 EU-Versand!\" \/>\n<meta property=\"og:url\" content=\"https:\/\/aivape.de\/fr\/product\/hifancy-space-50000-puffs-full-screen-display-vape-aivape\/\" \/>\n<meta property=\"og:site_name\" content=\"AiVape | Premium E-Zigaretten &amp; Vape Shop Deutschland\" \/>\n<meta property=\"article:modified_time\" content=\"2026-04-21T10:26:02+00:00\" \/>\n<meta property=\"og:image\" content=\"https:\/\/aivape.de\/wp-content\/uploads\/2026\/04\/hifancy-space-50000-puffs-disposable-vape-9.webp\" \/>\n\t<meta property=\"og:image:width\" content=\"1000\" \/>\n\t<meta property=\"og:image:height\" content=\"1000\" \/>\n\t<meta property=\"og:image:type\" content=\"image\/webp\" \/>\n<meta name=\"twitter:card\" content=\"summary_large_image\" \/>\n<meta name=\"twitter:label1\" content=\"Dur\u00e9e de lecture estim\u00e9e\" \/>\n\t<meta name=\"twitter:data1\" content=\"3 minutes\" \/>\n<script type=\"application\/ld+json\" class=\"yoast-schema-graph\">{\"@context\":\"https:\/\/schema.org\",\"@graph\":[{\"@type\":\"WebPage\",\"@id\":\"https:\/\/aivape.de\/produkt\/hifancy-space-50000-puffs-full-screen-display-vape-aivape\/\",\"url\":\"https:\/\/aivape.de\/produkt\/hifancy-space-50000-puffs-full-screen-display-vape-aivape\/\",\"name\":\"HIFANCY SPACE 50000 Puffs | Full Screen Display Vape | AiVape - AiVape | Premium E-Zigaretten &amp; Vape Shop Deutschland\",\"isPartOf\":{\"@id\":\"https:\/\/aivape.de\/#website\"},\"primaryImageOfPage\":{\"@id\":\"https:\/\/aivape.de\/produkt\/hifancy-space-50000-puffs-full-screen-display-vape-aivape\/#primaryimage\"},\"image\":{\"@id\":\"https:\/\/aivape.de\/produkt\/hifancy-space-50000-puffs-full-screen-display-vape-aivape\/#primaryimage\"},\"thumbnailUrl\":\"https:\/\/aivape.de\/wp-content\/uploads\/2026\/04\/hifancy-space-50000-puffs-disposable-vape-9.webp\",\"datePublished\":\"2026-04-21T10:25:59+00:00\",\"dateModified\":\"2026-04-21T10:26:02+00:00\",\"description\":\"Entdecken Sie die HIFANCY SPACE 50000. Mit 50k Puffs, immersivem Full Screen Display und 30ml Liquid. 2%\/3%\/5% Nikotin verf\u00fcgbar. Jetzt hifancy kaufen \u2013 EU-Versand!\",\"breadcrumb\":{\"@id\":\"https:\/\/aivape.de\/produkt\/hifancy-space-50000-puffs-full-screen-display-vape-aivape\/#breadcrumb\"},\"inLanguage\":\"fr-FR\",\"potentialAction\":[{\"@type\":\"ReadAction\",\"target\":[\"https:\/\/aivape.de\/produkt\/hifancy-space-50000-puffs-full-screen-display-vape-aivape\/\"]}]},{\"@type\":\"ImageObject\",\"inLanguage\":\"fr-FR\",\"@id\":\"https:\/\/aivape.de\/produkt\/hifancy-space-50000-puffs-full-screen-display-vape-aivape\/#primaryimage\",\"url\":\"https:\/\/aivape.de\/wp-content\/uploads\/2026\/04\/hifancy-space-50000-puffs-disposable-vape-9.webp\",\"contentUrl\":\"https:\/\/aivape.de\/wp-content\/uploads\/2026\/04\/hifancy-space-50000-puffs-disposable-vape-9.webp\",\"width\":1000,\"height\":1000,\"caption\":\"hifancy-space-50000-puffs-disposable-vape-9\"},{\"@type\":\"BreadcrumbList\",\"@id\":\"https:\/\/aivape.de\/produkt\/hifancy-space-50000-puffs-full-screen-display-vape-aivape\/#breadcrumb\",\"itemListElement\":[{\"@type\":\"ListItem\",\"position\":1,\"name\":\"Home\",\"item\":\"https:\/\/aivape.de\/\"},{\"@type\":\"ListItem\",\"position\":2,\"name\":\"Shop\",\"item\":\"https:\/\/aivape.de\/shop\/\"},{\"@type\":\"ListItem\",\"position\":3,\"name\":\"HIFANCY SPACE 50000 Puffs | Full Screen Display Vape | AiVape\"}]},{\"@type\":\"WebSite\",\"@id\":\"https:\/\/aivape.de\/#website\",\"url\":\"https:\/\/aivape.de\/\",\"name\":\"AiVape | Premium E-Zigaretten &amp; Vape Shop Deutschland\",\"description\":\"Dein Experte f\u00fcr Vozol, Bang King &amp; Hifancy Vapes \u2013 Schneller EU-Versand\",\"potentialAction\":[{\"@type\":\"SearchAction\",\"target\":{\"@type\":\"EntryPoint\",\"urlTemplate\":\"https:\/\/aivape.de\/?s={search_term_string}\"},\"query-input\":{\"@type\":\"PropertyValueSpecification\",\"valueRequired\":true,\"valueName\":\"search_term_string\"}}],\"inLanguage\":\"fr-FR\"}]}<\/script>\n<!-- \/ Yoast SEO plugin. -->","yoast_head_json":{"title":"HIFANCY SPACE 50000 Puffs | Full Screen Display Vape | AiVape - AiVape | Premium E-Zigaretten &amp; Vape Shop Deutschland","description":"D\u00e9couvrez la HIFANCY SPACE 50000. Avec 50k bouff\u00e9es, un affichage immersif plein \u00e9cran et 30ml de liquide. 2%\/3%\/5% nicotine disponible. Acheter hifancy maintenant - Livraison UE !","robots":{"index":"index","follow":"follow","max-snippet":"max-snippet:-1","max-image-preview":"max-image-preview:large","max-video-preview":"max-video-preview:-1"},"canonical":"https:\/\/aivape.de\/fr\/product\/hifancy-space-50000-puffs-full-screen-display-vape-aivape\/","og_locale":"fr_FR","og_type":"article","og_title":"HIFANCY SPACE 50000 Puffs | Full Screen Display Vape | AiVape - AiVape | Premium E-Zigaretten &amp; Vape Shop Deutschland","og_description":"Entdecken Sie die HIFANCY SPACE 50000. Mit 50k Puffs, immersivem Full Screen Display und 30ml Liquid. 2%\/3%\/5% Nikotin verf\u00fcgbar. Jetzt hifancy kaufen \u2013 EU-Versand!","og_url":"https:\/\/aivape.de\/fr\/product\/hifancy-space-50000-puffs-full-screen-display-vape-aivape\/","og_site_name":"AiVape | Premium E-Zigaretten &amp; Vape Shop Deutschland","article_modified_time":"2026-04-21T10:26:02+00:00","og_image":[{"width":1000,"height":1000,"url":"https:\/\/aivape.de\/wp-content\/uploads\/2026\/04\/hifancy-space-50000-puffs-disposable-vape-9.webp","type":"image\/webp"}],"twitter_card":"summary_large_image","twitter_misc":{"Dur\u00e9e de lecture estim\u00e9e":"3 minutes"},"schema":{"@context":"https:\/\/schema.org","@graph":[{"@type":"WebPage","@id":"https:\/\/aivape.de\/produkt\/hifancy-space-50000-puffs-full-screen-display-vape-aivape\/","url":"https:\/\/aivape.de\/produkt\/hifancy-space-50000-puffs-full-screen-display-vape-aivape\/","name":"HIFANCY SPACE 50000 Puffs | Full Screen Display Vape | AiVape - AiVape | Premium E-Zigaretten &amp; Vape Shop Deutschland","isPartOf":{"@id":"https:\/\/aivape.de\/#website"},"primaryImageOfPage":{"@id":"https:\/\/aivape.de\/produkt\/hifancy-space-50000-puffs-full-screen-display-vape-aivape\/#primaryimage"},"image":{"@id":"https:\/\/aivape.de\/produkt\/hifancy-space-50000-puffs-full-screen-display-vape-aivape\/#primaryimage"},"thumbnailUrl":"https:\/\/aivape.de\/wp-content\/uploads\/2026\/04\/hifancy-space-50000-puffs-disposable-vape-9.webp","datePublished":"2026-04-21T10:25:59+00:00","dateModified":"2026-04-21T10:26:02+00:00","description":"D\u00e9couvrez la HIFANCY SPACE 50000. Avec 50k bouff\u00e9es, un affichage immersif plein \u00e9cran et 30ml de liquide. 2%\/3%\/5% nicotine disponible. Acheter hifancy maintenant - Livraison UE !","breadcrumb":{"@id":"https:\/\/aivape.de\/produkt\/hifancy-space-50000-puffs-full-screen-display-vape-aivape\/#breadcrumb"},"inLanguage":"fr-FR","potentialAction":[{"@type":"ReadAction","target":["https:\/\/aivape.de\/produkt\/hifancy-space-50000-puffs-full-screen-display-vape-aivape\/"]}]},{"@type":"ImageObject","inLanguage":"fr-FR","@id":"https:\/\/aivape.de\/produkt\/hifancy-space-50000-puffs-full-screen-display-vape-aivape\/#primaryimage","url":"https:\/\/aivape.de\/wp-content\/uploads\/2026\/04\/hifancy-space-50000-puffs-disposable-vape-9.webp","contentUrl":"https:\/\/aivape.de\/wp-content\/uploads\/2026\/04\/hifancy-space-50000-puffs-disposable-vape-9.webp","width":1000,"height":1000,"caption":"hifancy-space-50000-puffs-disposable-vape-9"},{"@type":"BreadcrumbList","@id":"https:\/\/aivape.de\/produkt\/hifancy-space-50000-puffs-full-screen-display-vape-aivape\/#breadcrumb","itemListElement":[{"@type":"ListItem","position":1,"name":"Home","item":"https:\/\/aivape.de\/"},{"@type":"ListItem","position":2,"name":"Shop","item":"https:\/\/aivape.de\/shop\/"},{"@type":"ListItem","position":3,"name":"HIFANCY SPACE 50000 Puffs | Full Screen Display Vape | AiVape"}]},{"@type":"WebSite","@id":"https:\/\/aivape.de\/#website","url":"https:\/\/aivape.de\/","name":"AiVape | Premium E-Zigaretten &amp; Vape Shop Deutschland","description":"Dein Experte f\u00fcr Vozol, Bang King &amp; Hifancy Vapes \u2013 Schneller EU-Versand","potentialAction":[{"@type":"SearchAction","target":{"@type":"EntryPoint","urlTemplate":"https:\/\/aivape.de\/?s={search_term_string}"},"query-input":{"@type":"PropertyValueSpecification","valueRequired":true,"valueName":"search_term_string"}}],"inLanguage":"fr-FR"}]}},"tiered_pricing_type":"fixed","tiered_pricing_fixed_rules":{"30":"12.26","50":"8.74","100":"8.32","200":"7.46"},"tiered_pricing_product_settings":{"layout":"default","base_unit_name":{"singular":null,"plural":null},"default_variation":null},"tiered_pricing_minimum_quantity":10,"tiered_pricing_roles_data":[],"tiered_pricing_percentage_rules":[],"tiered_pricing_maximum_quantity":null,"tiered_pricing_quantity_step":"10","_links":{"self":[{"href":"https:\/\/aivape.de\/fr\/wp-json\/wp\/v2\/product\/6725","targetHints":{"allow":["GET"]}}],"collection":[{"href":"https:\/\/aivape.de\/fr\/wp-json\/wp\/v2\/product"}],"about":[{"href":"https:\/\/aivape.de\/fr\/wp-json\/wp\/v2\/types\/product"}],"replies":[{"embeddable":true,"href":"https:\/\/aivape.de\/fr\/wp-json\/wp\/v2\/comments?post=6725"}],"version-history":[{"count":1,"href":"https:\/\/aivape.de\/fr\/wp-json\/wp\/v2\/product\/6725\/revisions"}],"predecessor-version":[{"id":6767,"href":"https:\/\/aivape.de\/fr\/wp-json\/wp\/v2\/product\/6725\/revisions\/6767"}],"wp:featuredmedia":[{"embeddable":true,"href":"https:\/\/aivape.de\/fr\/wp-json\/wp\/v2\/media\/6726"}],"wp:attachment":[{"href":"https:\/\/aivape.de\/fr\/wp-json\/wp\/v2\/media?parent=6725"}],"wp:term":[{"taxonomy":"product_brand","embeddable":true,"href":"https:\/\/aivape.de\/fr\/wp-json\/wp\/v2\/product_brand?post=6725"},{"taxonomy":"product_cat","embeddable":true,"href":"https:\/\/aivape.de\/fr\/wp-json\/wp\/v2\/product_cat?post=6725"},{"taxonomy":"product_tag","embeddable":true,"href":"https:\/\/aivape.de\/fr\/wp-json\/wp\/v2\/product_tag?post=6725"}],"curies":[{"name":"wp","href":"https:\/\/api.w.org\/{rel}","templated":true}]}}