{"id":6676,"date":"2026-04-21T10:42:36","date_gmt":"2026-04-21T08:42:36","guid":{"rendered":"https:\/\/aivape.de\/?post_type=product&#038;p=6676"},"modified":"2026-04-21T10:42:38","modified_gmt":"2026-04-21T08:42:38","slug":"vozol-gear-50000-puffs-staerkste-vozol-vape-mit-3d-screen","status":"publish","type":"product","link":"https:\/\/aivape.de\/fr\/product\/vozol-gear-50000-puffs-staerkste-vozol-vape-mit-3d-screen\/","title":{"rendered":"VOZOL GEAR 50000 Puffs | Vozol Vape la plus puissante avec \u00e9cran 3D"},"content":{"rendered":"<h1 data-path-to-node=\"12\"><b data-path-to-node=\"12\" data-index-in-node=\"0\">VOZOL GEAR 50000 - La vape Vozol ultime avec 50.000 bouff\u00e9es<\/b><\/h1>\n<p data-path-to-node=\"13\">Le site <b data-path-to-node=\"13\" data-index-in-node=\"4\">VOZOL GEAR 50000<\/b> pose de nouveaux jalons dans le monde du vapotage. En tant que premi\u00e8re <b data-path-to-node=\"13\" data-index-in-node=\"77\">Vozol Vape<\/b> d'une capacit\u00e9 allant jusqu'\u00e0 <b data-path-to-node=\"13\" data-index-in-node=\"119\">50 000 trains<\/b> elle offre une long\u00e9vit\u00e9 incomparable qui s\u00e9duira m\u00eame les utilisateurs les plus exigeants. Avec son design robuste et sa technologie avanc\u00e9e, elle est le must-have absolu pour tous les passionn\u00e9s de vape.<\/p>\n<h2 data-path-to-node=\"14\"><b data-path-to-node=\"14\" data-index-in-node=\"0\">Bobine r\u00e9volutionnaire \u00e0 triple maille pour un ar\u00f4me maximal<\/b><\/h2>\n<p data-path-to-node=\"15\">La technologie derri\u00e8re le VOZOL GEAR 50000 est r\u00e9volutionnaire. Gr\u00e2ce \u00e0 la technologie int\u00e9gr\u00e9e <b data-path-to-node=\"15\" data-index-in-node=\"84\">Bobine \u00e0 triple maille<\/b> l'e-liquide est vaporis\u00e9 plus efficacement et plus r\u00e9guli\u00e8rement. Le r\u00e9sultat ? Un go\u00fbt extr\u00eamement intense et des nuages de vapeur denses de la premi\u00e8re \u00e0 la 50 000e bouff\u00e9e. Avec <b data-path-to-node=\"15\" data-index-in-node=\"271\">25 ml de liquide pr\u00e9-rempli<\/b> vous n'avez pas \u00e0 vous soucier d'en racheter fr\u00e9quemment.<\/p>\n<h2 data-path-to-node=\"16\"><b data-path-to-node=\"16\" data-index-in-node=\"0\">Personnalisation totale : ICE, SWEET &amp; Dual Mode<\/b><\/h2>\n<p data-path-to-node=\"17\">Aucun vapoteur ne ressemble \u00e0 un autre. C'est pourquoi la VOZOL GEAR 50000 offre un contr\u00f4le maximal :<\/p>\n<ul data-path-to-node=\"18\">\n<li>\n<p data-path-to-node=\"18,0,0\"><b data-path-to-node=\"18,0,0\" data-index-in-node=\"0\">Contr\u00f4le ICE :<\/b> Choisissez parmi 4 niveaux de refroidissement diff\u00e9rents.<\/p>\n<\/li>\n<li>\n<p data-path-to-node=\"18,1,0\"><b data-path-to-node=\"18,1,0\" data-index-in-node=\"0\">Contr\u00f4le SWEET :<\/b> Ajustez la douceur en 2 \u00e9tapes.<\/p>\n<\/li>\n<li>\n<p data-path-to-node=\"18,2,0\"><b data-path-to-node=\"18,2,0\" data-index-in-node=\"0\">Mode double :<\/b> Basculer entre le <b data-path-to-node=\"18,2,0\" data-index-in-node=\"40\">Mode NORMAL<\/b> pour le nombre maximal de tampons et le <b data-path-to-node=\"18,2,0\" data-index-in-node=\"86\">Mode SURGE<\/b> pour une exp\u00e9rience de vapotage explosive.<\/p>\n<\/li>\n<\/ul>\n<h2 data-path-to-node=\"19\"><b data-path-to-node=\"19\" data-index-in-node=\"0\">\u00c9cran 3D incurv\u00e9 futuriste &amp; design<\/b><\/h2>\n<p data-path-to-node=\"20\">Un coup d'\u0153il sur le <b data-path-to-node=\"20\" data-index-in-node=\"18\">\u00c9cran 3D incurv\u00e9<\/b> suffit pour v\u00e9rifier l'\u00e9tat actuel de la batterie et le niveau de liquide restant. Son design ergonomique et son poids de 125 g lui conf\u00e8rent une haptique de qualit\u00e9. Le massif <b data-path-to-node=\"20\" data-index-in-node=\"227\">Batterie de 1100 mAh<\/b> vous permet en outre de ne jamais \u00eatre \u00e0 court de courant, m\u00eame en d\u00e9placement.<\/p>\n<hr data-path-to-node=\"21\" \/>\n<h3 data-path-to-node=\"22\">FAQ<\/h3>\n<h4 data-path-to-node=\"23\"><b data-path-to-node=\"23\" data-index-in-node=\"0\">Quelle est la dur\u00e9e de vie r\u00e9elle de VOZOL GEAR 50000 ?<\/b><\/h4>\n<p data-path-to-node=\"24\">Avec <b data-path-to-node=\"24\" data-index-in-node=\"4\">50 000 poufs<\/b> la GEAR 50000 est con\u00e7ue pour une dur\u00e9e d'utilisation d'environ 6 \u00e0 8 semaines (selon le comportement de traction individuel). Elle est donc la plus \u00e9conomique <b data-path-to-node=\"24\" data-index-in-node=\"162\">Vozol Vape<\/b> sur le march\u00e9.<\/p>\n<h4 data-path-to-node=\"25\"><b data-path-to-node=\"25\" data-index-in-node=\"0\">Quel est l'avantage de la bobine \u00e0 triple maille ?<\/b><\/h4>\n<p data-path-to-node=\"26\">Contrairement aux single ou dual coils, la technologie du triple maillage offre une plus grande surface d'\u00e9vaporation. Il en r\u00e9sulte un d\u00e9veloppement de chaleur plus stable et \u00e9vite le \u201ego\u00fbt de br\u00fbl\u00e9\u201c tant redout\u00e9 en fin de parcours.<\/p>\n<h4 data-path-to-node=\"27\"><b data-path-to-node=\"27\" data-index-in-node=\"0\">Comment fonctionne la commande ICE &amp; SWEET ?<\/b><\/h4>\n<p data-path-to-node=\"28\">Gr\u00e2ce aux commandes intuitives sur l'appareil, vous pouvez manipuler le flux d'air et la puissance d\u00e9livr\u00e9e de mani\u00e8re \u00e0 renforcer ou \u00e0 att\u00e9nuer la fra\u00eecheur (Ice) et la douceur du liquide - une fonctionnalit\u00e9 que l'on ne trouve habituellement que sur les box-mods haut de gamme.<\/p>\n<hr data-path-to-node=\"29\" \/>\n<h3 data-path-to-node=\"30\">T\u00e9moignages<\/h3>\n<blockquote data-path-to-node=\"31\">\n<p data-path-to-node=\"31,0\">\u2b50\u2b50\u2b50\u2b50\u2b50 <b data-path-to-node=\"31,0\" data-index-in-node=\"6\">\u201eUn monstre absolu !\u201c<\/b> \u201eJ'avais du mal \u00e0 y croire, mais j'ai l'impression que les 50 000 bouff\u00e9es durent \u00e9ternellement. L'\u00e9cran 3D a l'air extr\u00eamement raffin\u00e9 et le r\u00e9glage de la douceur est exactement ce qui me manquait avec les autres vapeurs\u201c. - <i data-path-to-node=\"31,0\" data-index-in-node=\"225\">Kevin B. (Acheteur v\u00e9rifi\u00e9)<\/i><\/p>\n<\/blockquote>\n<blockquote data-path-to-node=\"32\">\n<p data-path-to-node=\"32,0\">\u2b50\u2b50\u2b50\u2b50\u2b50 <b data-path-to-node=\"32,0\" data-index-in-node=\"6\">\u201eLe meilleur go\u00fbt sur le march\u00e9\u201c<\/b> \u201eLe Triple Mesh Coil fournit un go\u00fbt que je ne connaissais pas des vapes jetables. M\u00e9ga intense ! Et l'exp\u00e9dition depuis l'entrep\u00f4t de l'UE a \u00e9t\u00e9 faite en 2 jours\u201c. - <i data-path-to-node=\"32,0\" data-index-in-node=\"204\">Julia W. (Acheteur v\u00e9rifi\u00e9)<\/i><\/p>\n<\/blockquote>","protected":false},"excerpt":{"rendered":"<p data-path-to-node=\"8\"><b data-path-to-node=\"8\" data-index-in-node=\"0\">Le nouveau produit phare : VOZOL GEAR 50000 - 50k puffs de pure perfection.<\/b><\/p>\n<ul data-path-to-node=\"9\">\n<li>\n<p data-path-to-node=\"9,0,0\"><b data-path-to-node=\"9,0,0\" data-index-in-node=\"0\">Capacit\u00e9 :<\/b> Un nombre incroyable de 50 000 poufs (leader du march\u00e9).<\/p>\n<\/li>\n<li>\n<p data-path-to-node=\"9,1,0\"><b data-path-to-node=\"9,1,0\" data-index-in-node=\"0\">Affichage :<\/b> \u00c9cran 3D incurv\u00e9 ultramoderne pour batterie &amp; liquide.<\/p>\n<\/li>\n<li>\n<p data-path-to-node=\"9,2,0\"><b data-path-to-node=\"9,2,0\" data-index-in-node=\"0\">Le go\u00fbt :<\/b> Bobine innovante \u00e0 triple maillage (Triple Mesh).<\/p>\n<\/li>\n<li>\n<p data-path-to-node=\"9,3,0\"><b data-path-to-node=\"9,3,0\" data-index-in-node=\"0\">Modes :<\/b> Mode double (NORMAL pour l'endurance \/ SURGE pour la puissance).<\/p>\n<\/li>\n<li>\n<p data-path-to-node=\"9,4,0\"><b data-path-to-node=\"9,4,0\" data-index-in-node=\"0\">Contr\u00f4le :<\/b> Commande exclusive ICE (4 niveaux) &amp; SWEET (2 niveaux).<\/p>\n<\/li>\n<li>\n<p data-path-to-node=\"9,5,0\"><b data-path-to-node=\"9,5,0\" data-index-in-node=\"0\">Batterie rechargeable :<\/b> 1100 mAh (rechargeable via type-C).<\/p>\n<\/li>\n<\/ul>","protected":false},"featured_media":6679,"comment_status":"open","ping_status":"closed","template":"","meta":[],"product_brand":[78],"product_cat":[29],"product_tag":[],"class_list":{"0":"post-6676","1":"product","2":"type-product","3":"status-publish","4":"has-post-thumbnail","6":"product_brand-vozol","7":"product_cat-puff-50k","9":"first","10":"instock","11":"shipping-taxable","12":"purchasable","13":"product-type-variable"},"yoast_head":"<!-- This site is optimized with the Yoast SEO plugin v27.1.1 - https:\/\/yoast.com\/product\/yoast-seo-wordpress\/ -->\n<title>VOZOL GEAR 50000 Puffs | St\u00e4rkste Vozol Vape mit 3D Screen - AiVape | Premium E-Zigaretten &amp; Vape Shop Deutschland<\/title>\n<meta name=\"description\" content=\"Erleben Sie die VOZOL GEAR 50000 mit 50.000 Puffs, Dreifach-Mesh-Spule und 3D Curved Screen. Individuelle ICE &amp; SWEET Steuerung. Jetzt bei AiVape bestellen \u2013 EU-Lager!\" \/>\n<meta name=\"robots\" content=\"index, follow, max-snippet:-1, max-image-preview:large, max-video-preview:-1\" \/>\n<link rel=\"canonical\" href=\"https:\/\/aivape.de\/fr\/product\/vozol-gear-50000-puffs-staerkste-vozol-vape-mit-3d-screen\/\" \/>\n<meta property=\"og:locale\" content=\"fr_FR\" \/>\n<meta property=\"og:type\" content=\"article\" \/>\n<meta property=\"og:title\" content=\"VOZOL GEAR 50000 Puffs | St\u00e4rkste Vozol Vape mit 3D Screen - AiVape | Premium E-Zigaretten &amp; Vape Shop Deutschland\" \/>\n<meta property=\"og:description\" content=\"Erleben Sie die VOZOL GEAR 50000 mit 50.000 Puffs, Dreifach-Mesh-Spule und 3D Curved Screen. Individuelle ICE &amp; SWEET Steuerung. Jetzt bei AiVape bestellen \u2013 EU-Lager!\" \/>\n<meta property=\"og:url\" content=\"https:\/\/aivape.de\/fr\/product\/vozol-gear-50000-puffs-staerkste-vozol-vape-mit-3d-screen\/\" \/>\n<meta property=\"og:site_name\" content=\"AiVape | Premium E-Zigaretten &amp; Vape Shop Deutschland\" \/>\n<meta property=\"article:modified_time\" content=\"2026-04-21T08:42:38+00:00\" \/>\n<meta property=\"og:image\" content=\"https:\/\/aivape.de\/wp-content\/uploads\/2026\/04\/vozol-gear-50000-puffar-Black-Rasspberry-Smoothie.webp\" \/>\n\t<meta property=\"og:image:width\" content=\"500\" \/>\n\t<meta property=\"og:image:height\" content=\"500\" \/>\n\t<meta property=\"og:image:type\" content=\"image\/webp\" \/>\n<meta name=\"twitter:card\" content=\"summary_large_image\" \/>\n<meta name=\"twitter:label1\" content=\"Dur\u00e9e de lecture estim\u00e9e\" \/>\n\t<meta name=\"twitter:data1\" content=\"3 minutes\" \/>\n<script type=\"application\/ld+json\" class=\"yoast-schema-graph\">{\"@context\":\"https:\/\/schema.org\",\"@graph\":[{\"@type\":\"WebPage\",\"@id\":\"https:\/\/aivape.de\/produkt\/vozol-gear-50000-puffs-staerkste-vozol-vape-mit-3d-screen\/\",\"url\":\"https:\/\/aivape.de\/produkt\/vozol-gear-50000-puffs-staerkste-vozol-vape-mit-3d-screen\/\",\"name\":\"VOZOL GEAR 50000 Puffs | St\u00e4rkste Vozol Vape mit 3D Screen - AiVape | Premium E-Zigaretten &amp; Vape Shop Deutschland\",\"isPartOf\":{\"@id\":\"https:\/\/aivape.de\/#website\"},\"primaryImageOfPage\":{\"@id\":\"https:\/\/aivape.de\/produkt\/vozol-gear-50000-puffs-staerkste-vozol-vape-mit-3d-screen\/#primaryimage\"},\"image\":{\"@id\":\"https:\/\/aivape.de\/produkt\/vozol-gear-50000-puffs-staerkste-vozol-vape-mit-3d-screen\/#primaryimage\"},\"thumbnailUrl\":\"https:\/\/aivape.de\/wp-content\/uploads\/2026\/04\/vozol-gear-50000-puffar-Black-Rasspberry-Smoothie.webp\",\"datePublished\":\"2026-04-21T08:42:36+00:00\",\"dateModified\":\"2026-04-21T08:42:38+00:00\",\"description\":\"Erleben Sie die VOZOL GEAR 50000 mit 50.000 Puffs, Dreifach-Mesh-Spule und 3D Curved Screen. Individuelle ICE & SWEET Steuerung. Jetzt bei AiVape bestellen \u2013 EU-Lager!\",\"breadcrumb\":{\"@id\":\"https:\/\/aivape.de\/produkt\/vozol-gear-50000-puffs-staerkste-vozol-vape-mit-3d-screen\/#breadcrumb\"},\"inLanguage\":\"fr-FR\",\"potentialAction\":[{\"@type\":\"ReadAction\",\"target\":[\"https:\/\/aivape.de\/produkt\/vozol-gear-50000-puffs-staerkste-vozol-vape-mit-3d-screen\/\"]}]},{\"@type\":\"ImageObject\",\"inLanguage\":\"fr-FR\",\"@id\":\"https:\/\/aivape.de\/produkt\/vozol-gear-50000-puffs-staerkste-vozol-vape-mit-3d-screen\/#primaryimage\",\"url\":\"https:\/\/aivape.de\/wp-content\/uploads\/2026\/04\/vozol-gear-50000-puffar-Black-Rasspberry-Smoothie.webp\",\"contentUrl\":\"https:\/\/aivape.de\/wp-content\/uploads\/2026\/04\/vozol-gear-50000-puffar-Black-Rasspberry-Smoothie.webp\",\"width\":500,\"height\":500,\"caption\":\"vozol-gear-50000-puffar-Black-Rasspberry-Smoothie\"},{\"@type\":\"BreadcrumbList\",\"@id\":\"https:\/\/aivape.de\/produkt\/vozol-gear-50000-puffs-staerkste-vozol-vape-mit-3d-screen\/#breadcrumb\",\"itemListElement\":[{\"@type\":\"ListItem\",\"position\":1,\"name\":\"Home\",\"item\":\"https:\/\/aivape.de\/\"},{\"@type\":\"ListItem\",\"position\":2,\"name\":\"Shop\",\"item\":\"https:\/\/aivape.de\/shop\/\"},{\"@type\":\"ListItem\",\"position\":3,\"name\":\"VOZOL GEAR 50000 Puffs | St\u00e4rkste Vozol Vape mit 3D Screen\"}]},{\"@type\":\"WebSite\",\"@id\":\"https:\/\/aivape.de\/#website\",\"url\":\"https:\/\/aivape.de\/\",\"name\":\"AiVape | Premium E-Zigaretten &amp; Vape Shop Deutschland\",\"description\":\"Dein Experte f\u00fcr Vozol, Bang King &amp; Hifancy Vapes \u2013 Schneller EU-Versand\",\"potentialAction\":[{\"@type\":\"SearchAction\",\"target\":{\"@type\":\"EntryPoint\",\"urlTemplate\":\"https:\/\/aivape.de\/?s={search_term_string}\"},\"query-input\":{\"@type\":\"PropertyValueSpecification\",\"valueRequired\":true,\"valueName\":\"search_term_string\"}}],\"inLanguage\":\"fr-FR\"}]}<\/script>\n<!-- \/ Yoast SEO plugin. -->","yoast_head_json":{"title":"VOZOL GEAR 50000 Puffs | St\u00e4rkste Vozol Vape mit 3D Screen - AiVape | Premium E-Zigaretten &amp; Vape Shop Deutschland","description":"D\u00e9couvrez le VOZOL GEAR 50000 avec 50.000 puffs, une bobine triple maille et un \u00e9cran 3D incurv\u00e9. Contr\u00f4le individuel ICE &amp; SWEET. Commandez maintenant chez AiVape - stock EU !","robots":{"index":"index","follow":"follow","max-snippet":"max-snippet:-1","max-image-preview":"max-image-preview:large","max-video-preview":"max-video-preview:-1"},"canonical":"https:\/\/aivape.de\/fr\/product\/vozol-gear-50000-puffs-staerkste-vozol-vape-mit-3d-screen\/","og_locale":"fr_FR","og_type":"article","og_title":"VOZOL GEAR 50000 Puffs | St\u00e4rkste Vozol Vape mit 3D Screen - AiVape | Premium E-Zigaretten &amp; Vape Shop Deutschland","og_description":"Erleben Sie die VOZOL GEAR 50000 mit 50.000 Puffs, Dreifach-Mesh-Spule und 3D Curved Screen. Individuelle ICE & SWEET Steuerung. Jetzt bei AiVape bestellen \u2013 EU-Lager!","og_url":"https:\/\/aivape.de\/fr\/product\/vozol-gear-50000-puffs-staerkste-vozol-vape-mit-3d-screen\/","og_site_name":"AiVape | Premium E-Zigaretten &amp; Vape Shop Deutschland","article_modified_time":"2026-04-21T08:42:38+00:00","og_image":[{"width":500,"height":500,"url":"https:\/\/aivape.de\/wp-content\/uploads\/2026\/04\/vozol-gear-50000-puffar-Black-Rasspberry-Smoothie.webp","type":"image\/webp"}],"twitter_card":"summary_large_image","twitter_misc":{"Dur\u00e9e de lecture estim\u00e9e":"3 minutes"},"schema":{"@context":"https:\/\/schema.org","@graph":[{"@type":"WebPage","@id":"https:\/\/aivape.de\/produkt\/vozol-gear-50000-puffs-staerkste-vozol-vape-mit-3d-screen\/","url":"https:\/\/aivape.de\/produkt\/vozol-gear-50000-puffs-staerkste-vozol-vape-mit-3d-screen\/","name":"VOZOL GEAR 50000 Puffs | St\u00e4rkste Vozol Vape mit 3D Screen - AiVape | Premium E-Zigaretten &amp; Vape Shop Deutschland","isPartOf":{"@id":"https:\/\/aivape.de\/#website"},"primaryImageOfPage":{"@id":"https:\/\/aivape.de\/produkt\/vozol-gear-50000-puffs-staerkste-vozol-vape-mit-3d-screen\/#primaryimage"},"image":{"@id":"https:\/\/aivape.de\/produkt\/vozol-gear-50000-puffs-staerkste-vozol-vape-mit-3d-screen\/#primaryimage"},"thumbnailUrl":"https:\/\/aivape.de\/wp-content\/uploads\/2026\/04\/vozol-gear-50000-puffar-Black-Rasspberry-Smoothie.webp","datePublished":"2026-04-21T08:42:36+00:00","dateModified":"2026-04-21T08:42:38+00:00","description":"D\u00e9couvrez le VOZOL GEAR 50000 avec 50.000 puffs, une bobine triple maille et un \u00e9cran 3D incurv\u00e9. Contr\u00f4le individuel ICE &amp; SWEET. Commandez maintenant chez AiVape - stock EU !","breadcrumb":{"@id":"https:\/\/aivape.de\/produkt\/vozol-gear-50000-puffs-staerkste-vozol-vape-mit-3d-screen\/#breadcrumb"},"inLanguage":"fr-FR","potentialAction":[{"@type":"ReadAction","target":["https:\/\/aivape.de\/produkt\/vozol-gear-50000-puffs-staerkste-vozol-vape-mit-3d-screen\/"]}]},{"@type":"ImageObject","inLanguage":"fr-FR","@id":"https:\/\/aivape.de\/produkt\/vozol-gear-50000-puffs-staerkste-vozol-vape-mit-3d-screen\/#primaryimage","url":"https:\/\/aivape.de\/wp-content\/uploads\/2026\/04\/vozol-gear-50000-puffar-Black-Rasspberry-Smoothie.webp","contentUrl":"https:\/\/aivape.de\/wp-content\/uploads\/2026\/04\/vozol-gear-50000-puffar-Black-Rasspberry-Smoothie.webp","width":500,"height":500,"caption":"vozol-gear-50000-puffar-Black-Rasspberry-Smoothie"},{"@type":"BreadcrumbList","@id":"https:\/\/aivape.de\/produkt\/vozol-gear-50000-puffs-staerkste-vozol-vape-mit-3d-screen\/#breadcrumb","itemListElement":[{"@type":"ListItem","position":1,"name":"Home","item":"https:\/\/aivape.de\/"},{"@type":"ListItem","position":2,"name":"Shop","item":"https:\/\/aivape.de\/shop\/"},{"@type":"ListItem","position":3,"name":"VOZOL GEAR 50000 Puffs | St\u00e4rkste Vozol Vape mit 3D Screen"}]},{"@type":"WebSite","@id":"https:\/\/aivape.de\/#website","url":"https:\/\/aivape.de\/","name":"AiVape | Premium E-Zigaretten &amp; Vape Shop Deutschland","description":"Dein Experte f\u00fcr Vozol, Bang King &amp; Hifancy Vapes \u2013 Schneller EU-Versand","potentialAction":[{"@type":"SearchAction","target":{"@type":"EntryPoint","urlTemplate":"https:\/\/aivape.de\/?s={search_term_string}"},"query-input":{"@type":"PropertyValueSpecification","valueRequired":true,"valueName":"search_term_string"}}],"inLanguage":"fr-FR"}]}},"tiered_pricing_type":"fixed","tiered_pricing_fixed_rules":{"30":"12.08","50":"9.96","100":"9.53","200":"8.68"},"tiered_pricing_product_settings":{"layout":"default","base_unit_name":{"singular":null,"plural":null},"default_variation":null},"tiered_pricing_minimum_quantity":10,"tiered_pricing_roles_data":[],"tiered_pricing_percentage_rules":[],"tiered_pricing_maximum_quantity":null,"tiered_pricing_quantity_step":"10","_links":{"self":[{"href":"https:\/\/aivape.de\/fr\/wp-json\/wp\/v2\/product\/6676","targetHints":{"allow":["GET"]}}],"collection":[{"href":"https:\/\/aivape.de\/fr\/wp-json\/wp\/v2\/product"}],"about":[{"href":"https:\/\/aivape.de\/fr\/wp-json\/wp\/v2\/types\/product"}],"replies":[{"embeddable":true,"href":"https:\/\/aivape.de\/fr\/wp-json\/wp\/v2\/comments?post=6676"}],"version-history":[{"count":1,"href":"https:\/\/aivape.de\/fr\/wp-json\/wp\/v2\/product\/6676\/revisions"}],"predecessor-version":[{"id":6721,"href":"https:\/\/aivape.de\/fr\/wp-json\/wp\/v2\/product\/6676\/revisions\/6721"}],"wp:featuredmedia":[{"embeddable":true,"href":"https:\/\/aivape.de\/fr\/wp-json\/wp\/v2\/media\/6679"}],"wp:attachment":[{"href":"https:\/\/aivape.de\/fr\/wp-json\/wp\/v2\/media?parent=6676"}],"wp:term":[{"taxonomy":"product_brand","embeddable":true,"href":"https:\/\/aivape.de\/fr\/wp-json\/wp\/v2\/product_brand?post=6676"},{"taxonomy":"product_cat","embeddable":true,"href":"https:\/\/aivape.de\/fr\/wp-json\/wp\/v2\/product_cat?post=6676"},{"taxonomy":"product_tag","embeddable":true,"href":"https:\/\/aivape.de\/fr\/wp-json\/wp\/v2\/product_tag?post=6676"}],"curies":[{"name":"wp","href":"https:\/\/api.w.org\/{rel}","templated":true}]}}