{"id":6622,"date":"2026-04-21T10:03:04","date_gmt":"2026-04-21T08:03:04","guid":{"rendered":"https:\/\/aivape.de\/?post_type=product&#038;p=6622"},"modified":"2026-04-21T10:05:04","modified_gmt":"2026-04-21T08:05:04","slug":"vozol-neon-45000-puffs-45k-zuege-dual-mesh-aivape-de","status":"publish","type":"product","link":"https:\/\/aivape.de\/fr\/product\/vozol-neon-45000-puffs-45k-zuege-dual-mesh-aivape-de\/","title":{"rendered":"VOZOL Neon 45000 Puffs | 45k bouff\u00e9es &amp; double maille | AiVape.fr"},"content":{"rendered":"<h1 data-path-to-node=\"12\"><b data-path-to-node=\"12\" data-index-in-node=\"0\">VOZOL Neon 45000 - Le paquet de puissance avec 45k puffs &amp; Dual Mesh Coil<\/b><\/h1>\n<p data-path-to-node=\"13\">Le site <b data-path-to-node=\"13\" data-index-in-node=\"4\">VOZOL Neon 45000<\/b> n'est pas seulement une autre e-cigarette jetable - c'est une r\u00e9volution dans le domaine de la vape \u00e0 haute capacit\u00e9. En tant que dernier mod\u00e8le haut de gamme de la marque <b data-path-to-node=\"13\" data-index-in-node=\"169\">Vozol<\/b> elle offre une capacit\u00e9 sans pr\u00e9c\u00e9dent de jusqu'\u00e0 <b data-path-to-node=\"13\" data-index-in-node=\"225\">45 000 trains<\/b> et allie pr\u00e9cision technologique et adaptabilit\u00e9 conviviale.<\/p>\n<h2 data-path-to-node=\"14\"><b data-path-to-node=\"14\" data-index-in-node=\"0\">Saturation maximale des saveurs gr\u00e2ce au Dual Mesh 0.65\u03a9<\/b><\/h2>\n<p data-path-to-node=\"15\">Le c\u0153ur de la VOZOL Neon 45000 est l'innovant <b data-path-to-node=\"15\" data-index-in-node=\"54\">Syst\u00e8me \u00e0 double maille<\/b>. Avec deux bobines de 0,65\u03a9, l'e-liquide est vaporis\u00e9 de mani\u00e8re plus r\u00e9guli\u00e8re et plus intense. Cela assure une meilleure saturation et une exp\u00e9rience gustative constante de la premi\u00e8re \u00e0 la 45 000e bouff\u00e9e. Avec <b data-path-to-node=\"15\" data-index-in-node=\"272\">26 ml d'e-liquide pr\u00e9-rempli<\/b> cet appareil est con\u00e7u pour une extr\u00eame long\u00e9vit\u00e9.<\/p>\n<h2 data-path-to-node=\"16\"><b data-path-to-node=\"16\" data-index-in-node=\"0\">Contr\u00f4le total - 4 niveaux de refroidissement &amp; 3 modes de puissance<\/b><\/h2>\n<p data-path-to-node=\"17\">Personnalisez votre exp\u00e9rience de la vapeur ! La VOZOL Neon 45000 dispose des meilleures possibilit\u00e9s d'adaptation au monde :<\/p>\n<ul data-path-to-node=\"18\">\n<li>\n<p data-path-to-node=\"18,0,0\"><b data-path-to-node=\"18,0,0\" data-index-in-node=\"0\">4 niveaux de refroidissement :<\/b> Choisissez l'intensit\u00e9 de la fra\u00eecheur selon votre go\u00fbt.<\/p>\n<\/li>\n<li>\n<p data-path-to-node=\"18,1,0\"><b data-path-to-node=\"18,1,0\" data-index-in-node=\"0\">3 niveaux de puissance &amp; de d\u00e9bit d'air :<\/b> Alternez entre des bouff\u00e9es de douceur et des nuages massifs. Gr\u00e2ce au <b data-path-to-node=\"18,1,0\" data-index-in-node=\"98\">\u00e9cran num\u00e9rique intelligent<\/b> vous permet de garder \u00e0 tout moment une vue d'ensemble sur l'\u00e9tat de la batterie et le niveau de liquide restant en temps r\u00e9el.<\/p>\n<\/li>\n<\/ul>\n<h2 data-path-to-node=\"19\"><b data-path-to-node=\"19\" data-index-in-node=\"0\">Batterie haute densit\u00e9 &amp; exp\u00e9dition rapide en UE<\/b><\/h2>\n<p data-path-to-node=\"20\">\u00c9quip\u00e9 d'un <b data-path-to-node=\"20\" data-index-in-node=\"23\">Batterie haute densit\u00e9 de 1000mAh<\/b>, La VOZOL Neon offre suffisamment d'\u00e9nergie pour de longues sessions de vapotage. Si vous \u00eates \u00e0 court d'\u00e9nergie, le port USB Type-C vous permet de la recharger rapidement. Chez AiVape.fr, nous garantissons en outre une livraison depuis notre entrep\u00f4t. <b data-path-to-node=\"20\" data-index-in-node=\"287\">Entrep\u00f4t UE dans un d\u00e9lai de 1 \u00e0 3 jours<\/b>, Vous n'aurez donc pas \u00e0 attendre longtemps pour obtenir votre nouvelle vape pr\u00e9f\u00e9r\u00e9e.<\/p>\n<hr data-path-to-node=\"21\" \/>\n<h3 data-path-to-node=\"22\">FAQ<\/h3>\n<h4 data-path-to-node=\"23\"><b data-path-to-node=\"23\" data-index-in-node=\"0\">Combien de jours dure la VOZOL Neon 45000 ?<\/b><\/h4>\n<p data-path-to-node=\"24\">Avec une capacit\u00e9 de <b data-path-to-node=\"24\" data-index-in-node=\"24\">45 000 poufs<\/b> la VOZOL Neon dure environ 4 \u00e0 6 semaines pour une utilisation moyenne. Cela en fait l'une des options les plus \u00e9conomiques pour les vapoteurs r\u00e9guliers.<\/p>\n<h4 data-path-to-node=\"25\"><b data-path-to-node=\"25\" data-index-in-node=\"0\">Quel est l'effet des diff\u00e9rents niveaux de refroidissement ?<\/b><\/h4>\n<p data-path-to-node=\"26\">Les niveaux de refroidissement vous permettent de contr\u00f4ler \u201el'effet glac\u00e9\u201c de l'ar\u00f4me. D'une l\u00e9g\u00e8re fra\u00eecheur \u00e0 un hit throat glac\u00e9, vous pouvez <b data-path-to-node=\"26\" data-index-in-node=\"161\">Vozol<\/b> comme vous le souhaitez.<\/p>\n<h4 data-path-to-node=\"27\"><b data-path-to-node=\"27\" data-index-in-node=\"0\">Comment savoir quand le liquide est vide ?<\/b><\/h4>\n<p data-path-to-node=\"28\">Gr\u00e2ce au syst\u00e8me int\u00e9gr\u00e9 <b data-path-to-node=\"28\" data-index-in-node=\"22\">\u00c9crans intelligents<\/b> vous n'avez pas besoin de deviner. L'\u00e9cran vous indique avec pr\u00e9cision, en pourcentage, la quantit\u00e9 de liquide restant dans le r\u00e9servoir de 26 ml.<\/p>\n<hr data-path-to-node=\"29\" \/>\n<h3 data-path-to-node=\"30\">T\u00e9moignages<\/h3>\n<blockquote data-path-to-node=\"31\">\n<p data-path-to-node=\"31,0\">\u2b50\u2b50\u2b50\u2b50\u2b50 <b data-path-to-node=\"31,0\" data-index-in-node=\"6\">\u201eUne capacit\u00e9 insaisissable !\u201c<\/b> \u201eJ'ai d\u00e9j\u00e0 essay\u00e9 de nombreux mod\u00e8les Vozol, mais la Neon 45000 est d'un autre niveau. Les 45k puffs durent \u00e9ternellement et l'\u00e9cran est super utile. L'envoi \u00e0 Munich n'a pris que 2 jours !\u201c - <i data-path-to-node=\"31,0\" data-index-in-node=\"235\">Tobias H. (Acheteur v\u00e9rifi\u00e9)<\/i><\/p>\n<\/blockquote>\n<blockquote data-path-to-node=\"32\">\n<p data-path-to-node=\"32,0\">\u2b50\u2b50\u2b50\u2b50\u2b50 <b data-path-to-node=\"32,0\" data-index-in-node=\"6\">\u201eLe meilleur go\u00fbt gr\u00e2ce \u00e0 la double maille\u201c<\/b> \u201eLes possibilit\u00e9s de r\u00e9glage avec les niveaux de refroidissement sont g\u00e9niales. On remarque tout de suite la diff\u00e9rence des Dual Mesh Coils - le go\u00fbt est beaucoup plus dense que chez la concurrence\u201c. - <i data-path-to-node=\"32,0\" data-index-in-node=\"220\">Elena R. (Acheteur v\u00e9rifi\u00e9)<\/i><\/p>\n<\/blockquote>","protected":false},"excerpt":{"rendered":"<p data-path-to-node=\"8\"><b data-path-to-node=\"8\" data-index-in-node=\"0\">Le VOZOL le plus puissant de tous les temps - 45 000 bouff\u00e9es de pure intensit\u00e9.<\/b><\/p>\n<ul data-path-to-node=\"9\">\n<li>\n<p data-path-to-node=\"9,0,0\"><b data-path-to-node=\"9,0,0\" data-index-in-node=\"0\">Capacit\u00e9 :<\/b> Gigantesque 45 000 poufs (Vozol 45k).<\/p>\n<\/li>\n<li>\n<p data-path-to-node=\"9,1,0\"><b data-path-to-node=\"9,1,0\" data-index-in-node=\"0\">la technologie :<\/b> Double maillage 0,65\u03a9 pour une saturation maximale.<\/p>\n<\/li>\n<li>\n<p data-path-to-node=\"9,2,0\"><b data-path-to-node=\"9,2,0\" data-index-in-node=\"0\">l'individualisation :<\/b> 4 niveaux de refroidissement &amp; 3 modes de puissance.<\/p>\n<\/li>\n<li>\n<p data-path-to-node=\"9,3,0\"><b data-path-to-node=\"9,3,0\" data-index-in-node=\"0\">Affichage :<\/b> Moniteur intelligent en temps r\u00e9el pour la batterie &amp; le liquide.<\/p>\n<\/li>\n<li>\n<p data-path-to-node=\"9,4,0\"><b data-path-to-node=\"9,4,0\" data-index-in-node=\"0\">Batterie rechargeable :<\/b> 1000mAh haute densit\u00e9 (charge rapide via type-C).<\/p>\n<\/li>\n<li>\n<p data-path-to-node=\"9,5,0\"><b data-path-to-node=\"9,5,0\" data-index-in-node=\"0\">Exp\u00e9dition :<\/b> 1-3 jours ouvrables \u00e0 partir de l'entrep\u00f4t de l'UE.<\/p>\n<\/li>\n<\/ul>","protected":false},"featured_media":6624,"comment_status":"open","ping_status":"closed","template":"","meta":[],"product_brand":[78],"product_cat":[34],"product_tag":[],"class_list":{"0":"post-6622","1":"product","2":"type-product","3":"status-publish","4":"has-post-thumbnail","6":"product_brand-vozol","7":"product_cat-puff-45k","9":"first","10":"instock","11":"shipping-taxable","12":"purchasable","13":"product-type-variable"},"yoast_head":"<!-- This site is optimized with the Yoast SEO plugin v27.1.1 - https:\/\/yoast.com\/product\/yoast-seo-wordpress\/ -->\n<title>VOZOL Neon 45000 Puffs | 45k Z\u00fcge &amp; Dual Mesh | AiVape.de - AiVape | Premium E-Zigaretten &amp; Vape Shop Deutschland<\/title>\n<meta name=\"description\" content=\"Entdecken Sie die VOZOL Neon 45000 mit 45.000 Puffs, 26ml Liquid und Dual Mesh Coil. Mit 4 K\u00fchlungsstufen &amp; Digital-Display.\" \/>\n<meta name=\"robots\" content=\"index, follow, max-snippet:-1, max-image-preview:large, max-video-preview:-1\" \/>\n<link rel=\"canonical\" href=\"https:\/\/aivape.de\/fr\/product\/vozol-neon-45000-puffs-45k-zuege-dual-mesh-aivape-de\/\" \/>\n<meta property=\"og:locale\" content=\"fr_FR\" \/>\n<meta property=\"og:type\" content=\"article\" \/>\n<meta property=\"og:title\" content=\"VOZOL Neon 45000 Puffs | 45k Z\u00fcge &amp; Dual Mesh | AiVape.de - AiVape | Premium E-Zigaretten &amp; Vape Shop Deutschland\" \/>\n<meta property=\"og:description\" content=\"Entdecken Sie die VOZOL Neon 45000 mit 45.000 Puffs, 26ml Liquid und Dual Mesh Coil. Mit 4 K\u00fchlungsstufen &amp; Digital-Display.\" \/>\n<meta property=\"og:url\" content=\"https:\/\/aivape.de\/fr\/product\/vozol-neon-45000-puffs-45k-zuege-dual-mesh-aivape-de\/\" \/>\n<meta property=\"og:site_name\" content=\"AiVape | Premium E-Zigaretten &amp; Vape Shop Deutschland\" \/>\n<meta property=\"article:modified_time\" content=\"2026-04-21T08:05:04+00:00\" \/>\n<meta property=\"og:image\" content=\"https:\/\/aivape.de\/wp-content\/uploads\/2026\/04\/vozol-neon-45k-vape-berry-cherry-lime.webp\" \/>\n\t<meta property=\"og:image:width\" content=\"1200\" \/>\n\t<meta property=\"og:image:height\" content=\"1200\" \/>\n\t<meta property=\"og:image:type\" content=\"image\/webp\" \/>\n<meta name=\"twitter:card\" content=\"summary_large_image\" \/>\n<meta name=\"twitter:label1\" content=\"Dur\u00e9e de lecture estim\u00e9e\" \/>\n\t<meta name=\"twitter:data1\" content=\"3 minutes\" \/>\n<script type=\"application\/ld+json\" class=\"yoast-schema-graph\">{\"@context\":\"https:\/\/schema.org\",\"@graph\":[{\"@type\":\"WebPage\",\"@id\":\"https:\/\/aivape.de\/produkt\/vozol-neon-45000-puffs-45k-zuege-dual-mesh-aivape-de\/\",\"url\":\"https:\/\/aivape.de\/produkt\/vozol-neon-45000-puffs-45k-zuege-dual-mesh-aivape-de\/\",\"name\":\"VOZOL Neon 45000 Puffs | 45k Z\u00fcge & Dual Mesh | AiVape.de - AiVape | Premium E-Zigaretten &amp; Vape Shop Deutschland\",\"isPartOf\":{\"@id\":\"https:\/\/aivape.de\/#website\"},\"primaryImageOfPage\":{\"@id\":\"https:\/\/aivape.de\/produkt\/vozol-neon-45000-puffs-45k-zuege-dual-mesh-aivape-de\/#primaryimage\"},\"image\":{\"@id\":\"https:\/\/aivape.de\/produkt\/vozol-neon-45000-puffs-45k-zuege-dual-mesh-aivape-de\/#primaryimage\"},\"thumbnailUrl\":\"https:\/\/aivape.de\/wp-content\/uploads\/2026\/04\/vozol-neon-45k-vape-berry-cherry-lime.webp\",\"datePublished\":\"2026-04-21T08:03:04+00:00\",\"dateModified\":\"2026-04-21T08:05:04+00:00\",\"description\":\"Entdecken Sie die VOZOL Neon 45000 mit 45.000 Puffs, 26ml Liquid und Dual Mesh Coil. Mit 4 K\u00fchlungsstufen & Digital-Display.\",\"breadcrumb\":{\"@id\":\"https:\/\/aivape.de\/produkt\/vozol-neon-45000-puffs-45k-zuege-dual-mesh-aivape-de\/#breadcrumb\"},\"inLanguage\":\"fr-FR\",\"potentialAction\":[{\"@type\":\"ReadAction\",\"target\":[\"https:\/\/aivape.de\/produkt\/vozol-neon-45000-puffs-45k-zuege-dual-mesh-aivape-de\/\"]}]},{\"@type\":\"ImageObject\",\"inLanguage\":\"fr-FR\",\"@id\":\"https:\/\/aivape.de\/produkt\/vozol-neon-45000-puffs-45k-zuege-dual-mesh-aivape-de\/#primaryimage\",\"url\":\"https:\/\/aivape.de\/wp-content\/uploads\/2026\/04\/vozol-neon-45k-vape-berry-cherry-lime.webp\",\"contentUrl\":\"https:\/\/aivape.de\/wp-content\/uploads\/2026\/04\/vozol-neon-45k-vape-berry-cherry-lime.webp\",\"width\":1200,\"height\":1200,\"caption\":\"vozol-neon-45k-vape-berry-cherry-lime\"},{\"@type\":\"BreadcrumbList\",\"@id\":\"https:\/\/aivape.de\/produkt\/vozol-neon-45000-puffs-45k-zuege-dual-mesh-aivape-de\/#breadcrumb\",\"itemListElement\":[{\"@type\":\"ListItem\",\"position\":1,\"name\":\"Home\",\"item\":\"https:\/\/aivape.de\/\"},{\"@type\":\"ListItem\",\"position\":2,\"name\":\"Shop\",\"item\":\"https:\/\/aivape.de\/shop\/\"},{\"@type\":\"ListItem\",\"position\":3,\"name\":\"VOZOL Neon 45000 Puffs | 45k Z\u00fcge &#038; Dual Mesh | AiVape.de\"}]},{\"@type\":\"WebSite\",\"@id\":\"https:\/\/aivape.de\/#website\",\"url\":\"https:\/\/aivape.de\/\",\"name\":\"AiVape | Premium E-Zigaretten &amp; Vape Shop Deutschland\",\"description\":\"Dein Experte f\u00fcr Vozol, Bang King &amp; Hifancy Vapes \u2013 Schneller EU-Versand\",\"potentialAction\":[{\"@type\":\"SearchAction\",\"target\":{\"@type\":\"EntryPoint\",\"urlTemplate\":\"https:\/\/aivape.de\/?s={search_term_string}\"},\"query-input\":{\"@type\":\"PropertyValueSpecification\",\"valueRequired\":true,\"valueName\":\"search_term_string\"}}],\"inLanguage\":\"fr-FR\"}]}<\/script>\n<!-- \/ Yoast SEO plugin. -->","yoast_head_json":{"title":"VOZOL Neon 45000 Puffs | 45k Z\u00fcge & Dual Mesh | AiVape.de - AiVape | Premium E-Zigaretten &amp; Vape Shop Deutschland","description":"D\u00e9couvrez la VOZOL Neon 45000 avec 45.000 bouff\u00e9es, 26ml de liquide et Dual Mesh Coil. Avec 4 niveaux de refroidissement &amp; un \u00e9cran digital.","robots":{"index":"index","follow":"follow","max-snippet":"max-snippet:-1","max-image-preview":"max-image-preview:large","max-video-preview":"max-video-preview:-1"},"canonical":"https:\/\/aivape.de\/fr\/product\/vozol-neon-45000-puffs-45k-zuege-dual-mesh-aivape-de\/","og_locale":"fr_FR","og_type":"article","og_title":"VOZOL Neon 45000 Puffs | 45k Z\u00fcge & Dual Mesh | AiVape.de - AiVape | Premium E-Zigaretten &amp; Vape Shop Deutschland","og_description":"Entdecken Sie die VOZOL Neon 45000 mit 45.000 Puffs, 26ml Liquid und Dual Mesh Coil. Mit 4 K\u00fchlungsstufen & Digital-Display.","og_url":"https:\/\/aivape.de\/fr\/product\/vozol-neon-45000-puffs-45k-zuege-dual-mesh-aivape-de\/","og_site_name":"AiVape | Premium E-Zigaretten &amp; Vape Shop Deutschland","article_modified_time":"2026-04-21T08:05:04+00:00","og_image":[{"width":1200,"height":1200,"url":"https:\/\/aivape.de\/wp-content\/uploads\/2026\/04\/vozol-neon-45k-vape-berry-cherry-lime.webp","type":"image\/webp"}],"twitter_card":"summary_large_image","twitter_misc":{"Dur\u00e9e de lecture estim\u00e9e":"3 minutes"},"schema":{"@context":"https:\/\/schema.org","@graph":[{"@type":"WebPage","@id":"https:\/\/aivape.de\/produkt\/vozol-neon-45000-puffs-45k-zuege-dual-mesh-aivape-de\/","url":"https:\/\/aivape.de\/produkt\/vozol-neon-45000-puffs-45k-zuege-dual-mesh-aivape-de\/","name":"VOZOL Neon 45000 Puffs | 45k Z\u00fcge & Dual Mesh | AiVape.de - AiVape | Premium E-Zigaretten &amp; Vape Shop Deutschland","isPartOf":{"@id":"https:\/\/aivape.de\/#website"},"primaryImageOfPage":{"@id":"https:\/\/aivape.de\/produkt\/vozol-neon-45000-puffs-45k-zuege-dual-mesh-aivape-de\/#primaryimage"},"image":{"@id":"https:\/\/aivape.de\/produkt\/vozol-neon-45000-puffs-45k-zuege-dual-mesh-aivape-de\/#primaryimage"},"thumbnailUrl":"https:\/\/aivape.de\/wp-content\/uploads\/2026\/04\/vozol-neon-45k-vape-berry-cherry-lime.webp","datePublished":"2026-04-21T08:03:04+00:00","dateModified":"2026-04-21T08:05:04+00:00","description":"D\u00e9couvrez la VOZOL Neon 45000 avec 45.000 bouff\u00e9es, 26ml de liquide et Dual Mesh Coil. Avec 4 niveaux de refroidissement &amp; un \u00e9cran digital.","breadcrumb":{"@id":"https:\/\/aivape.de\/produkt\/vozol-neon-45000-puffs-45k-zuege-dual-mesh-aivape-de\/#breadcrumb"},"inLanguage":"fr-FR","potentialAction":[{"@type":"ReadAction","target":["https:\/\/aivape.de\/produkt\/vozol-neon-45000-puffs-45k-zuege-dual-mesh-aivape-de\/"]}]},{"@type":"ImageObject","inLanguage":"fr-FR","@id":"https:\/\/aivape.de\/produkt\/vozol-neon-45000-puffs-45k-zuege-dual-mesh-aivape-de\/#primaryimage","url":"https:\/\/aivape.de\/wp-content\/uploads\/2026\/04\/vozol-neon-45k-vape-berry-cherry-lime.webp","contentUrl":"https:\/\/aivape.de\/wp-content\/uploads\/2026\/04\/vozol-neon-45k-vape-berry-cherry-lime.webp","width":1200,"height":1200,"caption":"vozol-neon-45k-vape-berry-cherry-lime"},{"@type":"BreadcrumbList","@id":"https:\/\/aivape.de\/produkt\/vozol-neon-45000-puffs-45k-zuege-dual-mesh-aivape-de\/#breadcrumb","itemListElement":[{"@type":"ListItem","position":1,"name":"Home","item":"https:\/\/aivape.de\/"},{"@type":"ListItem","position":2,"name":"Shop","item":"https:\/\/aivape.de\/shop\/"},{"@type":"ListItem","position":3,"name":"VOZOL Neon 45000 Puffs | 45k Z\u00fcge &#038; Dual Mesh | AiVape.de"}]},{"@type":"WebSite","@id":"https:\/\/aivape.de\/#website","url":"https:\/\/aivape.de\/","name":"AiVape | Premium E-Zigaretten &amp; Vape Shop Deutschland","description":"Dein Experte f\u00fcr Vozol, Bang King &amp; Hifancy Vapes \u2013 Schneller EU-Versand","potentialAction":[{"@type":"SearchAction","target":{"@type":"EntryPoint","urlTemplate":"https:\/\/aivape.de\/?s={search_term_string}"},"query-input":{"@type":"PropertyValueSpecification","valueRequired":true,"valueName":"search_term_string"}}],"inLanguage":"fr-FR"}]}},"tiered_pricing_type":"fixed","tiered_pricing_fixed_rules":{"30":"12.20","50":"10.08","100":"9.66","200":"8.81"},"tiered_pricing_product_settings":{"layout":"default","base_unit_name":{"singular":null,"plural":null},"default_variation":null},"tiered_pricing_minimum_quantity":10,"tiered_pricing_roles_data":[],"tiered_pricing_percentage_rules":[],"tiered_pricing_maximum_quantity":null,"tiered_pricing_quantity_step":"10","_links":{"self":[{"href":"https:\/\/aivape.de\/fr\/wp-json\/wp\/v2\/product\/6622","targetHints":{"allow":["GET"]}}],"collection":[{"href":"https:\/\/aivape.de\/fr\/wp-json\/wp\/v2\/product"}],"about":[{"href":"https:\/\/aivape.de\/fr\/wp-json\/wp\/v2\/types\/product"}],"replies":[{"embeddable":true,"href":"https:\/\/aivape.de\/fr\/wp-json\/wp\/v2\/comments?post=6622"}],"version-history":[{"count":1,"href":"https:\/\/aivape.de\/fr\/wp-json\/wp\/v2\/product\/6622\/revisions"}],"predecessor-version":[{"id":6623,"href":"https:\/\/aivape.de\/fr\/wp-json\/wp\/v2\/product\/6622\/revisions\/6623"}],"wp:featuredmedia":[{"embeddable":true,"href":"https:\/\/aivape.de\/fr\/wp-json\/wp\/v2\/media\/6624"}],"wp:attachment":[{"href":"https:\/\/aivape.de\/fr\/wp-json\/wp\/v2\/media?parent=6622"}],"wp:term":[{"taxonomy":"product_brand","embeddable":true,"href":"https:\/\/aivape.de\/fr\/wp-json\/wp\/v2\/product_brand?post=6622"},{"taxonomy":"product_cat","embeddable":true,"href":"https:\/\/aivape.de\/fr\/wp-json\/wp\/v2\/product_cat?post=6622"},{"taxonomy":"product_tag","embeddable":true,"href":"https:\/\/aivape.de\/fr\/wp-json\/wp\/v2\/product_tag?post=6622"}],"curies":[{"name":"wp","href":"https:\/\/api.w.org\/{rel}","templated":true}]}}