{"id":6579,"date":"2026-04-21T08:06:12","date_gmt":"2026-04-21T06:06:12","guid":{"rendered":"https:\/\/aivape.de\/?post_type=product&#038;p=6579"},"modified":"2026-04-21T08:06:12","modified_gmt":"2026-04-21T06:06:12","slug":"vozol-rave-40000-puffs-beste-vozol-vape-mit-270-glow","status":"publish","type":"product","link":"https:\/\/aivape.de\/fr\/product\/vozol-rave-40000-puffs-beste-vozol-vape-mit-270-glow\/","title":{"rendered":"VOZOL RAVE 40000 Puffs | Meilleure vape Vozol avec 270\u00b0 Glow"},"content":{"rendered":"<h1 data-path-to-node=\"12\"><b data-path-to-node=\"12\" data-index-in-node=\"0\">VOZOL RAVE 40000 Puffs - La r\u00e9volution de la Vozol Vape<\/b><\/h1>\n<p data-path-to-node=\"13\">Le site <b data-path-to-node=\"13\" data-index-in-node=\"4\">VOZOL RAVE 40000<\/b> est le nouveau produit phare parmi les e-cigarettes jetables. Avec une capacit\u00e9 r\u00e9volutionnaire de <b data-path-to-node=\"13\" data-index-in-node=\"116\">40.000 trains<\/b> et un design visuellement impressionnant, cette <b data-path-to-node=\"13\" data-index-in-node=\"182\">Vozol Vape<\/b> de nouvelles normes en mati\u00e8re d'endurance et d'esth\u00e9tique.<\/p>\n<h2 data-path-to-node=\"14\"><b data-path-to-node=\"14\" data-index-in-node=\"0\">Exp\u00e9rience de vapotage unique avec l'animation 270\u00b0 Glow<\/b><\/h2>\n<p data-path-to-node=\"15\">Ce qui distingue la VOZOL RAVE 40000 de toute autre e-cigarette, c'est la <b data-path-to-node=\"15\" data-index-in-node=\"78\">Animation 270\u00b0 Glow &amp; Eclipse<\/b>. \u00c0 chaque inhalation, l'appareil s'illumine d'un fascinant spectacle lumineux qui visualise l'\u00e9tat actuel et fait du vapotage une v\u00e9ritable exp\u00e9rience.<\/p>\n<h2 data-path-to-node=\"16\"><b data-path-to-node=\"16\" data-index-in-node=\"0\">batterie haute performance avec fonction de charge ultra-rapide<\/b><\/h2>\n<p data-path-to-node=\"17\">Plus jamais de longs temps d'attente : La VOZOL RAVE est \u00e9quip\u00e9e d'un <b data-path-to-node=\"17\" data-index-in-node=\"59\">Batterie 1000mAh<\/b> est \u00e9quip\u00e9 d'un syst\u00e8me d'aspiration. Gr\u00e2ce \u00e0 sa technologie avanc\u00e9e, l'appareil atteint <b data-path-to-node=\"17\" data-index-in-node=\"144\">80% de sa charge en seulement 20 minutes<\/b> via le port USB-C. En combinaison avec le <b data-path-to-node=\"17\" data-index-in-node=\"228\">r\u00e9servoir d'e-liquide de 20 ml<\/b> elle est le compagnon id\u00e9al pour les d\u00e9placements.<\/p>\n<h2 data-path-to-node=\"18\"><b data-path-to-node=\"18\" data-index-in-node=\"0\">Go\u00fbt maximal gr\u00e2ce \u00e0 la technologie 1.2\u03a9 Mesh-Coil<\/b><\/h2>\n<p data-path-to-node=\"19\">La structure de la <b data-path-to-node=\"19\" data-index-in-node=\"23\">1.2\u03a9 Bobine maill\u00e9e<\/b> veille \u00e0 ce que l'ar\u00f4me de votre e-liquide reste absolument constant et intense de la premi\u00e8re \u00e0 la 40 000e bouff\u00e9e. Pas de go\u00fbts br\u00fbl\u00e9s, seulement des nuages purs et une satisfaction maximale.<\/p>\n<h2 data-path-to-node=\"20\"><b data-path-to-node=\"20\" data-index-in-node=\"0\">Sp\u00e9cifications techniques en un coup d'\u0153il<\/b><\/h2>\n<p data-path-to-node=\"21\">Pour vous aider \u00e0 prendre votre d\u00e9cision, voici les principaux d\u00e9tails du VOZOL RAVE 40000 :<\/p>\n<ul data-path-to-node=\"22\">\n<li>\n<p data-path-to-node=\"22,0,0\"><b data-path-to-node=\"22,0,0\" data-index-in-node=\"0\">mod\u00e8le :<\/b> VOZOL RAVE 40000<\/p>\n<\/li>\n<li>\n<p data-path-to-node=\"22,1,0\"><b data-path-to-node=\"22,1,0\" data-index-in-node=\"0\">Nombre de bouff\u00e9es :<\/b> Jusqu'\u00e0 40.000<\/p>\n<\/li>\n<li>\n<p data-path-to-node=\"22,2,0\"><b data-path-to-node=\"22,2,0\" data-index-in-node=\"0\">Teneur en nicotine :<\/b> 5% (50mg\/ml)<\/p>\n<\/li>\n<li>\n<p data-path-to-node=\"22,3,0\"><b data-path-to-node=\"22,3,0\" data-index-in-node=\"0\">volume de liquide :<\/b> 20 ml<\/p>\n<\/li>\n<li>\n<p data-path-to-node=\"22,4,0\"><b data-path-to-node=\"22,4,0\" data-index-in-node=\"0\">Exp\u00e9dition :<\/b> Rapide comme l'\u00e9clair depuis l'entrep\u00f4t de l'UE (1-3 jours ouvrables)<\/p>\n<\/li>\n<\/ul>","protected":false},"excerpt":{"rendered":"<p data-path-to-node=\"8\"><b data-path-to-node=\"8\" data-index-in-node=\"0\">La vape Vozol la plus puissante de tous les temps.<\/b><\/p>\n<ul data-path-to-node=\"9\">\n<li>\n<p data-path-to-node=\"9,0,0\"><b data-path-to-node=\"9,0,0\" data-index-in-node=\"0\">Capacit\u00e9 :<\/b> Jusqu'\u00e0 40 000 bouff\u00e9es.<\/p>\n<\/li>\n<li>\n<p data-path-to-node=\"9,1,0\"><b data-path-to-node=\"9,1,0\" data-index-in-node=\"0\">Highlight :<\/b> Animation exclusive 270\u00b0 Glow &amp; Eclipse.<\/p>\n<\/li>\n<li>\n<p data-path-to-node=\"9,2,0\"><b data-path-to-node=\"9,2,0\" data-index-in-node=\"0\">Batterie rechargeable :<\/b> 1000mAh (80% charge en seulement 20 min.).<\/p>\n<\/li>\n<li>\n<p data-path-to-node=\"9,3,0\"><b data-path-to-node=\"9,3,0\" data-index-in-node=\"0\">Le go\u00fbt :<\/b> Bobine maill\u00e9e 1.2\u03a9 de haute pr\u00e9cision.<\/p>\n<\/li>\n<li>\n<p data-path-to-node=\"9,4,0\"><b data-path-to-node=\"9,4,0\" data-index-in-node=\"0\">Exp\u00e9dition :<\/b> 1-3 jours \u00e0 partir de l'entrep\u00f4t de l'UE.<\/p>\n<\/li>\n<\/ul>","protected":false},"featured_media":6605,"comment_status":"open","ping_status":"closed","template":"","meta":[],"product_brand":[78],"product_cat":[36],"product_tag":[],"class_list":{"0":"post-6579","1":"product","2":"type-product","3":"status-publish","4":"has-post-thumbnail","6":"product_brand-vozol","7":"product_cat-puff-40k","9":"first","10":"instock","11":"shipping-taxable","12":"purchasable","13":"product-type-variable"},"yoast_head":"<!-- This site is optimized with the Yoast SEO plugin v27.1.1 - https:\/\/yoast.com\/product\/yoast-seo-wordpress\/ -->\n<title>VOZOL RAVE 40000 Puffs | Beste Vozol Vape mit 270\u00b0 Glow - AiVape | Premium E-Zigaretten &amp; Vape Shop Deutschland<\/title>\n<meta name=\"description\" content=\"Kaufen Sie die VOZOL RAVE 40000 mit 40.000 Puffs, 1000mAh Schnelllade-Akku &amp; 270\u00b0 Glow Animation. Schneller EU-Versand (1-3 Tage) bei AiVape.de.\" \/>\n<meta name=\"robots\" content=\"index, follow, max-snippet:-1, max-image-preview:large, max-video-preview:-1\" \/>\n<link rel=\"canonical\" href=\"https:\/\/aivape.de\/fr\/product\/vozol-rave-40000-puffs-beste-vozol-vape-mit-270-glow\/\" \/>\n<meta property=\"og:locale\" content=\"fr_FR\" \/>\n<meta property=\"og:type\" content=\"article\" \/>\n<meta property=\"og:title\" content=\"VOZOL RAVE 40000 Puffs | Beste Vozol Vape mit 270\u00b0 Glow - AiVape | Premium E-Zigaretten &amp; Vape Shop Deutschland\" \/>\n<meta property=\"og:description\" content=\"Kaufen Sie die VOZOL RAVE 40000 mit 40.000 Puffs, 1000mAh Schnelllade-Akku &amp; 270\u00b0 Glow Animation. Schneller EU-Versand (1-3 Tage) bei AiVape.de.\" \/>\n<meta property=\"og:url\" content=\"https:\/\/aivape.de\/fr\/product\/vozol-rave-40000-puffs-beste-vozol-vape-mit-270-glow\/\" \/>\n<meta property=\"og:site_name\" content=\"AiVape | Premium E-Zigaretten &amp; Vape Shop Deutschland\" \/>\n<meta property=\"og:image\" content=\"https:\/\/aivape.de\/wp-content\/uploads\/2026\/04\/vozol-rave-40000-blueberry-ice.webp\" \/>\n\t<meta property=\"og:image:width\" content=\"1200\" \/>\n\t<meta property=\"og:image:height\" content=\"1200\" \/>\n\t<meta property=\"og:image:type\" content=\"image\/webp\" \/>\n<meta name=\"twitter:card\" content=\"summary_large_image\" \/>\n<meta name=\"twitter:label1\" content=\"Dur\u00e9e de lecture estim\u00e9e\" \/>\n\t<meta name=\"twitter:data1\" content=\"2 minutes\" \/>\n<script type=\"application\/ld+json\" class=\"yoast-schema-graph\">{\"@context\":\"https:\/\/schema.org\",\"@graph\":[{\"@type\":\"WebPage\",\"@id\":\"https:\/\/aivape.de\/produkt\/vozol-rave-40000-puffs-beste-vozol-vape-mit-270-glow\/\",\"url\":\"https:\/\/aivape.de\/produkt\/vozol-rave-40000-puffs-beste-vozol-vape-mit-270-glow\/\",\"name\":\"VOZOL RAVE 40000 Puffs | Beste Vozol Vape mit 270\u00b0 Glow - AiVape | Premium E-Zigaretten &amp; Vape Shop Deutschland\",\"isPartOf\":{\"@id\":\"https:\/\/aivape.de\/#website\"},\"primaryImageOfPage\":{\"@id\":\"https:\/\/aivape.de\/produkt\/vozol-rave-40000-puffs-beste-vozol-vape-mit-270-glow\/#primaryimage\"},\"image\":{\"@id\":\"https:\/\/aivape.de\/produkt\/vozol-rave-40000-puffs-beste-vozol-vape-mit-270-glow\/#primaryimage\"},\"thumbnailUrl\":\"https:\/\/aivape.de\/wp-content\/uploads\/2026\/04\/vozol-rave-40000-blueberry-ice.webp\",\"datePublished\":\"2026-04-21T06:06:12+00:00\",\"description\":\"Kaufen Sie die VOZOL RAVE 40000 mit 40.000 Puffs, 1000mAh Schnelllade-Akku & 270\u00b0 Glow Animation. Schneller EU-Versand (1-3 Tage) bei AiVape.de.\",\"breadcrumb\":{\"@id\":\"https:\/\/aivape.de\/produkt\/vozol-rave-40000-puffs-beste-vozol-vape-mit-270-glow\/#breadcrumb\"},\"inLanguage\":\"fr-FR\",\"potentialAction\":[{\"@type\":\"ReadAction\",\"target\":[\"https:\/\/aivape.de\/produkt\/vozol-rave-40000-puffs-beste-vozol-vape-mit-270-glow\/\"]}]},{\"@type\":\"ImageObject\",\"inLanguage\":\"fr-FR\",\"@id\":\"https:\/\/aivape.de\/produkt\/vozol-rave-40000-puffs-beste-vozol-vape-mit-270-glow\/#primaryimage\",\"url\":\"https:\/\/aivape.de\/wp-content\/uploads\/2026\/04\/vozol-rave-40000-blueberry-ice.webp\",\"contentUrl\":\"https:\/\/aivape.de\/wp-content\/uploads\/2026\/04\/vozol-rave-40000-blueberry-ice.webp\",\"width\":1200,\"height\":1200,\"caption\":\"vozol-rave-40000-blueberry-ice\"},{\"@type\":\"BreadcrumbList\",\"@id\":\"https:\/\/aivape.de\/produkt\/vozol-rave-40000-puffs-beste-vozol-vape-mit-270-glow\/#breadcrumb\",\"itemListElement\":[{\"@type\":\"ListItem\",\"position\":1,\"name\":\"Home\",\"item\":\"https:\/\/aivape.de\/\"},{\"@type\":\"ListItem\",\"position\":2,\"name\":\"Shop\",\"item\":\"https:\/\/aivape.de\/shop\/\"},{\"@type\":\"ListItem\",\"position\":3,\"name\":\"VOZOL RAVE 40000 Puffs | Beste Vozol Vape mit 270\u00b0 Glow\"}]},{\"@type\":\"WebSite\",\"@id\":\"https:\/\/aivape.de\/#website\",\"url\":\"https:\/\/aivape.de\/\",\"name\":\"AiVape | Premium E-Zigaretten &amp; Vape Shop Deutschland\",\"description\":\"Dein Experte f\u00fcr Vozol, Bang King &amp; Hifancy Vapes \u2013 Schneller EU-Versand\",\"potentialAction\":[{\"@type\":\"SearchAction\",\"target\":{\"@type\":\"EntryPoint\",\"urlTemplate\":\"https:\/\/aivape.de\/?s={search_term_string}\"},\"query-input\":{\"@type\":\"PropertyValueSpecification\",\"valueRequired\":true,\"valueName\":\"search_term_string\"}}],\"inLanguage\":\"fr-FR\"}]}<\/script>\n<!-- \/ Yoast SEO plugin. -->","yoast_head_json":{"title":"VOZOL RAVE 40000 Puffs | Beste Vozol Vape mit 270\u00b0 Glow - AiVape | Premium E-Zigaretten &amp; Vape Shop Deutschland","description":"Achetez la VOZOL RAVE 40000 avec 40 000 bouff\u00e9es, batterie \u00e0 charge rapide de 1000mAh &amp; animation glow de 270\u00b0. Livraison rapide UE (1-3 jours) chez AiVape.fr.","robots":{"index":"index","follow":"follow","max-snippet":"max-snippet:-1","max-image-preview":"max-image-preview:large","max-video-preview":"max-video-preview:-1"},"canonical":"https:\/\/aivape.de\/fr\/product\/vozol-rave-40000-puffs-beste-vozol-vape-mit-270-glow\/","og_locale":"fr_FR","og_type":"article","og_title":"VOZOL RAVE 40000 Puffs | Beste Vozol Vape mit 270\u00b0 Glow - AiVape | Premium E-Zigaretten &amp; Vape Shop Deutschland","og_description":"Kaufen Sie die VOZOL RAVE 40000 mit 40.000 Puffs, 1000mAh Schnelllade-Akku & 270\u00b0 Glow Animation. Schneller EU-Versand (1-3 Tage) bei AiVape.de.","og_url":"https:\/\/aivape.de\/fr\/product\/vozol-rave-40000-puffs-beste-vozol-vape-mit-270-glow\/","og_site_name":"AiVape | Premium E-Zigaretten &amp; Vape Shop Deutschland","og_image":[{"width":1200,"height":1200,"url":"https:\/\/aivape.de\/wp-content\/uploads\/2026\/04\/vozol-rave-40000-blueberry-ice.webp","type":"image\/webp"}],"twitter_card":"summary_large_image","twitter_misc":{"Dur\u00e9e de lecture estim\u00e9e":"2 minutes"},"schema":{"@context":"https:\/\/schema.org","@graph":[{"@type":"WebPage","@id":"https:\/\/aivape.de\/produkt\/vozol-rave-40000-puffs-beste-vozol-vape-mit-270-glow\/","url":"https:\/\/aivape.de\/produkt\/vozol-rave-40000-puffs-beste-vozol-vape-mit-270-glow\/","name":"VOZOL RAVE 40000 Puffs | Beste Vozol Vape mit 270\u00b0 Glow - AiVape | Premium E-Zigaretten &amp; Vape Shop Deutschland","isPartOf":{"@id":"https:\/\/aivape.de\/#website"},"primaryImageOfPage":{"@id":"https:\/\/aivape.de\/produkt\/vozol-rave-40000-puffs-beste-vozol-vape-mit-270-glow\/#primaryimage"},"image":{"@id":"https:\/\/aivape.de\/produkt\/vozol-rave-40000-puffs-beste-vozol-vape-mit-270-glow\/#primaryimage"},"thumbnailUrl":"https:\/\/aivape.de\/wp-content\/uploads\/2026\/04\/vozol-rave-40000-blueberry-ice.webp","datePublished":"2026-04-21T06:06:12+00:00","description":"Achetez la VOZOL RAVE 40000 avec 40 000 bouff\u00e9es, batterie \u00e0 charge rapide de 1000mAh &amp; animation glow de 270\u00b0. Livraison rapide UE (1-3 jours) chez AiVape.fr.","breadcrumb":{"@id":"https:\/\/aivape.de\/produkt\/vozol-rave-40000-puffs-beste-vozol-vape-mit-270-glow\/#breadcrumb"},"inLanguage":"fr-FR","potentialAction":[{"@type":"ReadAction","target":["https:\/\/aivape.de\/produkt\/vozol-rave-40000-puffs-beste-vozol-vape-mit-270-glow\/"]}]},{"@type":"ImageObject","inLanguage":"fr-FR","@id":"https:\/\/aivape.de\/produkt\/vozol-rave-40000-puffs-beste-vozol-vape-mit-270-glow\/#primaryimage","url":"https:\/\/aivape.de\/wp-content\/uploads\/2026\/04\/vozol-rave-40000-blueberry-ice.webp","contentUrl":"https:\/\/aivape.de\/wp-content\/uploads\/2026\/04\/vozol-rave-40000-blueberry-ice.webp","width":1200,"height":1200,"caption":"vozol-rave-40000-blueberry-ice"},{"@type":"BreadcrumbList","@id":"https:\/\/aivape.de\/produkt\/vozol-rave-40000-puffs-beste-vozol-vape-mit-270-glow\/#breadcrumb","itemListElement":[{"@type":"ListItem","position":1,"name":"Home","item":"https:\/\/aivape.de\/"},{"@type":"ListItem","position":2,"name":"Shop","item":"https:\/\/aivape.de\/shop\/"},{"@type":"ListItem","position":3,"name":"VOZOL RAVE 40000 Puffs | Beste Vozol Vape mit 270\u00b0 Glow"}]},{"@type":"WebSite","@id":"https:\/\/aivape.de\/#website","url":"https:\/\/aivape.de\/","name":"AiVape | Premium E-Zigaretten &amp; Vape Shop Deutschland","description":"Dein Experte f\u00fcr Vozol, Bang King &amp; Hifancy Vapes \u2013 Schneller EU-Versand","potentialAction":[{"@type":"SearchAction","target":{"@type":"EntryPoint","urlTemplate":"https:\/\/aivape.de\/?s={search_term_string}"},"query-input":{"@type":"PropertyValueSpecification","valueRequired":true,"valueName":"search_term_string"}}],"inLanguage":"fr-FR"}]}},"tiered_pricing_type":"fixed","tiered_pricing_fixed_rules":{"30":"11.91","50":"9.79","100":"9.36","200":"8.51"},"tiered_pricing_product_settings":{"layout":"default","base_unit_name":{"singular":null,"plural":null},"default_variation":null},"tiered_pricing_minimum_quantity":10,"tiered_pricing_roles_data":[],"tiered_pricing_percentage_rules":[],"tiered_pricing_maximum_quantity":null,"tiered_pricing_quantity_step":"10","_links":{"self":[{"href":"https:\/\/aivape.de\/fr\/wp-json\/wp\/v2\/product\/6579","targetHints":{"allow":["GET"]}}],"collection":[{"href":"https:\/\/aivape.de\/fr\/wp-json\/wp\/v2\/product"}],"about":[{"href":"https:\/\/aivape.de\/fr\/wp-json\/wp\/v2\/types\/product"}],"replies":[{"embeddable":true,"href":"https:\/\/aivape.de\/fr\/wp-json\/wp\/v2\/comments?post=6579"}],"version-history":[{"count":1,"href":"https:\/\/aivape.de\/fr\/wp-json\/wp\/v2\/product\/6579\/revisions"}],"predecessor-version":[{"id":6580,"href":"https:\/\/aivape.de\/fr\/wp-json\/wp\/v2\/product\/6579\/revisions\/6580"}],"wp:featuredmedia":[{"embeddable":true,"href":"https:\/\/aivape.de\/fr\/wp-json\/wp\/v2\/media\/6605"}],"wp:attachment":[{"href":"https:\/\/aivape.de\/fr\/wp-json\/wp\/v2\/media?parent=6579"}],"wp:term":[{"taxonomy":"product_brand","embeddable":true,"href":"https:\/\/aivape.de\/fr\/wp-json\/wp\/v2\/product_brand?post=6579"},{"taxonomy":"product_cat","embeddable":true,"href":"https:\/\/aivape.de\/fr\/wp-json\/wp\/v2\/product_cat?post=6579"},{"taxonomy":"product_tag","embeddable":true,"href":"https:\/\/aivape.de\/fr\/wp-json\/wp\/v2\/product_tag?post=6579"}],"curies":[{"name":"wp","href":"https:\/\/api.w.org\/{rel}","templated":true}]}}