{"id":6474,"date":"2026-04-20T05:47:26","date_gmt":"2026-04-20T03:47:26","guid":{"rendered":"https:\/\/aivape.de\/?post_type=product&#038;p=6474"},"modified":"2026-04-20T10:32:56","modified_gmt":"2026-04-20T08:32:56","slug":"bang-king-triple-85000-bang-king-85000-puff-vape","status":"publish","type":"product","link":"https:\/\/aivape.de\/fr\/product\/bang-king-triple-85000-bang-king-85000-puff-vape\/","title":{"rendered":"Bang King Triple 85000 - Bang King 85000 Puff Vape"},"content":{"rendered":"<h1 dir=\"auto\">Bang King Triple 85000 - Bang King 85000 Puff Triple Tank Vape<\/h1>\n<p dir=\"auto\">Le site <strong>Bang King Triple 85000<\/strong> pose de nouveaux jalons en mati\u00e8re de vape jetable haute capacit\u00e9. Avec jusqu'\u00e0 85 000 bouff\u00e9es et un syst\u00e8me innovant de triple r\u00e9servoir (3 \u00d7 21 ml = 63 ml d'e-liquide), elle offre non seulement une endurance extr\u00eame, mais aussi la possibilit\u00e9 de choisir entre trois ar\u00f4mes diff\u00e9rents. L'\u00e9cran LCD affiche clairement l'\u00e9tat de la batterie, le nombre de bouff\u00e9es et les r\u00e9glages actuels. Les coils Triple Mesh (1.0 \u03a9 \u00d7 3) assurent une vapeur dense et un go\u00fbt complet, tandis que la batterie de 600 mAh avec charge Type-C garantit des performances fiables.<\/p>\n<h2 dir=\"auto\"><strong>Pourquoi le Bang King Triple 85000 est convaincant<\/strong><\/h2>\n<ul dir=\"auto\">\n<li><strong>Jusqu'\u00e0 85.000 trains<\/strong> - dur\u00e9e de fonctionnement extr\u00eamement longue<\/li>\n<li><strong>Syst\u00e8me de r\u00e9servoir triple<\/strong> - 3 \u00d7 21 ml = 63 ml d'e-liquide au total<\/li>\n<li><strong>3 saveurs r\u00e9glables<\/strong> - ar\u00f4mes s\u00e9lectionnables ou combinables individuellement<\/li>\n<li><strong>Triple Mesh Coil (1.0 \u03a9 \u00d7 3)<\/strong> - pour une vapeur riche et un go\u00fbt intense<\/li>\n<li><strong>\u00c9cran LCD<\/strong> - affichage clair de la batterie, des bouff\u00e9es et du mode Flavor<\/li>\n<li><strong>batterie rechargeable de 600 mAh<\/strong> - avec connexion rapide de type C<\/li>\n<li><strong>16 ar\u00f4mes premium<\/strong> - grand choix de saveurs de qualit\u00e9<\/li>\n<li><strong>Taux de nicotine flexibles<\/strong> - 2%, 3% ou 5%<\/li>\n<\/ul>\n<h3 dir=\"auto\">Sp\u00e9cifications techniques<\/h3>\n<table>\n<thead>\n<tr>\n<th data-col-size=\"md\">Param\u00e8tres<\/th>\n<th data-col-size=\"lg\">D\u00e9tails<\/th>\n<\/tr>\n<\/thead>\n<tbody>\n<tr>\n<td data-col-size=\"md\">Marque<\/td>\n<td data-col-size=\"lg\">Bang King<\/td>\n<\/tr>\n<tr>\n<td data-col-size=\"md\">Mod\u00e8le<\/td>\n<td data-col-size=\"lg\">Bang King Triple 85000<\/td>\n<\/tr>\n<tr>\n<td data-col-size=\"md\">Trains<\/td>\n<td data-col-size=\"lg\">Jusqu'\u00e0 85 000 bouff\u00e9es<\/td>\n<\/tr>\n<tr>\n<td data-col-size=\"md\">Capacit\u00e9 d'e-liquide<\/td>\n<td data-col-size=\"lg\">63 ml (3 \u00d7 21 ml)<\/td>\n<\/tr>\n<tr>\n<td data-col-size=\"md\">Batterie<\/td>\n<td data-col-size=\"lg\">600 mAh rechargeable<\/td>\n<\/tr>\n<tr>\n<td data-col-size=\"md\">Coil<\/td>\n<td data-col-size=\"lg\">Triple Mesh 1.0 \u03a9 \u00d7 3<\/td>\n<\/tr>\n<tr>\n<td data-col-size=\"md\">\u00c9cran<\/td>\n<td data-col-size=\"lg\">\u00c9cran LCD<\/td>\n<\/tr>\n<tr>\n<td data-col-size=\"md\">Modes de saveur<\/td>\n<td data-col-size=\"lg\">3 saveurs r\u00e9glables<\/td>\n<\/tr>\n<tr>\n<td data-col-size=\"md\">Taux de nicotine<\/td>\n<td data-col-size=\"lg\">2% \/ 3% \/ 5%<\/td>\n<\/tr>\n<tr>\n<td data-col-size=\"md\">Go\u00fbts<\/td>\n<td data-col-size=\"lg\">16 saveurs<\/td>\n<\/tr>\n<tr>\n<td data-col-size=\"md\">Chargement<\/td>\n<td data-col-size=\"lg\">Type-C<\/td>\n<\/tr>\n<tr>\n<td data-col-size=\"md\">Emballage<\/td>\n<td data-col-size=\"lg\">10 pi\u00e8ces \/ paquet<\/td>\n<\/tr>\n<\/tbody>\n<\/table>\n<h3 dir=\"auto\">FAQ<\/h3>\n<p dir=\"auto\"><strong>Q : Combien de bouff\u00e9es le Bang King Triple 85000 a-t-il ?<\/strong> R : Jusqu'\u00e0 85 000 trains.<\/p>\n<p dir=\"auto\"><strong>Q : Que signifie le syst\u00e8me de triple r\u00e9servoir ?<\/strong> A : Trois r\u00e9servoirs s\u00e9par\u00e9s de 21 ml chacun, soit 63 ml d'e-liquide au total.<\/p>\n<p dir=\"auto\"><strong>Q : Peut-on changer d'ar\u00f4me ?<\/strong> R : Oui, avec 3 modes de saveur r\u00e9glables.<\/p>\n<p dir=\"auto\"><strong>Q : La batterie est-elle rechargeable ?<\/strong> R : Oui, avec 600 mAh et charge Type-C.<\/p>\n<h3 dir=\"auto\">CTA<\/h3>\n<p dir=\"auto\">Pr\u00eat pour jusqu'\u00e0 85.000 bouff\u00e9es avec le triple r\u00e9servoir et les ar\u00f4mes r\u00e9glables ? Maintenant, le <strong>Bang King Triple 85000<\/strong> s\u00e9curiser !<\/p>","protected":false},"excerpt":{"rendered":"<p dir=\"auto\">Bang King Triple 85000 de Bang King est la puissante vape jetable 85.000 puff avec un syst\u00e8me de triple r\u00e9servoir. Trois r\u00e9servoirs s\u00e9par\u00e9s de 21 ml (63 ml au total), un coil triple maille, un \u00e9cran LCD et un chargement de type C permettent un plaisir de vapotage prolong\u00e9 et un go\u00fbt personnalis\u00e9. Disponible en 16 ar\u00f4mes avec 2%, 3% ou 5% de nicotine.<\/p>","protected":false},"featured_media":6475,"comment_status":"open","ping_status":"closed","template":"","meta":[],"product_brand":[69],"product_cat":[97],"product_tag":[],"class_list":{"0":"post-6474","1":"product","2":"type-product","3":"status-publish","4":"has-post-thumbnail","6":"product_brand-bang","7":"product_cat-puff-85k","9":"first","10":"instock","11":"shipping-taxable","12":"purchasable","13":"product-type-variable"},"yoast_head":"<!-- This site is optimized with the Yoast SEO plugin v27.1.1 - https:\/\/yoast.com\/product\/yoast-seo-wordpress\/ -->\n<title>Bang King Triple 85000 \u2013 Bang King 85000 Puff Vape - AiVape | Premium E-Zigaretten &amp; Vape Shop Deutschland<\/title>\n<meta name=\"description\" content=\"Bang King Triple 85000 \u2013 Bang King Einweg Vape mit 85.000 Z\u00fcgen, 63 ml (3\u00d721 ml), Triple Mesh Coil, LCD Display, Type-C &amp; 16 Aromen. 2-5% Nikotin.\" \/>\n<meta name=\"robots\" content=\"index, follow, max-snippet:-1, max-image-preview:large, max-video-preview:-1\" \/>\n<link rel=\"canonical\" href=\"https:\/\/aivape.de\/fr\/product\/bang-king-triple-85000-bang-king-85000-puff-vape\/\" \/>\n<meta property=\"og:locale\" content=\"fr_FR\" \/>\n<meta property=\"og:type\" content=\"article\" \/>\n<meta property=\"og:title\" content=\"Bang King Triple 85000 \u2013 Bang King 85000 Puff Vape - AiVape | Premium E-Zigaretten &amp; Vape Shop Deutschland\" \/>\n<meta property=\"og:description\" content=\"Bang King Triple 85000 \u2013 Bang King Einweg Vape mit 85.000 Z\u00fcgen, 63 ml (3\u00d721 ml), Triple Mesh Coil, LCD Display, Type-C &amp; 16 Aromen. 2-5% Nikotin.\" \/>\n<meta property=\"og:url\" content=\"https:\/\/aivape.de\/fr\/product\/bang-king-triple-85000-bang-king-85000-puff-vape\/\" \/>\n<meta property=\"og:site_name\" content=\"AiVape | Premium E-Zigaretten &amp; Vape Shop Deutschland\" \/>\n<meta property=\"article:modified_time\" content=\"2026-04-20T08:32:56+00:00\" \/>\n<meta property=\"og:image\" content=\"https:\/\/aivape.de\/wp-content\/uploads\/2026\/04\/bang-king-85000-triple-3in1-vape-world.webp\" \/>\n\t<meta property=\"og:image:width\" content=\"768\" \/>\n\t<meta property=\"og:image:height\" content=\"768\" \/>\n\t<meta property=\"og:image:type\" content=\"image\/webp\" \/>\n<meta name=\"twitter:card\" content=\"summary_large_image\" \/>\n<meta name=\"twitter:label1\" content=\"Dur\u00e9e de lecture estim\u00e9e\" \/>\n\t<meta name=\"twitter:data1\" content=\"2 minutes\" \/>\n<script type=\"application\/ld+json\" class=\"yoast-schema-graph\">{\"@context\":\"https:\/\/schema.org\",\"@graph\":[{\"@type\":\"WebPage\",\"@id\":\"https:\/\/aivape.de\/produkt\/bang-king-triple-85000-bang-king-85000-puff-vape\/\",\"url\":\"https:\/\/aivape.de\/produkt\/bang-king-triple-85000-bang-king-85000-puff-vape\/\",\"name\":\"Bang King Triple 85000 \u2013 Bang King 85000 Puff Vape - AiVape | Premium E-Zigaretten &amp; Vape Shop Deutschland\",\"isPartOf\":{\"@id\":\"https:\/\/aivape.de\/#website\"},\"primaryImageOfPage\":{\"@id\":\"https:\/\/aivape.de\/produkt\/bang-king-triple-85000-bang-king-85000-puff-vape\/#primaryimage\"},\"image\":{\"@id\":\"https:\/\/aivape.de\/produkt\/bang-king-triple-85000-bang-king-85000-puff-vape\/#primaryimage\"},\"thumbnailUrl\":\"https:\/\/aivape.de\/wp-content\/uploads\/2026\/04\/bang-king-85000-triple-3in1-vape-world.webp\",\"datePublished\":\"2026-04-20T03:47:26+00:00\",\"dateModified\":\"2026-04-20T08:32:56+00:00\",\"description\":\"Bang King Triple 85000 \u2013 Bang King Einweg Vape mit 85.000 Z\u00fcgen, 63 ml (3\u00d721 ml), Triple Mesh Coil, LCD Display, Type-C & 16 Aromen. 2-5% Nikotin.\",\"breadcrumb\":{\"@id\":\"https:\/\/aivape.de\/produkt\/bang-king-triple-85000-bang-king-85000-puff-vape\/#breadcrumb\"},\"inLanguage\":\"fr-FR\",\"potentialAction\":[{\"@type\":\"ReadAction\",\"target\":[\"https:\/\/aivape.de\/produkt\/bang-king-triple-85000-bang-king-85000-puff-vape\/\"]}]},{\"@type\":\"ImageObject\",\"inLanguage\":\"fr-FR\",\"@id\":\"https:\/\/aivape.de\/produkt\/bang-king-triple-85000-bang-king-85000-puff-vape\/#primaryimage\",\"url\":\"https:\/\/aivape.de\/wp-content\/uploads\/2026\/04\/bang-king-85000-triple-3in1-vape-world.webp\",\"contentUrl\":\"https:\/\/aivape.de\/wp-content\/uploads\/2026\/04\/bang-king-85000-triple-3in1-vape-world.webp\",\"width\":768,\"height\":768,\"caption\":\"bang-king-85000-triple-3in1-vape-world\"},{\"@type\":\"BreadcrumbList\",\"@id\":\"https:\/\/aivape.de\/produkt\/bang-king-triple-85000-bang-king-85000-puff-vape\/#breadcrumb\",\"itemListElement\":[{\"@type\":\"ListItem\",\"position\":1,\"name\":\"Home\",\"item\":\"https:\/\/aivape.de\/\"},{\"@type\":\"ListItem\",\"position\":2,\"name\":\"Shop\",\"item\":\"https:\/\/aivape.de\/shop\/\"},{\"@type\":\"ListItem\",\"position\":3,\"name\":\"Bang King Triple 85000 \u2013 Bang King 85000 Puff Vape\"}]},{\"@type\":\"WebSite\",\"@id\":\"https:\/\/aivape.de\/#website\",\"url\":\"https:\/\/aivape.de\/\",\"name\":\"AiVape | Premium E-Zigaretten &amp; Vape Shop Deutschland\",\"description\":\"Dein Experte f\u00fcr Vozol, Bang King &amp; Hifancy Vapes \u2013 Schneller EU-Versand\",\"potentialAction\":[{\"@type\":\"SearchAction\",\"target\":{\"@type\":\"EntryPoint\",\"urlTemplate\":\"https:\/\/aivape.de\/?s={search_term_string}\"},\"query-input\":{\"@type\":\"PropertyValueSpecification\",\"valueRequired\":true,\"valueName\":\"search_term_string\"}}],\"inLanguage\":\"fr-FR\"}]}<\/script>\n<!-- \/ Yoast SEO plugin. -->","yoast_head_json":{"title":"Bang King Triple 85000 \u2013 Bang King 85000 Puff Vape - AiVape | Premium E-Zigaretten &amp; Vape Shop Deutschland","description":"Bang King Triple 85000 - Bang King vape jetable avec 85.000 bouff\u00e9es, 63 ml (3\u00d721 ml), Triple Mesh Coil, \u00e9cran LCD, Type-C &amp; 16 ar\u00f4mes. 2-5% de nicotine.","robots":{"index":"index","follow":"follow","max-snippet":"max-snippet:-1","max-image-preview":"max-image-preview:large","max-video-preview":"max-video-preview:-1"},"canonical":"https:\/\/aivape.de\/fr\/product\/bang-king-triple-85000-bang-king-85000-puff-vape\/","og_locale":"fr_FR","og_type":"article","og_title":"Bang King Triple 85000 \u2013 Bang King 85000 Puff Vape - AiVape | Premium E-Zigaretten &amp; Vape Shop Deutschland","og_description":"Bang King Triple 85000 \u2013 Bang King Einweg Vape mit 85.000 Z\u00fcgen, 63 ml (3\u00d721 ml), Triple Mesh Coil, LCD Display, Type-C & 16 Aromen. 2-5% Nikotin.","og_url":"https:\/\/aivape.de\/fr\/product\/bang-king-triple-85000-bang-king-85000-puff-vape\/","og_site_name":"AiVape | Premium E-Zigaretten &amp; Vape Shop Deutschland","article_modified_time":"2026-04-20T08:32:56+00:00","og_image":[{"width":768,"height":768,"url":"https:\/\/aivape.de\/wp-content\/uploads\/2026\/04\/bang-king-85000-triple-3in1-vape-world.webp","type":"image\/webp"}],"twitter_card":"summary_large_image","twitter_misc":{"Dur\u00e9e de lecture estim\u00e9e":"2 minutes"},"schema":{"@context":"https:\/\/schema.org","@graph":[{"@type":"WebPage","@id":"https:\/\/aivape.de\/produkt\/bang-king-triple-85000-bang-king-85000-puff-vape\/","url":"https:\/\/aivape.de\/produkt\/bang-king-triple-85000-bang-king-85000-puff-vape\/","name":"Bang King Triple 85000 \u2013 Bang King 85000 Puff Vape - AiVape | Premium E-Zigaretten &amp; Vape Shop Deutschland","isPartOf":{"@id":"https:\/\/aivape.de\/#website"},"primaryImageOfPage":{"@id":"https:\/\/aivape.de\/produkt\/bang-king-triple-85000-bang-king-85000-puff-vape\/#primaryimage"},"image":{"@id":"https:\/\/aivape.de\/produkt\/bang-king-triple-85000-bang-king-85000-puff-vape\/#primaryimage"},"thumbnailUrl":"https:\/\/aivape.de\/wp-content\/uploads\/2026\/04\/bang-king-85000-triple-3in1-vape-world.webp","datePublished":"2026-04-20T03:47:26+00:00","dateModified":"2026-04-20T08:32:56+00:00","description":"Bang King Triple 85000 - Bang King vape jetable avec 85.000 bouff\u00e9es, 63 ml (3\u00d721 ml), Triple Mesh Coil, \u00e9cran LCD, Type-C &amp; 16 ar\u00f4mes. 2-5% de nicotine.","breadcrumb":{"@id":"https:\/\/aivape.de\/produkt\/bang-king-triple-85000-bang-king-85000-puff-vape\/#breadcrumb"},"inLanguage":"fr-FR","potentialAction":[{"@type":"ReadAction","target":["https:\/\/aivape.de\/produkt\/bang-king-triple-85000-bang-king-85000-puff-vape\/"]}]},{"@type":"ImageObject","inLanguage":"fr-FR","@id":"https:\/\/aivape.de\/produkt\/bang-king-triple-85000-bang-king-85000-puff-vape\/#primaryimage","url":"https:\/\/aivape.de\/wp-content\/uploads\/2026\/04\/bang-king-85000-triple-3in1-vape-world.webp","contentUrl":"https:\/\/aivape.de\/wp-content\/uploads\/2026\/04\/bang-king-85000-triple-3in1-vape-world.webp","width":768,"height":768,"caption":"bang-king-85000-triple-3in1-vape-world"},{"@type":"BreadcrumbList","@id":"https:\/\/aivape.de\/produkt\/bang-king-triple-85000-bang-king-85000-puff-vape\/#breadcrumb","itemListElement":[{"@type":"ListItem","position":1,"name":"Home","item":"https:\/\/aivape.de\/"},{"@type":"ListItem","position":2,"name":"Shop","item":"https:\/\/aivape.de\/shop\/"},{"@type":"ListItem","position":3,"name":"Bang King Triple 85000 \u2013 Bang King 85000 Puff Vape"}]},{"@type":"WebSite","@id":"https:\/\/aivape.de\/#website","url":"https:\/\/aivape.de\/","name":"AiVape | Premium E-Zigaretten &amp; Vape Shop Deutschland","description":"Dein Experte f\u00fcr Vozol, Bang King &amp; Hifancy Vapes \u2013 Schneller EU-Versand","potentialAction":[{"@type":"SearchAction","target":{"@type":"EntryPoint","urlTemplate":"https:\/\/aivape.de\/?s={search_term_string}"},"query-input":{"@type":"PropertyValueSpecification","valueRequired":true,"valueName":"search_term_string"}}],"inLanguage":"fr-FR"}]}},"tiered_pricing_type":"fixed","tiered_pricing_fixed_rules":{"30":"8.36","50":"8.10","100":"7.75","200":"7.06"},"tiered_pricing_product_settings":{"layout":"default","base_unit_name":{"singular":null,"plural":null},"default_variation":null},"tiered_pricing_minimum_quantity":10,"tiered_pricing_roles_data":[],"tiered_pricing_percentage_rules":[],"tiered_pricing_maximum_quantity":null,"tiered_pricing_quantity_step":"10","_links":{"self":[{"href":"https:\/\/aivape.de\/fr\/wp-json\/wp\/v2\/product\/6474","targetHints":{"allow":["GET"]}}],"collection":[{"href":"https:\/\/aivape.de\/fr\/wp-json\/wp\/v2\/product"}],"about":[{"href":"https:\/\/aivape.de\/fr\/wp-json\/wp\/v2\/types\/product"}],"replies":[{"embeddable":true,"href":"https:\/\/aivape.de\/fr\/wp-json\/wp\/v2\/comments?post=6474"}],"version-history":[{"count":1,"href":"https:\/\/aivape.de\/fr\/wp-json\/wp\/v2\/product\/6474\/revisions"}],"predecessor-version":[{"id":6576,"href":"https:\/\/aivape.de\/fr\/wp-json\/wp\/v2\/product\/6474\/revisions\/6576"}],"wp:featuredmedia":[{"embeddable":true,"href":"https:\/\/aivape.de\/fr\/wp-json\/wp\/v2\/media\/6475"}],"wp:attachment":[{"href":"https:\/\/aivape.de\/fr\/wp-json\/wp\/v2\/media?parent=6474"}],"wp:term":[{"taxonomy":"product_brand","embeddable":true,"href":"https:\/\/aivape.de\/fr\/wp-json\/wp\/v2\/product_brand?post=6474"},{"taxonomy":"product_cat","embeddable":true,"href":"https:\/\/aivape.de\/fr\/wp-json\/wp\/v2\/product_cat?post=6474"},{"taxonomy":"product_tag","embeddable":true,"href":"https:\/\/aivape.de\/fr\/wp-json\/wp\/v2\/product_tag?post=6474"}],"curies":[{"name":"wp","href":"https:\/\/api.w.org\/{rel}","templated":true}]}}