{"id":6122,"date":"2026-04-15T09:26:35","date_gmt":"2026-04-15T07:26:35","guid":{"rendered":"https:\/\/aivape.de\/?post_type=product&#038;p=6122"},"modified":"2026-04-15T09:26:35","modified_gmt":"2026-04-15T07:26:35","slug":"airmez-matrix-30k-airmez-matrix-smart-vape-30000-zuege","status":"publish","type":"product","link":"https:\/\/aivape.de\/fr\/product\/airmez-matrix-30k-airmez-matrix-smart-vape-30000-zuege\/","title":{"rendered":"Airmez Matrix 30K - Airmez Matrix Smart Vape 30000 bouff\u00e9es"},"content":{"rendered":"<h1 dir=\"auto\">Airmez Matrix 30K - Premi\u00e8re vape intelligente au monde avec gameplay Lucky Room<\/h1>\n<p dir=\"auto\">L'Airmez Matrix 30K est la premi\u00e8re vape intelligente jetable au monde qui combine parfaitement technologie et divertissement. Avec le gameplay innovant Lucky Room sur l'\u00e9cran tactile LED de 2,1\u2033, chaque bouff\u00e9e devient une exp\u00e9rience passionnante. Choisissez entre deux modes : le mode Regular pour jusqu'\u00e0 ~25 000 coups ou le mode Matrix pour ~15 000 coups intensifs. La batterie rechargeable de 850 mAh, 20 ml d'e-liquide pr\u00e9-rempli, le coil Dual Mesh et plusieurs modes de flux d'air garantissent une vapeur dense et un go\u00fbt riche.<\/p>\n<h2 dir=\"auto\"><strong>Pourquoi le Matrix 30K d'Airmez est-il unique ?<\/strong><\/h2>\n<ul dir=\"auto\">\n<li><strong>Innovation Smart Vape<\/strong> - Premi\u00e8re vape au monde avec <strong>Lucky Room Gameplay<\/strong><\/li>\n<li><strong>Deux modes de fonctionnement<\/strong> - Mode r\u00e9gulier (~25.000 coups) \/ Mode matrice (~15.000 coups)<\/li>\n<li><strong>Grand \u00e9cran tactile 2,1\u2033 LED<\/strong> - une utilisation interactive et des affichages clairs<\/li>\n<li><strong>20 ml d'e-liquide pr\u00e9-rempli<\/strong> - des sessions longues et intenses<\/li>\n<li><strong>batterie rechargeable de 850 mAh<\/strong> - avec chargement USB Type-C<\/li>\n<li><strong>Bobine Dual Mesh<\/strong> - pour une vapeur riche et un go\u00fbt plein<\/li>\n<li><strong>Plusieurs modes de flux d'air<\/strong> - r\u00e9glable individuellement<\/li>\n<li><strong>Affichage du niveau de batterie et d'e-liquide<\/strong> - toujours garder une vue d'ensemble<\/li>\n<li><strong>12 saveurs d\u00e9licieuses<\/strong> - Ar\u00f4mes premium<\/li>\n<li><strong>5% Nicotine (50 mg)<\/strong> - force forte et constante<\/li>\n<\/ul>\n<h3 dir=\"auto\">Sp\u00e9cifications techniques<\/h3>\n<table>\n<thead>\n<tr>\n<th data-col-size=\"sm\">Param\u00e8tres<\/th>\n<th data-col-size=\"lg\">D\u00e9tails<\/th>\n<\/tr>\n<\/thead>\n<tbody>\n<tr>\n<td data-col-size=\"sm\">Marque<\/td>\n<td data-col-size=\"lg\">Matrice Airmez<\/td>\n<\/tr>\n<tr>\n<td data-col-size=\"sm\">Mod\u00e8le<\/td>\n<td data-col-size=\"lg\">Airmez Matrix 30K<\/td>\n<\/tr>\n<tr>\n<td data-col-size=\"sm\">Trains<\/td>\n<td data-col-size=\"lg\">Mode normal ~25.000 \/ Mode matrice ~15.000<\/td>\n<\/tr>\n<tr>\n<td data-col-size=\"sm\">Capacit\u00e9 d'e-liquide<\/td>\n<td data-col-size=\"lg\">20 ml pr\u00e9-rempli<\/td>\n<\/tr>\n<tr>\n<td data-col-size=\"sm\">Batterie<\/td>\n<td data-col-size=\"lg\">850 mAh rechargeable<\/td>\n<\/tr>\n<tr>\n<td data-col-size=\"sm\">\u00c9cran<\/td>\n<td data-col-size=\"lg\">2,1\u2033 Grand \u00e9cran tactile LED<\/td>\n<\/tr>\n<tr>\n<td data-col-size=\"sm\">Coil<\/td>\n<td data-col-size=\"lg\">Double maille<\/td>\n<\/tr>\n<tr>\n<td data-col-size=\"sm\">Flux d'air<\/td>\n<td data-col-size=\"lg\">Modes multiples (r\u00e9glables)<\/td>\n<\/tr>\n<tr>\n<td data-col-size=\"sm\">Fonctionnalit\u00e9 sp\u00e9ciale<\/td>\n<td data-col-size=\"lg\">Lucky Room Gameplay<\/td>\n<\/tr>\n<tr>\n<td data-col-size=\"sm\">Taux de nicotine<\/td>\n<td data-col-size=\"lg\">5% (50 mg)<\/td>\n<\/tr>\n<tr>\n<td data-col-size=\"sm\">Go\u00fbts<\/td>\n<td data-col-size=\"lg\">12 options<\/td>\n<\/tr>\n<tr>\n<td data-col-size=\"sm\">Chargement<\/td>\n<td data-col-size=\"lg\">USB Type-C<\/td>\n<\/tr>\n<tr>\n<td data-col-size=\"sm\">Poids<\/td>\n<td data-col-size=\"lg\">env. 130 g (mod\u00e8les similaires)<\/td>\n<\/tr>\n<\/tbody>\n<\/table>\n<h3 dir=\"auto\">FAQ<\/h3>\n<p dir=\"auto\"><strong>Q : Combien de bouff\u00e9es le Airmez Matrix 30K a-t-il ?<\/strong> A : Mode r\u00e9gulier jusqu'\u00e0 environ 25 000 coups, mode matrice jusqu'\u00e0 environ 15 000 coups.<\/p>\n<p dir=\"auto\"><strong>Q : Qu'est-ce que Lucky Room Gameplay ?<\/strong> R : Un jeu interactif directement sur l'\u00e9cran tactile - rend le vapotage amusant et unique.<\/p>\n<p dir=\"auto\"><strong>Q : La batterie est-elle rechargeable ?<\/strong> R : Oui, avec 850 mAh et charge USB Type-C.<\/p>\n<p dir=\"auto\"><strong>Q : Quel est son taux de nicotine ?<\/strong> A : 5% (50 mg).<\/p>\n<h3 dir=\"auto\">CTA<\/h3>\n<p dir=\"auto\">Pr\u00eat pour l'exp\u00e9rience de vape la plus intelligente avec Lucky Room Gameplay ? Maintenant, le <strong>Airmez Matrix 30K<\/strong> s\u00e9curiser !<\/p>","protected":false},"excerpt":{"rendered":"<p dir=\"auto\">Airmez Matrix 30K est la vape intelligente r\u00e9volutionnaire d'Airmez Matrix avec un gameplay interactif Lucky Room. Choisissez entre le mode Regular (~25.000 bouff\u00e9es) et le mode Matrix (~15.000 bouff\u00e9es). Avec 20 ml d'e-liquide, une batterie de 850 mAh, un grand \u00e9cran tactile LED 2,1\u2033, un coil Dual Mesh et un flux d'air r\u00e9glable, il offre une toute nouvelle exp\u00e9rience de vapotage. 12 ar\u00f4mes premium avec 5% de nicotine.<\/p>","protected":false},"featured_media":6136,"comment_status":"open","ping_status":"closed","template":"","meta":[],"product_brand":[67],"product_cat":[46],"product_tag":[],"class_list":{"0":"post-6122","1":"product","2":"type-product","3":"status-publish","4":"has-post-thumbnail","6":"product_brand-airmez","7":"product_cat-puff-30k","9":"first","10":"instock","11":"shipping-taxable","12":"purchasable","13":"product-type-variable"},"yoast_head":"<!-- This site is optimized with the Yoast SEO plugin v27.1.1 - https:\/\/yoast.com\/product\/yoast-seo-wordpress\/ -->\n<title>Airmez Matrix 30K \u2013 Airmez Matrix Smart Vape 30000 Z\u00fcge - AiVape | Premium E-Zigaretten &amp; Vape Shop Deutschland<\/title>\n<meta name=\"description\" content=\"Airmez Matrix 30K \u2013 Weltweit erster Smart Vape mit Lucky Room Gameplay. Bis 25.000\/15.000 Z\u00fcge, 20 ml E-Liquid, 2,1\u2033 Touch Screen, Dual Mesh Coil &amp; 12 Aromen.\" \/>\n<meta name=\"robots\" content=\"index, follow, max-snippet:-1, max-image-preview:large, max-video-preview:-1\" \/>\n<link rel=\"canonical\" href=\"https:\/\/aivape.de\/fr\/product\/airmez-matrix-30k-airmez-matrix-smart-vape-30000-zuege\/\" \/>\n<meta property=\"og:locale\" content=\"fr_FR\" \/>\n<meta property=\"og:type\" content=\"article\" \/>\n<meta property=\"og:title\" content=\"Airmez Matrix 30K \u2013 Airmez Matrix Smart Vape 30000 Z\u00fcge - AiVape | Premium E-Zigaretten &amp; Vape Shop Deutschland\" \/>\n<meta property=\"og:description\" content=\"Airmez Matrix 30K \u2013 Weltweit erster Smart Vape mit Lucky Room Gameplay. Bis 25.000\/15.000 Z\u00fcge, 20 ml E-Liquid, 2,1\u2033 Touch Screen, Dual Mesh Coil &amp; 12 Aromen.\" \/>\n<meta property=\"og:url\" content=\"https:\/\/aivape.de\/fr\/product\/airmez-matrix-30k-airmez-matrix-smart-vape-30000-zuege\/\" \/>\n<meta property=\"og:site_name\" content=\"AiVape | Premium E-Zigaretten &amp; Vape Shop Deutschland\" \/>\n<meta property=\"og:image\" content=\"https:\/\/aivape.de\/wp-content\/uploads\/2026\/04\/airmez-matrix-pro-30000-puffs-1.webp\" \/>\n\t<meta property=\"og:image:width\" content=\"800\" \/>\n\t<meta property=\"og:image:height\" content=\"800\" \/>\n\t<meta property=\"og:image:type\" content=\"image\/webp\" \/>\n<meta name=\"twitter:card\" content=\"summary_large_image\" \/>\n<meta name=\"twitter:label1\" content=\"Dur\u00e9e de lecture estim\u00e9e\" \/>\n\t<meta name=\"twitter:data1\" content=\"2 minutes\" \/>\n<script type=\"application\/ld+json\" class=\"yoast-schema-graph\">{\"@context\":\"https:\/\/schema.org\",\"@graph\":[{\"@type\":\"WebPage\",\"@id\":\"https:\/\/aivape.de\/produkt\/airmez-matrix-30k-airmez-matrix-smart-vape-30000-zuege\/\",\"url\":\"https:\/\/aivape.de\/produkt\/airmez-matrix-30k-airmez-matrix-smart-vape-30000-zuege\/\",\"name\":\"Airmez Matrix 30K \u2013 Airmez Matrix Smart Vape 30000 Z\u00fcge - AiVape | Premium E-Zigaretten &amp; Vape Shop Deutschland\",\"isPartOf\":{\"@id\":\"https:\/\/aivape.de\/#website\"},\"primaryImageOfPage\":{\"@id\":\"https:\/\/aivape.de\/produkt\/airmez-matrix-30k-airmez-matrix-smart-vape-30000-zuege\/#primaryimage\"},\"image\":{\"@id\":\"https:\/\/aivape.de\/produkt\/airmez-matrix-30k-airmez-matrix-smart-vape-30000-zuege\/#primaryimage\"},\"thumbnailUrl\":\"https:\/\/aivape.de\/wp-content\/uploads\/2026\/04\/airmez-matrix-pro-30000-puffs-1.webp\",\"datePublished\":\"2026-04-15T07:26:35+00:00\",\"description\":\"Airmez Matrix 30K \u2013 Weltweit erster Smart Vape mit Lucky Room Gameplay. Bis 25.000\/15.000 Z\u00fcge, 20 ml E-Liquid, 2,1\u2033 Touch Screen, Dual Mesh Coil & 12 Aromen.\",\"breadcrumb\":{\"@id\":\"https:\/\/aivape.de\/produkt\/airmez-matrix-30k-airmez-matrix-smart-vape-30000-zuege\/#breadcrumb\"},\"inLanguage\":\"fr-FR\",\"potentialAction\":[{\"@type\":\"ReadAction\",\"target\":[\"https:\/\/aivape.de\/produkt\/airmez-matrix-30k-airmez-matrix-smart-vape-30000-zuege\/\"]}]},{\"@type\":\"ImageObject\",\"inLanguage\":\"fr-FR\",\"@id\":\"https:\/\/aivape.de\/produkt\/airmez-matrix-30k-airmez-matrix-smart-vape-30000-zuege\/#primaryimage\",\"url\":\"https:\/\/aivape.de\/wp-content\/uploads\/2026\/04\/airmez-matrix-pro-30000-puffs-1.webp\",\"contentUrl\":\"https:\/\/aivape.de\/wp-content\/uploads\/2026\/04\/airmez-matrix-pro-30000-puffs-1.webp\",\"width\":800,\"height\":800,\"caption\":\"airmez-matrix-pro-30000-puffs-1\"},{\"@type\":\"BreadcrumbList\",\"@id\":\"https:\/\/aivape.de\/produkt\/airmez-matrix-30k-airmez-matrix-smart-vape-30000-zuege\/#breadcrumb\",\"itemListElement\":[{\"@type\":\"ListItem\",\"position\":1,\"name\":\"Home\",\"item\":\"https:\/\/aivape.de\/\"},{\"@type\":\"ListItem\",\"position\":2,\"name\":\"Shop\",\"item\":\"https:\/\/aivape.de\/shop\/\"},{\"@type\":\"ListItem\",\"position\":3,\"name\":\"Airmez Matrix 30K \u2013 Airmez Matrix Smart Vape 30000 Z\u00fcge\"}]},{\"@type\":\"WebSite\",\"@id\":\"https:\/\/aivape.de\/#website\",\"url\":\"https:\/\/aivape.de\/\",\"name\":\"AiVape | Premium E-Zigaretten &amp; Vape Shop Deutschland\",\"description\":\"Dein Experte f\u00fcr Vozol, Bang King &amp; Hifancy Vapes \u2013 Schneller EU-Versand\",\"potentialAction\":[{\"@type\":\"SearchAction\",\"target\":{\"@type\":\"EntryPoint\",\"urlTemplate\":\"https:\/\/aivape.de\/?s={search_term_string}\"},\"query-input\":{\"@type\":\"PropertyValueSpecification\",\"valueRequired\":true,\"valueName\":\"search_term_string\"}}],\"inLanguage\":\"fr-FR\"}]}<\/script>\n<!-- \/ Yoast SEO plugin. -->","yoast_head_json":{"title":"Airmez Matrix 30K \u2013 Airmez Matrix Smart Vape 30000 Z\u00fcge - AiVape | Premium E-Zigaretten &amp; Vape Shop Deutschland","description":"Airmez Matrix 30K - premi\u00e8re vape intelligente au monde avec gameplay Lucky Room. Jusqu'\u00e0 25.000\/15.000 bouff\u00e9es, 20 ml d'e-liquide, \u00e9cran tactile 2,1\u2033, coil Dual Mesh &amp; 12 ar\u00f4mes.","robots":{"index":"index","follow":"follow","max-snippet":"max-snippet:-1","max-image-preview":"max-image-preview:large","max-video-preview":"max-video-preview:-1"},"canonical":"https:\/\/aivape.de\/fr\/product\/airmez-matrix-30k-airmez-matrix-smart-vape-30000-zuege\/","og_locale":"fr_FR","og_type":"article","og_title":"Airmez Matrix 30K \u2013 Airmez Matrix Smart Vape 30000 Z\u00fcge - AiVape | Premium E-Zigaretten &amp; Vape Shop Deutschland","og_description":"Airmez Matrix 30K \u2013 Weltweit erster Smart Vape mit Lucky Room Gameplay. Bis 25.000\/15.000 Z\u00fcge, 20 ml E-Liquid, 2,1\u2033 Touch Screen, Dual Mesh Coil & 12 Aromen.","og_url":"https:\/\/aivape.de\/fr\/product\/airmez-matrix-30k-airmez-matrix-smart-vape-30000-zuege\/","og_site_name":"AiVape | Premium E-Zigaretten &amp; Vape Shop Deutschland","og_image":[{"width":800,"height":800,"url":"https:\/\/aivape.de\/wp-content\/uploads\/2026\/04\/airmez-matrix-pro-30000-puffs-1.webp","type":"image\/webp"}],"twitter_card":"summary_large_image","twitter_misc":{"Dur\u00e9e de lecture estim\u00e9e":"2 minutes"},"schema":{"@context":"https:\/\/schema.org","@graph":[{"@type":"WebPage","@id":"https:\/\/aivape.de\/produkt\/airmez-matrix-30k-airmez-matrix-smart-vape-30000-zuege\/","url":"https:\/\/aivape.de\/produkt\/airmez-matrix-30k-airmez-matrix-smart-vape-30000-zuege\/","name":"Airmez Matrix 30K \u2013 Airmez Matrix Smart Vape 30000 Z\u00fcge - AiVape | Premium E-Zigaretten &amp; Vape Shop Deutschland","isPartOf":{"@id":"https:\/\/aivape.de\/#website"},"primaryImageOfPage":{"@id":"https:\/\/aivape.de\/produkt\/airmez-matrix-30k-airmez-matrix-smart-vape-30000-zuege\/#primaryimage"},"image":{"@id":"https:\/\/aivape.de\/produkt\/airmez-matrix-30k-airmez-matrix-smart-vape-30000-zuege\/#primaryimage"},"thumbnailUrl":"https:\/\/aivape.de\/wp-content\/uploads\/2026\/04\/airmez-matrix-pro-30000-puffs-1.webp","datePublished":"2026-04-15T07:26:35+00:00","description":"Airmez Matrix 30K - premi\u00e8re vape intelligente au monde avec gameplay Lucky Room. Jusqu'\u00e0 25.000\/15.000 bouff\u00e9es, 20 ml d'e-liquide, \u00e9cran tactile 2,1\u2033, coil Dual Mesh &amp; 12 ar\u00f4mes.","breadcrumb":{"@id":"https:\/\/aivape.de\/produkt\/airmez-matrix-30k-airmez-matrix-smart-vape-30000-zuege\/#breadcrumb"},"inLanguage":"fr-FR","potentialAction":[{"@type":"ReadAction","target":["https:\/\/aivape.de\/produkt\/airmez-matrix-30k-airmez-matrix-smart-vape-30000-zuege\/"]}]},{"@type":"ImageObject","inLanguage":"fr-FR","@id":"https:\/\/aivape.de\/produkt\/airmez-matrix-30k-airmez-matrix-smart-vape-30000-zuege\/#primaryimage","url":"https:\/\/aivape.de\/wp-content\/uploads\/2026\/04\/airmez-matrix-pro-30000-puffs-1.webp","contentUrl":"https:\/\/aivape.de\/wp-content\/uploads\/2026\/04\/airmez-matrix-pro-30000-puffs-1.webp","width":800,"height":800,"caption":"airmez-matrix-pro-30000-puffs-1"},{"@type":"BreadcrumbList","@id":"https:\/\/aivape.de\/produkt\/airmez-matrix-30k-airmez-matrix-smart-vape-30000-zuege\/#breadcrumb","itemListElement":[{"@type":"ListItem","position":1,"name":"Home","item":"https:\/\/aivape.de\/"},{"@type":"ListItem","position":2,"name":"Shop","item":"https:\/\/aivape.de\/shop\/"},{"@type":"ListItem","position":3,"name":"Airmez Matrix 30K \u2013 Airmez Matrix Smart Vape 30000 Z\u00fcge"}]},{"@type":"WebSite","@id":"https:\/\/aivape.de\/#website","url":"https:\/\/aivape.de\/","name":"AiVape | Premium E-Zigaretten &amp; Vape Shop Deutschland","description":"Dein Experte f\u00fcr Vozol, Bang King &amp; Hifancy Vapes \u2013 Schneller EU-Versand","potentialAction":[{"@type":"SearchAction","target":{"@type":"EntryPoint","urlTemplate":"https:\/\/aivape.de\/?s={search_term_string}"},"query-input":{"@type":"PropertyValueSpecification","valueRequired":true,"valueName":"search_term_string"}}],"inLanguage":"fr-FR"}]}},"tiered_pricing_type":"fixed","tiered_pricing_fixed_rules":{"30":"11.01","50":"10.56","100":"10.25","200":"9.89"},"tiered_pricing_product_settings":{"layout":"default","base_unit_name":{"singular":null,"plural":null},"default_variation":null},"tiered_pricing_minimum_quantity":10,"tiered_pricing_roles_data":[],"tiered_pricing_percentage_rules":[],"tiered_pricing_maximum_quantity":null,"tiered_pricing_quantity_step":"10","_links":{"self":[{"href":"https:\/\/aivape.de\/fr\/wp-json\/wp\/v2\/product\/6122","targetHints":{"allow":["GET"]}}],"collection":[{"href":"https:\/\/aivape.de\/fr\/wp-json\/wp\/v2\/product"}],"about":[{"href":"https:\/\/aivape.de\/fr\/wp-json\/wp\/v2\/types\/product"}],"replies":[{"embeddable":true,"href":"https:\/\/aivape.de\/fr\/wp-json\/wp\/v2\/comments?post=6122"}],"version-history":[{"count":1,"href":"https:\/\/aivape.de\/fr\/wp-json\/wp\/v2\/product\/6122\/revisions"}],"predecessor-version":[{"id":6123,"href":"https:\/\/aivape.de\/fr\/wp-json\/wp\/v2\/product\/6122\/revisions\/6123"}],"wp:featuredmedia":[{"embeddable":true,"href":"https:\/\/aivape.de\/fr\/wp-json\/wp\/v2\/media\/6136"}],"wp:attachment":[{"href":"https:\/\/aivape.de\/fr\/wp-json\/wp\/v2\/media?parent=6122"}],"wp:term":[{"taxonomy":"product_brand","embeddable":true,"href":"https:\/\/aivape.de\/fr\/wp-json\/wp\/v2\/product_brand?post=6122"},{"taxonomy":"product_cat","embeddable":true,"href":"https:\/\/aivape.de\/fr\/wp-json\/wp\/v2\/product_cat?post=6122"},{"taxonomy":"product_tag","embeddable":true,"href":"https:\/\/aivape.de\/fr\/wp-json\/wp\/v2\/product_tag?post=6122"}],"curies":[{"name":"wp","href":"https:\/\/api.w.org\/{rel}","templated":true}]}}