{"id":5792,"date":"2026-04-14T09:56:59","date_gmt":"2026-04-14T07:56:59","guid":{"rendered":"https:\/\/aivape.de\/?post_type=product&#038;p=5792"},"modified":"2026-04-14T09:57:15","modified_gmt":"2026-04-14T07:57:15","slug":"bang-leader-300k-bang-vape-300000-puffs-einweg-vape","status":"publish","type":"product","link":"https:\/\/aivape.de\/fr\/product\/bang-leader-300k-bang-vape-300000-puffs-einweg-vape\/","title":{"rendered":"Bang Leader 300k - Bang Vape 300000 Puffs jetables Vape"},"content":{"rendered":"<h1 dir=\"auto\">Bang Leader 300k - Bang Vape 300.000 bouff\u00e9es de vape jetable avec syst\u00e8me de saveur 6 en 1<\/h1>\n<p dir=\"auto\">Le site <strong>Bang Leader 300k<\/strong> (\u00e9galement connu sous le nom de Puff 300k) de <strong>Bang Vape<\/strong> fait partie des e-cigarettes jetables les plus puissantes du march\u00e9. Avec jusqu'\u00e0 300.000 bouff\u00e9es, 5 r\u00e9servoirs d'huile s\u00e9par\u00e9s et un syst\u00e8me de saveurs 6 en 1, vous pouvez passer de 6 ar\u00f4mes diff\u00e9rents dans le m\u00eame appareil. L'\u00e9cran LED indique clairement le niveau de la batterie, le nombre de bouff\u00e9es et le mode de saveur actuel. La batterie de 850 mAh avec chargement de type C garantit des performances fiables.<\/p>\n<p dir=\"auto\"><strong>Pourquoi le Bang Leader 300k convainc<\/strong><\/p>\n<ul dir=\"auto\">\n<li><strong>Jusqu'\u00e0 300.000 trains<\/strong> - dur\u00e9e extr\u00eamement longue pour des mois de plaisir<\/li>\n<li><strong>Syst\u00e8me de saveurs 6 en 1<\/strong> - 6 ar\u00f4mes diff\u00e9rents dans un seul appareil, il suffit de passer de l'un \u00e0 l'autre<\/li>\n<li><strong>5 r\u00e9servoirs d'huile s\u00e9par\u00e9s<\/strong> - plusieurs go\u00fbts disponibles en m\u00eame temps<\/li>\n<li><strong>batterie rechargeable de 850 mAh<\/strong> - solide et durable<\/li>\n<li><strong>\u00c9cran LED<\/strong> - indique la batterie, le nombre de bouff\u00e9es et le mode Flavor<\/li>\n<li><strong>6 bobines de maille<\/strong> - chauffage rapide et vapeur abondante<\/li>\n<li><strong>Taux de nicotine flexibles<\/strong> - 0%, 2%, 3% ou 5%<\/li>\n<li><strong>12 ar\u00f4mes d\u00e9licieux<\/strong> - grand choix<\/li>\n<li><strong>Envoi rapide par l'UE<\/strong> - Livraison en seulement 1-3 jours depuis un entrep\u00f4t europ\u00e9en<\/li>\n<\/ul>\n<p dir=\"auto\">Le site <strong>Bang Leader 300000<\/strong> est le choix id\u00e9al pour tous ceux qui ont besoin d'un appareil de haute capacit\u00e9 et polyvalent. <strong>bang vape<\/strong> chercher.<\/p>\n<h3 dir=\"auto\">Sp\u00e9cifications techniques<\/h3>\n<table>\n<thead>\n<tr>\n<th data-col-size=\"sm\">Param\u00e8tres<\/th>\n<th data-col-size=\"lg\">D\u00e9tails<\/th>\n<\/tr>\n<\/thead>\n<tbody>\n<tr>\n<td data-col-size=\"sm\">Marque<\/td>\n<td data-col-size=\"lg\">Bang Vape<\/td>\n<\/tr>\n<tr>\n<td data-col-size=\"sm\">Mod\u00e8le<\/td>\n<td data-col-size=\"lg\">Bang Leader 300k \/ Puff 300k<\/td>\n<\/tr>\n<tr>\n<td data-col-size=\"sm\">Trains<\/td>\n<td data-col-size=\"lg\">jusqu'\u00e0 300.000 trains<\/td>\n<\/tr>\n<tr>\n<td data-col-size=\"sm\">R\u00e9servoirs de p\u00e9trole<\/td>\n<td data-col-size=\"lg\">5 R\u00e9servoirs<\/td>\n<\/tr>\n<tr>\n<td data-col-size=\"sm\">Syst\u00e8me Flavor<\/td>\n<td data-col-size=\"lg\">6 en 1 (Modes A-F)<\/td>\n<\/tr>\n<tr>\n<td data-col-size=\"sm\">Batterie<\/td>\n<td data-col-size=\"lg\">850 mAh rechargeable<\/td>\n<\/tr>\n<tr>\n<td data-col-size=\"sm\">Prise de charge<\/td>\n<td data-col-size=\"lg\">Type-C<\/td>\n<\/tr>\n<tr>\n<td data-col-size=\"sm\">Coil<\/td>\n<td data-col-size=\"lg\">6 \u00d7 Mesh Coil<\/td>\n<\/tr>\n<tr>\n<td data-col-size=\"sm\">\u00c9cran<\/td>\n<td data-col-size=\"lg\">\u00c9cran LED (batterie, nombre de bouff\u00e9es, mode saveur)<\/td>\n<\/tr>\n<tr>\n<td data-col-size=\"sm\">Taux de nicotine<\/td>\n<td data-col-size=\"lg\">0% \/ 2% \/ 3% \/ 5%<\/td>\n<\/tr>\n<tr>\n<td data-col-size=\"sm\">Go\u00fbts<\/td>\n<td data-col-size=\"lg\">12 saveurs<\/td>\n<\/tr>\n<tr>\n<td data-col-size=\"sm\">Poids<\/td>\n<td data-col-size=\"lg\">140 g<\/td>\n<\/tr>\n<tr>\n<td data-col-size=\"sm\">Emballage<\/td>\n<td data-col-size=\"lg\">Paquet de 10<\/td>\n<\/tr>\n<tr>\n<td data-col-size=\"sm\">Exp\u00e9dition<\/td>\n<td data-col-size=\"lg\">Stock europ\u00e9en (1-3 jours)<\/td>\n<\/tr>\n<\/tbody>\n<\/table>\n<h2 dir=\"auto\">Sc\u00e9narios d'utilisation<\/h2>\n<p dir=\"auto\">Que ce soit \u00e0 la maison, en voyage ou lors de longues sessions, le <strong>Bang Leader 300k<\/strong> fournit une vapeur fiable pendant une p\u00e9riode extr\u00eamement longue. Gr\u00e2ce au syst\u00e8me 6 en 1, vous ne vous ennuierez jamais en mati\u00e8re de go\u00fbt. D\u00e9couvrez \u00e9galement d'autres mod\u00e8les puissants de la <strong><a href=\"https:\/\/aivape.de\/fr\/shop\/\" target=\"_blank\" rel=\"noopener noreferrer nofollow\">S\u00e9rie Bang Vape<\/a><\/strong>.<\/p>\n<h3 dir=\"auto\">FAQ<\/h3>\n<p dir=\"auto\"><strong>Q : Combien de coups le Bang Leader 300k a-t-il ?<\/strong> R : Jusqu'\u00e0 300 000 trains.<\/p>\n<p dir=\"auto\"><strong>Q : Que signifie 6-in-1 Flavors ?<\/strong> A : 6 ar\u00f4mes diff\u00e9rents dans un seul appareil - changer facilement par mode.<\/p>\n<p dir=\"auto\"><strong>Q : Quels sont les diff\u00e9rents taux de nicotine ?<\/strong> A : 0%, 2%, 3% ou 5%.<\/p>\n<p dir=\"auto\"><strong>Q : Quel est le d\u00e9lai d'exp\u00e9dition ?<\/strong> R : En provenance de l'entrep\u00f4t europ\u00e9en en 1-3 jours.<\/p>","protected":false},"excerpt":{"rendered":"<p dir=\"auto\">Bang Leader 300k est le Bang Vape extr\u00eame avec jusqu'\u00e0 300.000 bouff\u00e9es. Avec son syst\u00e8me Flavor 6-in-1 (6 ar\u00f4mes diff\u00e9rents dans un seul appareil), 5 r\u00e9servoirs s\u00e9par\u00e9s, un \u00e9cran LED et une batterie de 850 mAh, il offre un plaisir de vapotage sans fin et un maximum de vari\u00e9t\u00e9. Exp\u00e9dition rapide depuis l'entrep\u00f4t europ\u00e9en en 1-3 jours - parfait pour les fans de bang leader.<\/p>","protected":false},"featured_media":5841,"comment_status":"open","ping_status":"closed","template":"","meta":[],"product_brand":[69],"product_cat":[27],"product_tag":[],"class_list":{"0":"post-5792","1":"product","2":"type-product","3":"status-publish","4":"has-post-thumbnail","6":"product_brand-bang","7":"product_cat-puff-300k","9":"first","10":"instock","11":"shipping-taxable","12":"purchasable","13":"product-type-variable"},"yoast_head":"<!-- This site is optimized with the Yoast SEO plugin v27.1.1 - https:\/\/yoast.com\/product\/yoast-seo-wordpress\/ -->\n<title>Bang Leader 300k \u2013 Bang Vape 300000 Puffs Einweg Vape - AiVape | Premium E-Zigaretten &amp; Vape Shop Deutschland<\/title>\n<meta name=\"description\" content=\"Bang Leader 300k von Bang Vape: Bis 300.000 Z\u00fcge, 6-in-1 Flavors, 5 Tanks, 850 mAh Akku, LED Screen &amp; 0-5% Nikotin. Schneller EU-Versand in 1\u20133 Tagen!\" \/>\n<meta name=\"robots\" content=\"index, follow, max-snippet:-1, max-image-preview:large, max-video-preview:-1\" \/>\n<link rel=\"canonical\" href=\"https:\/\/aivape.de\/fr\/product\/bang-leader-300k-bang-vape-300000-puffs-einweg-vape\/\" \/>\n<meta property=\"og:locale\" content=\"fr_FR\" \/>\n<meta property=\"og:type\" content=\"article\" \/>\n<meta property=\"og:title\" content=\"Bang Leader 300k \u2013 Bang Vape 300000 Puffs Einweg Vape - AiVape | Premium E-Zigaretten &amp; Vape Shop Deutschland\" \/>\n<meta property=\"og:description\" content=\"Bang Leader 300k von Bang Vape: Bis 300.000 Z\u00fcge, 6-in-1 Flavors, 5 Tanks, 850 mAh Akku, LED Screen &amp; 0-5% Nikotin. Schneller EU-Versand in 1\u20133 Tagen!\" \/>\n<meta property=\"og:url\" content=\"https:\/\/aivape.de\/fr\/product\/bang-leader-300k-bang-vape-300000-puffs-einweg-vape\/\" \/>\n<meta property=\"og:site_name\" content=\"AiVape | Premium E-Zigaretten &amp; Vape Shop Deutschland\" \/>\n<meta property=\"article:modified_time\" content=\"2026-04-14T07:57:15+00:00\" \/>\n<meta property=\"og:image\" content=\"https:\/\/aivape.de\/wp-content\/uploads\/2026\/04\/bang-leader-300k-puffar-aloe-lychee-ice-pink-lemon-glacier-ice-pine-needle-mint-black-currant-ice-watermelon-lemon.webp\" \/>\n\t<meta property=\"og:image:width\" content=\"1200\" \/>\n\t<meta property=\"og:image:height\" content=\"1200\" \/>\n\t<meta property=\"og:image:type\" content=\"image\/webp\" \/>\n<meta name=\"twitter:card\" content=\"summary_large_image\" \/>\n<meta name=\"twitter:label1\" content=\"Dur\u00e9e de lecture estim\u00e9e\" \/>\n\t<meta name=\"twitter:data1\" content=\"3 minutes\" \/>\n<script type=\"application\/ld+json\" class=\"yoast-schema-graph\">{\"@context\":\"https:\/\/schema.org\",\"@graph\":[{\"@type\":\"WebPage\",\"@id\":\"https:\/\/aivape.de\/produkt\/bang-leader-300k-bang-vape-300000-puffs-einweg-vape\/\",\"url\":\"https:\/\/aivape.de\/produkt\/bang-leader-300k-bang-vape-300000-puffs-einweg-vape\/\",\"name\":\"Bang Leader 300k \u2013 Bang Vape 300000 Puffs Einweg Vape - AiVape | Premium E-Zigaretten &amp; Vape Shop Deutschland\",\"isPartOf\":{\"@id\":\"https:\/\/aivape.de\/#website\"},\"primaryImageOfPage\":{\"@id\":\"https:\/\/aivape.de\/produkt\/bang-leader-300k-bang-vape-300000-puffs-einweg-vape\/#primaryimage\"},\"image\":{\"@id\":\"https:\/\/aivape.de\/produkt\/bang-leader-300k-bang-vape-300000-puffs-einweg-vape\/#primaryimage\"},\"thumbnailUrl\":\"https:\/\/aivape.de\/wp-content\/uploads\/2026\/04\/bang-leader-300k-puffar-aloe-lychee-ice-pink-lemon-glacier-ice-pine-needle-mint-black-currant-ice-watermelon-lemon.webp\",\"datePublished\":\"2026-04-14T07:56:59+00:00\",\"dateModified\":\"2026-04-14T07:57:15+00:00\",\"description\":\"Bang Leader 300k von Bang Vape: Bis 300.000 Z\u00fcge, 6-in-1 Flavors, 5 Tanks, 850 mAh Akku, LED Screen & 0-5% Nikotin. Schneller EU-Versand in 1\u20133 Tagen!\",\"breadcrumb\":{\"@id\":\"https:\/\/aivape.de\/produkt\/bang-leader-300k-bang-vape-300000-puffs-einweg-vape\/#breadcrumb\"},\"inLanguage\":\"fr-FR\",\"potentialAction\":[{\"@type\":\"ReadAction\",\"target\":[\"https:\/\/aivape.de\/produkt\/bang-leader-300k-bang-vape-300000-puffs-einweg-vape\/\"]}]},{\"@type\":\"ImageObject\",\"inLanguage\":\"fr-FR\",\"@id\":\"https:\/\/aivape.de\/produkt\/bang-leader-300k-bang-vape-300000-puffs-einweg-vape\/#primaryimage\",\"url\":\"https:\/\/aivape.de\/wp-content\/uploads\/2026\/04\/bang-leader-300k-puffar-aloe-lychee-ice-pink-lemon-glacier-ice-pine-needle-mint-black-currant-ice-watermelon-lemon.webp\",\"contentUrl\":\"https:\/\/aivape.de\/wp-content\/uploads\/2026\/04\/bang-leader-300k-puffar-aloe-lychee-ice-pink-lemon-glacier-ice-pine-needle-mint-black-currant-ice-watermelon-lemon.webp\",\"width\":1200,\"height\":1200,\"caption\":\"bang-leader-300k-puffar-aloe-lychee-ice-pink-lemon-glacier-ice-pine-needle-mint-black-currant-ice-watermelon-lemon\"},{\"@type\":\"BreadcrumbList\",\"@id\":\"https:\/\/aivape.de\/produkt\/bang-leader-300k-bang-vape-300000-puffs-einweg-vape\/#breadcrumb\",\"itemListElement\":[{\"@type\":\"ListItem\",\"position\":1,\"name\":\"Home\",\"item\":\"https:\/\/aivape.de\/\"},{\"@type\":\"ListItem\",\"position\":2,\"name\":\"Shop\",\"item\":\"https:\/\/aivape.de\/shop\/\"},{\"@type\":\"ListItem\",\"position\":3,\"name\":\"Bang Leader 300k \u2013 Bang Vape 300000 Puffs Einweg Vape\"}]},{\"@type\":\"WebSite\",\"@id\":\"https:\/\/aivape.de\/#website\",\"url\":\"https:\/\/aivape.de\/\",\"name\":\"AiVape | Premium E-Zigaretten &amp; Vape Shop Deutschland\",\"description\":\"Dein Experte f\u00fcr Vozol, Bang King &amp; Hifancy Vapes \u2013 Schneller EU-Versand\",\"potentialAction\":[{\"@type\":\"SearchAction\",\"target\":{\"@type\":\"EntryPoint\",\"urlTemplate\":\"https:\/\/aivape.de\/?s={search_term_string}\"},\"query-input\":{\"@type\":\"PropertyValueSpecification\",\"valueRequired\":true,\"valueName\":\"search_term_string\"}}],\"inLanguage\":\"fr-FR\"}]}<\/script>\n<!-- \/ Yoast SEO plugin. -->","yoast_head_json":{"title":"Bang Leader 300k \u2013 Bang Vape 300000 Puffs Einweg Vape - AiVape | Premium E-Zigaretten &amp; Vape Shop Deutschland","description":"Bang Leader 300k de Bang Vape : jusqu'\u00e0 300.000 bouff\u00e9es, 6 en 1 saveurs, 5 r\u00e9servoirs, batterie 850 mAh, \u00e9cran LED &amp; 0-5% nicotine. Livraison rapide dans l'UE en 1-3 jours !","robots":{"index":"index","follow":"follow","max-snippet":"max-snippet:-1","max-image-preview":"max-image-preview:large","max-video-preview":"max-video-preview:-1"},"canonical":"https:\/\/aivape.de\/fr\/product\/bang-leader-300k-bang-vape-300000-puffs-einweg-vape\/","og_locale":"fr_FR","og_type":"article","og_title":"Bang Leader 300k \u2013 Bang Vape 300000 Puffs Einweg Vape - AiVape | Premium E-Zigaretten &amp; Vape Shop Deutschland","og_description":"Bang Leader 300k von Bang Vape: Bis 300.000 Z\u00fcge, 6-in-1 Flavors, 5 Tanks, 850 mAh Akku, LED Screen & 0-5% Nikotin. Schneller EU-Versand in 1\u20133 Tagen!","og_url":"https:\/\/aivape.de\/fr\/product\/bang-leader-300k-bang-vape-300000-puffs-einweg-vape\/","og_site_name":"AiVape | Premium E-Zigaretten &amp; Vape Shop Deutschland","article_modified_time":"2026-04-14T07:57:15+00:00","og_image":[{"width":1200,"height":1200,"url":"https:\/\/aivape.de\/wp-content\/uploads\/2026\/04\/bang-leader-300k-puffar-aloe-lychee-ice-pink-lemon-glacier-ice-pine-needle-mint-black-currant-ice-watermelon-lemon.webp","type":"image\/webp"}],"twitter_card":"summary_large_image","twitter_misc":{"Dur\u00e9e de lecture estim\u00e9e":"3 minutes"},"schema":{"@context":"https:\/\/schema.org","@graph":[{"@type":"WebPage","@id":"https:\/\/aivape.de\/produkt\/bang-leader-300k-bang-vape-300000-puffs-einweg-vape\/","url":"https:\/\/aivape.de\/produkt\/bang-leader-300k-bang-vape-300000-puffs-einweg-vape\/","name":"Bang Leader 300k \u2013 Bang Vape 300000 Puffs Einweg Vape - AiVape | Premium E-Zigaretten &amp; Vape Shop Deutschland","isPartOf":{"@id":"https:\/\/aivape.de\/#website"},"primaryImageOfPage":{"@id":"https:\/\/aivape.de\/produkt\/bang-leader-300k-bang-vape-300000-puffs-einweg-vape\/#primaryimage"},"image":{"@id":"https:\/\/aivape.de\/produkt\/bang-leader-300k-bang-vape-300000-puffs-einweg-vape\/#primaryimage"},"thumbnailUrl":"https:\/\/aivape.de\/wp-content\/uploads\/2026\/04\/bang-leader-300k-puffar-aloe-lychee-ice-pink-lemon-glacier-ice-pine-needle-mint-black-currant-ice-watermelon-lemon.webp","datePublished":"2026-04-14T07:56:59+00:00","dateModified":"2026-04-14T07:57:15+00:00","description":"Bang Leader 300k de Bang Vape : jusqu'\u00e0 300.000 bouff\u00e9es, 6 en 1 saveurs, 5 r\u00e9servoirs, batterie 850 mAh, \u00e9cran LED &amp; 0-5% nicotine. Livraison rapide dans l'UE en 1-3 jours !","breadcrumb":{"@id":"https:\/\/aivape.de\/produkt\/bang-leader-300k-bang-vape-300000-puffs-einweg-vape\/#breadcrumb"},"inLanguage":"fr-FR","potentialAction":[{"@type":"ReadAction","target":["https:\/\/aivape.de\/produkt\/bang-leader-300k-bang-vape-300000-puffs-einweg-vape\/"]}]},{"@type":"ImageObject","inLanguage":"fr-FR","@id":"https:\/\/aivape.de\/produkt\/bang-leader-300k-bang-vape-300000-puffs-einweg-vape\/#primaryimage","url":"https:\/\/aivape.de\/wp-content\/uploads\/2026\/04\/bang-leader-300k-puffar-aloe-lychee-ice-pink-lemon-glacier-ice-pine-needle-mint-black-currant-ice-watermelon-lemon.webp","contentUrl":"https:\/\/aivape.de\/wp-content\/uploads\/2026\/04\/bang-leader-300k-puffar-aloe-lychee-ice-pink-lemon-glacier-ice-pine-needle-mint-black-currant-ice-watermelon-lemon.webp","width":1200,"height":1200,"caption":"bang-leader-300k-puffar-aloe-lychee-ice-pink-lemon-glacier-ice-pine-needle-mint-black-currant-ice-watermelon-lemon"},{"@type":"BreadcrumbList","@id":"https:\/\/aivape.de\/produkt\/bang-leader-300k-bang-vape-300000-puffs-einweg-vape\/#breadcrumb","itemListElement":[{"@type":"ListItem","position":1,"name":"Home","item":"https:\/\/aivape.de\/"},{"@type":"ListItem","position":2,"name":"Shop","item":"https:\/\/aivape.de\/shop\/"},{"@type":"ListItem","position":3,"name":"Bang Leader 300k \u2013 Bang Vape 300000 Puffs Einweg Vape"}]},{"@type":"WebSite","@id":"https:\/\/aivape.de\/#website","url":"https:\/\/aivape.de\/","name":"AiVape | Premium E-Zigaretten &amp; Vape Shop Deutschland","description":"Dein Experte f\u00fcr Vozol, Bang King &amp; Hifancy Vapes \u2013 Schneller EU-Versand","potentialAction":[{"@type":"SearchAction","target":{"@type":"EntryPoint","urlTemplate":"https:\/\/aivape.de\/?s={search_term_string}"},"query-input":{"@type":"PropertyValueSpecification","valueRequired":true,"valueName":"search_term_string"}}],"inLanguage":"fr-FR"}]}},"tiered_pricing_type":"fixed","tiered_pricing_fixed_rules":{"30":"13.00","50":"11.50","100":"10.50","200":"10.00"},"tiered_pricing_product_settings":{"layout":"default","base_unit_name":{"singular":null,"plural":null},"default_variation":null},"tiered_pricing_minimum_quantity":null,"tiered_pricing_roles_data":[],"tiered_pricing_percentage_rules":[],"tiered_pricing_maximum_quantity":null,"tiered_pricing_quantity_step":null,"_links":{"self":[{"href":"https:\/\/aivape.de\/fr\/wp-json\/wp\/v2\/product\/5792","targetHints":{"allow":["GET"]}}],"collection":[{"href":"https:\/\/aivape.de\/fr\/wp-json\/wp\/v2\/product"}],"about":[{"href":"https:\/\/aivape.de\/fr\/wp-json\/wp\/v2\/types\/product"}],"replies":[{"embeddable":true,"href":"https:\/\/aivape.de\/fr\/wp-json\/wp\/v2\/comments?post=5792"}],"version-history":[{"count":1,"href":"https:\/\/aivape.de\/fr\/wp-json\/wp\/v2\/product\/5792\/revisions"}],"predecessor-version":[{"id":5853,"href":"https:\/\/aivape.de\/fr\/wp-json\/wp\/v2\/product\/5792\/revisions\/5853"}],"wp:featuredmedia":[{"embeddable":true,"href":"https:\/\/aivape.de\/fr\/wp-json\/wp\/v2\/media\/5841"}],"wp:attachment":[{"href":"https:\/\/aivape.de\/fr\/wp-json\/wp\/v2\/media?parent=5792"}],"wp:term":[{"taxonomy":"product_brand","embeddable":true,"href":"https:\/\/aivape.de\/fr\/wp-json\/wp\/v2\/product_brand?post=5792"},{"taxonomy":"product_cat","embeddable":true,"href":"https:\/\/aivape.de\/fr\/wp-json\/wp\/v2\/product_cat?post=5792"},{"taxonomy":"product_tag","embeddable":true,"href":"https:\/\/aivape.de\/fr\/wp-json\/wp\/v2\/product_tag?post=5792"}],"curies":[{"name":"wp","href":"https:\/\/api.w.org\/{rel}","templated":true}]}}