{"id":5483,"date":"2026-04-11T09:38:35","date_gmt":"2026-04-11T07:38:35","guid":{"rendered":"https:\/\/aivape.de\/?post_type=product&#038;p=5483"},"modified":"2026-04-11T09:42:12","modified_gmt":"2026-04-11T07:42:12","slug":"hifancy-energy-30000-30000-puff-vape-hifancy-30k","status":"publish","type":"product","link":"https:\/\/aivape.de\/fr\/product\/hifancy-energy-30000-30000-puff-vape-hifancy-30k\/","title":{"rendered":"HIFANCY ENERGY 30000 - 30000 Puff Vape HIFANCY 30k"},"content":{"rendered":"<h1 dir=\"auto\">HIFANCY ENERGY 30000 - 30000 Puff Vape avec Full Screen &amp; Four Heating Modes<\/h1>\n<p dir=\"auto\">La HIFANCY ENERGY 30000 \u00e9tablit de nouvelles normes en mati\u00e8re d'e-cigarettes jetables \u00e0 haute performance. Avec jusqu'\u00e0 30 000 bouff\u00e9es, un \u00e9norme r\u00e9servoir d'e-liquide de 34 ml et une batterie de 800 mAh, elle garantit un plaisir de vapotage intense et de longue dur\u00e9e. Le grand \u00e9cran complet, le commutateur tactile pratique et les quatre modes de chauffage r\u00e9glables rendent son utilisation particuli\u00e8rement confortable et moderne.<\/p>\n<h2 dir=\"auto\"><strong>Pourquoi l'HIFANCY ENERGY 30000 est convaincant<\/strong><\/h2>\n<ul dir=\"auto\">\n<li><strong>Jusqu'\u00e0 30.000 trains<\/strong> - autonomie extr\u00eamement longue pour toute la journ\u00e9e<\/li>\n<li><strong>Capacit\u00e9 de 34 ml d'e-liquide<\/strong> - richement pr\u00e9-rempli pour un go\u00fbt fort et durable<\/li>\n<li><strong>batterie rechargeable de 800 mAh<\/strong> - durable et pratique<\/li>\n<li><strong>Affichage plein \u00e9cran<\/strong> - affichage clair de la batterie et du liquide<\/li>\n<li><strong>Commutateur tactile<\/strong> - utilisation confortable par le toucher<\/li>\n<li><strong>Quatre modes de chauffage<\/strong> - quatre niveaux de chauffage r\u00e9glables pour une vapeur personnalis\u00e9e<\/li>\n<li><strong>10 saveurs d\u00e9licieuses<\/strong> - grand choix<\/li>\n<li><strong>Taux de nicotine flexibles<\/strong> - 2%, 3% ou 5%<\/li>\n<li><strong>Camp europ\u00e9en<\/strong> - exp\u00e9dition rapide en 1-3 jours<\/li>\n<\/ul>\n<p dir=\"auto\">Le site <strong>HIFANCY 30k<\/strong> est le parfait <strong>30000 puff vape<\/strong> pour tous ceux qui recherchent la performance, le confort et une longue dur\u00e9e d'utilisation.<\/p>\n<h3 dir=\"auto\">Sp\u00e9cifications techniques<\/h3>\n<table>\n<thead>\n<tr>\n<th data-col-size=\"md\">Param\u00e8tres<\/th>\n<th data-col-size=\"lg\">D\u00e9tails<\/th>\n<\/tr>\n<\/thead>\n<tbody>\n<tr>\n<td data-col-size=\"md\">Marque<\/td>\n<td data-col-size=\"lg\">HIFANCY VAPE<\/td>\n<\/tr>\n<tr>\n<td data-col-size=\"md\">Mod\u00e8le<\/td>\n<td data-col-size=\"lg\">HIFANCY ENERGY 30000<\/td>\n<\/tr>\n<tr>\n<td data-col-size=\"md\">Trains<\/td>\n<td data-col-size=\"lg\">30 000 poufs<\/td>\n<\/tr>\n<tr>\n<td data-col-size=\"md\">Capacit\u00e9 d'e-liquide<\/td>\n<td data-col-size=\"lg\">34 ml pr\u00e9-rempli<\/td>\n<\/tr>\n<tr>\n<td data-col-size=\"md\">Batterie<\/td>\n<td data-col-size=\"lg\">800 mAh rechargeable<\/td>\n<\/tr>\n<tr>\n<td data-col-size=\"md\">\u00c9cran<\/td>\n<td data-col-size=\"lg\">Affichage plein \u00e9cran<\/td>\n<\/tr>\n<tr>\n<td data-col-size=\"md\">Utilisation<\/td>\n<td data-col-size=\"lg\">Commutateur tactile<\/td>\n<\/tr>\n<tr>\n<td data-col-size=\"md\">Modes de chauffage<\/td>\n<td data-col-size=\"lg\">Quatre modes de chauffage<\/td>\n<\/tr>\n<tr>\n<td data-col-size=\"md\">Coil<\/td>\n<td data-col-size=\"lg\">1.0 \u03a9<\/td>\n<\/tr>\n<tr>\n<td data-col-size=\"md\">Taux de nicotine<\/td>\n<td data-col-size=\"lg\">2% \/ 3% \/ 5%<\/td>\n<\/tr>\n<tr>\n<td data-col-size=\"md\">Go\u00fbts<\/td>\n<td data-col-size=\"lg\">10 ar\u00f4mes<\/td>\n<\/tr>\n<tr>\n<td data-col-size=\"md\">Emballage<\/td>\n<td data-col-size=\"lg\">Paquet de 10<\/td>\n<\/tr>\n<tr>\n<td data-col-size=\"md\">Exp\u00e9dition<\/td>\n<td data-col-size=\"lg\">Stock europ\u00e9en (1-3 jours)<\/td>\n<\/tr>\n<\/tbody>\n<\/table>\n<h3 dir=\"auto\">FAQ<\/h3>\n<p dir=\"auto\"><strong>Q : Combien de trains a l'HIFANCY ENERGY 30000 ?<\/strong> R : Jusqu'\u00e0 30 000 trains.<\/p>\n<p dir=\"auto\"><strong>Q : Quels sont les diff\u00e9rents taux de nicotine ?<\/strong> A : 2%, 3% ou 5%.<\/p>\n<p dir=\"auto\"><strong>Q : Est-il possible de r\u00e9gler la puissance de chauffage ?<\/strong> R : Oui, avec quatre modes de chauffage diff\u00e9rents.<\/p>\n<p dir=\"auto\"><strong>Q : Est-ce qu'il a un \u00e9cran ?<\/strong> R : Oui, un grand \u00e9cran complet avec un commutateur tactile.<\/p>\n<h3 dir=\"auto\">CTA<\/h3>\n<p dir=\"auto\">Pr\u00eat pour jusqu'\u00e0 30.000 bouff\u00e9es de pur plaisir ? Maintenant, le <strong>HIFANCY ENERGY 30000<\/strong> - le fort <strong>30k vape<\/strong> s\u00e9curiser !<\/p>","protected":false},"excerpt":{"rendered":"<p dir=\"auto\"><strong>HIFANCY ENERGY 30000<\/strong> est le puissant 30000 puff disposable vape de HIFANCY VAPE. Avec 34 ml d'e-liquide, une batterie rechargeable de 800 mAh, un grand \u00e9cran complet, un commutateur tactile et quatre modes de chauffage, il offre une autonomie extr\u00eamement longue et un go\u00fbt intense. Disponible en 10 ar\u00f4mes avec 2%, 3% ou 5% de nicotine - id\u00e9al pour tous les fans de <strong>HIFANCY 30000 puffs<\/strong> et <strong>30k vape<\/strong>.<\/p>","protected":false},"featured_media":5485,"comment_status":"open","ping_status":"closed","template":"","meta":[],"product_brand":[72],"product_cat":[46],"product_tag":[],"class_list":{"0":"post-5483","1":"product","2":"type-product","3":"status-publish","4":"has-post-thumbnail","6":"product_brand-hifancy","7":"product_cat-puff-30k","9":"first","10":"instock","11":"shipping-taxable","12":"purchasable","13":"product-type-variable"},"yoast_head":"<!-- This site is optimized with the Yoast SEO plugin v27.1.1 - https:\/\/yoast.com\/product\/yoast-seo-wordpress\/ -->\n<title>HIFANCY ENERGY 30000 \u2013 30000 Puff Vape HIFANCY 30k - AiVape | Premium E-Zigaretten &amp; Vape Shop Deutschland<\/title>\n<meta name=\"description\" content=\"HIFANCY ENERGY 30000 \u2013 30000 Puff Disposable Vape mit 34 ml E-Liquid, 800 mAh Akku, Full Screen, Touch Switch &amp; Four Heating Modes. 10 Aromen, 2-5% Nikotin.\" \/>\n<meta name=\"robots\" content=\"index, follow, max-snippet:-1, max-image-preview:large, max-video-preview:-1\" \/>\n<link rel=\"canonical\" href=\"https:\/\/aivape.de\/fr\/product\/hifancy-energy-30000-30000-puff-vape-hifancy-30k\/\" \/>\n<meta property=\"og:locale\" content=\"fr_FR\" \/>\n<meta property=\"og:type\" content=\"article\" \/>\n<meta property=\"og:title\" content=\"HIFANCY ENERGY 30000 \u2013 30000 Puff Vape HIFANCY 30k - AiVape | Premium E-Zigaretten &amp; Vape Shop Deutschland\" \/>\n<meta property=\"og:description\" content=\"HIFANCY ENERGY 30000 \u2013 30000 Puff Disposable Vape mit 34 ml E-Liquid, 800 mAh Akku, Full Screen, Touch Switch &amp; Four Heating Modes. 10 Aromen, 2-5% Nikotin.\" \/>\n<meta property=\"og:url\" content=\"https:\/\/aivape.de\/fr\/product\/hifancy-energy-30000-30000-puff-vape-hifancy-30k\/\" \/>\n<meta property=\"og:site_name\" content=\"AiVape | Premium E-Zigaretten &amp; Vape Shop Deutschland\" \/>\n<meta property=\"article:modified_time\" content=\"2026-04-11T07:42:12+00:00\" \/>\n<meta property=\"og:image\" content=\"https:\/\/aivape.de\/wp-content\/uploads\/2026\/04\/hifancy-energy-30000-30k-puffs-disposable-vape-10-flavor-eu-warehouse-11.webp\" \/>\n\t<meta property=\"og:image:width\" content=\"1000\" \/>\n\t<meta property=\"og:image:height\" content=\"1000\" \/>\n\t<meta property=\"og:image:type\" content=\"image\/webp\" \/>\n<meta name=\"twitter:card\" content=\"summary_large_image\" \/>\n<meta name=\"twitter:label1\" content=\"Dur\u00e9e de lecture estim\u00e9e\" \/>\n\t<meta name=\"twitter:data1\" content=\"2 minutes\" \/>\n<script type=\"application\/ld+json\" class=\"yoast-schema-graph\">{\"@context\":\"https:\/\/schema.org\",\"@graph\":[{\"@type\":\"WebPage\",\"@id\":\"https:\/\/aivape.de\/produkt\/hifancy-energy-30000-30000-puff-vape-hifancy-30k\/\",\"url\":\"https:\/\/aivape.de\/produkt\/hifancy-energy-30000-30000-puff-vape-hifancy-30k\/\",\"name\":\"HIFANCY ENERGY 30000 \u2013 30000 Puff Vape HIFANCY 30k - AiVape | Premium E-Zigaretten &amp; Vape Shop Deutschland\",\"isPartOf\":{\"@id\":\"https:\/\/aivape.de\/#website\"},\"primaryImageOfPage\":{\"@id\":\"https:\/\/aivape.de\/produkt\/hifancy-energy-30000-30000-puff-vape-hifancy-30k\/#primaryimage\"},\"image\":{\"@id\":\"https:\/\/aivape.de\/produkt\/hifancy-energy-30000-30000-puff-vape-hifancy-30k\/#primaryimage\"},\"thumbnailUrl\":\"https:\/\/aivape.de\/wp-content\/uploads\/2026\/04\/hifancy-energy-30000-30k-puffs-disposable-vape-10-flavor-eu-warehouse-11.webp\",\"datePublished\":\"2026-04-11T07:38:35+00:00\",\"dateModified\":\"2026-04-11T07:42:12+00:00\",\"description\":\"HIFANCY ENERGY 30000 \u2013 30000 Puff Disposable Vape mit 34 ml E-Liquid, 800 mAh Akku, Full Screen, Touch Switch & Four Heating Modes. 10 Aromen, 2-5% Nikotin.\",\"breadcrumb\":{\"@id\":\"https:\/\/aivape.de\/produkt\/hifancy-energy-30000-30000-puff-vape-hifancy-30k\/#breadcrumb\"},\"inLanguage\":\"fr-FR\",\"potentialAction\":[{\"@type\":\"ReadAction\",\"target\":[\"https:\/\/aivape.de\/produkt\/hifancy-energy-30000-30000-puff-vape-hifancy-30k\/\"]}]},{\"@type\":\"ImageObject\",\"inLanguage\":\"fr-FR\",\"@id\":\"https:\/\/aivape.de\/produkt\/hifancy-energy-30000-30000-puff-vape-hifancy-30k\/#primaryimage\",\"url\":\"https:\/\/aivape.de\/wp-content\/uploads\/2026\/04\/hifancy-energy-30000-30k-puffs-disposable-vape-10-flavor-eu-warehouse-11.webp\",\"contentUrl\":\"https:\/\/aivape.de\/wp-content\/uploads\/2026\/04\/hifancy-energy-30000-30k-puffs-disposable-vape-10-flavor-eu-warehouse-11.webp\",\"width\":1000,\"height\":1000,\"caption\":\"hifancy-energy-30000-30k-puffs-disposable-vape-10-flavor-eu-warehouse-11\"},{\"@type\":\"BreadcrumbList\",\"@id\":\"https:\/\/aivape.de\/produkt\/hifancy-energy-30000-30000-puff-vape-hifancy-30k\/#breadcrumb\",\"itemListElement\":[{\"@type\":\"ListItem\",\"position\":1,\"name\":\"Home\",\"item\":\"https:\/\/aivape.de\/\"},{\"@type\":\"ListItem\",\"position\":2,\"name\":\"Shop\",\"item\":\"https:\/\/aivape.de\/shop\/\"},{\"@type\":\"ListItem\",\"position\":3,\"name\":\"HIFANCY ENERGY 30000 \u2013 30000 Puff Vape HIFANCY 30k\"}]},{\"@type\":\"WebSite\",\"@id\":\"https:\/\/aivape.de\/#website\",\"url\":\"https:\/\/aivape.de\/\",\"name\":\"AiVape | Premium E-Zigaretten &amp; Vape Shop Deutschland\",\"description\":\"Dein Experte f\u00fcr Vozol, Bang King &amp; Hifancy Vapes \u2013 Schneller EU-Versand\",\"potentialAction\":[{\"@type\":\"SearchAction\",\"target\":{\"@type\":\"EntryPoint\",\"urlTemplate\":\"https:\/\/aivape.de\/?s={search_term_string}\"},\"query-input\":{\"@type\":\"PropertyValueSpecification\",\"valueRequired\":true,\"valueName\":\"search_term_string\"}}],\"inLanguage\":\"fr-FR\"}]}<\/script>\n<!-- \/ Yoast SEO plugin. -->","yoast_head_json":{"title":"HIFANCY ENERGY 30000 \u2013 30000 Puff Vape HIFANCY 30k - AiVape | Premium E-Zigaretten &amp; Vape Shop Deutschland","description":"HIFANCY ENERGY 30000 - 30000 Puff Vape jetable avec 34 ml d'e-liquide, batterie 800 mAh, Full Screen, Touch Switch &amp; Four Heating Modes. 10 ar\u00f4mes, 2-5% de nicotine.","robots":{"index":"index","follow":"follow","max-snippet":"max-snippet:-1","max-image-preview":"max-image-preview:large","max-video-preview":"max-video-preview:-1"},"canonical":"https:\/\/aivape.de\/fr\/product\/hifancy-energy-30000-30000-puff-vape-hifancy-30k\/","og_locale":"fr_FR","og_type":"article","og_title":"HIFANCY ENERGY 30000 \u2013 30000 Puff Vape HIFANCY 30k - AiVape | Premium E-Zigaretten &amp; Vape Shop Deutschland","og_description":"HIFANCY ENERGY 30000 \u2013 30000 Puff Disposable Vape mit 34 ml E-Liquid, 800 mAh Akku, Full Screen, Touch Switch & Four Heating Modes. 10 Aromen, 2-5% Nikotin.","og_url":"https:\/\/aivape.de\/fr\/product\/hifancy-energy-30000-30000-puff-vape-hifancy-30k\/","og_site_name":"AiVape | Premium E-Zigaretten &amp; Vape Shop Deutschland","article_modified_time":"2026-04-11T07:42:12+00:00","og_image":[{"width":1000,"height":1000,"url":"https:\/\/aivape.de\/wp-content\/uploads\/2026\/04\/hifancy-energy-30000-30k-puffs-disposable-vape-10-flavor-eu-warehouse-11.webp","type":"image\/webp"}],"twitter_card":"summary_large_image","twitter_misc":{"Dur\u00e9e de lecture estim\u00e9e":"2 minutes"},"schema":{"@context":"https:\/\/schema.org","@graph":[{"@type":"WebPage","@id":"https:\/\/aivape.de\/produkt\/hifancy-energy-30000-30000-puff-vape-hifancy-30k\/","url":"https:\/\/aivape.de\/produkt\/hifancy-energy-30000-30000-puff-vape-hifancy-30k\/","name":"HIFANCY ENERGY 30000 \u2013 30000 Puff Vape HIFANCY 30k - AiVape | Premium E-Zigaretten &amp; Vape Shop Deutschland","isPartOf":{"@id":"https:\/\/aivape.de\/#website"},"primaryImageOfPage":{"@id":"https:\/\/aivape.de\/produkt\/hifancy-energy-30000-30000-puff-vape-hifancy-30k\/#primaryimage"},"image":{"@id":"https:\/\/aivape.de\/produkt\/hifancy-energy-30000-30000-puff-vape-hifancy-30k\/#primaryimage"},"thumbnailUrl":"https:\/\/aivape.de\/wp-content\/uploads\/2026\/04\/hifancy-energy-30000-30k-puffs-disposable-vape-10-flavor-eu-warehouse-11.webp","datePublished":"2026-04-11T07:38:35+00:00","dateModified":"2026-04-11T07:42:12+00:00","description":"HIFANCY ENERGY 30000 - 30000 Puff Vape jetable avec 34 ml d'e-liquide, batterie 800 mAh, Full Screen, Touch Switch &amp; Four Heating Modes. 10 ar\u00f4mes, 2-5% de nicotine.","breadcrumb":{"@id":"https:\/\/aivape.de\/produkt\/hifancy-energy-30000-30000-puff-vape-hifancy-30k\/#breadcrumb"},"inLanguage":"fr-FR","potentialAction":[{"@type":"ReadAction","target":["https:\/\/aivape.de\/produkt\/hifancy-energy-30000-30000-puff-vape-hifancy-30k\/"]}]},{"@type":"ImageObject","inLanguage":"fr-FR","@id":"https:\/\/aivape.de\/produkt\/hifancy-energy-30000-30000-puff-vape-hifancy-30k\/#primaryimage","url":"https:\/\/aivape.de\/wp-content\/uploads\/2026\/04\/hifancy-energy-30000-30k-puffs-disposable-vape-10-flavor-eu-warehouse-11.webp","contentUrl":"https:\/\/aivape.de\/wp-content\/uploads\/2026\/04\/hifancy-energy-30000-30k-puffs-disposable-vape-10-flavor-eu-warehouse-11.webp","width":1000,"height":1000,"caption":"hifancy-energy-30000-30k-puffs-disposable-vape-10-flavor-eu-warehouse-11"},{"@type":"BreadcrumbList","@id":"https:\/\/aivape.de\/produkt\/hifancy-energy-30000-30000-puff-vape-hifancy-30k\/#breadcrumb","itemListElement":[{"@type":"ListItem","position":1,"name":"Home","item":"https:\/\/aivape.de\/"},{"@type":"ListItem","position":2,"name":"Shop","item":"https:\/\/aivape.de\/shop\/"},{"@type":"ListItem","position":3,"name":"HIFANCY ENERGY 30000 \u2013 30000 Puff Vape HIFANCY 30k"}]},{"@type":"WebSite","@id":"https:\/\/aivape.de\/#website","url":"https:\/\/aivape.de\/","name":"AiVape | Premium E-Zigaretten &amp; Vape Shop Deutschland","description":"Dein Experte f\u00fcr Vozol, Bang King &amp; Hifancy Vapes \u2013 Schneller EU-Versand","potentialAction":[{"@type":"SearchAction","target":{"@type":"EntryPoint","urlTemplate":"https:\/\/aivape.de\/?s={search_term_string}"},"query-input":{"@type":"PropertyValueSpecification","valueRequired":true,"valueName":"search_term_string"}}],"inLanguage":"fr-FR"}]}},"tiered_pricing_type":"fixed","tiered_pricing_fixed_rules":{"30":"10.21","50":"9.99","100":"9.21","200":"8.99"},"tiered_pricing_product_settings":{"layout":"default","base_unit_name":{"singular":null,"plural":null},"default_variation":null},"tiered_pricing_minimum_quantity":10,"tiered_pricing_roles_data":[],"tiered_pricing_percentage_rules":[],"tiered_pricing_maximum_quantity":null,"tiered_pricing_quantity_step":"10","_links":{"self":[{"href":"https:\/\/aivape.de\/fr\/wp-json\/wp\/v2\/product\/5483","targetHints":{"allow":["GET"]}}],"collection":[{"href":"https:\/\/aivape.de\/fr\/wp-json\/wp\/v2\/product"}],"about":[{"href":"https:\/\/aivape.de\/fr\/wp-json\/wp\/v2\/types\/product"}],"replies":[{"embeddable":true,"href":"https:\/\/aivape.de\/fr\/wp-json\/wp\/v2\/comments?post=5483"}],"version-history":[{"count":2,"href":"https:\/\/aivape.de\/fr\/wp-json\/wp\/v2\/product\/5483\/revisions"}],"predecessor-version":[{"id":5495,"href":"https:\/\/aivape.de\/fr\/wp-json\/wp\/v2\/product\/5483\/revisions\/5495"}],"wp:featuredmedia":[{"embeddable":true,"href":"https:\/\/aivape.de\/fr\/wp-json\/wp\/v2\/media\/5485"}],"wp:attachment":[{"href":"https:\/\/aivape.de\/fr\/wp-json\/wp\/v2\/media?parent=5483"}],"wp:term":[{"taxonomy":"product_brand","embeddable":true,"href":"https:\/\/aivape.de\/fr\/wp-json\/wp\/v2\/product_brand?post=5483"},{"taxonomy":"product_cat","embeddable":true,"href":"https:\/\/aivape.de\/fr\/wp-json\/wp\/v2\/product_cat?post=5483"},{"taxonomy":"product_tag","embeddable":true,"href":"https:\/\/aivape.de\/fr\/wp-json\/wp\/v2\/product_tag?post=5483"}],"curies":[{"name":"wp","href":"https:\/\/api.w.org\/{rel}","templated":true}]}}