{"id":5148,"date":"2026-04-10T12:27:31","date_gmt":"2026-04-10T10:27:31","guid":{"rendered":"https:\/\/aivape.de\/?post_type=product&#038;p=5148"},"modified":"2026-04-10T12:40:40","modified_gmt":"2026-04-10T10:40:40","slug":"al-fakher-8k-crystal-al-fakher-crystal-vape-8000-zuege","status":"publish","type":"product","link":"https:\/\/aivape.de\/fr\/product\/al-fakher-8k-crystal-al-fakher-crystal-vape-8000-zuege\/","title":{"rendered":"AL Fakher 8k Crystal - AL Fakher Crystal Vape 8000 bouff\u00e9es"},"content":{"rendered":"<h1 dir=\"auto\">AL Fakher 8k Crystal - AL Fakher Crown Bar Crystal 8000 bouff\u00e9es E-cigarette rechargeable jetable<\/h1>\n<p dir=\"auto\">Le site <strong>AL Fakher 8k Crystal<\/strong> est l'e-cigarette jetable moderne et \u00e9l\u00e9gante de la populaire <strong>AL Fakher Crown Bar<\/strong> s\u00e9rie. Avec jusqu'\u00e0 8000 bouff\u00e9es, 18 ml d'e-liquide pr\u00e9-rempli et une batterie puissante de 1200 mAh, elle offre un plaisir de vapotage intense et de longue dur\u00e9e. Le design clair comme du cristal, l'\u00e9cran num\u00e9rique avec affichage de la batterie et de l'e-liquide ainsi que la commande draw-activated assurent un confort maximal.<\/p>\n<p dir=\"auto\">L'approche progressiste <strong>Dual Mesh 0,65 \u03a9 Coil<\/strong> fournit une vapeur dense et un go\u00fbt pur. Avec 10 ar\u00f4mes s\u00e9lectionn\u00e9s et seulement 0,5% de nicotine (5 mg\/ml), elle est id\u00e9ale pour ceux qui <strong>al fakher crystal vape<\/strong> et <strong>al fakher 8000<\/strong> appr\u00e9cient.<\/p>\n<h2 dir=\"auto\"><strong>Pourquoi l'AL Fakher 8k Crystal est convaincant<\/strong><\/h2>\n<ul dir=\"auto\">\n<li><strong>Jusqu'\u00e0 8.000 trains<\/strong> - longue dur\u00e9e de fonctionnement pour un vapotage d\u00e9tendu<\/li>\n<li><strong>R\u00e9servoir d'e-liquide de 18 ml<\/strong> - richement pr\u00e9-rempli pour un go\u00fbt persistant<\/li>\n<li><strong>batterie rechargeable de 1200 mAh<\/strong> - durable et pratique<\/li>\n<li><strong>\u00c9cran num\u00e9rique<\/strong> - indique clairement l'\u00e9tat des piles et le niveau de liquide<\/li>\n<li><strong>Dual Mesh 0,65 \u03a9 Coil<\/strong> - pour une vapeur dense et un go\u00fbt intense<\/li>\n<li><strong>10 saveurs d\u00e9licieuses<\/strong> - grand choix de saveurs fruit\u00e9es et rafra\u00eechissantes<\/li>\n<li><strong>0,5% Nicotine (5 mg\/ml)<\/strong> - \u00e9paisseur douce et agr\u00e9able<\/li>\n<li><strong>Draw-Activated<\/strong> - facilement activable par traction<\/li>\n<li><strong>Camp europ\u00e9en<\/strong> - Exp\u00e9dition en seulement 1-3 jours<\/li>\n<\/ul>\n<p dir=\"auto\">Le site <strong>AL Fakher Crown Bar 8000 Crystal<\/strong> combine une finition de haute qualit\u00e9 avec une technologie de pointe et est le choix parfait pour <strong>al fakher vape 8000<\/strong> Les fans.<\/p>\n<h3 dir=\"auto\">Sp\u00e9cifications techniques<\/h3>\n<table>\n<thead>\n<tr>\n<th data-col-size=\"md\">Param\u00e8tres<\/th>\n<th data-col-size=\"lg\">D\u00e9tails<\/th>\n<\/tr>\n<\/thead>\n<tbody>\n<tr>\n<td data-col-size=\"md\">Marque<\/td>\n<td data-col-size=\"lg\">AL Fakher Vape<\/td>\n<\/tr>\n<tr>\n<td data-col-size=\"md\">Mod\u00e8le<\/td>\n<td data-col-size=\"lg\">AL Fakher 8k Crystal \/ Crown Bar 8000<\/td>\n<\/tr>\n<tr>\n<td data-col-size=\"md\">Trains<\/td>\n<td data-col-size=\"lg\">jusqu'\u00e0 8.000 trains<\/td>\n<\/tr>\n<tr>\n<td data-col-size=\"md\">Capacit\u00e9 d'e-liquide<\/td>\n<td data-col-size=\"lg\">18 ml pr\u00e9-rempli<\/td>\n<\/tr>\n<tr>\n<td data-col-size=\"md\">Batterie<\/td>\n<td data-col-size=\"lg\">1200 mAh rechargeable<\/td>\n<\/tr>\n<tr>\n<td data-col-size=\"md\">\u00c9vaporateur<\/td>\n<td data-col-size=\"lg\">Dual Mesh 0,65 \u03a9 Mesh Coil<\/td>\n<\/tr>\n<tr>\n<td data-col-size=\"md\">Taux de nicotine<\/td>\n<td data-col-size=\"lg\">0,5% (5 mg\/ml)<\/td>\n<\/tr>\n<tr>\n<td data-col-size=\"md\">Utilisation<\/td>\n<td data-col-size=\"lg\">Draw-Activated<\/td>\n<\/tr>\n<tr>\n<td data-col-size=\"md\">\u00c9cran<\/td>\n<td data-col-size=\"lg\">Affichage num\u00e9rique avec indicateur de batterie et de liquide<\/td>\n<\/tr>\n<tr>\n<td data-col-size=\"md\">Go\u00fbts<\/td>\n<td data-col-size=\"lg\">10 ar\u00f4mes<\/td>\n<\/tr>\n<tr>\n<td data-col-size=\"md\">Poids<\/td>\n<td data-col-size=\"lg\">114 g<\/td>\n<\/tr>\n<tr>\n<td data-col-size=\"md\">Emballage<\/td>\n<td data-col-size=\"lg\">Paquet de 10<\/td>\n<\/tr>\n<tr>\n<td data-col-size=\"md\">Exp\u00e9dition<\/td>\n<td data-col-size=\"lg\">Stock europ\u00e9en (1-3 jours)<\/td>\n<\/tr>\n<\/tbody>\n<\/table>\n<h3 dir=\"auto\">FAQ (courte)<\/h3>\n<p dir=\"auto\"><strong>Q : Combien de trains a l'AL Fakher 8k Crystal ?<\/strong> R : Jusqu'\u00e0 8.000 trains, en fonction de l'utilisation individuelle.<\/p>\n<p dir=\"auto\"><strong>Q : L'appareil est-il rechargeable ?<\/strong> R : Oui, avec une batterie puissante de 1200 mAh.<\/p>\n<p dir=\"auto\"><strong>Q : Quel est son taux de nicotine ?<\/strong> A : doux 0,5% (5 mg\/ml) de nicotine.<\/p>\n<p dir=\"auto\"><strong>Q : Combien d'ar\u00f4mes existe-t-il ?<\/strong> R : 10 saveurs d\u00e9licieuses diff\u00e9rentes.<\/p>\n<p dir=\"auto\"><strong>Q : Quel est le d\u00e9lai d'exp\u00e9dition ?<\/strong> R : En provenance de l'entrep\u00f4t europ\u00e9en en 1-3 jours.<\/p>\n<h3 dir=\"auto\">CTA<\/h3>\n<p dir=\"auto\">Envie d'une vapeur cristalline avec jusqu'\u00e0 8.000 bouff\u00e9es ? Maintenant, la <strong>AL Fakher 8k Crystal<\/strong> Exp\u00e9dition rapide depuis l'Europe !<\/p>","protected":false},"excerpt":{"rendered":"<p dir=\"auto\">AL Fakher 8k Crystal de AL Fakher Vape - l'e-cigarette transparente Crystal jetable avec jusqu'\u00e0 8000 bouff\u00e9es. 18 ml d'e-liquide, batterie rechargeable de 1200 mAh, coil Dual Mesh 0,65 \u03a9 et \u00e9cran num\u00e9rique avec affichage de la batterie et du liquide. 10 ar\u00f4mes savoureux et 0,5% de nicotine douce en font un produit phare pour les amateurs d'al fakher vape 8000 et d'al fakher crown bar 8000.<\/p>","protected":false},"featured_media":5149,"comment_status":"open","ping_status":"closed","template":"","meta":[],"product_brand":[68],"product_cat":[37],"product_tag":[],"class_list":{"0":"post-5148","1":"product","2":"type-product","3":"status-publish","4":"has-post-thumbnail","6":"product_brand-al-fakher","7":"product_cat-puff-8k","9":"first","10":"instock","11":"shipping-taxable","12":"purchasable","13":"product-type-variable"},"yoast_head":"<!-- This site is optimized with the Yoast SEO plugin v27.1.1 - https:\/\/yoast.com\/product\/yoast-seo-wordpress\/ -->\n<title>AL Fakher 8k Crystal \u2013 AL Fakher Crystal Vape 8000 Z\u00fcge - AiVape | Premium E-Zigaretten &amp; Vape Shop Deutschland<\/title>\n<meta name=\"description\" content=\"AL Fakher 8k Crystal von AL Fakher Crystal Vape: Bis 8.000 Z\u00fcge, 18 ml E-Liquid, 1200 mAh Akku, Dual Mesh Coil und 10 Aromen.\" \/>\n<meta name=\"robots\" content=\"index, follow, max-snippet:-1, max-image-preview:large, max-video-preview:-1\" \/>\n<link rel=\"canonical\" href=\"https:\/\/aivape.de\/fr\/product\/al-fakher-8k-crystal-al-fakher-crystal-vape-8000-zuege\/\" \/>\n<meta property=\"og:locale\" content=\"fr_FR\" \/>\n<meta property=\"og:type\" content=\"article\" \/>\n<meta property=\"og:title\" content=\"AL Fakher 8k Crystal \u2013 AL Fakher Crystal Vape 8000 Z\u00fcge - AiVape | Premium E-Zigaretten &amp; Vape Shop Deutschland\" \/>\n<meta property=\"og:description\" content=\"AL Fakher 8k Crystal von AL Fakher Crystal Vape: Bis 8.000 Z\u00fcge, 18 ml E-Liquid, 1200 mAh Akku, Dual Mesh Coil und 10 Aromen.\" \/>\n<meta property=\"og:url\" content=\"https:\/\/aivape.de\/fr\/product\/al-fakher-8k-crystal-al-fakher-crystal-vape-8000-zuege\/\" \/>\n<meta property=\"og:site_name\" content=\"AiVape | Premium E-Zigaretten &amp; Vape Shop Deutschland\" \/>\n<meta property=\"article:modified_time\" content=\"2026-04-10T10:40:40+00:00\" \/>\n<meta property=\"og:image\" content=\"https:\/\/aivape.de\/wp-content\/uploads\/2026\/04\/al-fakher-8000-crystal-8000-puffar.webp\" \/>\n\t<meta property=\"og:image:width\" content=\"800\" \/>\n\t<meta property=\"og:image:height\" content=\"800\" \/>\n\t<meta property=\"og:image:type\" content=\"image\/webp\" \/>\n<meta name=\"twitter:card\" content=\"summary_large_image\" \/>\n<meta name=\"twitter:label1\" content=\"Dur\u00e9e de lecture estim\u00e9e\" \/>\n\t<meta name=\"twitter:data1\" content=\"3 minutes\" \/>\n<script type=\"application\/ld+json\" class=\"yoast-schema-graph\">{\"@context\":\"https:\/\/schema.org\",\"@graph\":[{\"@type\":\"WebPage\",\"@id\":\"https:\/\/aivape.de\/produkt\/al-fakher-8k-crystal-al-fakher-crystal-vape-8000-zuege\/\",\"url\":\"https:\/\/aivape.de\/produkt\/al-fakher-8k-crystal-al-fakher-crystal-vape-8000-zuege\/\",\"name\":\"AL Fakher 8k Crystal \u2013 AL Fakher Crystal Vape 8000 Z\u00fcge - AiVape | Premium E-Zigaretten &amp; Vape Shop Deutschland\",\"isPartOf\":{\"@id\":\"https:\/\/aivape.de\/#website\"},\"primaryImageOfPage\":{\"@id\":\"https:\/\/aivape.de\/produkt\/al-fakher-8k-crystal-al-fakher-crystal-vape-8000-zuege\/#primaryimage\"},\"image\":{\"@id\":\"https:\/\/aivape.de\/produkt\/al-fakher-8k-crystal-al-fakher-crystal-vape-8000-zuege\/#primaryimage\"},\"thumbnailUrl\":\"https:\/\/aivape.de\/wp-content\/uploads\/2026\/04\/al-fakher-8000-crystal-8000-puffar.webp\",\"datePublished\":\"2026-04-10T10:27:31+00:00\",\"dateModified\":\"2026-04-10T10:40:40+00:00\",\"description\":\"AL Fakher 8k Crystal von AL Fakher Crystal Vape: Bis 8.000 Z\u00fcge, 18 ml E-Liquid, 1200 mAh Akku, Dual Mesh Coil und 10 Aromen.\",\"breadcrumb\":{\"@id\":\"https:\/\/aivape.de\/produkt\/al-fakher-8k-crystal-al-fakher-crystal-vape-8000-zuege\/#breadcrumb\"},\"inLanguage\":\"fr-FR\",\"potentialAction\":[{\"@type\":\"ReadAction\",\"target\":[\"https:\/\/aivape.de\/produkt\/al-fakher-8k-crystal-al-fakher-crystal-vape-8000-zuege\/\"]}]},{\"@type\":\"ImageObject\",\"inLanguage\":\"fr-FR\",\"@id\":\"https:\/\/aivape.de\/produkt\/al-fakher-8k-crystal-al-fakher-crystal-vape-8000-zuege\/#primaryimage\",\"url\":\"https:\/\/aivape.de\/wp-content\/uploads\/2026\/04\/al-fakher-8000-crystal-8000-puffar.webp\",\"contentUrl\":\"https:\/\/aivape.de\/wp-content\/uploads\/2026\/04\/al-fakher-8000-crystal-8000-puffar.webp\",\"width\":800,\"height\":800,\"caption\":\"al-fakher-8000-crystal-8000-puffar\"},{\"@type\":\"BreadcrumbList\",\"@id\":\"https:\/\/aivape.de\/produkt\/al-fakher-8k-crystal-al-fakher-crystal-vape-8000-zuege\/#breadcrumb\",\"itemListElement\":[{\"@type\":\"ListItem\",\"position\":1,\"name\":\"Home\",\"item\":\"https:\/\/aivape.de\/\"},{\"@type\":\"ListItem\",\"position\":2,\"name\":\"Shop\",\"item\":\"https:\/\/aivape.de\/shop\/\"},{\"@type\":\"ListItem\",\"position\":3,\"name\":\"AL Fakher 8k Crystal \u2013 AL Fakher Crystal Vape 8000 Z\u00fcge\"}]},{\"@type\":\"WebSite\",\"@id\":\"https:\/\/aivape.de\/#website\",\"url\":\"https:\/\/aivape.de\/\",\"name\":\"AiVape | Premium E-Zigaretten &amp; Vape Shop Deutschland\",\"description\":\"Dein Experte f\u00fcr Vozol, Bang King &amp; Hifancy Vapes \u2013 Schneller EU-Versand\",\"potentialAction\":[{\"@type\":\"SearchAction\",\"target\":{\"@type\":\"EntryPoint\",\"urlTemplate\":\"https:\/\/aivape.de\/?s={search_term_string}\"},\"query-input\":{\"@type\":\"PropertyValueSpecification\",\"valueRequired\":true,\"valueName\":\"search_term_string\"}}],\"inLanguage\":\"fr-FR\"}]}<\/script>\n<!-- \/ Yoast SEO plugin. -->","yoast_head_json":{"title":"AL Fakher 8k Crystal \u2013 AL Fakher Crystal Vape 8000 Z\u00fcge - AiVape | Premium E-Zigaretten &amp; Vape Shop Deutschland","description":"AL Fakher 8k Crystal de AL Fakher Crystal Vape : jusqu'\u00e0 8.000 bouff\u00e9es, 18 ml d'e-liquide, batterie 1200 mAh, coil Dual Mesh et 10 ar\u00f4mes.","robots":{"index":"index","follow":"follow","max-snippet":"max-snippet:-1","max-image-preview":"max-image-preview:large","max-video-preview":"max-video-preview:-1"},"canonical":"https:\/\/aivape.de\/fr\/product\/al-fakher-8k-crystal-al-fakher-crystal-vape-8000-zuege\/","og_locale":"fr_FR","og_type":"article","og_title":"AL Fakher 8k Crystal \u2013 AL Fakher Crystal Vape 8000 Z\u00fcge - AiVape | Premium E-Zigaretten &amp; Vape Shop Deutschland","og_description":"AL Fakher 8k Crystal von AL Fakher Crystal Vape: Bis 8.000 Z\u00fcge, 18 ml E-Liquid, 1200 mAh Akku, Dual Mesh Coil und 10 Aromen.","og_url":"https:\/\/aivape.de\/fr\/product\/al-fakher-8k-crystal-al-fakher-crystal-vape-8000-zuege\/","og_site_name":"AiVape | Premium E-Zigaretten &amp; Vape Shop Deutschland","article_modified_time":"2026-04-10T10:40:40+00:00","og_image":[{"width":800,"height":800,"url":"https:\/\/aivape.de\/wp-content\/uploads\/2026\/04\/al-fakher-8000-crystal-8000-puffar.webp","type":"image\/webp"}],"twitter_card":"summary_large_image","twitter_misc":{"Dur\u00e9e de lecture estim\u00e9e":"3 minutes"},"schema":{"@context":"https:\/\/schema.org","@graph":[{"@type":"WebPage","@id":"https:\/\/aivape.de\/produkt\/al-fakher-8k-crystal-al-fakher-crystal-vape-8000-zuege\/","url":"https:\/\/aivape.de\/produkt\/al-fakher-8k-crystal-al-fakher-crystal-vape-8000-zuege\/","name":"AL Fakher 8k Crystal \u2013 AL Fakher Crystal Vape 8000 Z\u00fcge - AiVape | Premium E-Zigaretten &amp; Vape Shop Deutschland","isPartOf":{"@id":"https:\/\/aivape.de\/#website"},"primaryImageOfPage":{"@id":"https:\/\/aivape.de\/produkt\/al-fakher-8k-crystal-al-fakher-crystal-vape-8000-zuege\/#primaryimage"},"image":{"@id":"https:\/\/aivape.de\/produkt\/al-fakher-8k-crystal-al-fakher-crystal-vape-8000-zuege\/#primaryimage"},"thumbnailUrl":"https:\/\/aivape.de\/wp-content\/uploads\/2026\/04\/al-fakher-8000-crystal-8000-puffar.webp","datePublished":"2026-04-10T10:27:31+00:00","dateModified":"2026-04-10T10:40:40+00:00","description":"AL Fakher 8k Crystal de AL Fakher Crystal Vape : jusqu'\u00e0 8.000 bouff\u00e9es, 18 ml d'e-liquide, batterie 1200 mAh, coil Dual Mesh et 10 ar\u00f4mes.","breadcrumb":{"@id":"https:\/\/aivape.de\/produkt\/al-fakher-8k-crystal-al-fakher-crystal-vape-8000-zuege\/#breadcrumb"},"inLanguage":"fr-FR","potentialAction":[{"@type":"ReadAction","target":["https:\/\/aivape.de\/produkt\/al-fakher-8k-crystal-al-fakher-crystal-vape-8000-zuege\/"]}]},{"@type":"ImageObject","inLanguage":"fr-FR","@id":"https:\/\/aivape.de\/produkt\/al-fakher-8k-crystal-al-fakher-crystal-vape-8000-zuege\/#primaryimage","url":"https:\/\/aivape.de\/wp-content\/uploads\/2026\/04\/al-fakher-8000-crystal-8000-puffar.webp","contentUrl":"https:\/\/aivape.de\/wp-content\/uploads\/2026\/04\/al-fakher-8000-crystal-8000-puffar.webp","width":800,"height":800,"caption":"al-fakher-8000-crystal-8000-puffar"},{"@type":"BreadcrumbList","@id":"https:\/\/aivape.de\/produkt\/al-fakher-8k-crystal-al-fakher-crystal-vape-8000-zuege\/#breadcrumb","itemListElement":[{"@type":"ListItem","position":1,"name":"Home","item":"https:\/\/aivape.de\/"},{"@type":"ListItem","position":2,"name":"Shop","item":"https:\/\/aivape.de\/shop\/"},{"@type":"ListItem","position":3,"name":"AL Fakher 8k Crystal \u2013 AL Fakher Crystal Vape 8000 Z\u00fcge"}]},{"@type":"WebSite","@id":"https:\/\/aivape.de\/#website","url":"https:\/\/aivape.de\/","name":"AiVape | Premium E-Zigaretten &amp; Vape Shop Deutschland","description":"Dein Experte f\u00fcr Vozol, Bang King &amp; Hifancy Vapes \u2013 Schneller EU-Versand","potentialAction":[{"@type":"SearchAction","target":{"@type":"EntryPoint","urlTemplate":"https:\/\/aivape.de\/?s={search_term_string}"},"query-input":{"@type":"PropertyValueSpecification","valueRequired":true,"valueName":"search_term_string"}}],"inLanguage":"fr-FR"}]}},"tiered_pricing_type":"fixed","tiered_pricing_fixed_rules":{"30":"10.26","50":"8.14","100":"7.72","200":"6.87"},"tiered_pricing_product_settings":{"layout":"default","base_unit_name":{"singular":null,"plural":null},"default_variation":null},"tiered_pricing_minimum_quantity":10,"tiered_pricing_roles_data":[],"tiered_pricing_percentage_rules":[],"tiered_pricing_maximum_quantity":null,"tiered_pricing_quantity_step":"10","_links":{"self":[{"href":"https:\/\/aivape.de\/fr\/wp-json\/wp\/v2\/product\/5148","targetHints":{"allow":["GET"]}}],"collection":[{"href":"https:\/\/aivape.de\/fr\/wp-json\/wp\/v2\/product"}],"about":[{"href":"https:\/\/aivape.de\/fr\/wp-json\/wp\/v2\/types\/product"}],"replies":[{"embeddable":true,"href":"https:\/\/aivape.de\/fr\/wp-json\/wp\/v2\/comments?post=5148"}],"version-history":[{"count":1,"href":"https:\/\/aivape.de\/fr\/wp-json\/wp\/v2\/product\/5148\/revisions"}],"predecessor-version":[{"id":5232,"href":"https:\/\/aivape.de\/fr\/wp-json\/wp\/v2\/product\/5148\/revisions\/5232"}],"wp:featuredmedia":[{"embeddable":true,"href":"https:\/\/aivape.de\/fr\/wp-json\/wp\/v2\/media\/5149"}],"wp:attachment":[{"href":"https:\/\/aivape.de\/fr\/wp-json\/wp\/v2\/media?parent=5148"}],"wp:term":[{"taxonomy":"product_brand","embeddable":true,"href":"https:\/\/aivape.de\/fr\/wp-json\/wp\/v2\/product_brand?post=5148"},{"taxonomy":"product_cat","embeddable":true,"href":"https:\/\/aivape.de\/fr\/wp-json\/wp\/v2\/product_cat?post=5148"},{"taxonomy":"product_tag","embeddable":true,"href":"https:\/\/aivape.de\/fr\/wp-json\/wp\/v2\/product_tag?post=5148"}],"curies":[{"name":"wp","href":"https:\/\/api.w.org\/{rel}","templated":true}]}}