{"id":5084,"date":"2026-04-10T10:29:06","date_gmt":"2026-04-10T08:29:06","guid":{"rendered":"https:\/\/aivape.de\/?post_type=product&#038;p=5084"},"modified":"2026-04-10T10:29:06","modified_gmt":"2026-04-10T08:29:06","slug":"jnr-falcon-x-18000-jnr-vape-18000-zuege-einweg","status":"publish","type":"product","link":"https:\/\/aivape.de\/fr\/product\/jnr-falcon-x-18000-jnr-vape-18000-zuege-einweg\/","title":{"rendered":"JNR Falcon X 18000 - JNR Vape 18000 bouff\u00e9es jetables"},"content":{"rendered":"<h1 dir=\"auto\">JNR Falcon X 18000 - JNR Vape 18000 bouff\u00e9es d'e-cigarette rechargeable jetable<\/h1>\n<p dir=\"auto\">Le site <strong>JNR Falcon X 18000<\/strong> de <strong>JNR Vape<\/strong> est l'\u00e9quilibre parfait entre performance et confort. Avec jusqu'\u00e0 <strong>18 000 trains<\/strong>, un r\u00e9servoir d'e-liquide de 24 ml et une batterie rechargeable de 950 mAh, elle offre un plaisir de vapotage de longue dur\u00e9e sans avoir \u00e0 la recharger fr\u00e9quemment. La technologie avanc\u00e9e Dual Mesh Coil &amp; Dual Core (0,6 \u03a9 Mesh Coil) assure une vapeur dense et un go\u00fbt pur et intense de la premi\u00e8re \u00e0 la derni\u00e8re bouff\u00e9e.<\/p>\n<p dir=\"auto\">L'\u00e9cran num\u00e9rique affiche clairement l'\u00e9tat de la batterie et le niveau de liquide restant. Le flux d'air r\u00e9glable permet d'adapter individuellement la r\u00e9sistance au tirage - du tirage \u00e9troit MTL au tirage ouvert DL. 20 saveurs d\u00e9licieuses et 2% de nicotine compl\u00e8tent l'exp\u00e9rience.<\/p>\n<h2 dir=\"auto\"><strong>Pourquoi la JNR Falcon X 18000 est convaincante<\/strong><\/h2>\n<ul dir=\"auto\">\n<li><strong>Jusqu'\u00e0 18.000 trains<\/strong> - longue dur\u00e9e de fonctionnement pour un vapotage d\u00e9tendu<\/li>\n<li><strong>Capacit\u00e9 de 24 ml d'e-liquide<\/strong> - suffisant pour de nombreuses sessions intensives<\/li>\n<li><strong>batterie rechargeable de 950 mAh<\/strong> - avec un connecteur Type-C pratique<\/li>\n<li><strong>Dual Mesh Coil &amp; Dual Core (0,6 \u03a9)<\/strong> - pour une vapeur dense et un go\u00fbt plein<\/li>\n<li><strong>\u00c9cran num\u00e9rique<\/strong> - affichage clair du niveau de la batterie et du liquide<\/li>\n<li><strong>D\u00e9bit d'air r\u00e9glable<\/strong> - adaptable individuellement \u00e0 chaque style de traction<\/li>\n<li><strong>20 ar\u00f4mes vari\u00e9s<\/strong> - grand choix pour tous les go\u00fbts<\/li>\n<li><strong>2% Nicotine<\/strong> - \u00e9paisseur agr\u00e9able et constante<\/li>\n<\/ul>\n<p dir=\"auto\">Le site <strong>JNR Falcon X 18000<\/strong> allie une technologie moderne \u00e0 une grande fiabilit\u00e9 et est le choix id\u00e9al pour tous les <strong>jnr vape<\/strong> Les utilisateurs qui accordent de l'importance aux performances et au go\u00fbt.<\/p>\n<h3 dir=\"auto\">Sp\u00e9cifications techniques<\/h3>\n<table>\n<thead>\n<tr>\n<th data-col-size=\"md\">Param\u00e8tres<\/th>\n<th data-col-size=\"lg\">D\u00e9tails<\/th>\n<\/tr>\n<\/thead>\n<tbody>\n<tr>\n<td data-col-size=\"md\">Marque<\/td>\n<td data-col-size=\"lg\">JNR Vape<\/td>\n<\/tr>\n<tr>\n<td data-col-size=\"md\">Mod\u00e8le<\/td>\n<td data-col-size=\"lg\">JNR Falcon X 18000<\/td>\n<\/tr>\n<tr>\n<td data-col-size=\"md\">Trains<\/td>\n<td data-col-size=\"lg\">jusqu'\u00e0 18.000 trains<\/td>\n<\/tr>\n<tr>\n<td data-col-size=\"md\">Capacit\u00e9 d'e-liquide<\/td>\n<td data-col-size=\"lg\">24 ml pr\u00e9-rempli<\/td>\n<\/tr>\n<tr>\n<td data-col-size=\"md\">Batterie<\/td>\n<td data-col-size=\"lg\">950 mAh rechargeable<\/td>\n<\/tr>\n<tr>\n<td data-col-size=\"md\">Prise de charge<\/td>\n<td data-col-size=\"lg\">Type-C<\/td>\n<\/tr>\n<tr>\n<td data-col-size=\"md\">\u00c9vaporateur<\/td>\n<td data-col-size=\"lg\">0,6 \u03a9 Dual Mesh Coil &amp; Dual Core<\/td>\n<\/tr>\n<tr>\n<td data-col-size=\"md\">Flux d'air<\/td>\n<td data-col-size=\"lg\">r\u00e9glable (Adjustable Airflow)<\/td>\n<\/tr>\n<tr>\n<td data-col-size=\"md\">\u00c9cran<\/td>\n<td data-col-size=\"lg\">Affichage num\u00e9rique<\/td>\n<\/tr>\n<tr>\n<td data-col-size=\"md\">Taux de nicotine<\/td>\n<td data-col-size=\"lg\">2 %<\/td>\n<\/tr>\n<tr>\n<td data-col-size=\"md\">Go\u00fbts<\/td>\n<td data-col-size=\"lg\">20 ar\u00f4mes<\/td>\n<\/tr>\n<\/tbody>\n<\/table>\n<h2 dir=\"auto\">Sc\u00e9narios d'utilisation<\/h2>\n<p dir=\"auto\">Que ce soit sur le chemin du travail, en faisant du sport, en voyageant ou en <strong>JNR Falcon X 18000<\/strong> fournit une vapeur fiable et riche en go\u00fbt pendant une longue p\u00e9riode. Gr\u00e2ce au grand r\u00e9servoir et \u00e0 la batterie puissante, vous devez rarement recharger. L'\u00e9cran num\u00e9rique et le flux d'air r\u00e9glable assurent un contr\u00f4le et un confort maximum. Parfait pour les fumeurs exp\u00e9riment\u00e9s <strong>jnr vape<\/strong> Les utilisateurs et tous ceux qui recherchent une e-cigarette jetable performante.<\/p>\n<h3 dir=\"auto\">FAQ<\/h3>\n<p dir=\"auto\"><strong>Q : Combien de trains a le JNR Falcon X 18000 ?<\/strong> R : Jusqu'\u00e0 18 000 bouff\u00e9es, selon l'utilisation personnelle.<\/p>\n<p dir=\"auto\"><strong>Q : L'appareil est-il rechargeable ?<\/strong> R : Oui, avec une batterie de 950 mAh et un chargement de type C.<\/p>\n<p dir=\"auto\"><strong>Q : Quel est son taux de nicotine ?<\/strong> A : 2% Nicotine.<\/p>\n<p dir=\"auto\"><strong>Q : Est-il possible d'ajuster le flux d'air ?<\/strong> R : Oui, le flux d'air peut \u00eatre r\u00e9gl\u00e9 individuellement.<\/p>\n<h3 dir=\"auto\">CTA<\/h3>\n<p dir=\"auto\">Pr\u00eat pour une vapeur forte et longue ? Maintenant, la <strong>JNR Falcon X 18000<\/strong> de <strong>JNR Vape<\/strong> s\u00e9curiser !<\/p>","protected":false},"excerpt":{"rendered":"<p dir=\"auto\">JNR Falcon X 18000 de JNR Vape - la puissante e-cigarette jetable avec jusqu'\u00e0 18.000 bouff\u00e9es. 24 ml d'e-liquide, une batterie rechargeable de 950 mAh, un coil Dual Mesh et un flux d'air r\u00e9glable garantissent un go\u00fbt intense. 20 ar\u00f4mes et 2% de nicotine en font la vape id\u00e9ale au quotidien pour les fans de jnr vape.<\/p>","protected":false},"featured_media":5085,"comment_status":"open","ping_status":"closed","template":"","meta":[],"product_brand":[74],"product_cat":[40],"product_tag":[],"class_list":{"0":"post-5084","1":"product","2":"type-product","3":"status-publish","4":"has-post-thumbnail","6":"product_brand-jnr","7":"product_cat-puff-18k","9":"first","10":"instock","11":"shipping-taxable","12":"purchasable","13":"product-type-variable"},"yoast_head":"<!-- This site is optimized with the Yoast SEO plugin v27.1.1 - https:\/\/yoast.com\/product\/yoast-seo-wordpress\/ -->\n<title>JNR Falcon X 18000 \u2013 JNR Vape 18000 Z\u00fcge Einweg - AiVape | Premium E-Zigaretten &amp; Vape Shop Deutschland<\/title>\n<meta name=\"description\" content=\"NR Falcon X 18000 von JNR Vape: Bis 18.000 Z\u00fcge, 24 ml E-Liquid, 950 mAh Akku mit Digital Display. Dual Mesh Coil, 20 Aromen &amp; 2% Nikotin.\" \/>\n<meta name=\"robots\" content=\"index, follow, max-snippet:-1, max-image-preview:large, max-video-preview:-1\" \/>\n<link rel=\"canonical\" href=\"https:\/\/aivape.de\/fr\/product\/jnr-falcon-x-18000-jnr-vape-18000-zuege-einweg\/\" \/>\n<meta property=\"og:locale\" content=\"fr_FR\" \/>\n<meta property=\"og:type\" content=\"article\" \/>\n<meta property=\"og:title\" content=\"JNR Falcon X 18000 \u2013 JNR Vape 18000 Z\u00fcge Einweg - AiVape | Premium E-Zigaretten &amp; Vape Shop Deutschland\" \/>\n<meta property=\"og:description\" content=\"NR Falcon X 18000 von JNR Vape: Bis 18.000 Z\u00fcge, 24 ml E-Liquid, 950 mAh Akku mit Digital Display. Dual Mesh Coil, 20 Aromen &amp; 2% Nikotin.\" \/>\n<meta property=\"og:url\" content=\"https:\/\/aivape.de\/fr\/product\/jnr-falcon-x-18000-jnr-vape-18000-zuege-einweg\/\" \/>\n<meta property=\"og:site_name\" content=\"AiVape | Premium E-Zigaretten &amp; Vape Shop Deutschland\" \/>\n<meta property=\"og:image\" content=\"https:\/\/aivape.de\/wp-content\/uploads\/2026\/04\/jnr-falcon-x-18000-18k-puffs-disposable-vape-adjustable-airflow-eu-warehouse-5-grape-ice.webp\" \/>\n\t<meta property=\"og:image:width\" content=\"800\" \/>\n\t<meta property=\"og:image:height\" content=\"800\" \/>\n\t<meta property=\"og:image:type\" content=\"image\/webp\" \/>\n<meta name=\"twitter:card\" content=\"summary_large_image\" \/>\n<meta name=\"twitter:label1\" content=\"Dur\u00e9e de lecture estim\u00e9e\" \/>\n\t<meta name=\"twitter:data1\" content=\"3 minutes\" \/>\n<script type=\"application\/ld+json\" class=\"yoast-schema-graph\">{\"@context\":\"https:\/\/schema.org\",\"@graph\":[{\"@type\":\"WebPage\",\"@id\":\"https:\/\/aivape.de\/produkt\/jnr-falcon-x-18000-jnr-vape-18000-zuege-einweg\/\",\"url\":\"https:\/\/aivape.de\/produkt\/jnr-falcon-x-18000-jnr-vape-18000-zuege-einweg\/\",\"name\":\"JNR Falcon X 18000 \u2013 JNR Vape 18000 Z\u00fcge Einweg - AiVape | Premium E-Zigaretten &amp; Vape Shop Deutschland\",\"isPartOf\":{\"@id\":\"https:\/\/aivape.de\/#website\"},\"primaryImageOfPage\":{\"@id\":\"https:\/\/aivape.de\/produkt\/jnr-falcon-x-18000-jnr-vape-18000-zuege-einweg\/#primaryimage\"},\"image\":{\"@id\":\"https:\/\/aivape.de\/produkt\/jnr-falcon-x-18000-jnr-vape-18000-zuege-einweg\/#primaryimage\"},\"thumbnailUrl\":\"https:\/\/aivape.de\/wp-content\/uploads\/2026\/04\/jnr-falcon-x-18000-18k-puffs-disposable-vape-adjustable-airflow-eu-warehouse-5-grape-ice.webp\",\"datePublished\":\"2026-04-10T08:29:06+00:00\",\"description\":\"NR Falcon X 18000 von JNR Vape: Bis 18.000 Z\u00fcge, 24 ml E-Liquid, 950 mAh Akku mit Digital Display. Dual Mesh Coil, 20 Aromen & 2% Nikotin.\",\"breadcrumb\":{\"@id\":\"https:\/\/aivape.de\/produkt\/jnr-falcon-x-18000-jnr-vape-18000-zuege-einweg\/#breadcrumb\"},\"inLanguage\":\"fr-FR\",\"potentialAction\":[{\"@type\":\"ReadAction\",\"target\":[\"https:\/\/aivape.de\/produkt\/jnr-falcon-x-18000-jnr-vape-18000-zuege-einweg\/\"]}]},{\"@type\":\"ImageObject\",\"inLanguage\":\"fr-FR\",\"@id\":\"https:\/\/aivape.de\/produkt\/jnr-falcon-x-18000-jnr-vape-18000-zuege-einweg\/#primaryimage\",\"url\":\"https:\/\/aivape.de\/wp-content\/uploads\/2026\/04\/jnr-falcon-x-18000-18k-puffs-disposable-vape-adjustable-airflow-eu-warehouse-5-grape-ice.webp\",\"contentUrl\":\"https:\/\/aivape.de\/wp-content\/uploads\/2026\/04\/jnr-falcon-x-18000-18k-puffs-disposable-vape-adjustable-airflow-eu-warehouse-5-grape-ice.webp\",\"width\":800,\"height\":800,\"caption\":\"jnr-falcon-x-18000-18k-puffs-disposable-vape-adjustable-airflow-eu-warehouse-5-grape-ice\"},{\"@type\":\"BreadcrumbList\",\"@id\":\"https:\/\/aivape.de\/produkt\/jnr-falcon-x-18000-jnr-vape-18000-zuege-einweg\/#breadcrumb\",\"itemListElement\":[{\"@type\":\"ListItem\",\"position\":1,\"name\":\"Home\",\"item\":\"https:\/\/aivape.de\/\"},{\"@type\":\"ListItem\",\"position\":2,\"name\":\"Shop\",\"item\":\"https:\/\/aivape.de\/shop\/\"},{\"@type\":\"ListItem\",\"position\":3,\"name\":\"JNR Falcon X 18000 \u2013 JNR Vape 18000 Z\u00fcge Einweg\"}]},{\"@type\":\"WebSite\",\"@id\":\"https:\/\/aivape.de\/#website\",\"url\":\"https:\/\/aivape.de\/\",\"name\":\"AiVape | Premium E-Zigaretten &amp; Vape Shop Deutschland\",\"description\":\"Dein Experte f\u00fcr Vozol, Bang King &amp; Hifancy Vapes \u2013 Schneller EU-Versand\",\"potentialAction\":[{\"@type\":\"SearchAction\",\"target\":{\"@type\":\"EntryPoint\",\"urlTemplate\":\"https:\/\/aivape.de\/?s={search_term_string}\"},\"query-input\":{\"@type\":\"PropertyValueSpecification\",\"valueRequired\":true,\"valueName\":\"search_term_string\"}}],\"inLanguage\":\"fr-FR\"}]}<\/script>\n<!-- \/ Yoast SEO plugin. -->","yoast_head_json":{"title":"JNR Falcon X 18000 \u2013 JNR Vape 18000 Z\u00fcge Einweg - AiVape | Premium E-Zigaretten &amp; Vape Shop Deutschland","description":"NR Falcon X 18000 de JNR Vape : jusqu'\u00e0 18.000 bouff\u00e9es, 24 ml d'e-liquide, batterie 950 mAh avec \u00e9cran digital. Dual Mesh Coil, 20 ar\u00f4mes &amp; 2% nicotine.","robots":{"index":"index","follow":"follow","max-snippet":"max-snippet:-1","max-image-preview":"max-image-preview:large","max-video-preview":"max-video-preview:-1"},"canonical":"https:\/\/aivape.de\/fr\/product\/jnr-falcon-x-18000-jnr-vape-18000-zuege-einweg\/","og_locale":"fr_FR","og_type":"article","og_title":"JNR Falcon X 18000 \u2013 JNR Vape 18000 Z\u00fcge Einweg - AiVape | Premium E-Zigaretten &amp; Vape Shop Deutschland","og_description":"NR Falcon X 18000 von JNR Vape: Bis 18.000 Z\u00fcge, 24 ml E-Liquid, 950 mAh Akku mit Digital Display. Dual Mesh Coil, 20 Aromen & 2% Nikotin.","og_url":"https:\/\/aivape.de\/fr\/product\/jnr-falcon-x-18000-jnr-vape-18000-zuege-einweg\/","og_site_name":"AiVape | Premium E-Zigaretten &amp; Vape Shop Deutschland","og_image":[{"width":800,"height":800,"url":"https:\/\/aivape.de\/wp-content\/uploads\/2026\/04\/jnr-falcon-x-18000-18k-puffs-disposable-vape-adjustable-airflow-eu-warehouse-5-grape-ice.webp","type":"image\/webp"}],"twitter_card":"summary_large_image","twitter_misc":{"Dur\u00e9e de lecture estim\u00e9e":"3 minutes"},"schema":{"@context":"https:\/\/schema.org","@graph":[{"@type":"WebPage","@id":"https:\/\/aivape.de\/produkt\/jnr-falcon-x-18000-jnr-vape-18000-zuege-einweg\/","url":"https:\/\/aivape.de\/produkt\/jnr-falcon-x-18000-jnr-vape-18000-zuege-einweg\/","name":"JNR Falcon X 18000 \u2013 JNR Vape 18000 Z\u00fcge Einweg - AiVape | Premium E-Zigaretten &amp; Vape Shop Deutschland","isPartOf":{"@id":"https:\/\/aivape.de\/#website"},"primaryImageOfPage":{"@id":"https:\/\/aivape.de\/produkt\/jnr-falcon-x-18000-jnr-vape-18000-zuege-einweg\/#primaryimage"},"image":{"@id":"https:\/\/aivape.de\/produkt\/jnr-falcon-x-18000-jnr-vape-18000-zuege-einweg\/#primaryimage"},"thumbnailUrl":"https:\/\/aivape.de\/wp-content\/uploads\/2026\/04\/jnr-falcon-x-18000-18k-puffs-disposable-vape-adjustable-airflow-eu-warehouse-5-grape-ice.webp","datePublished":"2026-04-10T08:29:06+00:00","description":"NR Falcon X 18000 de JNR Vape : jusqu'\u00e0 18.000 bouff\u00e9es, 24 ml d'e-liquide, batterie 950 mAh avec \u00e9cran digital. Dual Mesh Coil, 20 ar\u00f4mes &amp; 2% nicotine.","breadcrumb":{"@id":"https:\/\/aivape.de\/produkt\/jnr-falcon-x-18000-jnr-vape-18000-zuege-einweg\/#breadcrumb"},"inLanguage":"fr-FR","potentialAction":[{"@type":"ReadAction","target":["https:\/\/aivape.de\/produkt\/jnr-falcon-x-18000-jnr-vape-18000-zuege-einweg\/"]}]},{"@type":"ImageObject","inLanguage":"fr-FR","@id":"https:\/\/aivape.de\/produkt\/jnr-falcon-x-18000-jnr-vape-18000-zuege-einweg\/#primaryimage","url":"https:\/\/aivape.de\/wp-content\/uploads\/2026\/04\/jnr-falcon-x-18000-18k-puffs-disposable-vape-adjustable-airflow-eu-warehouse-5-grape-ice.webp","contentUrl":"https:\/\/aivape.de\/wp-content\/uploads\/2026\/04\/jnr-falcon-x-18000-18k-puffs-disposable-vape-adjustable-airflow-eu-warehouse-5-grape-ice.webp","width":800,"height":800,"caption":"jnr-falcon-x-18000-18k-puffs-disposable-vape-adjustable-airflow-eu-warehouse-5-grape-ice"},{"@type":"BreadcrumbList","@id":"https:\/\/aivape.de\/produkt\/jnr-falcon-x-18000-jnr-vape-18000-zuege-einweg\/#breadcrumb","itemListElement":[{"@type":"ListItem","position":1,"name":"Home","item":"https:\/\/aivape.de\/"},{"@type":"ListItem","position":2,"name":"Shop","item":"https:\/\/aivape.de\/shop\/"},{"@type":"ListItem","position":3,"name":"JNR Falcon X 18000 \u2013 JNR Vape 18000 Z\u00fcge Einweg"}]},{"@type":"WebSite","@id":"https:\/\/aivape.de\/#website","url":"https:\/\/aivape.de\/","name":"AiVape | Premium E-Zigaretten &amp; Vape Shop Deutschland","description":"Dein Experte f\u00fcr Vozol, Bang King &amp; Hifancy Vapes \u2013 Schneller EU-Versand","potentialAction":[{"@type":"SearchAction","target":{"@type":"EntryPoint","urlTemplate":"https:\/\/aivape.de\/?s={search_term_string}"},"query-input":{"@type":"PropertyValueSpecification","valueRequired":true,"valueName":"search_term_string"}}],"inLanguage":"fr-FR"}]}},"tiered_pricing_type":"fixed","tiered_pricing_fixed_rules":{"30":"11.75","50":"9.21","100":"8.36","200":"7.51"},"tiered_pricing_product_settings":{"layout":"default","base_unit_name":{"singular":null,"plural":null},"default_variation":null},"tiered_pricing_minimum_quantity":10,"tiered_pricing_roles_data":[],"tiered_pricing_percentage_rules":[],"tiered_pricing_maximum_quantity":null,"tiered_pricing_quantity_step":"10","_links":{"self":[{"href":"https:\/\/aivape.de\/fr\/wp-json\/wp\/v2\/product\/5084","targetHints":{"allow":["GET"]}}],"collection":[{"href":"https:\/\/aivape.de\/fr\/wp-json\/wp\/v2\/product"}],"about":[{"href":"https:\/\/aivape.de\/fr\/wp-json\/wp\/v2\/types\/product"}],"replies":[{"embeddable":true,"href":"https:\/\/aivape.de\/fr\/wp-json\/wp\/v2\/comments?post=5084"}],"version-history":[{"count":1,"href":"https:\/\/aivape.de\/fr\/wp-json\/wp\/v2\/product\/5084\/revisions"}],"predecessor-version":[{"id":5147,"href":"https:\/\/aivape.de\/fr\/wp-json\/wp\/v2\/product\/5084\/revisions\/5147"}],"wp:featuredmedia":[{"embeddable":true,"href":"https:\/\/aivape.de\/fr\/wp-json\/wp\/v2\/media\/5085"}],"wp:attachment":[{"href":"https:\/\/aivape.de\/fr\/wp-json\/wp\/v2\/media?parent=5084"}],"wp:term":[{"taxonomy":"product_brand","embeddable":true,"href":"https:\/\/aivape.de\/fr\/wp-json\/wp\/v2\/product_brand?post=5084"},{"taxonomy":"product_cat","embeddable":true,"href":"https:\/\/aivape.de\/fr\/wp-json\/wp\/v2\/product_cat?post=5084"},{"taxonomy":"product_tag","embeddable":true,"href":"https:\/\/aivape.de\/fr\/wp-json\/wp\/v2\/product_tag?post=5084"}],"curies":[{"name":"wp","href":"https:\/\/api.w.org\/{rel}","templated":true}]}}