{"id":5042,"date":"2026-04-10T09:44:15","date_gmt":"2026-04-10T07:44:15","guid":{"rendered":"https:\/\/aivape.de\/?post_type=product&#038;p=5042"},"modified":"2026-04-10T09:44:15","modified_gmt":"2026-04-10T07:44:15","slug":"jnr-falcon-pro-28000-jnr-vape-28000-zuege-einweg","status":"publish","type":"product","link":"https:\/\/aivape.de\/fr\/product\/jnr-falcon-pro-28000-jnr-vape-28000-zuege-einweg\/","title":{"rendered":"JNR Falcon Pro 28000 - JNR Vape 28000 bouff\u00e9es jetables"},"content":{"rendered":"<h1 dir=\"auto\">JNR Falcon Pro 28000 - JNR Vape 28000 bouff\u00e9es d'e-cigarette rechargeable jetable<\/h1>\n<p dir=\"auto\">Le site <strong>JNR Falcon Pro 28000<\/strong> de <strong>JNR Vape<\/strong> \u00e9tablit de nouvelles normes pour les cigarettes \u00e9lectroniques jetables. Avec jusqu'\u00e0 <strong>28 000 trains<\/strong>, Avec son r\u00e9servoir d'e-liquide de 30 ml et sa batterie rechargeable de 950 mAh, elle offre une tr\u00e8s grande autonomie et un go\u00fbt intense - id\u00e9ale pour tous les fumeurs. <strong>jnr vape<\/strong> Les fans qui accordent de l'importance \u00e0 l'endurance.<\/p>\n<p dir=\"auto\">L'\u00e9cran intelligent Smart Screen affiche clairement le niveau de la batterie et du liquide. Une charge de type C, 20 ar\u00f4mes d\u00e9licieux et des taux de nicotine au choix (2 % ou 5 %) en font le compagnon id\u00e9al au quotidien.<\/p>\n<h2 dir=\"auto\"><strong>Pourquoi la JNR Falcon Pro 28000 est convaincante<\/strong><\/h2>\n<ul dir=\"auto\">\n<li><strong>Jusqu'\u00e0 28.000 trains<\/strong> - dur\u00e9e d'utilisation extr\u00eamement longue<\/li>\n<li><strong>30 ml d'e-liquide<\/strong> - pour un go\u00fbt durablement fort et pur<\/li>\n<li><strong>batterie rechargeable de 950 mAh<\/strong> - avec un connecteur Type-C pratique<\/li>\n<li><strong>\u00c9cran intelligent<\/strong> - affichage clair du niveau de la batterie et du liquide<\/li>\n<li><strong>20 saveurs<\/strong> - grand choix pour tous les go\u00fbts<\/li>\n<li><strong>2 % ou 5 % Nicotine<\/strong> - adaptable de mani\u00e8re flexible<\/li>\n<li><strong>Ne p\u00e8se que 132 g<\/strong> - compact et pratique en d\u00e9placement<\/li>\n<li><strong>Camp europ\u00e9en<\/strong> - Exp\u00e9dition en 1-3 jours<\/li>\n<\/ul>\n<p dir=\"auto\"><strong>JNR Vape<\/strong> est synonyme de haute qualit\u00e9 - la <strong>JNR Falcon Pro 28000<\/strong> est le choix fort pour un vapotage long et sans complications.<\/p>\n<h3 dir=\"auto\">Sp\u00e9cifications techniques<\/h3>\n<table>\n<thead>\n<tr>\n<th data-col-size=\"sm\">Param\u00e8tres<\/th>\n<th data-col-size=\"lg\">D\u00e9tails<\/th>\n<\/tr>\n<\/thead>\n<tbody>\n<tr>\n<td data-col-size=\"sm\">Marque<\/td>\n<td data-col-size=\"lg\">JNR Vape<\/td>\n<\/tr>\n<tr>\n<td data-col-size=\"sm\">Mod\u00e8le<\/td>\n<td data-col-size=\"lg\">JNR Falcon Pro 28000<\/td>\n<\/tr>\n<tr>\n<td data-col-size=\"sm\">Trains<\/td>\n<td data-col-size=\"lg\">jusqu'\u00e0 28 000 trains<\/td>\n<\/tr>\n<tr>\n<td data-col-size=\"sm\">Capacit\u00e9 d'e-liquide<\/td>\n<td data-col-size=\"lg\">30 ml pr\u00e9-rempli<\/td>\n<\/tr>\n<tr>\n<td data-col-size=\"sm\">Batterie<\/td>\n<td data-col-size=\"lg\">950 mAh rechargeable<\/td>\n<\/tr>\n<tr>\n<td data-col-size=\"sm\">Prise de charge<\/td>\n<td data-col-size=\"lg\">Type-C<\/td>\n<\/tr>\n<tr>\n<td data-col-size=\"sm\">\u00c9cran<\/td>\n<td data-col-size=\"lg\">\u00c9cran intelligent<\/td>\n<\/tr>\n<tr>\n<td data-col-size=\"sm\">Taux de nicotine<\/td>\n<td data-col-size=\"lg\">2 % ou 5 %<\/td>\n<\/tr>\n<tr>\n<td data-col-size=\"sm\">Go\u00fbts<\/td>\n<td data-col-size=\"lg\">20 ar\u00f4mes<\/td>\n<\/tr>\n<tr>\n<td data-col-size=\"sm\">Poids<\/td>\n<td data-col-size=\"lg\">132 g<\/td>\n<\/tr>\n<tr>\n<td data-col-size=\"sm\">Emballage<\/td>\n<td data-col-size=\"lg\">Paquet de 10<\/td>\n<\/tr>\n<tr>\n<td data-col-size=\"sm\">Exp\u00e9dition<\/td>\n<td data-col-size=\"lg\">Stock europ\u00e9en (1-3 jours)<\/td>\n<\/tr>\n<\/tbody>\n<\/table>\n<h2 dir=\"auto\">Sc\u00e9narios d'utilisation<\/h2>\n<p dir=\"auto\">Que ce soit au quotidien, en voyage, au travail ou pendant les loisirs, les <strong>JNR Falcon Pro 28000<\/strong> offre un plaisir fiable de la vapeur sur une tr\u00e8s longue p\u00e9riode. Gr\u00e2ce au grand r\u00e9servoir et \u00e0 la batterie puissante, vous ne devez recharger l'appareil que rarement. L'\u00e9cran intelligent vous permet de toujours garder le contr\u00f4le. Que vous soyez un vapoteur exp\u00e9riment\u00e9 <strong>jnr vape<\/strong> Ce mod\u00e8le convainc par sa qualit\u00e9 et son confort.<\/p>\n<h4 dir=\"auto\">FAQ<\/h4>\n<p dir=\"auto\"><strong>Q : Combien de trains le JNR Falcon Pro 28000 arr\u00eate-t-il ?<\/strong> R : Jusqu'\u00e0 28 000 trains - selon l'utilisation individuelle.<\/p>\n<p dir=\"auto\"><strong>Q : L'appareil est-il rechargeable ?<\/strong> R : Oui, avec une batterie de 950 mAh et un connecteur Type-C pratique.<\/p>\n<p dir=\"auto\"><strong>Q : Quelles sont les options de nicotine disponibles ?<\/strong> A : 2 % et 5 % de nicotine.<\/p>\n<p dir=\"auto\"><strong>Q : Quel est le d\u00e9lai d'exp\u00e9dition ?<\/strong> R : Au d\u00e9part de l'entrep\u00f4t europ\u00e9en en seulement 1 \u00e0 3 jours.<\/p>\n<h3 dir=\"auto\">CTA<\/h3>\n<p dir=\"auto\">Pr\u00eat pour le plaisir ultime de la vapeur \u00e0 long terme ? Maintenant, la <strong>JNR Falcon Pro 28000<\/strong> de <strong>JNR Vape<\/strong> Exp\u00e9dition rapide depuis l'Europe !<\/p>","protected":false},"excerpt":{"rendered":"<p dir=\"auto\">La JNR Falcon Pro 28000 de JNR Vape est la puissante e-cigarette jetable pour tous ceux qui recherchent une endurance maximale. Avec jusqu'\u00e0 28 000 bouff\u00e9es, un r\u00e9servoir d'e-liquide g\u00e9n\u00e9reux de 30 ml et une batterie rechargeable de 950 mAh, elle offre des heures de plaisir de vapotage intense. L'\u00e9cran intelligent int\u00e9gr\u00e9 affiche clairement le niveau de la batterie et du liquide. 20 ar\u00f4mes savoureux et des taux de nicotine au choix (2 % ou 5 %) en font le compagnon id\u00e9al des fans de jnr vape.<\/p>","protected":false},"featured_media":5022,"comment_status":"open","ping_status":"closed","template":"","meta":[],"product_brand":[74],"product_cat":[42],"product_tag":[],"class_list":{"0":"post-5042","1":"product","2":"type-product","3":"status-publish","4":"has-post-thumbnail","6":"product_brand-jnr","7":"product_cat-puff-28k","9":"first","10":"instock","11":"shipping-taxable","12":"purchasable","13":"product-type-variable"},"yoast_head":"<!-- This site is optimized with the Yoast SEO plugin v27.1.1 - https:\/\/yoast.com\/product\/yoast-seo-wordpress\/ -->\n<title>JNR Falcon Pro 28000 \u2013 JNR Vape 28000 Z\u00fcge Einweg - AiVape | Premium E-Zigaretten &amp; Vape Shop Deutschland<\/title>\n<meta name=\"description\" content=\"JNR Falcon Pro 28000 von JNR Vape: Bis 28.000 Z\u00fcge, 30 ml E-Liquid, 950 mAh Akku mit Smart Screen. 20 Aromen, 2%\/5% Nikotin \u2013 ultra langlebig!\" \/>\n<meta name=\"robots\" content=\"index, follow, max-snippet:-1, max-image-preview:large, max-video-preview:-1\" \/>\n<link rel=\"canonical\" href=\"https:\/\/aivape.de\/fr\/product\/jnr-falcon-pro-28000-jnr-vape-28000-zuege-einweg\/\" \/>\n<meta property=\"og:locale\" content=\"fr_FR\" \/>\n<meta property=\"og:type\" content=\"article\" \/>\n<meta property=\"og:title\" content=\"JNR Falcon Pro 28000 \u2013 JNR Vape 28000 Z\u00fcge Einweg - AiVape | Premium E-Zigaretten &amp; Vape Shop Deutschland\" \/>\n<meta property=\"og:description\" content=\"JNR Falcon Pro 28000 von JNR Vape: Bis 28.000 Z\u00fcge, 30 ml E-Liquid, 950 mAh Akku mit Smart Screen. 20 Aromen, 2%\/5% Nikotin \u2013 ultra langlebig!\" \/>\n<meta property=\"og:url\" content=\"https:\/\/aivape.de\/fr\/product\/jnr-falcon-pro-28000-jnr-vape-28000-zuege-einweg\/\" \/>\n<meta property=\"og:site_name\" content=\"AiVape | Premium E-Zigaretten &amp; Vape Shop Deutschland\" \/>\n<meta property=\"og:image\" content=\"https:\/\/aivape.de\/wp-content\/uploads\/2026\/04\/jnr-falcon-pro-28000-white-peach-razz.webp\" \/>\n\t<meta property=\"og:image:width\" content=\"800\" \/>\n\t<meta property=\"og:image:height\" content=\"800\" \/>\n\t<meta property=\"og:image:type\" content=\"image\/webp\" \/>\n<meta name=\"twitter:card\" content=\"summary_large_image\" \/>\n<meta name=\"twitter:label1\" content=\"Dur\u00e9e de lecture estim\u00e9e\" \/>\n\t<meta name=\"twitter:data1\" content=\"3 minutes\" \/>\n<script type=\"application\/ld+json\" class=\"yoast-schema-graph\">{\"@context\":\"https:\/\/schema.org\",\"@graph\":[{\"@type\":\"WebPage\",\"@id\":\"https:\/\/aivape.de\/produkt\/jnr-falcon-pro-28000-jnr-vape-28000-zuege-einweg\/\",\"url\":\"https:\/\/aivape.de\/produkt\/jnr-falcon-pro-28000-jnr-vape-28000-zuege-einweg\/\",\"name\":\"JNR Falcon Pro 28000 \u2013 JNR Vape 28000 Z\u00fcge Einweg - AiVape | Premium E-Zigaretten &amp; Vape Shop Deutschland\",\"isPartOf\":{\"@id\":\"https:\/\/aivape.de\/#website\"},\"primaryImageOfPage\":{\"@id\":\"https:\/\/aivape.de\/produkt\/jnr-falcon-pro-28000-jnr-vape-28000-zuege-einweg\/#primaryimage\"},\"image\":{\"@id\":\"https:\/\/aivape.de\/produkt\/jnr-falcon-pro-28000-jnr-vape-28000-zuege-einweg\/#primaryimage\"},\"thumbnailUrl\":\"https:\/\/aivape.de\/wp-content\/uploads\/2026\/04\/jnr-falcon-pro-28000-white-peach-razz.webp\",\"datePublished\":\"2026-04-10T07:44:15+00:00\",\"description\":\"JNR Falcon Pro 28000 von JNR Vape: Bis 28.000 Z\u00fcge, 30 ml E-Liquid, 950 mAh Akku mit Smart Screen. 20 Aromen, 2%\/5% Nikotin \u2013 ultra langlebig!\",\"breadcrumb\":{\"@id\":\"https:\/\/aivape.de\/produkt\/jnr-falcon-pro-28000-jnr-vape-28000-zuege-einweg\/#breadcrumb\"},\"inLanguage\":\"fr-FR\",\"potentialAction\":[{\"@type\":\"ReadAction\",\"target\":[\"https:\/\/aivape.de\/produkt\/jnr-falcon-pro-28000-jnr-vape-28000-zuege-einweg\/\"]}]},{\"@type\":\"ImageObject\",\"inLanguage\":\"fr-FR\",\"@id\":\"https:\/\/aivape.de\/produkt\/jnr-falcon-pro-28000-jnr-vape-28000-zuege-einweg\/#primaryimage\",\"url\":\"https:\/\/aivape.de\/wp-content\/uploads\/2026\/04\/jnr-falcon-pro-28000-white-peach-razz.webp\",\"contentUrl\":\"https:\/\/aivape.de\/wp-content\/uploads\/2026\/04\/jnr-falcon-pro-28000-white-peach-razz.webp\",\"width\":800,\"height\":800,\"caption\":\"jnr-falcon-pro-28000-white-peach-razz\"},{\"@type\":\"BreadcrumbList\",\"@id\":\"https:\/\/aivape.de\/produkt\/jnr-falcon-pro-28000-jnr-vape-28000-zuege-einweg\/#breadcrumb\",\"itemListElement\":[{\"@type\":\"ListItem\",\"position\":1,\"name\":\"Home\",\"item\":\"https:\/\/aivape.de\/\"},{\"@type\":\"ListItem\",\"position\":2,\"name\":\"Shop\",\"item\":\"https:\/\/aivape.de\/shop\/\"},{\"@type\":\"ListItem\",\"position\":3,\"name\":\"JNR Falcon Pro 28000 \u2013 JNR Vape 28000 Z\u00fcge Einweg\"}]},{\"@type\":\"WebSite\",\"@id\":\"https:\/\/aivape.de\/#website\",\"url\":\"https:\/\/aivape.de\/\",\"name\":\"AiVape | Premium E-Zigaretten &amp; Vape Shop Deutschland\",\"description\":\"Dein Experte f\u00fcr Vozol, Bang King &amp; Hifancy Vapes \u2013 Schneller EU-Versand\",\"potentialAction\":[{\"@type\":\"SearchAction\",\"target\":{\"@type\":\"EntryPoint\",\"urlTemplate\":\"https:\/\/aivape.de\/?s={search_term_string}\"},\"query-input\":{\"@type\":\"PropertyValueSpecification\",\"valueRequired\":true,\"valueName\":\"search_term_string\"}}],\"inLanguage\":\"fr-FR\"}]}<\/script>\n<!-- \/ Yoast SEO plugin. -->","yoast_head_json":{"title":"JNR Falcon Pro 28000 \u2013 JNR Vape 28000 Z\u00fcge Einweg - AiVape | Premium E-Zigaretten &amp; Vape Shop Deutschland","description":"JNR Falcon Pro 28000 de JNR Vape : Jusqu'\u00e0 28.000 bouff\u00e9es, 30 ml d'e-liquide, batterie 950 mAh avec Smart Screen. 20 ar\u00f4mes, 2%\/5% de nicotine - ultra longue dur\u00e9e !","robots":{"index":"index","follow":"follow","max-snippet":"max-snippet:-1","max-image-preview":"max-image-preview:large","max-video-preview":"max-video-preview:-1"},"canonical":"https:\/\/aivape.de\/fr\/product\/jnr-falcon-pro-28000-jnr-vape-28000-zuege-einweg\/","og_locale":"fr_FR","og_type":"article","og_title":"JNR Falcon Pro 28000 \u2013 JNR Vape 28000 Z\u00fcge Einweg - AiVape | Premium E-Zigaretten &amp; Vape Shop Deutschland","og_description":"JNR Falcon Pro 28000 von JNR Vape: Bis 28.000 Z\u00fcge, 30 ml E-Liquid, 950 mAh Akku mit Smart Screen. 20 Aromen, 2%\/5% Nikotin \u2013 ultra langlebig!","og_url":"https:\/\/aivape.de\/fr\/product\/jnr-falcon-pro-28000-jnr-vape-28000-zuege-einweg\/","og_site_name":"AiVape | Premium E-Zigaretten &amp; Vape Shop Deutschland","og_image":[{"width":800,"height":800,"url":"https:\/\/aivape.de\/wp-content\/uploads\/2026\/04\/jnr-falcon-pro-28000-white-peach-razz.webp","type":"image\/webp"}],"twitter_card":"summary_large_image","twitter_misc":{"Dur\u00e9e de lecture estim\u00e9e":"3 minutes"},"schema":{"@context":"https:\/\/schema.org","@graph":[{"@type":"WebPage","@id":"https:\/\/aivape.de\/produkt\/jnr-falcon-pro-28000-jnr-vape-28000-zuege-einweg\/","url":"https:\/\/aivape.de\/produkt\/jnr-falcon-pro-28000-jnr-vape-28000-zuege-einweg\/","name":"JNR Falcon Pro 28000 \u2013 JNR Vape 28000 Z\u00fcge Einweg - AiVape | Premium E-Zigaretten &amp; Vape Shop Deutschland","isPartOf":{"@id":"https:\/\/aivape.de\/#website"},"primaryImageOfPage":{"@id":"https:\/\/aivape.de\/produkt\/jnr-falcon-pro-28000-jnr-vape-28000-zuege-einweg\/#primaryimage"},"image":{"@id":"https:\/\/aivape.de\/produkt\/jnr-falcon-pro-28000-jnr-vape-28000-zuege-einweg\/#primaryimage"},"thumbnailUrl":"https:\/\/aivape.de\/wp-content\/uploads\/2026\/04\/jnr-falcon-pro-28000-white-peach-razz.webp","datePublished":"2026-04-10T07:44:15+00:00","description":"JNR Falcon Pro 28000 de JNR Vape : Jusqu'\u00e0 28.000 bouff\u00e9es, 30 ml d'e-liquide, batterie 950 mAh avec Smart Screen. 20 ar\u00f4mes, 2%\/5% de nicotine - ultra longue dur\u00e9e !","breadcrumb":{"@id":"https:\/\/aivape.de\/produkt\/jnr-falcon-pro-28000-jnr-vape-28000-zuege-einweg\/#breadcrumb"},"inLanguage":"fr-FR","potentialAction":[{"@type":"ReadAction","target":["https:\/\/aivape.de\/produkt\/jnr-falcon-pro-28000-jnr-vape-28000-zuege-einweg\/"]}]},{"@type":"ImageObject","inLanguage":"fr-FR","@id":"https:\/\/aivape.de\/produkt\/jnr-falcon-pro-28000-jnr-vape-28000-zuege-einweg\/#primaryimage","url":"https:\/\/aivape.de\/wp-content\/uploads\/2026\/04\/jnr-falcon-pro-28000-white-peach-razz.webp","contentUrl":"https:\/\/aivape.de\/wp-content\/uploads\/2026\/04\/jnr-falcon-pro-28000-white-peach-razz.webp","width":800,"height":800,"caption":"jnr-falcon-pro-28000-white-peach-razz"},{"@type":"BreadcrumbList","@id":"https:\/\/aivape.de\/produkt\/jnr-falcon-pro-28000-jnr-vape-28000-zuege-einweg\/#breadcrumb","itemListElement":[{"@type":"ListItem","position":1,"name":"Home","item":"https:\/\/aivape.de\/"},{"@type":"ListItem","position":2,"name":"Shop","item":"https:\/\/aivape.de\/shop\/"},{"@type":"ListItem","position":3,"name":"JNR Falcon Pro 28000 \u2013 JNR Vape 28000 Z\u00fcge Einweg"}]},{"@type":"WebSite","@id":"https:\/\/aivape.de\/#website","url":"https:\/\/aivape.de\/","name":"AiVape | Premium E-Zigaretten &amp; Vape Shop Deutschland","description":"Dein Experte f\u00fcr Vozol, Bang King &amp; Hifancy Vapes \u2013 Schneller EU-Versand","potentialAction":[{"@type":"SearchAction","target":{"@type":"EntryPoint","urlTemplate":"https:\/\/aivape.de\/?s={search_term_string}"},"query-input":{"@type":"PropertyValueSpecification","valueRequired":true,"valueName":"search_term_string"}}],"inLanguage":"fr-FR"}]}},"tiered_pricing_type":"fixed","tiered_pricing_fixed_rules":{"30":"11.45","50":"9.75","100":"8.91","200":"8.48"},"tiered_pricing_product_settings":{"layout":"default","base_unit_name":{"singular":null,"plural":null},"default_variation":null},"tiered_pricing_minimum_quantity":10,"tiered_pricing_roles_data":[],"tiered_pricing_percentage_rules":[],"tiered_pricing_maximum_quantity":null,"tiered_pricing_quantity_step":"10","_links":{"self":[{"href":"https:\/\/aivape.de\/fr\/wp-json\/wp\/v2\/product\/5042","targetHints":{"allow":["GET"]}}],"collection":[{"href":"https:\/\/aivape.de\/fr\/wp-json\/wp\/v2\/product"}],"about":[{"href":"https:\/\/aivape.de\/fr\/wp-json\/wp\/v2\/types\/product"}],"replies":[{"embeddable":true,"href":"https:\/\/aivape.de\/fr\/wp-json\/wp\/v2\/comments?post=5042"}],"version-history":[{"count":1,"href":"https:\/\/aivape.de\/fr\/wp-json\/wp\/v2\/product\/5042\/revisions"}],"predecessor-version":[{"id":5081,"href":"https:\/\/aivape.de\/fr\/wp-json\/wp\/v2\/product\/5042\/revisions\/5081"}],"wp:featuredmedia":[{"embeddable":true,"href":"https:\/\/aivape.de\/fr\/wp-json\/wp\/v2\/media\/5022"}],"wp:attachment":[{"href":"https:\/\/aivape.de\/fr\/wp-json\/wp\/v2\/media?parent=5042"}],"wp:term":[{"taxonomy":"product_brand","embeddable":true,"href":"https:\/\/aivape.de\/fr\/wp-json\/wp\/v2\/product_brand?post=5042"},{"taxonomy":"product_cat","embeddable":true,"href":"https:\/\/aivape.de\/fr\/wp-json\/wp\/v2\/product_cat?post=5042"},{"taxonomy":"product_tag","embeddable":true,"href":"https:\/\/aivape.de\/fr\/wp-json\/wp\/v2\/product_tag?post=5042"}],"curies":[{"name":"wp","href":"https:\/\/api.w.org\/{rel}","templated":true}]}}