{"id":4880,"date":"2026-04-09T12:13:42","date_gmt":"2026-04-09T10:13:42","guid":{"rendered":"https:\/\/aivape.de\/?post_type=product&#038;p=4880"},"modified":"2026-04-09T12:16:31","modified_gmt":"2026-04-09T10:16:31","slug":"vozol-vista-40k-40-000-zuege-vape-mit-rotary-design-kaufen","status":"publish","type":"product","link":"https:\/\/aivape.de\/fr\/product\/vozol-vista-40k-40-000-zuege-vape-mit-rotary-design-kaufen\/","title":{"rendered":"Acheter VOZOL Vista 40K | 40.000 bouff\u00e9es de vape avec design Rotary"},"content":{"rendered":"<h1 dir=\"auto\"><strong>VOZOL Vista 40K : Durable et polyvalent gr\u00e2ce au Rotary Design<\/strong><\/h1>\n<p dir=\"auto\">Le site <strong>VOZOL Vista 40K<\/strong> (aussi <strong>VOZOL 40K<\/strong>, <strong>VOZOL Vape<\/strong> ou simplement <strong>VOZOL Vista<\/strong> ) s'adresse \u00e0 tous ceux qui souhaitent une longue dur\u00e9e de vie et une plus grande vari\u00e9t\u00e9 de go\u00fbts.<\/p>\n<p dir=\"auto\">D'une part, l'appareil convainc par son nombre \u00e9lev\u00e9 de bouff\u00e9es. D'autre part, le Rotary Interaction Design pratique rend le passage d'un ar\u00f4me \u00e0 l'autre particuli\u00e8rement simple et intuitif. En outre, le Dual Mesh Coil garantit un go\u00fbt particuli\u00e8rement pur et durable.<\/p>\n<h3 dir=\"auto\"><strong>Aper\u00e7u des principaux avantages<\/strong><\/h3>\n<p dir=\"auto\"><strong>- Jusqu'\u00e0 40.000 bouff\u00e9es pour un plaisir durable<\/strong> Avec 20 ml de liquide pr\u00e9-rempli, la vape dure nettement plus longtemps que de nombreux autres mod\u00e8les. C'est pourquoi vous devez en racheter ou en changer moins souvent.<\/p>\n<p dir=\"auto\"><strong>- Rotary Interaction Design - un changement sans effort<\/strong> Une simple rotation vous permet de passer d'un go\u00fbt \u00e0 l'autre parmi 8 exp\u00e9riences gustatives diff\u00e9rentes. Cela vous permet de varier les plaisirs sans avoir \u00e0 emporter plusieurs appareils.<\/p>\n<p dir=\"auto\"><strong>- Dual Mesh Coil pour un go\u00fbt intense et pur<\/strong> La technologie avanc\u00e9e des coils (0,65\u03a9 \u00d7 2) chauffe uniform\u00e9ment le liquide et fournit une vapeur lisse et aromatique \u00e0 chaque bouff\u00e9e.<\/p>\n<p dir=\"auto\"><strong>- Batterie rechargeable de 1000 mAh<\/strong> La batterie puissante se recharge rapidement via Type-C et garantit des performances fiables pendant toute la dur\u00e9e d'utilisation.<\/p>\n<p dir=\"auto\"><strong>- Grand choix d'ar\u00f4mes<\/strong> Au total, les <strong>20 saveurs diff\u00e9rentes<\/strong> vous trouverez \u00e0 coup s\u00fbr votre variante pr\u00e9f\u00e9r\u00e9e.<\/p>\n<p dir=\"auto\"><strong>- Exp\u00e9dition rapide depuis l'entrep\u00f4t de l'UE<\/strong> Toutes les commandes sont exp\u00e9di\u00e9es depuis notre entrep\u00f4t europ\u00e9en et vous parviennent g\u00e9n\u00e9ralement dans un d\u00e9lai de 1 \u00e0 3 jours.<\/p>\n<h4 dir=\"auto\"><strong>Sp\u00e9cifications techniques<\/strong><\/h4>\n<ul dir=\"auto\">\n<li><strong>Marque<\/strong>: VOZOL Vape<\/li>\n<li><strong>Mod\u00e8le<\/strong>: VOZOL Vista 40000<\/li>\n<li><strong>Nombre de trains<\/strong>: Jusqu'\u00e0 40.000 trains<\/li>\n<li><strong>Capacit\u00e9 en liquide<\/strong>: 20 ml<\/li>\n<li><strong>Taux de nicotine<\/strong>: 5% (50 mg\/ml)<\/li>\n<li><strong>Batterie<\/strong>1000 mAh rechargeable (Type-C)<\/li>\n<li><strong>\u00c9vaporateur<\/strong>: Dual Mesh Coil (0.65\u03a9 \u00d7 2)<\/li>\n<li><strong>Particularit\u00e9<\/strong>: Rotary Interaction Design, 8 exp\u00e9riences gustatives<\/li>\n<li><strong>Emballage<\/strong>10 pi\u00e8ces par paquet<\/li>\n<li><strong>Poids<\/strong>: 125 g<\/li>\n<\/ul>\n<hr \/>\n<h2 dir=\"auto\"><strong>FAQ - Foire aux questions<\/strong><\/h2>\n<p dir=\"auto\"><strong>Combien de trains le VOZOL Vista 40K arr\u00eate-t-il r\u00e9ellement ?<\/strong> Jusqu'\u00e0 40 000 trains. Le nombre exact d\u00e9pend toutefois de la force de vos trains et de leur utilisation.<\/p>\n<p dir=\"auto\"><strong>Comment fonctionne le design d'interaction du Rotary ?<\/strong> Il suffit de tourner l'appareil pour passer de 8 saveurs diff\u00e9rentes - rapidement et sans effort.<\/p>\n<p dir=\"auto\"><strong>La batterie est-elle rechargeable ?<\/strong> Oui, la batterie de 1000 mAh peut \u00eatre recharg\u00e9e confortablement via un c\u00e2ble Type-C.<\/p>\n<p dir=\"auto\"><strong>Combien de saveurs existe-t-il ?<\/strong> Le VOZOL Vista 40K est disponible en <strong>20 saveurs diff\u00e9rentes<\/strong> disponible.<\/p>\n<p dir=\"auto\"><strong>\u00c0 qui ce mod\u00e8le convient-il particuli\u00e8rement ?<\/strong> Il est id\u00e9al pour les vapoteurs qui recherchent une longue autonomie, de la vari\u00e9t\u00e9 et un concept d'utilisation moderne et intuitif.<\/p>\n<p dir=\"auto\"><strong>Les envois sont-ils effectu\u00e9s depuis un entrep\u00f4t de l'UE ?<\/strong> Oui, la livraison s'effectue g\u00e9n\u00e9ralement dans un d\u00e9lai de 1 \u00e0 3 jours ouvrables.<\/p>","protected":false},"excerpt":{"rendered":"<p dir=\"auto\">La VOZOL Vista 40K allie une technologie moderne \u00e0 des performances \u00e9lev\u00e9es. Avec jusqu'\u00e0 40 000 bouff\u00e9es et le design innovant Rotary Interaction, vous pouvez facilement passer de 8 saveurs diff\u00e9rentes. Gr\u00e2ce \u00e0 la batterie puissante de 1000 mAh et au coil Dual Mesh, vous profitez d'une vapeur longue, intense et vari\u00e9e.<\/p>","protected":false},"featured_media":4881,"comment_status":"open","ping_status":"closed","template":"","meta":[],"product_brand":[78],"product_cat":[36],"product_tag":[],"class_list":{"0":"post-4880","1":"product","2":"type-product","3":"status-publish","4":"has-post-thumbnail","6":"product_brand-vozol","7":"product_cat-puff-40k","9":"first","10":"instock","11":"shipping-taxable","12":"purchasable","13":"product-type-variable"},"yoast_head":"<!-- This site is optimized with the Yoast SEO plugin v27.1.1 - https:\/\/yoast.com\/product\/yoast-seo-wordpress\/ -->\n<title>VOZOL Vista 40K | 40.000 Z\u00fcge Vape mit Rotary Design kaufen - AiVape | Premium E-Zigaretten &amp; Vape Shop Deutschland<\/title>\n<meta name=\"description\" content=\"VOZOL Vista 40K \u2013 Bis zu 40.000 Z\u00fcge, Rotary Interaction Design, 8 Geschmackserlebnisse, 1000 mAh Akku und Dual Mesh Coil. 20 Geschm\u00e4cker.\" \/>\n<meta name=\"robots\" content=\"index, follow, max-snippet:-1, max-image-preview:large, max-video-preview:-1\" \/>\n<link rel=\"canonical\" href=\"https:\/\/aivape.de\/fr\/product\/vozol-vista-40k-40-000-zuege-vape-mit-rotary-design-kaufen\/\" \/>\n<meta property=\"og:locale\" content=\"fr_FR\" \/>\n<meta property=\"og:type\" content=\"article\" \/>\n<meta property=\"og:title\" content=\"VOZOL Vista 40K | 40.000 Z\u00fcge Vape mit Rotary Design kaufen - AiVape | Premium E-Zigaretten &amp; Vape Shop Deutschland\" \/>\n<meta property=\"og:description\" content=\"VOZOL Vista 40K \u2013 Bis zu 40.000 Z\u00fcge, Rotary Interaction Design, 8 Geschmackserlebnisse, 1000 mAh Akku und Dual Mesh Coil. 20 Geschm\u00e4cker.\" \/>\n<meta property=\"og:url\" content=\"https:\/\/aivape.de\/fr\/product\/vozol-vista-40k-40-000-zuege-vape-mit-rotary-design-kaufen\/\" \/>\n<meta property=\"og:site_name\" content=\"AiVape | Premium E-Zigaretten &amp; Vape Shop Deutschland\" \/>\n<meta property=\"article:modified_time\" content=\"2026-04-09T10:16:31+00:00\" \/>\n<meta property=\"og:image\" content=\"https:\/\/aivape.de\/wp-content\/uploads\/2026\/04\/vozol-vista-40000-blue-razz-ice.webp\" \/>\n\t<meta property=\"og:image:width\" content=\"1200\" \/>\n\t<meta property=\"og:image:height\" content=\"1200\" \/>\n\t<meta property=\"og:image:type\" content=\"image\/webp\" \/>\n<meta name=\"twitter:card\" content=\"summary_large_image\" \/>\n<meta name=\"twitter:label1\" content=\"Dur\u00e9e de lecture estim\u00e9e\" \/>\n\t<meta name=\"twitter:data1\" content=\"3 minutes\" \/>\n<script type=\"application\/ld+json\" class=\"yoast-schema-graph\">{\"@context\":\"https:\/\/schema.org\",\"@graph\":[{\"@type\":\"WebPage\",\"@id\":\"https:\/\/aivape.de\/produkt\/vozol-vista-40k-40-000-zuege-vape-mit-rotary-design-kaufen\/\",\"url\":\"https:\/\/aivape.de\/produkt\/vozol-vista-40k-40-000-zuege-vape-mit-rotary-design-kaufen\/\",\"name\":\"VOZOL Vista 40K | 40.000 Z\u00fcge Vape mit Rotary Design kaufen - AiVape | Premium E-Zigaretten &amp; Vape Shop Deutschland\",\"isPartOf\":{\"@id\":\"https:\/\/aivape.de\/#website\"},\"primaryImageOfPage\":{\"@id\":\"https:\/\/aivape.de\/produkt\/vozol-vista-40k-40-000-zuege-vape-mit-rotary-design-kaufen\/#primaryimage\"},\"image\":{\"@id\":\"https:\/\/aivape.de\/produkt\/vozol-vista-40k-40-000-zuege-vape-mit-rotary-design-kaufen\/#primaryimage\"},\"thumbnailUrl\":\"https:\/\/aivape.de\/wp-content\/uploads\/2026\/04\/vozol-vista-40000-blue-razz-ice.webp\",\"datePublished\":\"2026-04-09T10:13:42+00:00\",\"dateModified\":\"2026-04-09T10:16:31+00:00\",\"description\":\"VOZOL Vista 40K \u2013 Bis zu 40.000 Z\u00fcge, Rotary Interaction Design, 8 Geschmackserlebnisse, 1000 mAh Akku und Dual Mesh Coil. 20 Geschm\u00e4cker.\",\"breadcrumb\":{\"@id\":\"https:\/\/aivape.de\/produkt\/vozol-vista-40k-40-000-zuege-vape-mit-rotary-design-kaufen\/#breadcrumb\"},\"inLanguage\":\"fr-FR\",\"potentialAction\":[{\"@type\":\"ReadAction\",\"target\":[\"https:\/\/aivape.de\/produkt\/vozol-vista-40k-40-000-zuege-vape-mit-rotary-design-kaufen\/\"]}]},{\"@type\":\"ImageObject\",\"inLanguage\":\"fr-FR\",\"@id\":\"https:\/\/aivape.de\/produkt\/vozol-vista-40k-40-000-zuege-vape-mit-rotary-design-kaufen\/#primaryimage\",\"url\":\"https:\/\/aivape.de\/wp-content\/uploads\/2026\/04\/vozol-vista-40000-blue-razz-ice.webp\",\"contentUrl\":\"https:\/\/aivape.de\/wp-content\/uploads\/2026\/04\/vozol-vista-40000-blue-razz-ice.webp\",\"width\":1200,\"height\":1200,\"caption\":\"vozol-vista-40000-blue-razz-ice\"},{\"@type\":\"BreadcrumbList\",\"@id\":\"https:\/\/aivape.de\/produkt\/vozol-vista-40k-40-000-zuege-vape-mit-rotary-design-kaufen\/#breadcrumb\",\"itemListElement\":[{\"@type\":\"ListItem\",\"position\":1,\"name\":\"Home\",\"item\":\"https:\/\/aivape.de\/\"},{\"@type\":\"ListItem\",\"position\":2,\"name\":\"Shop\",\"item\":\"https:\/\/aivape.de\/shop\/\"},{\"@type\":\"ListItem\",\"position\":3,\"name\":\"VOZOL Vista 40K | 40.000 Z\u00fcge Vape mit Rotary Design kaufen\"}]},{\"@type\":\"WebSite\",\"@id\":\"https:\/\/aivape.de\/#website\",\"url\":\"https:\/\/aivape.de\/\",\"name\":\"AiVape | Premium E-Zigaretten &amp; Vape Shop Deutschland\",\"description\":\"Dein Experte f\u00fcr Vozol, Bang King &amp; Hifancy Vapes \u2013 Schneller EU-Versand\",\"potentialAction\":[{\"@type\":\"SearchAction\",\"target\":{\"@type\":\"EntryPoint\",\"urlTemplate\":\"https:\/\/aivape.de\/?s={search_term_string}\"},\"query-input\":{\"@type\":\"PropertyValueSpecification\",\"valueRequired\":true,\"valueName\":\"search_term_string\"}}],\"inLanguage\":\"fr-FR\"}]}<\/script>\n<!-- \/ Yoast SEO plugin. -->","yoast_head_json":{"title":"VOZOL Vista 40K | 40.000 Z\u00fcge Vape mit Rotary Design kaufen - AiVape | Premium E-Zigaretten &amp; Vape Shop Deutschland","description":"VOZOL Vista 40K - Jusqu'\u00e0 40.000 bouff\u00e9es, design Rotary Interaction, 8 saveurs, batterie 1000 mAh et Dual Mesh Coil. 20 saveurs.","robots":{"index":"index","follow":"follow","max-snippet":"max-snippet:-1","max-image-preview":"max-image-preview:large","max-video-preview":"max-video-preview:-1"},"canonical":"https:\/\/aivape.de\/fr\/product\/vozol-vista-40k-40-000-zuege-vape-mit-rotary-design-kaufen\/","og_locale":"fr_FR","og_type":"article","og_title":"VOZOL Vista 40K | 40.000 Z\u00fcge Vape mit Rotary Design kaufen - AiVape | Premium E-Zigaretten &amp; Vape Shop Deutschland","og_description":"VOZOL Vista 40K \u2013 Bis zu 40.000 Z\u00fcge, Rotary Interaction Design, 8 Geschmackserlebnisse, 1000 mAh Akku und Dual Mesh Coil. 20 Geschm\u00e4cker.","og_url":"https:\/\/aivape.de\/fr\/product\/vozol-vista-40k-40-000-zuege-vape-mit-rotary-design-kaufen\/","og_site_name":"AiVape | Premium E-Zigaretten &amp; Vape Shop Deutschland","article_modified_time":"2026-04-09T10:16:31+00:00","og_image":[{"width":1200,"height":1200,"url":"https:\/\/aivape.de\/wp-content\/uploads\/2026\/04\/vozol-vista-40000-blue-razz-ice.webp","type":"image\/webp"}],"twitter_card":"summary_large_image","twitter_misc":{"Dur\u00e9e de lecture estim\u00e9e":"3 minutes"},"schema":{"@context":"https:\/\/schema.org","@graph":[{"@type":"WebPage","@id":"https:\/\/aivape.de\/produkt\/vozol-vista-40k-40-000-zuege-vape-mit-rotary-design-kaufen\/","url":"https:\/\/aivape.de\/produkt\/vozol-vista-40k-40-000-zuege-vape-mit-rotary-design-kaufen\/","name":"VOZOL Vista 40K | 40.000 Z\u00fcge Vape mit Rotary Design kaufen - AiVape | Premium E-Zigaretten &amp; Vape Shop Deutschland","isPartOf":{"@id":"https:\/\/aivape.de\/#website"},"primaryImageOfPage":{"@id":"https:\/\/aivape.de\/produkt\/vozol-vista-40k-40-000-zuege-vape-mit-rotary-design-kaufen\/#primaryimage"},"image":{"@id":"https:\/\/aivape.de\/produkt\/vozol-vista-40k-40-000-zuege-vape-mit-rotary-design-kaufen\/#primaryimage"},"thumbnailUrl":"https:\/\/aivape.de\/wp-content\/uploads\/2026\/04\/vozol-vista-40000-blue-razz-ice.webp","datePublished":"2026-04-09T10:13:42+00:00","dateModified":"2026-04-09T10:16:31+00:00","description":"VOZOL Vista 40K - Jusqu'\u00e0 40.000 bouff\u00e9es, design Rotary Interaction, 8 saveurs, batterie 1000 mAh et Dual Mesh Coil. 20 saveurs.","breadcrumb":{"@id":"https:\/\/aivape.de\/produkt\/vozol-vista-40k-40-000-zuege-vape-mit-rotary-design-kaufen\/#breadcrumb"},"inLanguage":"fr-FR","potentialAction":[{"@type":"ReadAction","target":["https:\/\/aivape.de\/produkt\/vozol-vista-40k-40-000-zuege-vape-mit-rotary-design-kaufen\/"]}]},{"@type":"ImageObject","inLanguage":"fr-FR","@id":"https:\/\/aivape.de\/produkt\/vozol-vista-40k-40-000-zuege-vape-mit-rotary-design-kaufen\/#primaryimage","url":"https:\/\/aivape.de\/wp-content\/uploads\/2026\/04\/vozol-vista-40000-blue-razz-ice.webp","contentUrl":"https:\/\/aivape.de\/wp-content\/uploads\/2026\/04\/vozol-vista-40000-blue-razz-ice.webp","width":1200,"height":1200,"caption":"vozol-vista-40000-blue-razz-ice"},{"@type":"BreadcrumbList","@id":"https:\/\/aivape.de\/produkt\/vozol-vista-40k-40-000-zuege-vape-mit-rotary-design-kaufen\/#breadcrumb","itemListElement":[{"@type":"ListItem","position":1,"name":"Home","item":"https:\/\/aivape.de\/"},{"@type":"ListItem","position":2,"name":"Shop","item":"https:\/\/aivape.de\/shop\/"},{"@type":"ListItem","position":3,"name":"VOZOL Vista 40K | 40.000 Z\u00fcge Vape mit Rotary Design kaufen"}]},{"@type":"WebSite","@id":"https:\/\/aivape.de\/#website","url":"https:\/\/aivape.de\/","name":"AiVape | Premium E-Zigaretten &amp; Vape Shop Deutschland","description":"Dein Experte f\u00fcr Vozol, Bang King &amp; Hifancy Vapes \u2013 Schneller EU-Versand","potentialAction":[{"@type":"SearchAction","target":{"@type":"EntryPoint","urlTemplate":"https:\/\/aivape.de\/?s={search_term_string}"},"query-input":{"@type":"PropertyValueSpecification","valueRequired":true,"valueName":"search_term_string"}}],"inLanguage":"fr-FR"}]}},"tiered_pricing_type":"fixed","tiered_pricing_fixed_rules":{"30":"11.20","50":"10.08","100":"9.66","200":"8.81"},"tiered_pricing_product_settings":{"layout":"default","base_unit_name":{"singular":null,"plural":null},"default_variation":null},"tiered_pricing_minimum_quantity":10,"tiered_pricing_roles_data":[],"tiered_pricing_percentage_rules":[],"tiered_pricing_maximum_quantity":null,"tiered_pricing_quantity_step":"10","_links":{"self":[{"href":"https:\/\/aivape.de\/fr\/wp-json\/wp\/v2\/product\/4880","targetHints":{"allow":["GET"]}}],"collection":[{"href":"https:\/\/aivape.de\/fr\/wp-json\/wp\/v2\/product"}],"about":[{"href":"https:\/\/aivape.de\/fr\/wp-json\/wp\/v2\/types\/product"}],"replies":[{"embeddable":true,"href":"https:\/\/aivape.de\/fr\/wp-json\/wp\/v2\/comments?post=4880"}],"version-history":[{"count":3,"href":"https:\/\/aivape.de\/fr\/wp-json\/wp\/v2\/product\/4880\/revisions"}],"predecessor-version":[{"id":4923,"href":"https:\/\/aivape.de\/fr\/wp-json\/wp\/v2\/product\/4880\/revisions\/4923"}],"wp:featuredmedia":[{"embeddable":true,"href":"https:\/\/aivape.de\/fr\/wp-json\/wp\/v2\/media\/4881"}],"wp:attachment":[{"href":"https:\/\/aivape.de\/fr\/wp-json\/wp\/v2\/media?parent=4880"}],"wp:term":[{"taxonomy":"product_brand","embeddable":true,"href":"https:\/\/aivape.de\/fr\/wp-json\/wp\/v2\/product_brand?post=4880"},{"taxonomy":"product_cat","embeddable":true,"href":"https:\/\/aivape.de\/fr\/wp-json\/wp\/v2\/product_cat?post=4880"},{"taxonomy":"product_tag","embeddable":true,"href":"https:\/\/aivape.de\/fr\/wp-json\/wp\/v2\/product_tag?post=4880"}],"curies":[{"name":"wp","href":"https:\/\/api.w.org\/{rel}","templated":true}]}}