{"id":4318,"date":"2026-04-08T10:06:13","date_gmt":"2026-04-08T08:06:13","guid":{"rendered":"https:\/\/aivape.de\/?post_type=product&#038;p=4318"},"modified":"2026-04-09T10:41:15","modified_gmt":"2026-04-09T08:41:15","slug":"waspe-crystal-40000-40-000-zuege-vape-pen-kaufen","status":"publish","type":"product","link":"https:\/\/aivape.de\/fr\/product\/waspe-crystal-40000-40-000-zuege-vape-pen-kaufen\/","title":{"rendered":"Acheter Waspe Crystal 40000 | 40.000 bouff\u00e9es de stylo vape"},"content":{"rendered":"<h1 dir=\"auto\"><strong>Waspe Crystal 40000 : 40.000 bouff\u00e9es de stylo \u00e0 vape avec double saveur<\/strong><\/h1>\n<p dir=\"auto\">Le site <strong>Waspe Crystal 40000<\/strong> (aussi <strong>Vaper 40k<\/strong>, <strong>vape 40000 puffs<\/strong>, <strong>vape pen<\/strong> ou <strong>40k puff<\/strong> ) est un vaporisateur jetable fiable et performant.<\/p>\n<p dir=\"auto\">D'une part, il convainc par un nombre \u00e9lev\u00e9 de bouff\u00e9es. D'autre part, le syst\u00e8me Dual Flavor permet de passer facilement d'une saveur \u00e0 l'autre.<\/p>\n<h2 dir=\"auto\"><strong>Les principaux avantages<\/strong><\/h2>\n<p dir=\"auto\"><strong>- Jusqu'\u00e0 40.000 trains - longue dur\u00e9e de vie<\/strong> Avec 32 ml de liquide pr\u00e9-rempli, le Waspe Crystal 40000 dure nettement plus longtemps que de nombreux mod\u00e8les standard. C'est pourquoi il est particuli\u00e8rement adapt\u00e9 \u00e0 un usage quotidien.<\/p>\n<p dir=\"auto\"><strong>- Dual Flavor Experience - deux saveurs dans un seul appareil<\/strong> Vous pouvez passer facilement d'un ar\u00f4me \u00e0 l'autre. Au total, vous avez le choix entre <strong>12 saveurs diff\u00e9rentes<\/strong> au choix.<\/p>\n<p dir=\"auto\"><strong>- Dual 0.9\u03a9 Mesh Coils pour une vapeur smooth et aromatique<\/strong> Les coils Dual Mesh de haute qualit\u00e9 assurent un chauffage r\u00e9gulier et un go\u00fbt particuli\u00e8rement intense et agr\u00e9able \u00e0 chaque bouff\u00e9e.<\/p>\n<p dir=\"auto\"><strong>- batterie rechargeable de 850 mAh avec Type-C<\/strong> La batterie puissante se recharge rapidement et fournit une puissance constante pendant toute la dur\u00e9e d'utilisation.<\/p>\n<p dir=\"auto\"><strong>- \u00c9cran LED intelligent<\/strong> L'\u00e9cran int\u00e9gr\u00e9 indique clairement et \u00e0 tout moment le niveau de la batterie et du liquide. Vous gardez ainsi toujours le contr\u00f4le total.<\/p>\n<p dir=\"auto\"><strong>- Exp\u00e9dition rapide depuis l'entrep\u00f4t de l'UE<\/strong> La livraison s'effectue g\u00e9n\u00e9ralement dans un d\u00e9lai de 1 \u00e0 3 jours.<\/p>\n<h3 dir=\"auto\"><strong>Sp\u00e9cifications techniques<\/strong><\/h3>\n<ul dir=\"auto\">\n<li><strong>Marque<\/strong>: Waspe Vape<\/li>\n<li><strong>Mod\u00e8le<\/strong>: Waspe Crystal 40000<\/li>\n<li><strong>Nombre de trains<\/strong>: Jusqu'\u00e0 40.000 trains<\/li>\n<li><strong>Capacit\u00e9 en liquide<\/strong>32 ml<\/li>\n<li><strong>Taux de nicotine<\/strong>: 2% \/ 5%<\/li>\n<li><strong>Batterie<\/strong>850 mAh rechargeable (Type-C)<\/li>\n<li><strong>\u00c9vaporateur<\/strong>: Dual 0.9\u03a9 Mesh Coils<\/li>\n<li><strong>Particularit\u00e9<\/strong>: Dual Flavor Experience, Smart LED Display<\/li>\n<li><strong>Emballage<\/strong>: 10 pi\u00e8ces par bo\u00eete<\/li>\n<\/ul>\n<hr \/>\n<h3 dir=\"auto\"><strong>FAQ - Foire aux questions<\/strong><\/h3>\n<p dir=\"auto\"><strong>Combien de trains le Waspe Crystal 40000 retient-il r\u00e9ellement ?<\/strong> Jusqu'\u00e0 40 000 trains. Le nombre exact d\u00e9pend toutefois de l'intensit\u00e9 de vos bouff\u00e9es et de votre utilisation. Dans le cadre d'une utilisation normale, un appareil dure plusieurs semaines.<\/p>\n<p dir=\"auto\"><strong>Puis-je passer d'un go\u00fbt \u00e0 l'autre ?<\/strong> Oui. Le syst\u00e8me Dual Flavor permet de passer facilement d'un ar\u00f4me \u00e0 l'autre.<\/p>\n<p dir=\"auto\"><strong>La batterie est-elle rechargeable ?<\/strong> Oui, la batterie de 850 mAh se recharge rapidement via un c\u00e2ble Type-C.<\/p>\n<p dir=\"auto\"><strong>Combien de temps dure le chargement ?<\/strong> En g\u00e9n\u00e9ral, 45 \u00e0 80 minutes pour une charge compl\u00e8te.<\/p>\n<p dir=\"auto\"><strong>Quels sont les dosages de nicotine disponibles ?<\/strong> 2% et 5%.<\/p>\n<p dir=\"auto\"><strong>L'\u00e9cran LED indique-t-il l'\u00e9tat actuel ?<\/strong> Oui, il vous informe \u00e0 tout moment du niveau de la batterie et du liquide.<\/p>\n<p dir=\"auto\"><strong>Combien de saveurs existe-t-il ?<\/strong> Le Waspe Crystal 40000 est disponible en <strong>12 saveurs diff\u00e9rentes<\/strong> disponible.<\/p>\n<p dir=\"auto\"><strong>Les envois sont-ils effectu\u00e9s depuis un entrep\u00f4t de l'UE ?<\/strong> Oui, la livraison se fait g\u00e9n\u00e9ralement dans un d\u00e9lai de 1 \u00e0 3 jours ouvrables.<\/p>\n<p dir=\"auto\"><strong>Le Vape Pen est-il adapt\u00e9 aux d\u00e9butants ?<\/strong> Oui. Il est compact, facile \u00e0 utiliser et ne n\u00e9cessite pas de r\u00e9glages compliqu\u00e9s.<\/p>","protected":false},"excerpt":{"rendered":"<p dir=\"auto\">Le Waspe Crystal 40000 est un stylo \u00e0 vape puissant, capable de produire jusqu'\u00e0 40 000 bouff\u00e9es. Il offre une exp\u00e9rience double saveur et est facile \u00e0 utiliser avec ses doubles coils en maille 0,9\u03a9, sa batterie de 850 mAh et son \u00e9cran Smart LED. Avec 32 ml de liquide et 12 saveurs, il garantit un plaisir de vapotage long et aromatique.<\/p>","protected":false},"featured_media":4716,"comment_status":"open","ping_status":"closed","template":"","meta":[],"product_brand":[88],"product_cat":[36],"product_tag":[],"class_list":{"0":"post-4318","1":"product","2":"type-product","3":"status-publish","4":"has-post-thumbnail","6":"product_brand-waspe","7":"product_cat-puff-40k","9":"first","10":"instock","11":"shipping-taxable","12":"purchasable","13":"product-type-variable"},"yoast_head":"<!-- This site is optimized with the Yoast SEO plugin v27.1.1 - https:\/\/yoast.com\/product\/yoast-seo-wordpress\/ -->\n<title>Waspe Crystal 40000 | 40.000 Z\u00fcge Vape Pen kaufen - AiVape | Premium E-Zigaretten &amp; Vape Shop Deutschland<\/title>\n<meta name=\"description\" content=\"Waspe Crystal 40000 \u2013 Bis zu 40.000 Z\u00fcge, Dual Flavor, 32 ml Liquid, Dual 0.9\u03a9 Mesh Coils und 850 mAh Akku mit LED Display. 12 Geschm\u00e4cker.\" \/>\n<meta name=\"robots\" content=\"index, follow, max-snippet:-1, max-image-preview:large, max-video-preview:-1\" \/>\n<link rel=\"canonical\" href=\"https:\/\/aivape.de\/fr\/product\/waspe-crystal-40000-40-000-zuege-vape-pen-kaufen\/\" \/>\n<meta property=\"og:locale\" content=\"fr_FR\" \/>\n<meta property=\"og:type\" content=\"article\" \/>\n<meta property=\"og:title\" content=\"Waspe Crystal 40000 | 40.000 Z\u00fcge Vape Pen kaufen - AiVape | Premium E-Zigaretten &amp; Vape Shop Deutschland\" \/>\n<meta property=\"og:description\" content=\"Waspe Crystal 40000 \u2013 Bis zu 40.000 Z\u00fcge, Dual Flavor, 32 ml Liquid, Dual 0.9\u03a9 Mesh Coils und 850 mAh Akku mit LED Display. 12 Geschm\u00e4cker.\" \/>\n<meta property=\"og:url\" content=\"https:\/\/aivape.de\/fr\/product\/waspe-crystal-40000-40-000-zuege-vape-pen-kaufen\/\" \/>\n<meta property=\"og:site_name\" content=\"AiVape | Premium E-Zigaretten &amp; Vape Shop Deutschland\" \/>\n<meta property=\"article:modified_time\" content=\"2026-04-09T08:41:15+00:00\" \/>\n<meta property=\"og:image\" content=\"https:\/\/aivape.de\/wp-content\/uploads\/2026\/04\/waspe-crystal-40000-puffs-11.webp\" \/>\n\t<meta property=\"og:image:width\" content=\"1200\" \/>\n\t<meta property=\"og:image:height\" content=\"1200\" \/>\n\t<meta property=\"og:image:type\" content=\"image\/webp\" \/>\n<meta name=\"twitter:card\" content=\"summary_large_image\" \/>\n<meta name=\"twitter:label1\" content=\"Dur\u00e9e de lecture estim\u00e9e\" \/>\n\t<meta name=\"twitter:data1\" content=\"3 minutes\" \/>\n<script type=\"application\/ld+json\" class=\"yoast-schema-graph\">{\"@context\":\"https:\/\/schema.org\",\"@graph\":[{\"@type\":\"WebPage\",\"@id\":\"https:\/\/aivape.de\/produkt\/waspe-crystal-40000-40-000-zuege-vape-pen-kaufen\/\",\"url\":\"https:\/\/aivape.de\/produkt\/waspe-crystal-40000-40-000-zuege-vape-pen-kaufen\/\",\"name\":\"Waspe Crystal 40000 | 40.000 Z\u00fcge Vape Pen kaufen - AiVape | Premium E-Zigaretten &amp; Vape Shop Deutschland\",\"isPartOf\":{\"@id\":\"https:\/\/aivape.de\/#website\"},\"primaryImageOfPage\":{\"@id\":\"https:\/\/aivape.de\/produkt\/waspe-crystal-40000-40-000-zuege-vape-pen-kaufen\/#primaryimage\"},\"image\":{\"@id\":\"https:\/\/aivape.de\/produkt\/waspe-crystal-40000-40-000-zuege-vape-pen-kaufen\/#primaryimage\"},\"thumbnailUrl\":\"https:\/\/aivape.de\/wp-content\/uploads\/2026\/04\/waspe-crystal-40000-puffs-11.webp\",\"datePublished\":\"2026-04-08T08:06:13+00:00\",\"dateModified\":\"2026-04-09T08:41:15+00:00\",\"description\":\"Waspe Crystal 40000 \u2013 Bis zu 40.000 Z\u00fcge, Dual Flavor, 32 ml Liquid, Dual 0.9\u03a9 Mesh Coils und 850 mAh Akku mit LED Display. 12 Geschm\u00e4cker.\",\"breadcrumb\":{\"@id\":\"https:\/\/aivape.de\/produkt\/waspe-crystal-40000-40-000-zuege-vape-pen-kaufen\/#breadcrumb\"},\"inLanguage\":\"fr-FR\",\"potentialAction\":[{\"@type\":\"ReadAction\",\"target\":[\"https:\/\/aivape.de\/produkt\/waspe-crystal-40000-40-000-zuege-vape-pen-kaufen\/\"]}]},{\"@type\":\"ImageObject\",\"inLanguage\":\"fr-FR\",\"@id\":\"https:\/\/aivape.de\/produkt\/waspe-crystal-40000-40-000-zuege-vape-pen-kaufen\/#primaryimage\",\"url\":\"https:\/\/aivape.de\/wp-content\/uploads\/2026\/04\/waspe-crystal-40000-puffs-11.webp\",\"contentUrl\":\"https:\/\/aivape.de\/wp-content\/uploads\/2026\/04\/waspe-crystal-40000-puffs-11.webp\",\"width\":1200,\"height\":1200,\"caption\":\"waspe-crystal-40000-puffs-11\"},{\"@type\":\"BreadcrumbList\",\"@id\":\"https:\/\/aivape.de\/produkt\/waspe-crystal-40000-40-000-zuege-vape-pen-kaufen\/#breadcrumb\",\"itemListElement\":[{\"@type\":\"ListItem\",\"position\":1,\"name\":\"Home\",\"item\":\"https:\/\/aivape.de\/\"},{\"@type\":\"ListItem\",\"position\":2,\"name\":\"Shop\",\"item\":\"https:\/\/aivape.de\/shop\/\"},{\"@type\":\"ListItem\",\"position\":3,\"name\":\"Waspe Crystal 40000 | 40.000 Z\u00fcge Vape Pen kaufen\"}]},{\"@type\":\"WebSite\",\"@id\":\"https:\/\/aivape.de\/#website\",\"url\":\"https:\/\/aivape.de\/\",\"name\":\"AiVape | Premium E-Zigaretten &amp; Vape Shop Deutschland\",\"description\":\"Dein Experte f\u00fcr Vozol, Bang King &amp; Hifancy Vapes \u2013 Schneller EU-Versand\",\"potentialAction\":[{\"@type\":\"SearchAction\",\"target\":{\"@type\":\"EntryPoint\",\"urlTemplate\":\"https:\/\/aivape.de\/?s={search_term_string}\"},\"query-input\":{\"@type\":\"PropertyValueSpecification\",\"valueRequired\":true,\"valueName\":\"search_term_string\"}}],\"inLanguage\":\"fr-FR\"}]}<\/script>\n<!-- \/ Yoast SEO plugin. -->","yoast_head_json":{"title":"Waspe Crystal 40000 | 40.000 Z\u00fcge Vape Pen kaufen - AiVape | Premium E-Zigaretten &amp; Vape Shop Deutschland","description":"Waspe Crystal 40000 - Jusqu'\u00e0 40.000 bouff\u00e9es, Dual Flavor, 32 ml de liquide, Dual 0.9\u03a9 Mesh Coils et batterie de 850 mAh avec \u00e9cran LED. 12 saveurs.","robots":{"index":"index","follow":"follow","max-snippet":"max-snippet:-1","max-image-preview":"max-image-preview:large","max-video-preview":"max-video-preview:-1"},"canonical":"https:\/\/aivape.de\/fr\/product\/waspe-crystal-40000-40-000-zuege-vape-pen-kaufen\/","og_locale":"fr_FR","og_type":"article","og_title":"Waspe Crystal 40000 | 40.000 Z\u00fcge Vape Pen kaufen - AiVape | Premium E-Zigaretten &amp; Vape Shop Deutschland","og_description":"Waspe Crystal 40000 \u2013 Bis zu 40.000 Z\u00fcge, Dual Flavor, 32 ml Liquid, Dual 0.9\u03a9 Mesh Coils und 850 mAh Akku mit LED Display. 12 Geschm\u00e4cker.","og_url":"https:\/\/aivape.de\/fr\/product\/waspe-crystal-40000-40-000-zuege-vape-pen-kaufen\/","og_site_name":"AiVape | Premium E-Zigaretten &amp; Vape Shop Deutschland","article_modified_time":"2026-04-09T08:41:15+00:00","og_image":[{"width":1200,"height":1200,"url":"https:\/\/aivape.de\/wp-content\/uploads\/2026\/04\/waspe-crystal-40000-puffs-11.webp","type":"image\/webp"}],"twitter_card":"summary_large_image","twitter_misc":{"Dur\u00e9e de lecture estim\u00e9e":"3 minutes"},"schema":{"@context":"https:\/\/schema.org","@graph":[{"@type":"WebPage","@id":"https:\/\/aivape.de\/produkt\/waspe-crystal-40000-40-000-zuege-vape-pen-kaufen\/","url":"https:\/\/aivape.de\/produkt\/waspe-crystal-40000-40-000-zuege-vape-pen-kaufen\/","name":"Waspe Crystal 40000 | 40.000 Z\u00fcge Vape Pen kaufen - AiVape | Premium E-Zigaretten &amp; Vape Shop Deutschland","isPartOf":{"@id":"https:\/\/aivape.de\/#website"},"primaryImageOfPage":{"@id":"https:\/\/aivape.de\/produkt\/waspe-crystal-40000-40-000-zuege-vape-pen-kaufen\/#primaryimage"},"image":{"@id":"https:\/\/aivape.de\/produkt\/waspe-crystal-40000-40-000-zuege-vape-pen-kaufen\/#primaryimage"},"thumbnailUrl":"https:\/\/aivape.de\/wp-content\/uploads\/2026\/04\/waspe-crystal-40000-puffs-11.webp","datePublished":"2026-04-08T08:06:13+00:00","dateModified":"2026-04-09T08:41:15+00:00","description":"Waspe Crystal 40000 - Jusqu'\u00e0 40.000 bouff\u00e9es, Dual Flavor, 32 ml de liquide, Dual 0.9\u03a9 Mesh Coils et batterie de 850 mAh avec \u00e9cran LED. 12 saveurs.","breadcrumb":{"@id":"https:\/\/aivape.de\/produkt\/waspe-crystal-40000-40-000-zuege-vape-pen-kaufen\/#breadcrumb"},"inLanguage":"fr-FR","potentialAction":[{"@type":"ReadAction","target":["https:\/\/aivape.de\/produkt\/waspe-crystal-40000-40-000-zuege-vape-pen-kaufen\/"]}]},{"@type":"ImageObject","inLanguage":"fr-FR","@id":"https:\/\/aivape.de\/produkt\/waspe-crystal-40000-40-000-zuege-vape-pen-kaufen\/#primaryimage","url":"https:\/\/aivape.de\/wp-content\/uploads\/2026\/04\/waspe-crystal-40000-puffs-11.webp","contentUrl":"https:\/\/aivape.de\/wp-content\/uploads\/2026\/04\/waspe-crystal-40000-puffs-11.webp","width":1200,"height":1200,"caption":"waspe-crystal-40000-puffs-11"},{"@type":"BreadcrumbList","@id":"https:\/\/aivape.de\/produkt\/waspe-crystal-40000-40-000-zuege-vape-pen-kaufen\/#breadcrumb","itemListElement":[{"@type":"ListItem","position":1,"name":"Home","item":"https:\/\/aivape.de\/"},{"@type":"ListItem","position":2,"name":"Shop","item":"https:\/\/aivape.de\/shop\/"},{"@type":"ListItem","position":3,"name":"Waspe Crystal 40000 | 40.000 Z\u00fcge Vape Pen kaufen"}]},{"@type":"WebSite","@id":"https:\/\/aivape.de\/#website","url":"https:\/\/aivape.de\/","name":"AiVape | Premium E-Zigaretten &amp; Vape Shop Deutschland","description":"Dein Experte f\u00fcr Vozol, Bang King &amp; Hifancy Vapes \u2013 Schneller EU-Versand","potentialAction":[{"@type":"SearchAction","target":{"@type":"EntryPoint","urlTemplate":"https:\/\/aivape.de\/?s={search_term_string}"},"query-input":{"@type":"PropertyValueSpecification","valueRequired":true,"valueName":"search_term_string"}}],"inLanguage":"fr-FR"}]}},"tiered_pricing_type":"fixed","tiered_pricing_fixed_rules":{"30":"11.99","50":"11.29","100":"10.56","200":"9.98"},"tiered_pricing_product_settings":{"layout":"default","base_unit_name":{"singular":null,"plural":null},"default_variation":null},"tiered_pricing_minimum_quantity":10,"tiered_pricing_roles_data":[],"tiered_pricing_percentage_rules":[],"tiered_pricing_maximum_quantity":null,"tiered_pricing_quantity_step":"10","_links":{"self":[{"href":"https:\/\/aivape.de\/fr\/wp-json\/wp\/v2\/product\/4318","targetHints":{"allow":["GET"]}}],"collection":[{"href":"https:\/\/aivape.de\/fr\/wp-json\/wp\/v2\/product"}],"about":[{"href":"https:\/\/aivape.de\/fr\/wp-json\/wp\/v2\/types\/product"}],"replies":[{"embeddable":true,"href":"https:\/\/aivape.de\/fr\/wp-json\/wp\/v2\/comments?post=4318"}],"version-history":[{"count":3,"href":"https:\/\/aivape.de\/fr\/wp-json\/wp\/v2\/product\/4318\/revisions"}],"predecessor-version":[{"id":4718,"href":"https:\/\/aivape.de\/fr\/wp-json\/wp\/v2\/product\/4318\/revisions\/4718"}],"wp:featuredmedia":[{"embeddable":true,"href":"https:\/\/aivape.de\/fr\/wp-json\/wp\/v2\/media\/4716"}],"wp:attachment":[{"href":"https:\/\/aivape.de\/fr\/wp-json\/wp\/v2\/media?parent=4318"}],"wp:term":[{"taxonomy":"product_brand","embeddable":true,"href":"https:\/\/aivape.de\/fr\/wp-json\/wp\/v2\/product_brand?post=4318"},{"taxonomy":"product_cat","embeddable":true,"href":"https:\/\/aivape.de\/fr\/wp-json\/wp\/v2\/product_cat?post=4318"},{"taxonomy":"product_tag","embeddable":true,"href":"https:\/\/aivape.de\/fr\/wp-json\/wp\/v2\/product_tag?post=4318"}],"curies":[{"name":"wp","href":"https:\/\/api.w.org\/{rel}","templated":true}]}}