{"id":4316,"date":"2026-04-08T10:06:13","date_gmt":"2026-04-08T08:06:13","guid":{"rendered":"https:\/\/aivape.de\/?post_type=product&#038;p=4316"},"modified":"2026-04-08T11:42:09","modified_gmt":"2026-04-08T09:42:09","slug":"elfbar-sweet-king-30000-30-000-zuege-elfbar-kaufen","status":"publish","type":"product","link":"https:\/\/aivape.de\/fr\/product\/elfbar-sweet-king-30000-30-000-zuege-elfbar-kaufen\/","title":{"rendered":"Acheter Elfbar Sweet King 30000 | 30 000 coups Elfbar"},"content":{"rendered":"<h1 dir=\"auto\"><strong>Elfbar Sweet King 30000 : 30.000 bouff\u00e9es avec douceur personnalisable<\/strong><\/h1>\n<p dir=\"auto\">Le site <strong>Elfbar Sweet King 30000<\/strong> (aussi <strong>Elfbar 30K<\/strong> ) est le nouveau mod\u00e8le Sweet de la c\u00e9l\u00e8bre s\u00e9rie Elfbar.<\/p>\n<p dir=\"auto\">D'une part, il convainc par un nombre de bouff\u00e9es \u00e9lev\u00e9. D'autre part, le r\u00e9glage de la douceur \u00e0 4 niveaux permet d'adapter individuellement le degr\u00e9 de douceur - selon votre go\u00fbt.<\/p>\n<h2 dir=\"auto\"><strong>Les principaux avantages<\/strong><\/h2>\n<p dir=\"auto\"><strong>- Jusqu'\u00e0 30.000 trains pour une longue utilisation<\/strong> Avec 30 ml de liquide pr\u00e9-rempli, l'Elfbar Sweet King 30000 dure nettement plus longtemps que de nombreux autres mod\u00e8les. C'est pourquoi il convient particuli\u00e8rement bien aux utilisateurs intensifs.<\/p>\n<p dir=\"auto\"><strong>- 4 niveaux de douceur personnalis\u00e9e<\/strong> Choisissez entre le niveau 0 (normal), le niveau 1, le niveau 2 et le niveau 3 (tr\u00e8s sucr\u00e9). Vous pouvez ainsi r\u00e9gler la douceur selon vos pr\u00e9f\u00e9rences.<\/p>\n<p dir=\"auto\"><strong>- Coil triple maille pour un go\u00fbt intense<\/strong> La technologie avanc\u00e9e Triple Mesh assure un chauffage uniforme et une vapeur sucr\u00e9e particuli\u00e8rement aromatique.<\/p>\n<p dir=\"auto\"><strong>- Puissance et d\u00e9bit d'air r\u00e9glables<\/strong> Un seul bouton permet d'ajuster la puissance et le flux d'air. De plus, l'affichage de la puissance indique clairement l'\u00e9tat actuel de la batterie.<\/p>\n<p dir=\"auto\"><strong>- batterie rechargeable de 850 mAh avec Type-C<\/strong> La batterie puissante se recharge rapidement et fournit des performances fiables pendant toute la dur\u00e9e d'utilisation.<\/p>\n<p dir=\"auto\"><strong>- 8 saveurs sucr\u00e9es<\/strong> Le Sweet King 30000 d'Elfbar est disponible en <strong>8 go\u00fbts d\u00e9licieux<\/strong> disponibles - sp\u00e9cialement pour tous ceux qui aiment les ar\u00f4mes sucr\u00e9s.<\/p>\n<p dir=\"auto\"><strong>- Exp\u00e9dition rapide depuis l'entrep\u00f4t de l'UE<\/strong> La livraison s'effectue g\u00e9n\u00e9ralement dans un d\u00e9lai de 1 \u00e0 3 jours.<\/p>\n<h3 dir=\"auto\"><strong>Sp\u00e9cifications techniques<\/strong><\/h3>\n<ul dir=\"auto\">\n<li><strong>Marque<\/strong>: Elfbar<\/li>\n<li><strong>Mod\u00e8le<\/strong>: Elfbar Sweet King 30000<\/li>\n<li><strong>Nombre de trains<\/strong>: Jusqu'\u00e0 30.000 trains<\/li>\n<li><strong>Capacit\u00e9 en liquide<\/strong>30 ml<\/li>\n<li><strong>Taux de nicotine<\/strong>: 5% (50 mg\/ml)<\/li>\n<li><strong>Batterie<\/strong>850 mAh rechargeable (Type-C)<\/li>\n<li><strong>\u00c9vaporateur<\/strong>: Triple Mesh Coil &amp; Dual Core<\/li>\n<li><strong>Particularit\u00e9<\/strong>: Sweetness \u00e0 4 niveaux, puissance &amp; airflow r\u00e9glables, Power Display<\/li>\n<li><strong>Emballage<\/strong>5 pi\u00e8ces par paquet<\/li>\n<li><strong>Poids<\/strong>: 135 g<\/li>\n<\/ul>\n<hr \/>\n<h3 dir=\"auto\"><strong>FAQ - Foire aux questions<\/strong><\/h3>\n<p dir=\"auto\"><strong>Combien de bouff\u00e9es le Sweet King 30000 d'Elfbar tient-il vraiment ?<\/strong> Jusqu'\u00e0 30 000 trains. Le nombre exact d\u00e9pend toutefois du niveau de performance choisi et de la puissance de vos trains.<\/p>\n<p dir=\"auto\"><strong>Que signifie la douceur \u00e0 4 niveaux ?<\/strong> Vous pouvez r\u00e9gler la douceur de la vapeur sur quatre niveaux, de normal (niveau 0) \u00e0 tr\u00e8s doux (niveau 3).<\/p>\n<p dir=\"auto\"><strong>Puis-je ajuster la puissance et le d\u00e9bit d'air ?<\/strong> Oui, il suffit d'appuyer sur un bouton pour r\u00e9gler individuellement la puissance et le d\u00e9bit d'air.<\/p>\n<p dir=\"auto\"><strong>La batterie est-elle rechargeable ?<\/strong> Cela va de soi. La batterie de 850 mAh peut \u00eatre recharg\u00e9e rapidement via un c\u00e2ble Type-C.<\/p>\n<p dir=\"auto\"><strong>Quel est le taux de nicotine de ce mod\u00e8le ?<\/strong> Le Sweet King 30000 d'Elfbar contient 5% de nicotine (50 mg\/ml).<\/p>\n<p dir=\"auto\"><strong>Combien de saveurs existe-t-il ?<\/strong> Au total, les <strong>8 saveurs sucr\u00e9es<\/strong> disponibles.<\/p>\n<p dir=\"auto\"><strong>Les envois sont-ils effectu\u00e9s depuis un entrep\u00f4t de l'UE ?<\/strong> Oui, la livraison se fait g\u00e9n\u00e9ralement dans un d\u00e9lai de 1 \u00e0 3 jours ouvrables.<\/p>\n<p dir=\"auto\"><strong>La vape est-elle adapt\u00e9e aux d\u00e9butants ?<\/strong> Oui. Gr\u00e2ce \u00e0 son utilisation simple par bouton, il est tr\u00e8s convivial.<\/p>","protected":false},"excerpt":{"rendered":"<p dir=\"auto\">L'Elfbar Sweet King 30000 est une vape Elfbar innovante pouvant atteindre 30 000 bouff\u00e9es. Elle offre un r\u00e9glage de sweetness \u00e0 4 niveaux et peut \u00eatre adapt\u00e9e individuellement. Avec un coil triple maille, une batterie de 850 mAh et 8 saveurs d\u00e9licieuses, il assure un plaisir de vapotage doux et intense - parfait pour tous ceux qui aiment le sucr\u00e9.<\/p>","protected":false},"featured_media":4680,"comment_status":"open","ping_status":"closed","template":"","meta":[],"product_brand":[70],"product_cat":[46],"product_tag":[],"class_list":{"0":"post-4316","1":"product","2":"type-product","3":"status-publish","4":"has-post-thumbnail","6":"product_brand-elfbar","7":"product_cat-puff-30k","9":"first","10":"instock","11":"shipping-taxable","12":"purchasable","13":"product-type-variable"},"yoast_head":"<!-- This site is optimized with the Yoast SEO plugin v27.1.1 - https:\/\/yoast.com\/product\/yoast-seo-wordpress\/ -->\n<title>Elfbar Sweet King 30000 | 30.000 Z\u00fcge Elfbar kaufen - AiVape | Premium E-Zigaretten &amp; Vape Shop Deutschland<\/title>\n<meta name=\"description\" content=\"Elfbar Sweet King 30000 \u2013 Bis zu 30.000 Z\u00fcge, 4-stufige Sweetness, Triple Mesh Coil und 850 mAh Akku. 8 Geschm\u00e4cker. EU-Versand in 1-3 Tagen.\" \/>\n<meta name=\"robots\" content=\"index, follow, max-snippet:-1, max-image-preview:large, max-video-preview:-1\" \/>\n<link rel=\"canonical\" href=\"https:\/\/aivape.de\/fr\/product\/elfbar-sweet-king-30000-30-000-zuege-elfbar-kaufen\/\" \/>\n<meta property=\"og:locale\" content=\"fr_FR\" \/>\n<meta property=\"og:type\" content=\"article\" \/>\n<meta property=\"og:title\" content=\"Elfbar Sweet King 30000 | 30.000 Z\u00fcge Elfbar kaufen - AiVape | Premium E-Zigaretten &amp; Vape Shop Deutschland\" \/>\n<meta property=\"og:description\" content=\"Elfbar Sweet King 30000 \u2013 Bis zu 30.000 Z\u00fcge, 4-stufige Sweetness, Triple Mesh Coil und 850 mAh Akku. 8 Geschm\u00e4cker. EU-Versand in 1-3 Tagen.\" \/>\n<meta property=\"og:url\" content=\"https:\/\/aivape.de\/fr\/product\/elfbar-sweet-king-30000-30-000-zuege-elfbar-kaufen\/\" \/>\n<meta property=\"og:site_name\" content=\"AiVape | Premium E-Zigaretten &amp; Vape Shop Deutschland\" \/>\n<meta property=\"article:modified_time\" content=\"2026-04-08T09:42:09+00:00\" \/>\n<meta property=\"og:image\" content=\"https:\/\/aivape.de\/wp-content\/uploads\/2026\/04\/eldbar-sweet-king-30000-grape-Ice.webp\" \/>\n\t<meta property=\"og:image:width\" content=\"1080\" \/>\n\t<meta property=\"og:image:height\" content=\"1080\" \/>\n\t<meta property=\"og:image:type\" content=\"image\/webp\" \/>\n<meta name=\"twitter:card\" content=\"summary_large_image\" \/>\n<meta name=\"twitter:label1\" content=\"Dur\u00e9e de lecture estim\u00e9e\" \/>\n\t<meta name=\"twitter:data1\" content=\"3 minutes\" \/>\n<script type=\"application\/ld+json\" class=\"yoast-schema-graph\">{\"@context\":\"https:\/\/schema.org\",\"@graph\":[{\"@type\":\"WebPage\",\"@id\":\"https:\/\/aivape.de\/produkt\/elfbar-sweet-king-30000-30-000-zuege-elfbar-kaufen\/\",\"url\":\"https:\/\/aivape.de\/produkt\/elfbar-sweet-king-30000-30-000-zuege-elfbar-kaufen\/\",\"name\":\"Elfbar Sweet King 30000 | 30.000 Z\u00fcge Elfbar kaufen - AiVape | Premium E-Zigaretten &amp; Vape Shop Deutschland\",\"isPartOf\":{\"@id\":\"https:\/\/aivape.de\/#website\"},\"primaryImageOfPage\":{\"@id\":\"https:\/\/aivape.de\/produkt\/elfbar-sweet-king-30000-30-000-zuege-elfbar-kaufen\/#primaryimage\"},\"image\":{\"@id\":\"https:\/\/aivape.de\/produkt\/elfbar-sweet-king-30000-30-000-zuege-elfbar-kaufen\/#primaryimage\"},\"thumbnailUrl\":\"https:\/\/aivape.de\/wp-content\/uploads\/2026\/04\/eldbar-sweet-king-30000-grape-Ice.webp\",\"datePublished\":\"2026-04-08T08:06:13+00:00\",\"dateModified\":\"2026-04-08T09:42:09+00:00\",\"description\":\"Elfbar Sweet King 30000 \u2013 Bis zu 30.000 Z\u00fcge, 4-stufige Sweetness, Triple Mesh Coil und 850 mAh Akku. 8 Geschm\u00e4cker. EU-Versand in 1-3 Tagen.\",\"breadcrumb\":{\"@id\":\"https:\/\/aivape.de\/produkt\/elfbar-sweet-king-30000-30-000-zuege-elfbar-kaufen\/#breadcrumb\"},\"inLanguage\":\"fr-FR\",\"potentialAction\":[{\"@type\":\"ReadAction\",\"target\":[\"https:\/\/aivape.de\/produkt\/elfbar-sweet-king-30000-30-000-zuege-elfbar-kaufen\/\"]}]},{\"@type\":\"ImageObject\",\"inLanguage\":\"fr-FR\",\"@id\":\"https:\/\/aivape.de\/produkt\/elfbar-sweet-king-30000-30-000-zuege-elfbar-kaufen\/#primaryimage\",\"url\":\"https:\/\/aivape.de\/wp-content\/uploads\/2026\/04\/eldbar-sweet-king-30000-grape-Ice.webp\",\"contentUrl\":\"https:\/\/aivape.de\/wp-content\/uploads\/2026\/04\/eldbar-sweet-king-30000-grape-Ice.webp\",\"width\":1080,\"height\":1080,\"caption\":\"eldbar-sweet king-30000- grape-Ice\"},{\"@type\":\"BreadcrumbList\",\"@id\":\"https:\/\/aivape.de\/produkt\/elfbar-sweet-king-30000-30-000-zuege-elfbar-kaufen\/#breadcrumb\",\"itemListElement\":[{\"@type\":\"ListItem\",\"position\":1,\"name\":\"Home\",\"item\":\"https:\/\/aivape.de\/\"},{\"@type\":\"ListItem\",\"position\":2,\"name\":\"Shop\",\"item\":\"https:\/\/aivape.de\/shop\/\"},{\"@type\":\"ListItem\",\"position\":3,\"name\":\"Elfbar Sweet King 30000 | 30.000 Z\u00fcge Elfbar kaufen\"}]},{\"@type\":\"WebSite\",\"@id\":\"https:\/\/aivape.de\/#website\",\"url\":\"https:\/\/aivape.de\/\",\"name\":\"AiVape | Premium E-Zigaretten &amp; Vape Shop Deutschland\",\"description\":\"Dein Experte f\u00fcr Vozol, Bang King &amp; Hifancy Vapes \u2013 Schneller EU-Versand\",\"potentialAction\":[{\"@type\":\"SearchAction\",\"target\":{\"@type\":\"EntryPoint\",\"urlTemplate\":\"https:\/\/aivape.de\/?s={search_term_string}\"},\"query-input\":{\"@type\":\"PropertyValueSpecification\",\"valueRequired\":true,\"valueName\":\"search_term_string\"}}],\"inLanguage\":\"fr-FR\"}]}<\/script>\n<!-- \/ Yoast SEO plugin. -->","yoast_head_json":{"title":"Elfbar Sweet King 30000 | 30.000 Z\u00fcge Elfbar kaufen - AiVape | Premium E-Zigaretten &amp; Vape Shop Deutschland","description":"Elfbar Sweet King 30000 - Jusqu'\u00e0 30.000 bouff\u00e9es, sweetness \u00e0 4 niveaux, triple coil mesh et batterie 850 mAh. 8 saveurs. Exp\u00e9dition UE en 1-3 jours.","robots":{"index":"index","follow":"follow","max-snippet":"max-snippet:-1","max-image-preview":"max-image-preview:large","max-video-preview":"max-video-preview:-1"},"canonical":"https:\/\/aivape.de\/fr\/product\/elfbar-sweet-king-30000-30-000-zuege-elfbar-kaufen\/","og_locale":"fr_FR","og_type":"article","og_title":"Elfbar Sweet King 30000 | 30.000 Z\u00fcge Elfbar kaufen - AiVape | Premium E-Zigaretten &amp; Vape Shop Deutschland","og_description":"Elfbar Sweet King 30000 \u2013 Bis zu 30.000 Z\u00fcge, 4-stufige Sweetness, Triple Mesh Coil und 850 mAh Akku. 8 Geschm\u00e4cker. EU-Versand in 1-3 Tagen.","og_url":"https:\/\/aivape.de\/fr\/product\/elfbar-sweet-king-30000-30-000-zuege-elfbar-kaufen\/","og_site_name":"AiVape | Premium E-Zigaretten &amp; Vape Shop Deutschland","article_modified_time":"2026-04-08T09:42:09+00:00","og_image":[{"width":1080,"height":1080,"url":"https:\/\/aivape.de\/wp-content\/uploads\/2026\/04\/eldbar-sweet-king-30000-grape-Ice.webp","type":"image\/webp"}],"twitter_card":"summary_large_image","twitter_misc":{"Dur\u00e9e de lecture estim\u00e9e":"3 minutes"},"schema":{"@context":"https:\/\/schema.org","@graph":[{"@type":"WebPage","@id":"https:\/\/aivape.de\/produkt\/elfbar-sweet-king-30000-30-000-zuege-elfbar-kaufen\/","url":"https:\/\/aivape.de\/produkt\/elfbar-sweet-king-30000-30-000-zuege-elfbar-kaufen\/","name":"Elfbar Sweet King 30000 | 30.000 Z\u00fcge Elfbar kaufen - AiVape | Premium E-Zigaretten &amp; Vape Shop Deutschland","isPartOf":{"@id":"https:\/\/aivape.de\/#website"},"primaryImageOfPage":{"@id":"https:\/\/aivape.de\/produkt\/elfbar-sweet-king-30000-30-000-zuege-elfbar-kaufen\/#primaryimage"},"image":{"@id":"https:\/\/aivape.de\/produkt\/elfbar-sweet-king-30000-30-000-zuege-elfbar-kaufen\/#primaryimage"},"thumbnailUrl":"https:\/\/aivape.de\/wp-content\/uploads\/2026\/04\/eldbar-sweet-king-30000-grape-Ice.webp","datePublished":"2026-04-08T08:06:13+00:00","dateModified":"2026-04-08T09:42:09+00:00","description":"Elfbar Sweet King 30000 - Jusqu'\u00e0 30.000 bouff\u00e9es, sweetness \u00e0 4 niveaux, triple coil mesh et batterie 850 mAh. 8 saveurs. Exp\u00e9dition UE en 1-3 jours.","breadcrumb":{"@id":"https:\/\/aivape.de\/produkt\/elfbar-sweet-king-30000-30-000-zuege-elfbar-kaufen\/#breadcrumb"},"inLanguage":"fr-FR","potentialAction":[{"@type":"ReadAction","target":["https:\/\/aivape.de\/produkt\/elfbar-sweet-king-30000-30-000-zuege-elfbar-kaufen\/"]}]},{"@type":"ImageObject","inLanguage":"fr-FR","@id":"https:\/\/aivape.de\/produkt\/elfbar-sweet-king-30000-30-000-zuege-elfbar-kaufen\/#primaryimage","url":"https:\/\/aivape.de\/wp-content\/uploads\/2026\/04\/eldbar-sweet-king-30000-grape-Ice.webp","contentUrl":"https:\/\/aivape.de\/wp-content\/uploads\/2026\/04\/eldbar-sweet-king-30000-grape-Ice.webp","width":1080,"height":1080,"caption":"eldbar-sweet king-30000- grape-Ice"},{"@type":"BreadcrumbList","@id":"https:\/\/aivape.de\/produkt\/elfbar-sweet-king-30000-30-000-zuege-elfbar-kaufen\/#breadcrumb","itemListElement":[{"@type":"ListItem","position":1,"name":"Home","item":"https:\/\/aivape.de\/"},{"@type":"ListItem","position":2,"name":"Shop","item":"https:\/\/aivape.de\/shop\/"},{"@type":"ListItem","position":3,"name":"Elfbar Sweet King 30000 | 30.000 Z\u00fcge Elfbar kaufen"}]},{"@type":"WebSite","@id":"https:\/\/aivape.de\/#website","url":"https:\/\/aivape.de\/","name":"AiVape | Premium E-Zigaretten &amp; Vape Shop Deutschland","description":"Dein Experte f\u00fcr Vozol, Bang King &amp; Hifancy Vapes \u2013 Schneller EU-Versand","potentialAction":[{"@type":"SearchAction","target":{"@type":"EntryPoint","urlTemplate":"https:\/\/aivape.de\/?s={search_term_string}"},"query-input":{"@type":"PropertyValueSpecification","valueRequired":true,"valueName":"search_term_string"}}],"inLanguage":"fr-FR"}]}},"tiered_pricing_type":"fixed","tiered_pricing_fixed_rules":{"30":"14.78","50":"12.28","100":"11.78","200":"10.78"},"tiered_pricing_product_settings":{"layout":"default","base_unit_name":{"singular":null,"plural":null},"default_variation":null},"tiered_pricing_minimum_quantity":10,"tiered_pricing_roles_data":[],"tiered_pricing_percentage_rules":[],"tiered_pricing_maximum_quantity":null,"tiered_pricing_quantity_step":"10","_links":{"self":[{"href":"https:\/\/aivape.de\/fr\/wp-json\/wp\/v2\/product\/4316","targetHints":{"allow":["GET"]}}],"collection":[{"href":"https:\/\/aivape.de\/fr\/wp-json\/wp\/v2\/product"}],"about":[{"href":"https:\/\/aivape.de\/fr\/wp-json\/wp\/v2\/types\/product"}],"replies":[{"embeddable":true,"href":"https:\/\/aivape.de\/fr\/wp-json\/wp\/v2\/comments?post=4316"}],"version-history":[{"count":3,"href":"https:\/\/aivape.de\/fr\/wp-json\/wp\/v2\/product\/4316\/revisions"}],"predecessor-version":[{"id":4689,"href":"https:\/\/aivape.de\/fr\/wp-json\/wp\/v2\/product\/4316\/revisions\/4689"}],"wp:featuredmedia":[{"embeddable":true,"href":"https:\/\/aivape.de\/fr\/wp-json\/wp\/v2\/media\/4680"}],"wp:attachment":[{"href":"https:\/\/aivape.de\/fr\/wp-json\/wp\/v2\/media?parent=4316"}],"wp:term":[{"taxonomy":"product_brand","embeddable":true,"href":"https:\/\/aivape.de\/fr\/wp-json\/wp\/v2\/product_brand?post=4316"},{"taxonomy":"product_cat","embeddable":true,"href":"https:\/\/aivape.de\/fr\/wp-json\/wp\/v2\/product_cat?post=4316"},{"taxonomy":"product_tag","embeddable":true,"href":"https:\/\/aivape.de\/fr\/wp-json\/wp\/v2\/product_tag?post=4316"}],"curies":[{"name":"wp","href":"https:\/\/api.w.org\/{rel}","templated":true}]}}