{"id":3609,"date":"2026-04-08T09:08:41","date_gmt":"2026-04-08T07:08:41","guid":{"rendered":"https:\/\/aivape.de\/?post_type=product&#038;p=3609"},"modified":"2026-04-08T09:14:36","modified_gmt":"2026-04-08T07:14:36","slug":"vozol-vista-20000-20-000-zuege-vape-mit-farbdisplay-kaufen","status":"publish","type":"product","link":"https:\/\/aivape.de\/fr\/product\/vozol-vista-20000-20-000-zuege-vape-mit-farbdisplay-kaufen\/","title":{"rendered":"Acheter VOZOL Vista 20000 | 20.000 bouff\u00e9es de vape avec \u00e9cran couleur"},"content":{"rendered":"<h1 dir=\"auto\"><strong>VOZOL Vista 20000 : un design futuriste et une technologie innovante<\/strong><\/h1>\n<p dir=\"auto\">Le site <strong>VOZOL Vista 20000<\/strong> (aussi <strong>VOZOL 20000<\/strong> ou <strong>VOZOL 20000 Puff<\/strong> ) se distingue nettement de beaucoup d'autres vapeurs par sa grande capacit\u00e9 et ses caract\u00e9ristiques intelligentes.<\/p>\n<p dir=\"auto\">D'une part, la grande quantit\u00e9 de liquide assure une longue dur\u00e9e d'utilisation. D'autre part, l'\u00e9cran couleur haute r\u00e9solution permet une utilisation intuitive. De plus, le bo\u00eetier enti\u00e8rement transparent permet de voir la technique et conf\u00e8re \u00e0 l'appareil un look cyberpunk moderne.<\/p>\n<h3 dir=\"auto\"><strong>Les principaux avantages<\/strong><\/h3>\n<p dir=\"auto\"><strong>- Jusqu'\u00e0 20.000 bouff\u00e9es pour un plaisir durable<\/strong> Avec 20 ml de liquide pr\u00e9-rempli, la vape dure nettement plus longtemps que de nombreux mod\u00e8les standard. C'est pourquoi elle convient particuli\u00e8rement bien \u00e0 une utilisation quotidienne.<\/p>\n<p dir=\"auto\"><strong>- \u00c9cran couleur 2,2\u2033 HD avec affichage intelligent<\/strong> L'\u00e9cran brillant affiche en temps r\u00e9el le niveau de liquide et de batterie. De plus, des animations dynamiques apparaissent d\u00e8s que vous modifiez le niveau de watts - pour une exp\u00e9rience confortable et claire.<\/p>\n<p dir=\"auto\"><strong>- r\u00e9glage de la puissance \u00e0 6 niveaux pour une adaptation individuelle<\/strong> Vous pouvez adapter la puissance de mani\u00e8re flexible \u00e0 vos pr\u00e9f\u00e9rences. Vous obtenez ainsi toujours une vapeur et un go\u00fbt optimaux.<\/p>\n<p dir=\"auto\"><strong>- Dual Mesh Coil avec S.i.L.C Tech<\/strong> Cette technologie de bobine avanc\u00e9e assure un chauffage uniforme et un go\u00fbt particuli\u00e8rement pur, lisse et durable.<\/p>\n<p dir=\"auto\"><strong>- Aspect cyberpunk transparent<\/strong> Le design enti\u00e8rement transparent ne permet pas seulement de voir les composants internes, mais fait \u00e9galement de la vape un point fort visuel.<\/p>\n<p dir=\"auto\"><strong>- Exp\u00e9dition rapide depuis l'entrep\u00f4t de l'UE<\/strong> Toutes les commandes sont exp\u00e9di\u00e9es depuis notre entrep\u00f4t europ\u00e9en et vous parviennent g\u00e9n\u00e9ralement dans un d\u00e9lai de 1 \u00e0 3 jours.<\/p>\n<h4 dir=\"auto\"><strong>Sp\u00e9cifications techniques<\/strong><\/h4>\n<ul dir=\"auto\">\n<li><strong>Marque<\/strong>: VOZOL Vape<\/li>\n<li><strong>Mod\u00e8le<\/strong>: VOZOL Vista 20000<\/li>\n<li><strong>Nombre de trains<\/strong>: Jusqu'\u00e0 20.000 trains<\/li>\n<li><strong>Capacit\u00e9 en liquide<\/strong>: 20 ml<\/li>\n<li><strong>Taux de nicotine<\/strong>: 5% (50 mg\/ml)<\/li>\n<li><strong>Batterie<\/strong>650 mAh rechargeable (Type-C)<\/li>\n<li><strong>\u00c9vaporateur<\/strong>: Dual Mesh Coil (0.65\u03a9 \u00d7 2) avec S.i.L.C Tech<\/li>\n<li><strong>\u00c9cran<\/strong>: \u00c9cran couleur 2.2\u2033 HD<\/li>\n<li><strong>Particularit\u00e9<\/strong>: r\u00e9glage de la puissance \u00e0 6 niveaux, design cyberpunk transparent<\/li>\n<li><strong>Emballage<\/strong>10 pi\u00e8ces par paquet<\/li>\n<li><strong>Poids<\/strong>: 124 g<\/li>\n<\/ul>\n<hr \/>\n<h3 dir=\"auto\"><strong>FAQ - Foire aux questions<\/strong><\/h3>\n<p dir=\"auto\"><strong>Combien de trains le VOZOL Vista 20000 arr\u00eate-t-il r\u00e9ellement ?<\/strong> Jusqu'\u00e0 20 000 bouff\u00e9es. Le nombre exact d\u00e9pend toutefois fortement de la puissance de vos bouff\u00e9es et du niveau de watts choisi.<\/p>\n<p dir=\"auto\"><strong>Puis-je r\u00e9gler moi-m\u00eame la puissance ?<\/strong> Oui, gr\u00e2ce au r\u00e9glage en watts \u00e0 6 niveaux, vous adaptez la puissance \u00e0 votre go\u00fbt.<\/p>\n<p dir=\"auto\"><strong>L'\u00e9cran affiche-t-il l'\u00e9tat actuel ?<\/strong> Cela va de soi. L'\u00e9cran couleur 2.2\u2033 HD vous informe en temps r\u00e9el du niveau de batterie et de liquide et affiche des animations dynamiques.<\/p>\n<p dir=\"auto\"><strong>La batterie est-elle rechargeable ?<\/strong> Oui. La batterie de 650 mAh se recharge rapidement et facilement via un c\u00e2ble de type C.<\/p>\n<p dir=\"auto\"><strong>Combien de parfums sont disponibles ?<\/strong> Le VOZOL Vista 20000 est disponible en <strong>10 saveurs diff\u00e9rentes<\/strong> disponible.<\/p>\n<p dir=\"auto\"><strong>\u00c0 qui ce mod\u00e8le convient-il particuli\u00e8rement ?<\/strong> Il est id\u00e9al pour tous ceux qui appr\u00e9cient un design moderne, un affichage clair et un go\u00fbt intense et durable.<\/p>\n<p dir=\"auto\"><strong>Les envois sont-ils effectu\u00e9s depuis un entrep\u00f4t de l'UE ?<\/strong> Oui, la livraison s'effectue g\u00e9n\u00e9ralement dans un d\u00e9lai de 1 \u00e0 3 jours ouvrables.<\/p>","protected":false},"excerpt":{"rendered":"<p dir=\"auto\">Le VOZOL Vista 20000 combine un design moderne avec de fortes performances. Avec jusqu'\u00e0 20 000 bouff\u00e9es, un \u00e9cran couleur HD brillant de 2,2\u2033 et le coil Dual Mesh avanc\u00e9, il offre une exp\u00e9rience de vapotage futuriste pleine de saveur et de contr\u00f4le. Son bo\u00eetier cyberpunk transparent le rend en outre tr\u00e8s accrocheur.<\/p>","protected":false},"featured_media":3610,"comment_status":"open","ping_status":"closed","template":"","meta":[],"product_brand":[78],"product_cat":[49],"product_tag":[],"class_list":{"0":"post-3609","1":"product","2":"type-product","3":"status-publish","4":"has-post-thumbnail","6":"product_brand-vozol","7":"product_cat-puff-20k","9":"first","10":"instock","11":"shipping-taxable","12":"purchasable","13":"product-type-variable"},"yoast_head":"<!-- This site is optimized with the Yoast SEO plugin v27.1.1 - https:\/\/yoast.com\/product\/yoast-seo-wordpress\/ -->\n<title>VOZOL Vista 20000 | 20.000 Z\u00fcge Vape mit Farbdisplay kaufen - AiVape | Premium E-Zigaretten &amp; Vape Shop Deutschland<\/title>\n<meta name=\"description\" content=\"VOZOL Vista 20000 \u2013 Bis zu 20.000 Z\u00fcge, 2.2&quot; HD Farbdisplay, 6-stufige Wattregelung, Dual Mesh Coil und 20 ml Liquid. 10 Geschm\u00e4cker.\" \/>\n<meta name=\"robots\" content=\"index, follow, max-snippet:-1, max-image-preview:large, max-video-preview:-1\" \/>\n<link rel=\"canonical\" href=\"https:\/\/aivape.de\/fr\/product\/vozol-vista-20000-20-000-zuege-vape-mit-farbdisplay-kaufen\/\" \/>\n<meta property=\"og:locale\" content=\"fr_FR\" \/>\n<meta property=\"og:type\" content=\"article\" \/>\n<meta property=\"og:title\" content=\"VOZOL Vista 20000 | 20.000 Z\u00fcge Vape mit Farbdisplay kaufen - AiVape | Premium E-Zigaretten &amp; Vape Shop Deutschland\" \/>\n<meta property=\"og:description\" content=\"VOZOL Vista 20000 \u2013 Bis zu 20.000 Z\u00fcge, 2.2&quot; HD Farbdisplay, 6-stufige Wattregelung, Dual Mesh Coil und 20 ml Liquid. 10 Geschm\u00e4cker.\" \/>\n<meta property=\"og:url\" content=\"https:\/\/aivape.de\/fr\/product\/vozol-vista-20000-20-000-zuege-vape-mit-farbdisplay-kaufen\/\" \/>\n<meta property=\"og:site_name\" content=\"AiVape | Premium E-Zigaretten &amp; Vape Shop Deutschland\" \/>\n<meta property=\"article:modified_time\" content=\"2026-04-08T07:14:36+00:00\" \/>\n<meta property=\"og:image\" content=\"https:\/\/aivape.de\/wp-content\/uploads\/2026\/04\/VOZOL-Vista-20000-Puffs-Blue-Razz-Ice.webp\" \/>\n\t<meta property=\"og:image:width\" content=\"1200\" \/>\n\t<meta property=\"og:image:height\" content=\"1200\" \/>\n\t<meta property=\"og:image:type\" content=\"image\/webp\" \/>\n<meta name=\"twitter:card\" content=\"summary_large_image\" \/>\n<meta name=\"twitter:label1\" content=\"Dur\u00e9e de lecture estim\u00e9e\" \/>\n\t<meta name=\"twitter:data1\" content=\"3 minutes\" \/>\n<script type=\"application\/ld+json\" class=\"yoast-schema-graph\">{\"@context\":\"https:\/\/schema.org\",\"@graph\":[{\"@type\":\"WebPage\",\"@id\":\"https:\/\/aivape.de\/produkt\/vozol-vista-20000-20-000-zuege-vape-mit-farbdisplay-kaufen\/\",\"url\":\"https:\/\/aivape.de\/produkt\/vozol-vista-20000-20-000-zuege-vape-mit-farbdisplay-kaufen\/\",\"name\":\"VOZOL Vista 20000 | 20.000 Z\u00fcge Vape mit Farbdisplay kaufen - AiVape | Premium E-Zigaretten &amp; Vape Shop Deutschland\",\"isPartOf\":{\"@id\":\"https:\/\/aivape.de\/#website\"},\"primaryImageOfPage\":{\"@id\":\"https:\/\/aivape.de\/produkt\/vozol-vista-20000-20-000-zuege-vape-mit-farbdisplay-kaufen\/#primaryimage\"},\"image\":{\"@id\":\"https:\/\/aivape.de\/produkt\/vozol-vista-20000-20-000-zuege-vape-mit-farbdisplay-kaufen\/#primaryimage\"},\"thumbnailUrl\":\"https:\/\/aivape.de\/wp-content\/uploads\/2026\/04\/VOZOL-Vista-20000-Puffs-Blue-Razz-Ice.webp\",\"datePublished\":\"2026-04-08T07:08:41+00:00\",\"dateModified\":\"2026-04-08T07:14:36+00:00\",\"description\":\"VOZOL Vista 20000 \u2013 Bis zu 20.000 Z\u00fcge, 2.2\\\" HD Farbdisplay, 6-stufige Wattregelung, Dual Mesh Coil und 20 ml Liquid. 10 Geschm\u00e4cker.\",\"breadcrumb\":{\"@id\":\"https:\/\/aivape.de\/produkt\/vozol-vista-20000-20-000-zuege-vape-mit-farbdisplay-kaufen\/#breadcrumb\"},\"inLanguage\":\"fr-FR\",\"potentialAction\":[{\"@type\":\"ReadAction\",\"target\":[\"https:\/\/aivape.de\/produkt\/vozol-vista-20000-20-000-zuege-vape-mit-farbdisplay-kaufen\/\"]}]},{\"@type\":\"ImageObject\",\"inLanguage\":\"fr-FR\",\"@id\":\"https:\/\/aivape.de\/produkt\/vozol-vista-20000-20-000-zuege-vape-mit-farbdisplay-kaufen\/#primaryimage\",\"url\":\"https:\/\/aivape.de\/wp-content\/uploads\/2026\/04\/VOZOL-Vista-20000-Puffs-Blue-Razz-Ice.webp\",\"contentUrl\":\"https:\/\/aivape.de\/wp-content\/uploads\/2026\/04\/VOZOL-Vista-20000-Puffs-Blue-Razz-Ice.webp\",\"width\":1200,\"height\":1200,\"caption\":\"VOZOL Vista 20000 Puffs -Blue Razz Ice\"},{\"@type\":\"BreadcrumbList\",\"@id\":\"https:\/\/aivape.de\/produkt\/vozol-vista-20000-20-000-zuege-vape-mit-farbdisplay-kaufen\/#breadcrumb\",\"itemListElement\":[{\"@type\":\"ListItem\",\"position\":1,\"name\":\"Home\",\"item\":\"https:\/\/aivape.de\/\"},{\"@type\":\"ListItem\",\"position\":2,\"name\":\"Shop\",\"item\":\"https:\/\/aivape.de\/shop\/\"},{\"@type\":\"ListItem\",\"position\":3,\"name\":\"VOZOL Vista 20000 | 20.000 Z\u00fcge Vape mit Farbdisplay kaufen\"}]},{\"@type\":\"WebSite\",\"@id\":\"https:\/\/aivape.de\/#website\",\"url\":\"https:\/\/aivape.de\/\",\"name\":\"AiVape | Premium E-Zigaretten &amp; Vape Shop Deutschland\",\"description\":\"Dein Experte f\u00fcr Vozol, Bang King &amp; Hifancy Vapes \u2013 Schneller EU-Versand\",\"potentialAction\":[{\"@type\":\"SearchAction\",\"target\":{\"@type\":\"EntryPoint\",\"urlTemplate\":\"https:\/\/aivape.de\/?s={search_term_string}\"},\"query-input\":{\"@type\":\"PropertyValueSpecification\",\"valueRequired\":true,\"valueName\":\"search_term_string\"}}],\"inLanguage\":\"fr-FR\"}]}<\/script>\n<!-- \/ Yoast SEO plugin. -->","yoast_head_json":{"title":"VOZOL Vista 20000 | 20.000 Z\u00fcge Vape mit Farbdisplay kaufen - AiVape | Premium E-Zigaretten &amp; Vape Shop Deutschland","description":"VOZOL Vista 20000 - Jusqu'\u00e0 20 000 bouff\u00e9es, \u00e9cran couleur 2.2\" HD, r\u00e9glage de la puissance \u00e0 6 niveaux, Dual Mesh Coil et 20 ml de liquide. 10 saveurs.","robots":{"index":"index","follow":"follow","max-snippet":"max-snippet:-1","max-image-preview":"max-image-preview:large","max-video-preview":"max-video-preview:-1"},"canonical":"https:\/\/aivape.de\/fr\/product\/vozol-vista-20000-20-000-zuege-vape-mit-farbdisplay-kaufen\/","og_locale":"fr_FR","og_type":"article","og_title":"VOZOL Vista 20000 | 20.000 Z\u00fcge Vape mit Farbdisplay kaufen - AiVape | Premium E-Zigaretten &amp; Vape Shop Deutschland","og_description":"VOZOL Vista 20000 \u2013 Bis zu 20.000 Z\u00fcge, 2.2\" HD Farbdisplay, 6-stufige Wattregelung, Dual Mesh Coil und 20 ml Liquid. 10 Geschm\u00e4cker.","og_url":"https:\/\/aivape.de\/fr\/product\/vozol-vista-20000-20-000-zuege-vape-mit-farbdisplay-kaufen\/","og_site_name":"AiVape | Premium E-Zigaretten &amp; Vape Shop Deutschland","article_modified_time":"2026-04-08T07:14:36+00:00","og_image":[{"width":1200,"height":1200,"url":"https:\/\/aivape.de\/wp-content\/uploads\/2026\/04\/VOZOL-Vista-20000-Puffs-Blue-Razz-Ice.webp","type":"image\/webp"}],"twitter_card":"summary_large_image","twitter_misc":{"Dur\u00e9e de lecture estim\u00e9e":"3 minutes"},"schema":{"@context":"https:\/\/schema.org","@graph":[{"@type":"WebPage","@id":"https:\/\/aivape.de\/produkt\/vozol-vista-20000-20-000-zuege-vape-mit-farbdisplay-kaufen\/","url":"https:\/\/aivape.de\/produkt\/vozol-vista-20000-20-000-zuege-vape-mit-farbdisplay-kaufen\/","name":"VOZOL Vista 20000 | 20.000 Z\u00fcge Vape mit Farbdisplay kaufen - AiVape | Premium E-Zigaretten &amp; Vape Shop Deutschland","isPartOf":{"@id":"https:\/\/aivape.de\/#website"},"primaryImageOfPage":{"@id":"https:\/\/aivape.de\/produkt\/vozol-vista-20000-20-000-zuege-vape-mit-farbdisplay-kaufen\/#primaryimage"},"image":{"@id":"https:\/\/aivape.de\/produkt\/vozol-vista-20000-20-000-zuege-vape-mit-farbdisplay-kaufen\/#primaryimage"},"thumbnailUrl":"https:\/\/aivape.de\/wp-content\/uploads\/2026\/04\/VOZOL-Vista-20000-Puffs-Blue-Razz-Ice.webp","datePublished":"2026-04-08T07:08:41+00:00","dateModified":"2026-04-08T07:14:36+00:00","description":"VOZOL Vista 20000 - Jusqu'\u00e0 20 000 bouff\u00e9es, \u00e9cran couleur 2.2\" HD, r\u00e9glage de la puissance \u00e0 6 niveaux, Dual Mesh Coil et 20 ml de liquide. 10 saveurs.","breadcrumb":{"@id":"https:\/\/aivape.de\/produkt\/vozol-vista-20000-20-000-zuege-vape-mit-farbdisplay-kaufen\/#breadcrumb"},"inLanguage":"fr-FR","potentialAction":[{"@type":"ReadAction","target":["https:\/\/aivape.de\/produkt\/vozol-vista-20000-20-000-zuege-vape-mit-farbdisplay-kaufen\/"]}]},{"@type":"ImageObject","inLanguage":"fr-FR","@id":"https:\/\/aivape.de\/produkt\/vozol-vista-20000-20-000-zuege-vape-mit-farbdisplay-kaufen\/#primaryimage","url":"https:\/\/aivape.de\/wp-content\/uploads\/2026\/04\/VOZOL-Vista-20000-Puffs-Blue-Razz-Ice.webp","contentUrl":"https:\/\/aivape.de\/wp-content\/uploads\/2026\/04\/VOZOL-Vista-20000-Puffs-Blue-Razz-Ice.webp","width":1200,"height":1200,"caption":"VOZOL Vista 20000 Puffs -Blue Razz Ice"},{"@type":"BreadcrumbList","@id":"https:\/\/aivape.de\/produkt\/vozol-vista-20000-20-000-zuege-vape-mit-farbdisplay-kaufen\/#breadcrumb","itemListElement":[{"@type":"ListItem","position":1,"name":"Home","item":"https:\/\/aivape.de\/"},{"@type":"ListItem","position":2,"name":"Shop","item":"https:\/\/aivape.de\/shop\/"},{"@type":"ListItem","position":3,"name":"VOZOL Vista 20000 | 20.000 Z\u00fcge Vape mit Farbdisplay kaufen"}]},{"@type":"WebSite","@id":"https:\/\/aivape.de\/#website","url":"https:\/\/aivape.de\/","name":"AiVape | Premium E-Zigaretten &amp; Vape Shop Deutschland","description":"Dein Experte f\u00fcr Vozol, Bang King &amp; Hifancy Vapes \u2013 Schneller EU-Versand","potentialAction":[{"@type":"SearchAction","target":{"@type":"EntryPoint","urlTemplate":"https:\/\/aivape.de\/?s={search_term_string}"},"query-input":{"@type":"PropertyValueSpecification","valueRequired":true,"valueName":"search_term_string"}}],"inLanguage":"fr-FR"}]}},"tiered_pricing_type":"fixed","tiered_pricing_fixed_rules":{"30":"11.45","50":"9.24","100":"8.81","200":"8.31"},"tiered_pricing_product_settings":{"layout":"default","base_unit_name":{"singular":null,"plural":null},"default_variation":null},"tiered_pricing_minimum_quantity":10,"tiered_pricing_roles_data":[],"tiered_pricing_percentage_rules":[],"tiered_pricing_maximum_quantity":null,"tiered_pricing_quantity_step":"10","_links":{"self":[{"href":"https:\/\/aivape.de\/fr\/wp-json\/wp\/v2\/product\/3609","targetHints":{"allow":["GET"]}}],"collection":[{"href":"https:\/\/aivape.de\/fr\/wp-json\/wp\/v2\/product"}],"about":[{"href":"https:\/\/aivape.de\/fr\/wp-json\/wp\/v2\/types\/product"}],"replies":[{"embeddable":true,"href":"https:\/\/aivape.de\/fr\/wp-json\/wp\/v2\/comments?post=3609"}],"version-history":[{"count":3,"href":"https:\/\/aivape.de\/fr\/wp-json\/wp\/v2\/product\/3609\/revisions"}],"predecessor-version":[{"id":3673,"href":"https:\/\/aivape.de\/fr\/wp-json\/wp\/v2\/product\/3609\/revisions\/3673"}],"wp:featuredmedia":[{"embeddable":true,"href":"https:\/\/aivape.de\/fr\/wp-json\/wp\/v2\/media\/3610"}],"wp:attachment":[{"href":"https:\/\/aivape.de\/fr\/wp-json\/wp\/v2\/media?parent=3609"}],"wp:term":[{"taxonomy":"product_brand","embeddable":true,"href":"https:\/\/aivape.de\/fr\/wp-json\/wp\/v2\/product_brand?post=3609"},{"taxonomy":"product_cat","embeddable":true,"href":"https:\/\/aivape.de\/fr\/wp-json\/wp\/v2\/product_cat?post=3609"},{"taxonomy":"product_tag","embeddable":true,"href":"https:\/\/aivape.de\/fr\/wp-json\/wp\/v2\/product_tag?post=3609"}],"curies":[{"name":"wp","href":"https:\/\/api.w.org\/{rel}","templated":true}]}}