{"id":3542,"date":"2026-04-01T11:04:50","date_gmt":"2026-04-01T09:04:50","guid":{"rendered":"https:\/\/aivape.de\/?post_type=product&#038;p=3542"},"modified":"2026-04-01T11:04:50","modified_gmt":"2026-04-01T09:04:50","slug":"bang-leader-110k-110-000-zuege-6-in-1-vape-bang-110k-kaufen","status":"publish","type":"product","link":"https:\/\/aivape.de\/fr\/product\/bang-leader-110k-110-000-zuege-6-in-1-vape-bang-110k-kaufen\/","title":{"rendered":"Bang Leader 110K | 110 000 bouff\u00e9es 6-en-1 Vape - Acheter Bang 110K"},"content":{"rendered":"<h1 dir=\"auto\"><strong>Bang Leader 110K : 110.000 bouff\u00e9es avec 6-in-1 Flavor Modes<\/strong><\/h1>\n<p dir=\"auto\">Le site <strong>Bang Leader 110K<\/strong> (aussi <strong>Bang 110K<\/strong>, <strong>Vape 110K<\/strong> ou <strong>Puff 110K<\/strong> ) s'adresse aux vapoteurs exigeants qui recherchent des performances \u00e9lev\u00e9es et une grande diversit\u00e9 de go\u00fbts.<\/p>\n<p dir=\"auto\">D'une part, il convainc par son \u00e9norme nombre de bouff\u00e9es. D'autre part, le syst\u00e8me avanc\u00e9 6 en 1 permet une adaptation individuelle du go\u00fbt - selon vos pr\u00e9f\u00e9rences.<\/p>\n<h2 dir=\"auto\"><strong>Les principaux avantages<\/strong><\/h2>\n<p dir=\"auto\"><strong>- Jusqu'\u00e0 110.000 trains - utilisation extr\u00eamement longue<\/strong> Gr\u00e2ce \u00e0 sa grande capacit\u00e9, le Bang Leader 110K dure nettement plus longtemps que les vapes traditionnelles. C'est pourquoi elle est particuli\u00e8rement adapt\u00e9e aux utilisateurs intensifs.<\/p>\n<p dir=\"auto\"><strong>- 6-in-1 Flavor Modes - flexibilit\u00e9 maximale<\/strong> Choisissez entre trois ar\u00f4mes purs (A, B, C) ou m\u00e9langez-les dans les modes hybrides (A+B, A+C, B+C). Au total, vous disposez de <strong>10 variantes de saveurs diff\u00e9rentes<\/strong> \u00e0 disposition.<\/p>\n<p dir=\"auto\"><strong>- \u00c9cran LED pour un contr\u00f4le total<\/strong> L'\u00e9cran LED int\u00e9gr\u00e9 indique non seulement le niveau de la batterie et du puff, mais aussi le mode de saveur actuel. Vous gardez ainsi toujours une vue d'ensemble.<\/p>\n<p dir=\"auto\"><strong>- batterie rechargeable de 850 mAh<\/strong> La batterie puissante se recharge facilement via Type-C et garantit des performances constantes pendant toute l'autonomie.<\/p>\n<p dir=\"auto\"><strong>- Exp\u00e9dition rapide depuis l'entrep\u00f4t de l'UE<\/strong> Toutes les commandes sont exp\u00e9di\u00e9es depuis notre entrep\u00f4t europ\u00e9en et vous parviennent g\u00e9n\u00e9ralement dans un d\u00e9lai de 1 \u00e0 3 jours.<\/p>\n<p dir=\"auto\"><img loading=\"lazy\" decoding=\"async\" class=\"wd-lazy-fade alignnone  wp-image-3543\" src=\"https:\/\/aivape.de\/wp-content\/themes\/woodmart\/images\/lazy.svg\" data-src=\"https:\/\/aivape.de\/wp-content\/uploads\/2026\/04\/Bang-Leader-110K-Flavors-List-143x300.webp\" alt=\"Bang Leader 110K Flavors List\" width=\"353\" height=\"741\" srcset=\"\" data-srcset=\"https:\/\/aivape.de\/wp-content\/uploads\/2026\/04\/Bang-Leader-110K-Flavors-List-143x300.webp 143w, https:\/\/aivape.de\/wp-content\/uploads\/2026\/04\/Bang-Leader-110K-Flavors-List-150x314.webp 150w\" sizes=\"auto, (max-width: 353px) 100vw, 353px\" \/><\/p>\n<h3 dir=\"auto\"><strong>Sp\u00e9cifications techniques<\/strong><\/h3>\n<ul dir=\"auto\">\n<li><strong>Marque<\/strong>: Bang Vape<\/li>\n<li><strong>Mod\u00e8le<\/strong>: Bang Leader 110K<\/li>\n<li><strong>Nombre de trains<\/strong>: Jusqu'\u00e0 110.000 trains<\/li>\n<li><strong>Capacit\u00e9 en liquide<\/strong>haute capacit\u00e9 (indication exacte en ml selon le mod\u00e8le)<\/li>\n<li><strong>Taux de nicotine<\/strong>: 0% \/ 2% \/ 3% \/ 5%<\/li>\n<li><strong>Batterie<\/strong>850 mAh rechargeable<\/li>\n<li><strong>Particularit\u00e9<\/strong>6-in-1 Flavor Modes (3 Pure + 3 Hybrid), LED Screen<\/li>\n<li><strong>Emballage<\/strong>10 pi\u00e8ces par paquet<\/li>\n<li><strong>Poids<\/strong>: 160 g<\/li>\n<\/ul>\n<hr \/>\n<h3 dir=\"auto\"><strong>FAQ - Foire aux questions<\/strong><\/h3>\n<p dir=\"auto\"><strong>Combien de trains le Bang Leader 110K peut-il r\u00e9ellement tenir ?<\/strong> Jusqu'\u00e0 110 000 trains. Le nombre exact d\u00e9pend toutefois de l'intensit\u00e9 de votre traction et de votre utilisation. Dans le cadre d'une utilisation normale, un appareil dure plusieurs semaines, voire plusieurs mois.<\/p>\n<p dir=\"auto\"><strong>Que signifie le syst\u00e8me Flavor 6 en 1 ?<\/strong> Il propose trois ar\u00f4mes purs (A, B, C) ainsi que trois modes hybrides (A+B, A+C, B+C). Cela permet de personnaliser le go\u00fbt.<\/p>\n<p dir=\"auto\"><strong>La batterie est-elle rechargeable ?<\/strong> Oui. La batterie de 850 mAh peut \u00eatre recharg\u00e9e rapidement via un c\u00e2ble de type C.<\/p>\n<p dir=\"auto\"><strong>L'\u00e9cran LED indique-t-il le mode de saveur actuel ?<\/strong> Oui, l'\u00e9cran affiche simultan\u00e9ment le niveau de la batterie, le nombre de bouff\u00e9es et le mode de saveur s\u00e9lectionn\u00e9.<\/p>\n<p dir=\"auto\"><strong>Quels sont les dosages de nicotine disponibles ?<\/strong> Vous pouvez choisir entre 0 % (sans nicotine), 2 %, 3 % et 5 % de nicotine.<\/p>\n<p dir=\"auto\"><strong>Combien de temps dure le chargement ?<\/strong> G\u00e9n\u00e9ralement entre 60 et 90 minutes, selon le chargeur.<\/p>\n<p dir=\"auto\"><strong>\u00c0 qui le Bang Leader 110K est-il particuli\u00e8rement destin\u00e9 ?<\/strong> Il est id\u00e9al pour les vapoteurs qui ont besoin de nombreuses bouff\u00e9es et qui souhaitent en m\u00eame temps m\u00e9langer diff\u00e9rentes saveurs de mani\u00e8re flexible.<\/p>\n<p dir=\"auto\"><strong>Les envois sont-ils effectu\u00e9s depuis un entrep\u00f4t de l'UE ?<\/strong> Oui, la livraison s'effectue g\u00e9n\u00e9ralement dans un d\u00e9lai de 1 \u00e0 3 jours ouvrables.<\/p>","protected":false},"excerpt":{"rendered":"<p dir=\"auto\">Le Bang Leader 110K impressionne avec jusqu'\u00e0 110.000 bouff\u00e9es et un syst\u00e8me Flavor innovant 6 en 1. Vous pouvez choisir entre trois saveurs pures et trois modes hybrides (A+B, A+C, B+C). Avec une batterie de 850 mAh, un \u00e9cran LED et des saveurs personnalisables, il offre un confort maximal et une longue dur\u00e9e de fonctionnement.<\/p>","protected":false},"featured_media":3544,"comment_status":"open","ping_status":"closed","template":"","meta":[],"product_brand":[69],"product_cat":[33],"product_tag":[],"class_list":{"0":"post-3542","1":"product","2":"type-product","3":"status-publish","4":"has-post-thumbnail","6":"product_brand-bang","7":"product_cat-puff-110k","9":"first","10":"instock","11":"shipping-taxable","12":"purchasable","13":"product-type-variable"},"yoast_head":"<!-- This site is optimized with the Yoast SEO plugin v27.1.1 - https:\/\/yoast.com\/product\/yoast-seo-wordpress\/ -->\n<title>Bang Leader 110K | 110.000 Z\u00fcge 6-in-1 Vape \u2013 Bang 110K kaufen - AiVape | Premium E-Zigaretten &amp; Vape Shop Deutschland<\/title>\n<meta name=\"description\" content=\"Bang Leader 110K \u2013 Bis zu 110.000 Z\u00fcge, 6-in-1 Flavor Modes (3 Pure + 3 Hybrid), 850 mAh Akku, LED Screen und anpassbare Geschm\u00e4cker. 10 Varianten.\" \/>\n<meta name=\"robots\" content=\"index, follow, max-snippet:-1, max-image-preview:large, max-video-preview:-1\" \/>\n<link rel=\"canonical\" href=\"https:\/\/aivape.de\/fr\/product\/bang-leader-110k-110-000-zuege-6-in-1-vape-bang-110k-kaufen\/\" \/>\n<meta property=\"og:locale\" content=\"fr_FR\" \/>\n<meta property=\"og:type\" content=\"article\" \/>\n<meta property=\"og:title\" content=\"Bang Leader 110K | 110.000 Z\u00fcge 6-in-1 Vape \u2013 Bang 110K kaufen - AiVape | Premium E-Zigaretten &amp; Vape Shop Deutschland\" \/>\n<meta property=\"og:description\" content=\"Bang Leader 110K \u2013 Bis zu 110.000 Z\u00fcge, 6-in-1 Flavor Modes (3 Pure + 3 Hybrid), 850 mAh Akku, LED Screen und anpassbare Geschm\u00e4cker. 10 Varianten.\" \/>\n<meta property=\"og:url\" content=\"https:\/\/aivape.de\/fr\/product\/bang-leader-110k-110-000-zuege-6-in-1-vape-bang-110k-kaufen\/\" \/>\n<meta property=\"og:site_name\" content=\"AiVape | Premium E-Zigaretten &amp; Vape Shop Deutschland\" \/>\n<meta property=\"og:image\" content=\"https:\/\/aivape.de\/wp-content\/uploads\/2026\/04\/Bang-Leader-110K-Watermelon-Ice-Strawberry-Mamba-Strawberry-Watermelon.webp\" \/>\n\t<meta property=\"og:image:width\" content=\"2000\" \/>\n\t<meta property=\"og:image:height\" content=\"2000\" \/>\n\t<meta property=\"og:image:type\" content=\"image\/webp\" \/>\n<meta name=\"twitter:card\" content=\"summary_large_image\" \/>\n<meta name=\"twitter:label1\" content=\"Dur\u00e9e de lecture estim\u00e9e\" \/>\n\t<meta name=\"twitter:data1\" content=\"3 minutes\" \/>\n<script type=\"application\/ld+json\" class=\"yoast-schema-graph\">{\"@context\":\"https:\/\/schema.org\",\"@graph\":[{\"@type\":\"WebPage\",\"@id\":\"https:\/\/aivape.de\/produkt\/bang-leader-110k-110-000-zuege-6-in-1-vape-bang-110k-kaufen\/\",\"url\":\"https:\/\/aivape.de\/produkt\/bang-leader-110k-110-000-zuege-6-in-1-vape-bang-110k-kaufen\/\",\"name\":\"Bang Leader 110K | 110.000 Z\u00fcge 6-in-1 Vape \u2013 Bang 110K kaufen - AiVape | Premium E-Zigaretten &amp; Vape Shop Deutschland\",\"isPartOf\":{\"@id\":\"https:\/\/aivape.de\/#website\"},\"primaryImageOfPage\":{\"@id\":\"https:\/\/aivape.de\/produkt\/bang-leader-110k-110-000-zuege-6-in-1-vape-bang-110k-kaufen\/#primaryimage\"},\"image\":{\"@id\":\"https:\/\/aivape.de\/produkt\/bang-leader-110k-110-000-zuege-6-in-1-vape-bang-110k-kaufen\/#primaryimage\"},\"thumbnailUrl\":\"https:\/\/aivape.de\/wp-content\/uploads\/2026\/04\/Bang-Leader-110K-Watermelon-Ice-Strawberry-Mamba-Strawberry-Watermelon.webp\",\"datePublished\":\"2026-04-01T09:04:50+00:00\",\"description\":\"Bang Leader 110K \u2013 Bis zu 110.000 Z\u00fcge, 6-in-1 Flavor Modes (3 Pure + 3 Hybrid), 850 mAh Akku, LED Screen und anpassbare Geschm\u00e4cker. 10 Varianten.\",\"breadcrumb\":{\"@id\":\"https:\/\/aivape.de\/produkt\/bang-leader-110k-110-000-zuege-6-in-1-vape-bang-110k-kaufen\/#breadcrumb\"},\"inLanguage\":\"fr-FR\",\"potentialAction\":[{\"@type\":\"ReadAction\",\"target\":[\"https:\/\/aivape.de\/produkt\/bang-leader-110k-110-000-zuege-6-in-1-vape-bang-110k-kaufen\/\"]}]},{\"@type\":\"ImageObject\",\"inLanguage\":\"fr-FR\",\"@id\":\"https:\/\/aivape.de\/produkt\/bang-leader-110k-110-000-zuege-6-in-1-vape-bang-110k-kaufen\/#primaryimage\",\"url\":\"https:\/\/aivape.de\/wp-content\/uploads\/2026\/04\/Bang-Leader-110K-Watermelon-Ice-Strawberry-Mamba-Strawberry-Watermelon.webp\",\"contentUrl\":\"https:\/\/aivape.de\/wp-content\/uploads\/2026\/04\/Bang-Leader-110K-Watermelon-Ice-Strawberry-Mamba-Strawberry-Watermelon.webp\",\"width\":2000,\"height\":2000,\"caption\":\"Bang Leader 110K - Watermelon Ice & Strawberry Mamba & Strawberry Watermelon\"},{\"@type\":\"BreadcrumbList\",\"@id\":\"https:\/\/aivape.de\/produkt\/bang-leader-110k-110-000-zuege-6-in-1-vape-bang-110k-kaufen\/#breadcrumb\",\"itemListElement\":[{\"@type\":\"ListItem\",\"position\":1,\"name\":\"Home\",\"item\":\"https:\/\/aivape.de\/\"},{\"@type\":\"ListItem\",\"position\":2,\"name\":\"Shop\",\"item\":\"https:\/\/aivape.de\/shop\/\"},{\"@type\":\"ListItem\",\"position\":3,\"name\":\"Bang Leader 110K | 110.000 Z\u00fcge 6-in-1 Vape \u2013 Bang 110K kaufen\"}]},{\"@type\":\"WebSite\",\"@id\":\"https:\/\/aivape.de\/#website\",\"url\":\"https:\/\/aivape.de\/\",\"name\":\"AiVape | Premium E-Zigaretten &amp; Vape Shop Deutschland\",\"description\":\"Dein Experte f\u00fcr Vozol, Bang King &amp; Hifancy Vapes \u2013 Schneller EU-Versand\",\"potentialAction\":[{\"@type\":\"SearchAction\",\"target\":{\"@type\":\"EntryPoint\",\"urlTemplate\":\"https:\/\/aivape.de\/?s={search_term_string}\"},\"query-input\":{\"@type\":\"PropertyValueSpecification\",\"valueRequired\":true,\"valueName\":\"search_term_string\"}}],\"inLanguage\":\"fr-FR\"}]}<\/script>\n<!-- \/ Yoast SEO plugin. -->","yoast_head_json":{"title":"Bang Leader 110K | 110.000 Z\u00fcge 6-in-1 Vape \u2013 Bang 110K kaufen - AiVape | Premium E-Zigaretten &amp; Vape Shop Deutschland","description":"Bang Leader 110K - Jusqu'\u00e0 110.000 bouff\u00e9es, 6-in-1 Flavor Modes (3 Pure + 3 Hybrid), batterie 850 mAh, \u00e9cran LED et saveurs personnalisables. 10 variantes.","robots":{"index":"index","follow":"follow","max-snippet":"max-snippet:-1","max-image-preview":"max-image-preview:large","max-video-preview":"max-video-preview:-1"},"canonical":"https:\/\/aivape.de\/fr\/product\/bang-leader-110k-110-000-zuege-6-in-1-vape-bang-110k-kaufen\/","og_locale":"fr_FR","og_type":"article","og_title":"Bang Leader 110K | 110.000 Z\u00fcge 6-in-1 Vape \u2013 Bang 110K kaufen - AiVape | Premium E-Zigaretten &amp; Vape Shop Deutschland","og_description":"Bang Leader 110K \u2013 Bis zu 110.000 Z\u00fcge, 6-in-1 Flavor Modes (3 Pure + 3 Hybrid), 850 mAh Akku, LED Screen und anpassbare Geschm\u00e4cker. 10 Varianten.","og_url":"https:\/\/aivape.de\/fr\/product\/bang-leader-110k-110-000-zuege-6-in-1-vape-bang-110k-kaufen\/","og_site_name":"AiVape | Premium E-Zigaretten &amp; Vape Shop Deutschland","og_image":[{"width":2000,"height":2000,"url":"https:\/\/aivape.de\/wp-content\/uploads\/2026\/04\/Bang-Leader-110K-Watermelon-Ice-Strawberry-Mamba-Strawberry-Watermelon.webp","type":"image\/webp"}],"twitter_card":"summary_large_image","twitter_misc":{"Dur\u00e9e de lecture estim\u00e9e":"3 minutes"},"schema":{"@context":"https:\/\/schema.org","@graph":[{"@type":"WebPage","@id":"https:\/\/aivape.de\/produkt\/bang-leader-110k-110-000-zuege-6-in-1-vape-bang-110k-kaufen\/","url":"https:\/\/aivape.de\/produkt\/bang-leader-110k-110-000-zuege-6-in-1-vape-bang-110k-kaufen\/","name":"Bang Leader 110K | 110.000 Z\u00fcge 6-in-1 Vape \u2013 Bang 110K kaufen - AiVape | Premium E-Zigaretten &amp; Vape Shop Deutschland","isPartOf":{"@id":"https:\/\/aivape.de\/#website"},"primaryImageOfPage":{"@id":"https:\/\/aivape.de\/produkt\/bang-leader-110k-110-000-zuege-6-in-1-vape-bang-110k-kaufen\/#primaryimage"},"image":{"@id":"https:\/\/aivape.de\/produkt\/bang-leader-110k-110-000-zuege-6-in-1-vape-bang-110k-kaufen\/#primaryimage"},"thumbnailUrl":"https:\/\/aivape.de\/wp-content\/uploads\/2026\/04\/Bang-Leader-110K-Watermelon-Ice-Strawberry-Mamba-Strawberry-Watermelon.webp","datePublished":"2026-04-01T09:04:50+00:00","description":"Bang Leader 110K - Jusqu'\u00e0 110.000 bouff\u00e9es, 6-in-1 Flavor Modes (3 Pure + 3 Hybrid), batterie 850 mAh, \u00e9cran LED et saveurs personnalisables. 10 variantes.","breadcrumb":{"@id":"https:\/\/aivape.de\/produkt\/bang-leader-110k-110-000-zuege-6-in-1-vape-bang-110k-kaufen\/#breadcrumb"},"inLanguage":"fr-FR","potentialAction":[{"@type":"ReadAction","target":["https:\/\/aivape.de\/produkt\/bang-leader-110k-110-000-zuege-6-in-1-vape-bang-110k-kaufen\/"]}]},{"@type":"ImageObject","inLanguage":"fr-FR","@id":"https:\/\/aivape.de\/produkt\/bang-leader-110k-110-000-zuege-6-in-1-vape-bang-110k-kaufen\/#primaryimage","url":"https:\/\/aivape.de\/wp-content\/uploads\/2026\/04\/Bang-Leader-110K-Watermelon-Ice-Strawberry-Mamba-Strawberry-Watermelon.webp","contentUrl":"https:\/\/aivape.de\/wp-content\/uploads\/2026\/04\/Bang-Leader-110K-Watermelon-Ice-Strawberry-Mamba-Strawberry-Watermelon.webp","width":2000,"height":2000,"caption":"Bang Leader 110K - Watermelon Ice & Strawberry Mamba & Strawberry Watermelon"},{"@type":"BreadcrumbList","@id":"https:\/\/aivape.de\/produkt\/bang-leader-110k-110-000-zuege-6-in-1-vape-bang-110k-kaufen\/#breadcrumb","itemListElement":[{"@type":"ListItem","position":1,"name":"Home","item":"https:\/\/aivape.de\/"},{"@type":"ListItem","position":2,"name":"Shop","item":"https:\/\/aivape.de\/shop\/"},{"@type":"ListItem","position":3,"name":"Bang Leader 110K | 110.000 Z\u00fcge 6-in-1 Vape \u2013 Bang 110K kaufen"}]},{"@type":"WebSite","@id":"https:\/\/aivape.de\/#website","url":"https:\/\/aivape.de\/","name":"AiVape | Premium E-Zigaretten &amp; Vape Shop Deutschland","description":"Dein Experte f\u00fcr Vozol, Bang King &amp; Hifancy Vapes \u2013 Schneller EU-Versand","potentialAction":[{"@type":"SearchAction","target":{"@type":"EntryPoint","urlTemplate":"https:\/\/aivape.de\/?s={search_term_string}"},"query-input":{"@type":"PropertyValueSpecification","valueRequired":true,"valueName":"search_term_string"}}],"inLanguage":"fr-FR"}]}},"tiered_pricing_type":"fixed","tiered_pricing_fixed_rules":{"30":"10.35","50":"9.99","100":"9.36","200":"8.88"},"tiered_pricing_product_settings":{"layout":"default","base_unit_name":{"singular":null,"plural":null},"default_variation":null},"tiered_pricing_minimum_quantity":10,"tiered_pricing_roles_data":[],"tiered_pricing_percentage_rules":[],"tiered_pricing_maximum_quantity":null,"tiered_pricing_quantity_step":"10","_links":{"self":[{"href":"https:\/\/aivape.de\/fr\/wp-json\/wp\/v2\/product\/3542","targetHints":{"allow":["GET"]}}],"collection":[{"href":"https:\/\/aivape.de\/fr\/wp-json\/wp\/v2\/product"}],"about":[{"href":"https:\/\/aivape.de\/fr\/wp-json\/wp\/v2\/types\/product"}],"replies":[{"embeddable":true,"href":"https:\/\/aivape.de\/fr\/wp-json\/wp\/v2\/comments?post=3542"}],"version-history":[{"count":1,"href":"https:\/\/aivape.de\/fr\/wp-json\/wp\/v2\/product\/3542\/revisions"}],"predecessor-version":[{"id":3594,"href":"https:\/\/aivape.de\/fr\/wp-json\/wp\/v2\/product\/3542\/revisions\/3594"}],"wp:featuredmedia":[{"embeddable":true,"href":"https:\/\/aivape.de\/fr\/wp-json\/wp\/v2\/media\/3544"}],"wp:attachment":[{"href":"https:\/\/aivape.de\/fr\/wp-json\/wp\/v2\/media?parent=3542"}],"wp:term":[{"taxonomy":"product_brand","embeddable":true,"href":"https:\/\/aivape.de\/fr\/wp-json\/wp\/v2\/product_brand?post=3542"},{"taxonomy":"product_cat","embeddable":true,"href":"https:\/\/aivape.de\/fr\/wp-json\/wp\/v2\/product_cat?post=3542"},{"taxonomy":"product_tag","embeddable":true,"href":"https:\/\/aivape.de\/fr\/wp-json\/wp\/v2\/product_tag?post=3542"}],"curies":[{"name":"wp","href":"https:\/\/api.w.org\/{rel}","templated":true}]}}