{"id":3424,"date":"2026-04-01T09:28:39","date_gmt":"2026-04-01T07:28:39","guid":{"rendered":"https:\/\/aivape.de\/?post_type=product&#038;p=3424"},"modified":"2026-04-01T10:07:09","modified_gmt":"2026-04-01T08:07:09","slug":"bang-king-triple-100k-100-000-zuege-3-in-1-vape-kaufen","status":"publish","type":"product","link":"https:\/\/aivape.de\/fr\/product\/bang-king-triple-100k-100-000-zuege-3-in-1-vape-kaufen\/","title":{"rendered":"Acheter Bang King Triple 100K | 100.000 bouff\u00e9es 3-en-1 Vape"},"content":{"rendered":"<h1 dir=\"auto\"><strong>Bang King Triple 100K : grande capacit\u00e9 avec trois ar\u00f4mes dans un seul appareil<\/strong><\/h1>\n<p dir=\"auto\">Le site <strong>Bang King Triple 100K<\/strong> (aussi <strong>Bang 100K<\/strong>, <strong>Puff 100K<\/strong> ou <strong>100K Puffs<\/strong> ) s'adresse avant tout aux vapoteurs qui souhaitent de longues dur\u00e9es et plus de vari\u00e9t\u00e9.<\/p>\n<p dir=\"auto\">D'une part, il convainc par son \u00e9norme nombre de bouff\u00e9es. D'autre part, le syst\u00e8me innovant 3-en-1 Flavor System permet de passer facilement d'un ar\u00f4me \u00e0 l'autre, sans m\u00e9lange de saveurs.<\/p>\n<h2 dir=\"auto\"><strong>Aper\u00e7u des principaux avantages<\/strong><\/h2>\n<p dir=\"auto\"><strong>- Jusqu'\u00e0 100.000 trains pour de longues sessions<\/strong> Avec un total de 54 ml de liquide pr\u00e9-rempli (3 \u00d7 18 ml), la vape dure nettement plus longtemps que de nombreux autres mod\u00e8les. C'est pourquoi vous devez en racheter moins souvent.<\/p>\n<p dir=\"auto\"><strong>- 3-in-1 Flavor Switching - trois saveurs pures<\/strong> Chaque chambre dispose de son propre coil. Ainsi, chaque saveur reste intense et inalt\u00e9r\u00e9e. Au total, 10 variantes de saveurs sont disponibles.<\/p>\n<p dir=\"auto\"><strong>- Triple 1.0\u03a9 Coils pour une vapeur puissante<\/strong> Trois coils de haute qualit\u00e9 assurent un chauffage homog\u00e8ne et une vape dense et aromatique. De plus, la batterie de 650 mAh avec connexion Type-C fournit une puissance fiable pendant toute la dur\u00e9e d'utilisation.<\/p>\n<p dir=\"auto\"><strong>- Exp\u00e9dition rapide depuis l'entrep\u00f4t de l'UE<\/strong> Toutes les commandes sont exp\u00e9di\u00e9es depuis notre entrep\u00f4t europ\u00e9en. La livraison s'effectue g\u00e9n\u00e9ralement dans un d\u00e9lai de 1 \u00e0 3 jours.<\/p>\n<p dir=\"auto\"><img loading=\"lazy\" decoding=\"async\" class=\"wd-lazy-fade alignnone wp-image-3425\" src=\"https:\/\/aivape.de\/wp-content\/themes\/woodmart\/images\/lazy.svg\" data-src=\"https:\/\/aivape.de\/wp-content\/uploads\/2026\/04\/Bang-King-Triple-100K-watermelon-strawberry-ice-cream-triple-melon.jpg-300x300.webp\" alt=\"Bang King Triple 100K-watermelon-strawberry-ice-cream-triple-melon.jpg\" width=\"519\" height=\"519\" srcset=\"\" data-srcset=\"https:\/\/aivape.de\/wp-content\/uploads\/2026\/04\/Bang-King-Triple-100K-watermelon-strawberry-ice-cream-triple-melon.jpg-300x300.webp 300w, https:\/\/aivape.de\/wp-content\/uploads\/2026\/04\/Bang-King-Triple-100K-watermelon-strawberry-ice-cream-triple-melon.jpg-150x150.webp 150w, https:\/\/aivape.de\/wp-content\/uploads\/2026\/04\/Bang-King-Triple-100K-watermelon-strawberry-ice-cream-triple-melon.jpg-768x768.webp 768w, https:\/\/aivape.de\/wp-content\/uploads\/2026\/04\/Bang-King-Triple-100K-watermelon-strawberry-ice-cream-triple-melon.jpg-600x600.webp 600w, https:\/\/aivape.de\/wp-content\/uploads\/2026\/04\/Bang-King-Triple-100K-watermelon-strawberry-ice-cream-triple-melon.jpg.webp 1000w\" sizes=\"auto, (max-width: 519px) 100vw, 519px\" \/><\/p>\n<h3 dir=\"auto\"><strong>Sp\u00e9cifications techniques<\/strong><\/h3>\n<ul dir=\"auto\">\n<li><strong>Marque<\/strong>: Bang Vape<\/li>\n<li><strong>Mod\u00e8le<\/strong>: Bang King Triple 100000<\/li>\n<li><strong>Nombre de trains<\/strong>: Jusqu'\u00e0 100.000 trains<\/li>\n<li><strong>Capacit\u00e9 en liquide<\/strong>54 ml (3 \u00d7 18 ml)<\/li>\n<li><strong>Taux de nicotine<\/strong>: 0% \/ 2% \/ 3% \/ 5%<\/li>\n<li><strong>Batterie<\/strong>650 mAh rechargeable (Type-C)<\/li>\n<li><strong>\u00c9vaporateur<\/strong>: Triple 1.0\u03a9 Coils<\/li>\n<li><strong>Particularit\u00e9<\/strong>: Syst\u00e8me de commutation des saveurs 3 en 1<\/li>\n<li><strong>Emballage<\/strong>10 pi\u00e8ces par paquet<\/li>\n<li><strong>Poids<\/strong>: 140 g<\/li>\n<\/ul>\n<hr \/>\n<h4 dir=\"auto\"><strong>FAQ - Foire aux questions<\/strong><\/h4>\n<p dir=\"auto\"><strong>Combien de trains le Bang King Triple 100K tient-il vraiment ?<\/strong> Jusqu'\u00e0 100 000 trains. Le nombre r\u00e9el d\u00e9pend toutefois de l'intensit\u00e9 de vos trains. Dans le cadre d'une utilisation normale, un appareil dure plusieurs semaines.<\/p>\n<p dir=\"auto\"><strong>Le syst\u00e8me 3 en 1 fonctionne-t-il sans m\u00e9lange de saveurs ?<\/strong> Oui, chacune des trois chambres a son propre coil. Ainsi, les ar\u00f4mes restent propres et intenses.<\/p>\n<p dir=\"auto\"><strong>La batterie est-elle rechargeable ?<\/strong> Cela va sans dire. La batterie de 650 mAh se recharge rapidement par c\u00e2ble Type-C.<\/p>\n<p dir=\"auto\"><strong>Quels sont les dosages de nicotine disponibles ?<\/strong> Vous pouvez choisir entre 0 % (sans nicotine), 2 %, 3 % et 5 %.<\/p>\n<p dir=\"auto\"><strong>Combien de temps dure le chargement ?<\/strong> G\u00e9n\u00e9ralement entre 45 et 90 minutes, selon le chargeur.<\/p>\n<p dir=\"auto\"><strong>\u00c0 qui s'adresse particuli\u00e8rement cette vape ?<\/strong> Il est id\u00e9al pour les vapoteurs qui ont besoin de nombreuses bouff\u00e9es et qui souhaitent en m\u00eame temps varier les saveurs.<\/p>\n<p dir=\"auto\"><strong>Les envois sont-ils effectu\u00e9s depuis un entrep\u00f4t de l'UE ?<\/strong> Oui, le d\u00e9lai de livraison n'est g\u00e9n\u00e9ralement que de 1 \u00e0 3 jours ouvrables.<\/p>","protected":false},"excerpt":{"rendered":"<p dir=\"auto\">Le Bang King Triple 100K offre des performances impressionnantes avec jusqu'\u00e0 100.000 bouff\u00e9es. Gr\u00e2ce au syst\u00e8me pratique 3 en 1, vous pouvez passer sans effort d'une saveur \u00e0 l'autre. Avec 54 ml de liquide, des triples coils et une batterie puissante, il garantit un plaisir de vapotage long et vari\u00e9.<\/p>","protected":false},"featured_media":3425,"comment_status":"open","ping_status":"closed","template":"","meta":[],"product_brand":[69],"product_cat":[44],"product_tag":[],"class_list":{"0":"post-3424","1":"product","2":"type-product","3":"status-publish","4":"has-post-thumbnail","6":"product_brand-bang","7":"product_cat-puff-100k","9":"first","10":"instock","11":"shipping-taxable","12":"purchasable","13":"product-type-variable"},"yoast_head":"<!-- This site is optimized with the Yoast SEO plugin v27.1.1 - https:\/\/yoast.com\/product\/yoast-seo-wordpress\/ -->\n<title>Bang King Triple 100K | 100.000 Z\u00fcge 3-in-1 Vape kaufen - AiVape | Premium E-Zigaretten &amp; Vape Shop Deutschland<\/title>\n<meta name=\"description\" content=\"Bang King Triple 100K \u2013 Bis zu 100.000 Z\u00fcge, 3-in-1 Flavor Switching, 54 ml Liquid und Triple Coils. 10 Geschm\u00e4cker. EU-Versand in 1-3 Tagen.\" \/>\n<meta name=\"robots\" content=\"index, follow, max-snippet:-1, max-image-preview:large, max-video-preview:-1\" \/>\n<link rel=\"canonical\" href=\"https:\/\/aivape.de\/fr\/product\/bang-king-triple-100k-100-000-zuege-3-in-1-vape-kaufen\/\" \/>\n<meta property=\"og:locale\" content=\"fr_FR\" \/>\n<meta property=\"og:type\" content=\"article\" \/>\n<meta property=\"og:title\" content=\"Bang King Triple 100K | 100.000 Z\u00fcge 3-in-1 Vape kaufen - AiVape | Premium E-Zigaretten &amp; Vape Shop Deutschland\" \/>\n<meta property=\"og:description\" content=\"Bang King Triple 100K \u2013 Bis zu 100.000 Z\u00fcge, 3-in-1 Flavor Switching, 54 ml Liquid und Triple Coils. 10 Geschm\u00e4cker. EU-Versand in 1-3 Tagen.\" \/>\n<meta property=\"og:url\" content=\"https:\/\/aivape.de\/fr\/product\/bang-king-triple-100k-100-000-zuege-3-in-1-vape-kaufen\/\" \/>\n<meta property=\"og:site_name\" content=\"AiVape | Premium E-Zigaretten &amp; Vape Shop Deutschland\" \/>\n<meta property=\"article:modified_time\" content=\"2026-04-01T08:07:09+00:00\" \/>\n<meta property=\"og:image\" content=\"https:\/\/aivape.de\/wp-content\/uploads\/2026\/04\/Bang-King-Triple-100K-watermelon-strawberry-ice-cream-triple-melon.jpg.webp\" \/>\n\t<meta property=\"og:image:width\" content=\"1000\" \/>\n\t<meta property=\"og:image:height\" content=\"1000\" \/>\n\t<meta property=\"og:image:type\" content=\"image\/webp\" \/>\n<meta name=\"twitter:card\" content=\"summary_large_image\" \/>\n<meta name=\"twitter:label1\" content=\"Dur\u00e9e de lecture estim\u00e9e\" \/>\n\t<meta name=\"twitter:data1\" content=\"3 minutes\" \/>\n<script type=\"application\/ld+json\" class=\"yoast-schema-graph\">{\"@context\":\"https:\/\/schema.org\",\"@graph\":[{\"@type\":\"WebPage\",\"@id\":\"https:\/\/aivape.de\/produkt\/bang-king-triple-100k-100-000-zuege-3-in-1-vape-kaufen\/\",\"url\":\"https:\/\/aivape.de\/produkt\/bang-king-triple-100k-100-000-zuege-3-in-1-vape-kaufen\/\",\"name\":\"Bang King Triple 100K | 100.000 Z\u00fcge 3-in-1 Vape kaufen - AiVape | Premium E-Zigaretten &amp; Vape Shop Deutschland\",\"isPartOf\":{\"@id\":\"https:\/\/aivape.de\/#website\"},\"primaryImageOfPage\":{\"@id\":\"https:\/\/aivape.de\/produkt\/bang-king-triple-100k-100-000-zuege-3-in-1-vape-kaufen\/#primaryimage\"},\"image\":{\"@id\":\"https:\/\/aivape.de\/produkt\/bang-king-triple-100k-100-000-zuege-3-in-1-vape-kaufen\/#primaryimage\"},\"thumbnailUrl\":\"https:\/\/aivape.de\/wp-content\/uploads\/2026\/04\/Bang-King-Triple-100K-watermelon-strawberry-ice-cream-triple-melon.jpg.webp\",\"datePublished\":\"2026-04-01T07:28:39+00:00\",\"dateModified\":\"2026-04-01T08:07:09+00:00\",\"description\":\"Bang King Triple 100K \u2013 Bis zu 100.000 Z\u00fcge, 3-in-1 Flavor Switching, 54 ml Liquid und Triple Coils. 10 Geschm\u00e4cker. EU-Versand in 1-3 Tagen.\",\"breadcrumb\":{\"@id\":\"https:\/\/aivape.de\/produkt\/bang-king-triple-100k-100-000-zuege-3-in-1-vape-kaufen\/#breadcrumb\"},\"inLanguage\":\"fr-FR\",\"potentialAction\":[{\"@type\":\"ReadAction\",\"target\":[\"https:\/\/aivape.de\/produkt\/bang-king-triple-100k-100-000-zuege-3-in-1-vape-kaufen\/\"]}]},{\"@type\":\"ImageObject\",\"inLanguage\":\"fr-FR\",\"@id\":\"https:\/\/aivape.de\/produkt\/bang-king-triple-100k-100-000-zuege-3-in-1-vape-kaufen\/#primaryimage\",\"url\":\"https:\/\/aivape.de\/wp-content\/uploads\/2026\/04\/Bang-King-Triple-100K-watermelon-strawberry-ice-cream-triple-melon.jpg.webp\",\"contentUrl\":\"https:\/\/aivape.de\/wp-content\/uploads\/2026\/04\/Bang-King-Triple-100K-watermelon-strawberry-ice-cream-triple-melon.jpg.webp\",\"width\":1000,\"height\":1000,\"caption\":\"Bang King Triple 100K-watermelon-strawberry-ice-cream-triple-melon.jpg\"},{\"@type\":\"BreadcrumbList\",\"@id\":\"https:\/\/aivape.de\/produkt\/bang-king-triple-100k-100-000-zuege-3-in-1-vape-kaufen\/#breadcrumb\",\"itemListElement\":[{\"@type\":\"ListItem\",\"position\":1,\"name\":\"Home\",\"item\":\"https:\/\/aivape.de\/\"},{\"@type\":\"ListItem\",\"position\":2,\"name\":\"Shop\",\"item\":\"https:\/\/aivape.de\/shop\/\"},{\"@type\":\"ListItem\",\"position\":3,\"name\":\"Bang King Triple 100K | 100.000 Z\u00fcge 3-in-1 Vape kaufen\"}]},{\"@type\":\"WebSite\",\"@id\":\"https:\/\/aivape.de\/#website\",\"url\":\"https:\/\/aivape.de\/\",\"name\":\"AiVape | Premium E-Zigaretten &amp; Vape Shop Deutschland\",\"description\":\"Dein Experte f\u00fcr Vozol, Bang King &amp; Hifancy Vapes \u2013 Schneller EU-Versand\",\"potentialAction\":[{\"@type\":\"SearchAction\",\"target\":{\"@type\":\"EntryPoint\",\"urlTemplate\":\"https:\/\/aivape.de\/?s={search_term_string}\"},\"query-input\":{\"@type\":\"PropertyValueSpecification\",\"valueRequired\":true,\"valueName\":\"search_term_string\"}}],\"inLanguage\":\"fr-FR\"}]}<\/script>\n<!-- \/ Yoast SEO plugin. -->","yoast_head_json":{"title":"Bang King Triple 100K | 100.000 Z\u00fcge 3-in-1 Vape kaufen - AiVape | Premium E-Zigaretten &amp; Vape Shop Deutschland","description":"Bang King Triple 100K - Jusqu'\u00e0 100.000 bouff\u00e9es, Flavor Switching 3 en 1, 54 ml de liquide et Triple Coils. 10 saveurs. Exp\u00e9dition UE en 1-3 jours.","robots":{"index":"index","follow":"follow","max-snippet":"max-snippet:-1","max-image-preview":"max-image-preview:large","max-video-preview":"max-video-preview:-1"},"canonical":"https:\/\/aivape.de\/fr\/product\/bang-king-triple-100k-100-000-zuege-3-in-1-vape-kaufen\/","og_locale":"fr_FR","og_type":"article","og_title":"Bang King Triple 100K | 100.000 Z\u00fcge 3-in-1 Vape kaufen - AiVape | Premium E-Zigaretten &amp; Vape Shop Deutschland","og_description":"Bang King Triple 100K \u2013 Bis zu 100.000 Z\u00fcge, 3-in-1 Flavor Switching, 54 ml Liquid und Triple Coils. 10 Geschm\u00e4cker. EU-Versand in 1-3 Tagen.","og_url":"https:\/\/aivape.de\/fr\/product\/bang-king-triple-100k-100-000-zuege-3-in-1-vape-kaufen\/","og_site_name":"AiVape | Premium E-Zigaretten &amp; Vape Shop Deutschland","article_modified_time":"2026-04-01T08:07:09+00:00","og_image":[{"width":1000,"height":1000,"url":"https:\/\/aivape.de\/wp-content\/uploads\/2026\/04\/Bang-King-Triple-100K-watermelon-strawberry-ice-cream-triple-melon.jpg.webp","type":"image\/webp"}],"twitter_card":"summary_large_image","twitter_misc":{"Dur\u00e9e de lecture estim\u00e9e":"3 minutes"},"schema":{"@context":"https:\/\/schema.org","@graph":[{"@type":"WebPage","@id":"https:\/\/aivape.de\/produkt\/bang-king-triple-100k-100-000-zuege-3-in-1-vape-kaufen\/","url":"https:\/\/aivape.de\/produkt\/bang-king-triple-100k-100-000-zuege-3-in-1-vape-kaufen\/","name":"Bang King Triple 100K | 100.000 Z\u00fcge 3-in-1 Vape kaufen - AiVape | Premium E-Zigaretten &amp; Vape Shop Deutschland","isPartOf":{"@id":"https:\/\/aivape.de\/#website"},"primaryImageOfPage":{"@id":"https:\/\/aivape.de\/produkt\/bang-king-triple-100k-100-000-zuege-3-in-1-vape-kaufen\/#primaryimage"},"image":{"@id":"https:\/\/aivape.de\/produkt\/bang-king-triple-100k-100-000-zuege-3-in-1-vape-kaufen\/#primaryimage"},"thumbnailUrl":"https:\/\/aivape.de\/wp-content\/uploads\/2026\/04\/Bang-King-Triple-100K-watermelon-strawberry-ice-cream-triple-melon.jpg.webp","datePublished":"2026-04-01T07:28:39+00:00","dateModified":"2026-04-01T08:07:09+00:00","description":"Bang King Triple 100K - Jusqu'\u00e0 100.000 bouff\u00e9es, Flavor Switching 3 en 1, 54 ml de liquide et Triple Coils. 10 saveurs. Exp\u00e9dition UE en 1-3 jours.","breadcrumb":{"@id":"https:\/\/aivape.de\/produkt\/bang-king-triple-100k-100-000-zuege-3-in-1-vape-kaufen\/#breadcrumb"},"inLanguage":"fr-FR","potentialAction":[{"@type":"ReadAction","target":["https:\/\/aivape.de\/produkt\/bang-king-triple-100k-100-000-zuege-3-in-1-vape-kaufen\/"]}]},{"@type":"ImageObject","inLanguage":"fr-FR","@id":"https:\/\/aivape.de\/produkt\/bang-king-triple-100k-100-000-zuege-3-in-1-vape-kaufen\/#primaryimage","url":"https:\/\/aivape.de\/wp-content\/uploads\/2026\/04\/Bang-King-Triple-100K-watermelon-strawberry-ice-cream-triple-melon.jpg.webp","contentUrl":"https:\/\/aivape.de\/wp-content\/uploads\/2026\/04\/Bang-King-Triple-100K-watermelon-strawberry-ice-cream-triple-melon.jpg.webp","width":1000,"height":1000,"caption":"Bang King Triple 100K-watermelon-strawberry-ice-cream-triple-melon.jpg"},{"@type":"BreadcrumbList","@id":"https:\/\/aivape.de\/produkt\/bang-king-triple-100k-100-000-zuege-3-in-1-vape-kaufen\/#breadcrumb","itemListElement":[{"@type":"ListItem","position":1,"name":"Home","item":"https:\/\/aivape.de\/"},{"@type":"ListItem","position":2,"name":"Shop","item":"https:\/\/aivape.de\/shop\/"},{"@type":"ListItem","position":3,"name":"Bang King Triple 100K | 100.000 Z\u00fcge 3-in-1 Vape kaufen"}]},{"@type":"WebSite","@id":"https:\/\/aivape.de\/#website","url":"https:\/\/aivape.de\/","name":"AiVape | Premium E-Zigaretten &amp; Vape Shop Deutschland","description":"Dein Experte f\u00fcr Vozol, Bang King &amp; Hifancy Vapes \u2013 Schneller EU-Versand","potentialAction":[{"@type":"SearchAction","target":{"@type":"EntryPoint","urlTemplate":"https:\/\/aivape.de\/?s={search_term_string}"},"query-input":{"@type":"PropertyValueSpecification","valueRequired":true,"valueName":"search_term_string"}}],"inLanguage":"fr-FR"}]}},"tiered_pricing_type":"fixed","tiered_pricing_fixed_rules":{"30":"10.99","50":"9.98","100":"8.88","200":"7.69"},"tiered_pricing_product_settings":{"layout":"default","base_unit_name":{"singular":null,"plural":null},"default_variation":null},"tiered_pricing_minimum_quantity":10,"tiered_pricing_roles_data":[],"tiered_pricing_percentage_rules":[],"tiered_pricing_maximum_quantity":null,"tiered_pricing_quantity_step":"10","_links":{"self":[{"href":"https:\/\/aivape.de\/fr\/wp-json\/wp\/v2\/product\/3424","targetHints":{"allow":["GET"]}}],"collection":[{"href":"https:\/\/aivape.de\/fr\/wp-json\/wp\/v2\/product"}],"about":[{"href":"https:\/\/aivape.de\/fr\/wp-json\/wp\/v2\/types\/product"}],"replies":[{"embeddable":true,"href":"https:\/\/aivape.de\/fr\/wp-json\/wp\/v2\/comments?post=3424"}],"version-history":[{"count":1,"href":"https:\/\/aivape.de\/fr\/wp-json\/wp\/v2\/product\/3424\/revisions"}],"predecessor-version":[{"id":3475,"href":"https:\/\/aivape.de\/fr\/wp-json\/wp\/v2\/product\/3424\/revisions\/3475"}],"wp:featuredmedia":[{"embeddable":true,"href":"https:\/\/aivape.de\/fr\/wp-json\/wp\/v2\/media\/3425"}],"wp:attachment":[{"href":"https:\/\/aivape.de\/fr\/wp-json\/wp\/v2\/media?parent=3424"}],"wp:term":[{"taxonomy":"product_brand","embeddable":true,"href":"https:\/\/aivape.de\/fr\/wp-json\/wp\/v2\/product_brand?post=3424"},{"taxonomy":"product_cat","embeddable":true,"href":"https:\/\/aivape.de\/fr\/wp-json\/wp\/v2\/product_cat?post=3424"},{"taxonomy":"product_tag","embeddable":true,"href":"https:\/\/aivape.de\/fr\/wp-json\/wp\/v2\/product_tag?post=3424"}],"curies":[{"name":"wp","href":"https:\/\/api.w.org\/{rel}","templated":true}]}}