{"id":2974,"date":"2026-03-31T08:16:08","date_gmt":"2026-03-31T06:16:08","guid":{"rendered":"https:\/\/aivape.de\/?post_type=product&#038;p=2974"},"modified":"2026-03-31T08:41:59","modified_gmt":"2026-03-31T06:41:59","slug":"bang-box-80000-80k-3-in-1-vape-bang-vape-kaufen","status":"publish","type":"product","link":"https:\/\/aivape.de\/fr\/product\/bang-box-80000-80k-3-in-1-vape-bang-vape-kaufen\/","title":{"rendered":"Bang Box 80000 | 80K 3-en-1 Vape - Acheter Bang Vape"},"content":{"rendered":"<h1 dir=\"auto\"><strong>Bang Box 80000 : 80.000 bouff\u00e9es avec le syst\u00e8me Flavor 3-in-1 - Trois saveurs dans une seule vape<\/strong><\/h1>\n<p dir=\"auto\">Vous recherchez une vape puissante avec beaucoup de vari\u00e9t\u00e9 ? Le <strong>Bang Box 80000<\/strong> (aussi <strong>Bang 80000<\/strong> ou <strong>Bo\u00eete de bang<\/strong> ) convainc avec jusqu'\u00e0 80.000 trains et la pratique <strong>Syst\u00e8me de commutation des saveurs 3 en 1<\/strong>.<\/p>\n<p dir=\"auto\">Gr\u00e2ce \u00e0 trois chambres s\u00e9par\u00e9es, vous pouvez passer sans effort de trois ar\u00f4mes compl\u00e9mentaires - sans avoir \u00e0 emporter plusieurs appareils. Parfait pour ceux qui vapotent longtemps et qui aiment la diversit\u00e9 des saveurs.<\/p>\n<p dir=\"auto\"><img loading=\"lazy\" decoding=\"async\" class=\"wd-lazy-fade alignnone wp-image-2976\" src=\"https:\/\/aivape.de\/wp-content\/themes\/woodmart\/images\/lazy.svg\" data-src=\"https:\/\/aivape.de\/wp-content\/uploads\/2026\/03\/Bang-Box-80000-3-in-1-Disposable-Vape-80.000-Zuege-170x300.webp\" alt=\"Bang Box 80000 3-en-1 Vape jetable 80.000 bouff\u00e9es\" width=\"428\" height=\"755\" srcset=\"\" data-srcset=\"https:\/\/aivape.de\/wp-content\/uploads\/2026\/03\/Bang-Box-80000-3-in-1-Disposable-Vape-80.000-Zuege-170x300.webp 170w, https:\/\/aivape.de\/wp-content\/uploads\/2026\/03\/Bang-Box-80000-3-in-1-Disposable-Vape-80.000-Zuege-150x264.webp 150w, https:\/\/aivape.de\/wp-content\/uploads\/2026\/03\/Bang-Box-80000-3-in-1-Disposable-Vape-80.000-Zuege.webp 402w\" sizes=\"auto, (max-width: 428px) 100vw, 428px\" \/><\/p>\n<h2 dir=\"auto\"><strong>Pourquoi choisir Bang Box 80000 ?<\/strong><\/h2>\n<p dir=\"auto\"><strong>- Jusqu'\u00e0 80 000 trains - dur\u00e9e de fonctionnement extr\u00eamement longue<\/strong> Avec 60 ml de liquide pr\u00e9-rempli (3 \u00d7 compartiments de 20 ml), le Bang Box 80000 offre une \u00e9norme capacit\u00e9 et est id\u00e9al pour les utilisateurs intensifs.<\/p>\n<p dir=\"auto\"><strong>- 3-in-1 Flavor Switching - Trois saveurs en alternance<\/strong> Le syst\u00e8me innovant Triple-Flavor permet de passer facilement d'un ar\u00f4me \u00e0 l'autre parmi les trois pr\u00e9install\u00e9s. Chaque unit\u00e9 offre des combinaisons vari\u00e9es parmi 12 saveurs.<\/p>\n<p dir=\"auto\"><strong>- Coil triple maille pour une vapeur dense et un go\u00fbt intense<\/strong> Trois coils en maille de haute qualit\u00e9 assurent un chauffage uniforme, une vapeur riche et une excellente restitution de l'ar\u00f4me.<\/p>\n<p dir=\"auto\"><strong>- Smart Display pour le niveau de la batterie et du liquide<\/strong> L'\u00e9cran int\u00e9gr\u00e9 affiche en temps r\u00e9el l'\u00e9tat de la batterie et le niveau de liquide restant - pour toujours avoir une vue d'ensemble.<\/p>\n<p dir=\"auto\"><strong>- batterie rechargeable de 850 mAh avec Type-C<\/strong> La batterie puissante est rapidement rechargeable via USB Type-C et fournit une puissance constante pendant toute la dur\u00e9e d'utilisation.<\/p>\n<p dir=\"auto\"><strong>- Exp\u00e9dition rapide depuis l'entrep\u00f4t europ\u00e9en<\/strong> Tous les <strong>Bang Box 80000<\/strong> sont exp\u00e9di\u00e9s depuis l'entrep\u00f4t de l'UE - livraison g\u00e9n\u00e9ralement dans un d\u00e9lai de <strong>1 \u00e0 3 jours<\/strong>.<\/p>\n<h3 dir=\"auto\"><strong>Sp\u00e9cifications techniques<\/strong><\/h3>\n<ul dir=\"auto\">\n<li><strong>Marque<\/strong>: Bang Vape<\/li>\n<li><strong>Mod\u00e8le<\/strong>: Bang Box 80000<\/li>\n<li><strong>Nombre de trains<\/strong>: Jusqu'\u00e0 80.000 trains<\/li>\n<li><strong>Capacit\u00e9 en liquide<\/strong>60 ml pr\u00e9remplis (3 compartiments de 20 ml)<\/li>\n<li><strong>Taux de nicotine<\/strong>: 0% (0 mg\/ml) \/ 2% (20 mg\/ml) \/ 3% (30 mg\/ml) \/ 5% (50 mg\/ml)<\/li>\n<li><strong>Batterie<\/strong>: 850 mAh rechargeable (USB Type-C)<\/li>\n<li><strong>\u00c9vaporateur<\/strong>: Triple Mesh Coil<\/li>\n<li><strong>Particularit\u00e9<\/strong>Syst\u00e8me de s\u00e9lection des saveurs 3 en 1, \u00e9cran LCD\/LED intelligent<\/li>\n<li><strong>Emballage<\/strong>: 10 pi\u00e8ces par paquet (typique)<\/li>\n<li><strong>Poids<\/strong>environ 135-150 g<\/li>\n<\/ul>\n<h3 dir=\"auto\"><strong>Groupe cible<\/strong><\/h3>\n<ul dir=\"auto\">\n<li>Les vapoteurs qui recherchent une grande capacit\u00e9 et une vari\u00e9t\u00e9 de saveurs dans un seul appareil.<\/li>\n<li>Utilisateurs qui appr\u00e9cient la longue dur\u00e9e de fonctionnement et les fonctionnalit\u00e9s modernes (Smart Display)<\/li>\n<li>Tous les fans de <strong>Bang Vape<\/strong> et des vapes jetables performantes<\/li>\n<\/ul>\n<p dir=\"auto\">Le site <strong>Bang Box 80000<\/strong> combine une \u00e9norme puissance avec une technique pratique 3 en 1 et rend l'exp\u00e9rience de vapotage plus polyvalente que jamais. D\u00e9couvrez maintenant le <strong>Bang 80000<\/strong> - la vape avec trois go\u00fbts en un !<\/p>","protected":false},"excerpt":{"rendered":"<p dir=\"auto\">La Bang Box 80000 est la vape jetable innovante 3-en-1 de Bang Vape, avec jusqu'\u00e0 80.000 bouff\u00e9es. Un simple changement permet de switcher entre trois saveurs diff\u00e9rentes dans un seul appareil. Avec 60 ml de liquide pr\u00e9-rempli, un coil triple mesh, une batterie rechargeable de 850 mAh et un \u00e9cran intelligent - pour un maximum de vari\u00e9t\u00e9 et une longue dur\u00e9e de fonctionnement.<\/p>","protected":false},"featured_media":2984,"comment_status":"open","ping_status":"closed","template":"","meta":[],"product_brand":[69],"product_cat":[32],"product_tag":[],"class_list":{"0":"post-2974","1":"product","2":"type-product","3":"status-publish","4":"has-post-thumbnail","6":"product_brand-bang","7":"product_cat-puff-80k","9":"first","10":"instock","11":"shipping-taxable","12":"purchasable","13":"product-type-variable"},"yoast_head":"<!-- This site is optimized with the Yoast SEO plugin v27.1.1 - https:\/\/yoast.com\/product\/yoast-seo-wordpress\/ -->\n<title>Bang Box 80000 | 80K 3-in-1 Vape \u2013 Bang Vape kaufen - AiVape | Premium E-Zigaretten &amp; Vape Shop Deutschland<\/title>\n<meta name=\"description\" content=\"Bang Box 80000 \u2013 Bis zu 80.000 Z\u00fcge, 3-in-1 Flavor Switching, 60 ml Liquid, Triple Mesh Coil, 850 mAh Akku &amp; Smart Display. 12 Geschm\u00e4cker.\" \/>\n<meta name=\"robots\" content=\"index, follow, max-snippet:-1, max-image-preview:large, max-video-preview:-1\" \/>\n<link rel=\"canonical\" href=\"https:\/\/aivape.de\/fr\/product\/bang-box-80000-80k-3-in-1-vape-bang-vape-kaufen\/\" \/>\n<meta property=\"og:locale\" content=\"fr_FR\" \/>\n<meta property=\"og:type\" content=\"article\" \/>\n<meta property=\"og:title\" content=\"Bang Box 80000 | 80K 3-in-1 Vape \u2013 Bang Vape kaufen - AiVape | Premium E-Zigaretten &amp; Vape Shop Deutschland\" \/>\n<meta property=\"og:description\" content=\"Bang Box 80000 \u2013 Bis zu 80.000 Z\u00fcge, 3-in-1 Flavor Switching, 60 ml Liquid, Triple Mesh Coil, 850 mAh Akku &amp; Smart Display. 12 Geschm\u00e4cker.\" \/>\n<meta property=\"og:url\" content=\"https:\/\/aivape.de\/fr\/product\/bang-box-80000-80k-3-in-1-vape-bang-vape-kaufen\/\" \/>\n<meta property=\"og:site_name\" content=\"AiVape | Premium E-Zigaretten &amp; Vape Shop Deutschland\" \/>\n<meta property=\"article:modified_time\" content=\"2026-03-31T06:41:59+00:00\" \/>\n<meta property=\"og:image\" content=\"https:\/\/aivape.de\/wp-content\/uploads\/2026\/03\/bang-box-80000-image.webp\" \/>\n\t<meta property=\"og:image:width\" content=\"1024\" \/>\n\t<meta property=\"og:image:height\" content=\"1024\" \/>\n\t<meta property=\"og:image:type\" content=\"image\/webp\" \/>\n<meta name=\"twitter:card\" content=\"summary_large_image\" \/>\n<meta name=\"twitter:label1\" content=\"Dur\u00e9e de lecture estim\u00e9e\" \/>\n\t<meta name=\"twitter:data1\" content=\"3 minutes\" \/>\n<script type=\"application\/ld+json\" class=\"yoast-schema-graph\">{\"@context\":\"https:\/\/schema.org\",\"@graph\":[{\"@type\":\"WebPage\",\"@id\":\"https:\/\/aivape.de\/produkt\/bang-box-80000-80k-3-in-1-vape-bang-vape-kaufen\/\",\"url\":\"https:\/\/aivape.de\/produkt\/bang-box-80000-80k-3-in-1-vape-bang-vape-kaufen\/\",\"name\":\"Bang Box 80000 | 80K 3-in-1 Vape \u2013 Bang Vape kaufen - AiVape | Premium E-Zigaretten &amp; Vape Shop Deutschland\",\"isPartOf\":{\"@id\":\"https:\/\/aivape.de\/#website\"},\"primaryImageOfPage\":{\"@id\":\"https:\/\/aivape.de\/produkt\/bang-box-80000-80k-3-in-1-vape-bang-vape-kaufen\/#primaryimage\"},\"image\":{\"@id\":\"https:\/\/aivape.de\/produkt\/bang-box-80000-80k-3-in-1-vape-bang-vape-kaufen\/#primaryimage\"},\"thumbnailUrl\":\"https:\/\/aivape.de\/wp-content\/uploads\/2026\/03\/bang-box-80000-image.webp\",\"datePublished\":\"2026-03-31T06:16:08+00:00\",\"dateModified\":\"2026-03-31T06:41:59+00:00\",\"description\":\"Bang Box 80000 \u2013 Bis zu 80.000 Z\u00fcge, 3-in-1 Flavor Switching, 60 ml Liquid, Triple Mesh Coil, 850 mAh Akku & Smart Display. 12 Geschm\u00e4cker.\",\"breadcrumb\":{\"@id\":\"https:\/\/aivape.de\/produkt\/bang-box-80000-80k-3-in-1-vape-bang-vape-kaufen\/#breadcrumb\"},\"inLanguage\":\"fr-FR\",\"potentialAction\":[{\"@type\":\"ReadAction\",\"target\":[\"https:\/\/aivape.de\/produkt\/bang-box-80000-80k-3-in-1-vape-bang-vape-kaufen\/\"]}]},{\"@type\":\"ImageObject\",\"inLanguage\":\"fr-FR\",\"@id\":\"https:\/\/aivape.de\/produkt\/bang-box-80000-80k-3-in-1-vape-bang-vape-kaufen\/#primaryimage\",\"url\":\"https:\/\/aivape.de\/wp-content\/uploads\/2026\/03\/bang-box-80000-image.webp\",\"contentUrl\":\"https:\/\/aivape.de\/wp-content\/uploads\/2026\/03\/bang-box-80000-image.webp\",\"width\":1024,\"height\":1024,\"caption\":\"bang box 80000 image\"},{\"@type\":\"BreadcrumbList\",\"@id\":\"https:\/\/aivape.de\/produkt\/bang-box-80000-80k-3-in-1-vape-bang-vape-kaufen\/#breadcrumb\",\"itemListElement\":[{\"@type\":\"ListItem\",\"position\":1,\"name\":\"Home\",\"item\":\"https:\/\/aivape.de\/\"},{\"@type\":\"ListItem\",\"position\":2,\"name\":\"Shop\",\"item\":\"https:\/\/aivape.de\/shop\/\"},{\"@type\":\"ListItem\",\"position\":3,\"name\":\"Bang Box 80000 | 80K 3-in-1 Vape \u2013 Bang Vape kaufen\"}]},{\"@type\":\"WebSite\",\"@id\":\"https:\/\/aivape.de\/#website\",\"url\":\"https:\/\/aivape.de\/\",\"name\":\"AiVape | Premium E-Zigaretten &amp; Vape Shop Deutschland\",\"description\":\"Dein Experte f\u00fcr Vozol, Bang King &amp; Hifancy Vapes \u2013 Schneller EU-Versand\",\"potentialAction\":[{\"@type\":\"SearchAction\",\"target\":{\"@type\":\"EntryPoint\",\"urlTemplate\":\"https:\/\/aivape.de\/?s={search_term_string}\"},\"query-input\":{\"@type\":\"PropertyValueSpecification\",\"valueRequired\":true,\"valueName\":\"search_term_string\"}}],\"inLanguage\":\"fr-FR\"}]}<\/script>\n<!-- \/ Yoast SEO plugin. -->","yoast_head_json":{"title":"Bang Box 80000 | 80K 3-in-1 Vape \u2013 Bang Vape kaufen - AiVape | Premium E-Zigaretten &amp; Vape Shop Deutschland","description":"Bang Box 80000 - Jusqu'\u00e0 80.000 bouff\u00e9es, Flavor Switching 3-en-1, 60 ml de liquide, Triple Mesh Coil, batterie 850 mAh &amp; Smart Display. 12 saveurs.","robots":{"index":"index","follow":"follow","max-snippet":"max-snippet:-1","max-image-preview":"max-image-preview:large","max-video-preview":"max-video-preview:-1"},"canonical":"https:\/\/aivape.de\/fr\/product\/bang-box-80000-80k-3-in-1-vape-bang-vape-kaufen\/","og_locale":"fr_FR","og_type":"article","og_title":"Bang Box 80000 | 80K 3-in-1 Vape \u2013 Bang Vape kaufen - AiVape | Premium E-Zigaretten &amp; Vape Shop Deutschland","og_description":"Bang Box 80000 \u2013 Bis zu 80.000 Z\u00fcge, 3-in-1 Flavor Switching, 60 ml Liquid, Triple Mesh Coil, 850 mAh Akku & Smart Display. 12 Geschm\u00e4cker.","og_url":"https:\/\/aivape.de\/fr\/product\/bang-box-80000-80k-3-in-1-vape-bang-vape-kaufen\/","og_site_name":"AiVape | Premium E-Zigaretten &amp; Vape Shop Deutschland","article_modified_time":"2026-03-31T06:41:59+00:00","og_image":[{"width":1024,"height":1024,"url":"https:\/\/aivape.de\/wp-content\/uploads\/2026\/03\/bang-box-80000-image.webp","type":"image\/webp"}],"twitter_card":"summary_large_image","twitter_misc":{"Dur\u00e9e de lecture estim\u00e9e":"3 minutes"},"schema":{"@context":"https:\/\/schema.org","@graph":[{"@type":"WebPage","@id":"https:\/\/aivape.de\/produkt\/bang-box-80000-80k-3-in-1-vape-bang-vape-kaufen\/","url":"https:\/\/aivape.de\/produkt\/bang-box-80000-80k-3-in-1-vape-bang-vape-kaufen\/","name":"Bang Box 80000 | 80K 3-in-1 Vape \u2013 Bang Vape kaufen - AiVape | Premium E-Zigaretten &amp; Vape Shop Deutschland","isPartOf":{"@id":"https:\/\/aivape.de\/#website"},"primaryImageOfPage":{"@id":"https:\/\/aivape.de\/produkt\/bang-box-80000-80k-3-in-1-vape-bang-vape-kaufen\/#primaryimage"},"image":{"@id":"https:\/\/aivape.de\/produkt\/bang-box-80000-80k-3-in-1-vape-bang-vape-kaufen\/#primaryimage"},"thumbnailUrl":"https:\/\/aivape.de\/wp-content\/uploads\/2026\/03\/bang-box-80000-image.webp","datePublished":"2026-03-31T06:16:08+00:00","dateModified":"2026-03-31T06:41:59+00:00","description":"Bang Box 80000 - Jusqu'\u00e0 80.000 bouff\u00e9es, Flavor Switching 3-en-1, 60 ml de liquide, Triple Mesh Coil, batterie 850 mAh &amp; Smart Display. 12 saveurs.","breadcrumb":{"@id":"https:\/\/aivape.de\/produkt\/bang-box-80000-80k-3-in-1-vape-bang-vape-kaufen\/#breadcrumb"},"inLanguage":"fr-FR","potentialAction":[{"@type":"ReadAction","target":["https:\/\/aivape.de\/produkt\/bang-box-80000-80k-3-in-1-vape-bang-vape-kaufen\/"]}]},{"@type":"ImageObject","inLanguage":"fr-FR","@id":"https:\/\/aivape.de\/produkt\/bang-box-80000-80k-3-in-1-vape-bang-vape-kaufen\/#primaryimage","url":"https:\/\/aivape.de\/wp-content\/uploads\/2026\/03\/bang-box-80000-image.webp","contentUrl":"https:\/\/aivape.de\/wp-content\/uploads\/2026\/03\/bang-box-80000-image.webp","width":1024,"height":1024,"caption":"bang box 80000 image"},{"@type":"BreadcrumbList","@id":"https:\/\/aivape.de\/produkt\/bang-box-80000-80k-3-in-1-vape-bang-vape-kaufen\/#breadcrumb","itemListElement":[{"@type":"ListItem","position":1,"name":"Home","item":"https:\/\/aivape.de\/"},{"@type":"ListItem","position":2,"name":"Shop","item":"https:\/\/aivape.de\/shop\/"},{"@type":"ListItem","position":3,"name":"Bang Box 80000 | 80K 3-in-1 Vape \u2013 Bang Vape kaufen"}]},{"@type":"WebSite","@id":"https:\/\/aivape.de\/#website","url":"https:\/\/aivape.de\/","name":"AiVape | Premium E-Zigaretten &amp; Vape Shop Deutschland","description":"Dein Experte f\u00fcr Vozol, Bang King &amp; Hifancy Vapes \u2013 Schneller EU-Versand","potentialAction":[{"@type":"SearchAction","target":{"@type":"EntryPoint","urlTemplate":"https:\/\/aivape.de\/?s={search_term_string}"},"query-input":{"@type":"PropertyValueSpecification","valueRequired":true,"valueName":"search_term_string"}}],"inLanguage":"fr-FR"}]}},"tiered_pricing_type":"fixed","tiered_pricing_fixed_rules":{"30":"11.24","50":"10.82","100":"9.76","200":"8.98"},"tiered_pricing_product_settings":{"layout":"default","base_unit_name":{"singular":null,"plural":null},"default_variation":null},"tiered_pricing_minimum_quantity":10,"tiered_pricing_roles_data":[],"tiered_pricing_percentage_rules":[],"tiered_pricing_maximum_quantity":null,"tiered_pricing_quantity_step":"10","_links":{"self":[{"href":"https:\/\/aivape.de\/fr\/wp-json\/wp\/v2\/product\/2974","targetHints":{"allow":["GET"]}}],"collection":[{"href":"https:\/\/aivape.de\/fr\/wp-json\/wp\/v2\/product"}],"about":[{"href":"https:\/\/aivape.de\/fr\/wp-json\/wp\/v2\/types\/product"}],"replies":[{"embeddable":true,"href":"https:\/\/aivape.de\/fr\/wp-json\/wp\/v2\/comments?post=2974"}],"version-history":[{"count":2,"href":"https:\/\/aivape.de\/fr\/wp-json\/wp\/v2\/product\/2974\/revisions"}],"predecessor-version":[{"id":3045,"href":"https:\/\/aivape.de\/fr\/wp-json\/wp\/v2\/product\/2974\/revisions\/3045"}],"wp:featuredmedia":[{"embeddable":true,"href":"https:\/\/aivape.de\/fr\/wp-json\/wp\/v2\/media\/2984"}],"wp:attachment":[{"href":"https:\/\/aivape.de\/fr\/wp-json\/wp\/v2\/media?parent=2974"}],"wp:term":[{"taxonomy":"product_brand","embeddable":true,"href":"https:\/\/aivape.de\/fr\/wp-json\/wp\/v2\/product_brand?post=2974"},{"taxonomy":"product_cat","embeddable":true,"href":"https:\/\/aivape.de\/fr\/wp-json\/wp\/v2\/product_cat?post=2974"},{"taxonomy":"product_tag","embeddable":true,"href":"https:\/\/aivape.de\/fr\/wp-json\/wp\/v2\/product_tag?post=2974"}],"curies":[{"name":"wp","href":"https:\/\/api.w.org\/{rel}","templated":true}]}}