{"id":2817,"date":"2026-03-28T09:39:07","date_gmt":"2026-03-28T08:39:07","guid":{"rendered":"https:\/\/aivape.de\/?post_type=product&#038;p=2817"},"modified":"2026-03-28T09:50:59","modified_gmt":"2026-03-28T08:50:59","slug":"bang-king-200k-200-000-zuege-8-in-1-vape-bang-200k-kaufen","status":"publish","type":"product","link":"https:\/\/aivape.de\/fr\/product\/bang-king-200k-200-000-zuege-8-in-1-vape-bang-200k-kaufen\/","title":{"rendered":"Bang King 200K | 200 000 bouff\u00e9es 8-en-1 Vape - Acheter Bang 200K"},"content":{"rendered":"<h1 dir=\"auto\"><strong>Bang King 200K : jusqu'\u00e0 200.000 bouff\u00e9es avec 8-in-1 Flavor Switching<\/strong><\/h1>\n<p dir=\"auto\">Vous cherchez le nec plus ultra de la vape longue dur\u00e9e ? Le <strong>Bang King 200K<\/strong> (aussi <strong>Puff 200k<\/strong>, <strong>Bang 200K<\/strong> ou <strong>Bang King 200000<\/strong> ) pose de nouveaux jalons avec jusqu'\u00e0 <strong>200 000 trains<\/strong>.<\/p>\n<p dir=\"auto\">Le point fort est le <strong>Syst\u00e8me de commutation des saveurs 8 en 1<\/strong>: sur un seul appareil, vous pouvez facilement changer entre 8 saveurs diff\u00e9rentes. Id\u00e9al pour tous ceux qui aiment la vari\u00e9t\u00e9 et qui souhaitent vaper extr\u00eamement longtemps.<\/p>\n<p dir=\"auto\"><img loading=\"lazy\" decoding=\"async\" class=\"wd-lazy-fade alignnone wp-image-2820\" src=\"https:\/\/aivape.de\/wp-content\/themes\/woodmart\/images\/lazy.svg\" data-src=\"https:\/\/aivape.de\/wp-content\/uploads\/2026\/03\/Bang-king-300000-300k-Puffs-Bang-300k-8-in-1-Flavors-New-Vape-13-300x180.webp\" alt=\"Bang king 300000 300k Puffs Bang 300k 8 in 1 Flavors New Vape (13)\" width=\"870\" height=\"522\" srcset=\"\" data-srcset=\"https:\/\/aivape.de\/wp-content\/uploads\/2026\/03\/Bang-king-300000-300k-Puffs-Bang-300k-8-in-1-Flavors-New-Vape-13-300x180.webp 300w, https:\/\/aivape.de\/wp-content\/uploads\/2026\/03\/Bang-king-300000-300k-Puffs-Bang-300k-8-in-1-Flavors-New-Vape-13-1024x614.webp 1024w, https:\/\/aivape.de\/wp-content\/uploads\/2026\/03\/Bang-king-300000-300k-Puffs-Bang-300k-8-in-1-Flavors-New-Vape-13-768x461.webp 768w, https:\/\/aivape.de\/wp-content\/uploads\/2026\/03\/Bang-king-300000-300k-Puffs-Bang-300k-8-in-1-Flavors-New-Vape-13-1536x922.webp 1536w, https:\/\/aivape.de\/wp-content\/uploads\/2026\/03\/Bang-king-300000-300k-Puffs-Bang-300k-8-in-1-Flavors-New-Vape-13-1200x720.webp 1200w, https:\/\/aivape.de\/wp-content\/uploads\/2026\/03\/Bang-king-300000-300k-Puffs-Bang-300k-8-in-1-Flavors-New-Vape-13-150x90.webp 150w, https:\/\/aivape.de\/wp-content\/uploads\/2026\/03\/Bang-king-300000-300k-Puffs-Bang-300k-8-in-1-Flavors-New-Vape-13.webp 1920w\" sizes=\"auto, (max-width: 870px) 100vw, 870px\" \/><\/p>\n<h2 dir=\"auto\"><strong>Pourquoi choisir Bang King 200K ?<\/strong><\/h2>\n<p dir=\"auto\"><strong>- Capacit\u00e9 extr\u00eamement \u00e9lev\u00e9e - jusqu'\u00e0 200 000 trains<\/strong> Avec 4 \u00d7 15 ml de liquide pr\u00e9-rempli et 4 coils en maille, le Bang King 200K offre une autonomie incroyable et est parfait pour les utilisateurs lourds.<\/p>\n<p dir=\"auto\"><strong>- 8-in-1 Flavor Switching - 8 saveurs dans un seul appareil<\/strong> Gr\u00e2ce au syst\u00e8me innovant Multi-Flavor, vous pouvez passer facilement d'un ar\u00f4me \u00e0 l'autre (8) sans avoir \u00e0 emporter plusieurs unit\u00e9s. Chaque unit\u00e9 offre 12 combinaisons de saveurs diff\u00e9rentes.<\/p>\n<p dir=\"auto\"><strong>- 4 \u00d7 1.0\u03a9 coils en maille pour une vapeur puissante et un go\u00fbt intense<\/strong> Quatre coils en maille de haute qualit\u00e9 assurent un chauffage uniforme, une vapeur riche et une excellente restitution de l'ar\u00f4me.<\/p>\n<p dir=\"auto\"><strong>- \u00c9cran num\u00e9rique LCD<\/strong> L'\u00e9cran LCD int\u00e9gr\u00e9 indique en temps r\u00e9el l'\u00e9tat de la batterie et le niveau de liquide - pour un contr\u00f4le total et une utilisation confortable.<\/p>\n<p dir=\"auto\"><strong>- batterie rechargeable de 650 mAh<\/strong> La batterie puissante fournit une puissance efficace et constante et est facile \u00e0 recharger via Type-C.<\/p>\n<p dir=\"auto\"><strong>- Exp\u00e9dition rapide depuis l'entrep\u00f4t europ\u00e9en<\/strong> Tous les <strong>Bang King 200K<\/strong> sont exp\u00e9di\u00e9s depuis l'entrep\u00f4t de l'UE - livraison en g\u00e9n\u00e9ral dans un d\u00e9lai de <strong>1 \u00e0 3 jours<\/strong>.<\/p>\n<h3 dir=\"auto\"><strong>Sp\u00e9cifications techniques<\/strong><\/h3>\n<ul dir=\"auto\">\n<li><strong>Marque<\/strong>: Bang Vape<\/li>\n<li><strong>Mod\u00e8le<\/strong>: Bang King 200000<\/li>\n<li><strong>Nombre de trains<\/strong>: Jusqu'\u00e0 200.000 trains<\/li>\n<li><strong>Capacit\u00e9 en liquide<\/strong>4 \u00d7 15 ml pr\u00e9remplis<\/li>\n<li><strong>Taux de nicotine<\/strong>: 0% (0 mg\/ml) \/ 2% (20 mg\/ml) \/ 3% (30 mg\/ml) \/ 5% (50 mg\/ml)<\/li>\n<li><strong>Batterie<\/strong>650 mAh rechargeable<\/li>\n<li><strong>\u00c9vaporateur<\/strong>: 4 \u00d7 1.0\u03a9 Mesh Coils<\/li>\n<li><strong>Particularit\u00e9<\/strong>Syst\u00e8me de commutation des saveurs 8 en 1, \u00e9cran num\u00e9rique LCD<\/li>\n<li><strong>Emballage<\/strong>6 pi\u00e8ces par paquet<\/li>\n<li><strong>Poids<\/strong>: 150 g<\/li>\n<\/ul>\n<h3 dir=\"auto\"><strong>Groupe cible<\/strong><\/h3>\n<ul dir=\"auto\">\n<li>Utilisateurs intensifs et vapoteurs \u00e0 la recherche d'une dur\u00e9e de fonctionnement extr\u00eamement longue<\/li>\n<li>Tous ceux qui veulent de la vari\u00e9t\u00e9 avec plusieurs saveurs dans un seul appareil<\/li>\n<li>Les utilisateurs qui attachent de l'importance aux caract\u00e9ristiques modernes telles que l'\u00e9cran LCD et les performances \u00e9lev\u00e9es.<\/li>\n<\/ul>\n<p dir=\"auto\">Le site <strong>Bang King 200K<\/strong> est la vape 200.000 bouff\u00e9es parfaite pour tous ceux qui recherchent une capacit\u00e9 maximale et une vari\u00e9t\u00e9 de saveurs dans un seul appareil. D\u00e9couvrez d\u00e8s maintenant le <strong>Puff 200k<\/strong> \u00e0 un tout nouveau niveau !<\/p>","protected":false},"excerpt":{"rendered":"<p dir=\"auto\">Le Bang King 200K est la vape puissante \u00e0 haute capacit\u00e9, avec jusqu'\u00e0 200 000 bouff\u00e9es. Gr\u00e2ce au syst\u00e8me innovant 8-en-1, vous pouvez passer de 8 saveurs diff\u00e9rentes sur le m\u00eame appareil. Avec un \u00e9cran LCD, 4 coils en maille et une batterie de 650 mAh - pour des exp\u00e9riences de vape extr\u00eamement longues et vari\u00e9es.<\/p>","protected":false},"featured_media":2821,"comment_status":"open","ping_status":"closed","template":"","meta":[],"product_brand":[69],"product_cat":[45],"product_tag":[],"class_list":{"0":"post-2817","1":"product","2":"type-product","3":"status-publish","4":"has-post-thumbnail","6":"product_brand-bang","7":"product_cat-puff-200k","9":"first","10":"instock","11":"shipping-taxable","12":"purchasable","13":"product-type-variable"},"yoast_head":"<!-- This site is optimized with the Yoast SEO plugin v27.1.1 - https:\/\/yoast.com\/product\/yoast-seo-wordpress\/ -->\n<title>Bang King 200K | 200.000 Z\u00fcge 8-in-1 Vape \u2013 Bang 200K kaufen - AiVape | Premium E-Zigaretten &amp; Vape Shop Deutschland<\/title>\n<meta name=\"description\" content=\"Bang King 200K \u2013 Bis zu 200.000 Z\u00fcge, 8-in-1 Flavor Switching, 4\u00d715 ml Liquid, 4 Mesh Coils, LCD Display &amp; 650 mAh Akku. EU-Versand in 1-3 Tagen.\" \/>\n<meta name=\"robots\" content=\"index, follow, max-snippet:-1, max-image-preview:large, max-video-preview:-1\" \/>\n<link rel=\"canonical\" href=\"https:\/\/aivape.de\/fr\/product\/bang-king-200k-200-000-zuege-8-in-1-vape-bang-200k-kaufen\/\" \/>\n<meta property=\"og:locale\" content=\"fr_FR\" \/>\n<meta property=\"og:type\" content=\"article\" \/>\n<meta property=\"og:title\" content=\"Bang King 200K | 200.000 Z\u00fcge 8-in-1 Vape \u2013 Bang 200K kaufen - AiVape | Premium E-Zigaretten &amp; Vape Shop Deutschland\" \/>\n<meta property=\"og:description\" content=\"Bang King 200K \u2013 Bis zu 200.000 Z\u00fcge, 8-in-1 Flavor Switching, 4\u00d715 ml Liquid, 4 Mesh Coils, LCD Display &amp; 650 mAh Akku. EU-Versand in 1-3 Tagen.\" \/>\n<meta property=\"og:url\" content=\"https:\/\/aivape.de\/fr\/product\/bang-king-200k-200-000-zuege-8-in-1-vape-bang-200k-kaufen\/\" \/>\n<meta property=\"og:site_name\" content=\"AiVape | Premium E-Zigaretten &amp; Vape Shop Deutschland\" \/>\n<meta property=\"article:modified_time\" content=\"2026-03-28T08:50:59+00:00\" \/>\n<meta property=\"og:image\" content=\"https:\/\/aivape.de\/wp-content\/uploads\/2026\/03\/Bang-king-300000-300k-Puffs-Bang-300k-8-in-1-Flavors-New-Vape-2-1-scaled.webp\" \/>\n\t<meta property=\"og:image:width\" content=\"2560\" \/>\n\t<meta property=\"og:image:height\" content=\"2560\" \/>\n\t<meta property=\"og:image:type\" content=\"image\/webp\" \/>\n<meta name=\"twitter:card\" content=\"summary_large_image\" \/>\n<meta name=\"twitter:label1\" content=\"Dur\u00e9e de lecture estim\u00e9e\" \/>\n\t<meta name=\"twitter:data1\" content=\"3 minutes\" \/>\n<script type=\"application\/ld+json\" class=\"yoast-schema-graph\">{\"@context\":\"https:\/\/schema.org\",\"@graph\":[{\"@type\":\"WebPage\",\"@id\":\"https:\/\/aivape.de\/produkt\/bang-king-200k-200-000-zuege-8-in-1-vape-bang-200k-kaufen\/\",\"url\":\"https:\/\/aivape.de\/produkt\/bang-king-200k-200-000-zuege-8-in-1-vape-bang-200k-kaufen\/\",\"name\":\"Bang King 200K | 200.000 Z\u00fcge 8-in-1 Vape \u2013 Bang 200K kaufen - AiVape | Premium E-Zigaretten &amp; Vape Shop Deutschland\",\"isPartOf\":{\"@id\":\"https:\/\/aivape.de\/#website\"},\"primaryImageOfPage\":{\"@id\":\"https:\/\/aivape.de\/produkt\/bang-king-200k-200-000-zuege-8-in-1-vape-bang-200k-kaufen\/#primaryimage\"},\"image\":{\"@id\":\"https:\/\/aivape.de\/produkt\/bang-king-200k-200-000-zuege-8-in-1-vape-bang-200k-kaufen\/#primaryimage\"},\"thumbnailUrl\":\"https:\/\/aivape.de\/wp-content\/uploads\/2026\/03\/Bang-king-300000-300k-Puffs-Bang-300k-8-in-1-Flavors-New-Vape-2-1-scaled.webp\",\"datePublished\":\"2026-03-28T08:39:07+00:00\",\"dateModified\":\"2026-03-28T08:50:59+00:00\",\"description\":\"Bang King 200K \u2013 Bis zu 200.000 Z\u00fcge, 8-in-1 Flavor Switching, 4\u00d715 ml Liquid, 4 Mesh Coils, LCD Display & 650 mAh Akku. EU-Versand in 1-3 Tagen.\",\"breadcrumb\":{\"@id\":\"https:\/\/aivape.de\/produkt\/bang-king-200k-200-000-zuege-8-in-1-vape-bang-200k-kaufen\/#breadcrumb\"},\"inLanguage\":\"fr-FR\",\"potentialAction\":[{\"@type\":\"ReadAction\",\"target\":[\"https:\/\/aivape.de\/produkt\/bang-king-200k-200-000-zuege-8-in-1-vape-bang-200k-kaufen\/\"]}]},{\"@type\":\"ImageObject\",\"inLanguage\":\"fr-FR\",\"@id\":\"https:\/\/aivape.de\/produkt\/bang-king-200k-200-000-zuege-8-in-1-vape-bang-200k-kaufen\/#primaryimage\",\"url\":\"https:\/\/aivape.de\/wp-content\/uploads\/2026\/03\/Bang-king-300000-300k-Puffs-Bang-300k-8-in-1-Flavors-New-Vape-2-1-scaled.webp\",\"contentUrl\":\"https:\/\/aivape.de\/wp-content\/uploads\/2026\/03\/Bang-king-300000-300k-Puffs-Bang-300k-8-in-1-Flavors-New-Vape-2-1-scaled.webp\",\"width\":2560,\"height\":2560},{\"@type\":\"BreadcrumbList\",\"@id\":\"https:\/\/aivape.de\/produkt\/bang-king-200k-200-000-zuege-8-in-1-vape-bang-200k-kaufen\/#breadcrumb\",\"itemListElement\":[{\"@type\":\"ListItem\",\"position\":1,\"name\":\"Home\",\"item\":\"https:\/\/aivape.de\/\"},{\"@type\":\"ListItem\",\"position\":2,\"name\":\"Shop\",\"item\":\"https:\/\/aivape.de\/shop\/\"},{\"@type\":\"ListItem\",\"position\":3,\"name\":\"Bang King 200K | 200.000 Z\u00fcge 8-in-1 Vape \u2013 Bang 200K kaufen\"}]},{\"@type\":\"WebSite\",\"@id\":\"https:\/\/aivape.de\/#website\",\"url\":\"https:\/\/aivape.de\/\",\"name\":\"AiVape | Premium E-Zigaretten &amp; Vape Shop Deutschland\",\"description\":\"Dein Experte f\u00fcr Vozol, Bang King &amp; Hifancy Vapes \u2013 Schneller EU-Versand\",\"potentialAction\":[{\"@type\":\"SearchAction\",\"target\":{\"@type\":\"EntryPoint\",\"urlTemplate\":\"https:\/\/aivape.de\/?s={search_term_string}\"},\"query-input\":{\"@type\":\"PropertyValueSpecification\",\"valueRequired\":true,\"valueName\":\"search_term_string\"}}],\"inLanguage\":\"fr-FR\"}]}<\/script>\n<!-- \/ Yoast SEO plugin. -->","yoast_head_json":{"title":"Bang King 200K | 200.000 Z\u00fcge 8-in-1 Vape \u2013 Bang 200K kaufen - AiVape | Premium E-Zigaretten &amp; Vape Shop Deutschland","description":"Bang King 200K - Jusqu'\u00e0 200.000 bouff\u00e9es, 8-in-1 Flavor Switching, 4\u00d715 ml de liquide, 4 Mesh Coils, \u00e9cran LCD &amp; batterie 650 mAh. Exp\u00e9dition UE en 1-3 jours.","robots":{"index":"index","follow":"follow","max-snippet":"max-snippet:-1","max-image-preview":"max-image-preview:large","max-video-preview":"max-video-preview:-1"},"canonical":"https:\/\/aivape.de\/fr\/product\/bang-king-200k-200-000-zuege-8-in-1-vape-bang-200k-kaufen\/","og_locale":"fr_FR","og_type":"article","og_title":"Bang King 200K | 200.000 Z\u00fcge 8-in-1 Vape \u2013 Bang 200K kaufen - AiVape | Premium E-Zigaretten &amp; Vape Shop Deutschland","og_description":"Bang King 200K \u2013 Bis zu 200.000 Z\u00fcge, 8-in-1 Flavor Switching, 4\u00d715 ml Liquid, 4 Mesh Coils, LCD Display & 650 mAh Akku. EU-Versand in 1-3 Tagen.","og_url":"https:\/\/aivape.de\/fr\/product\/bang-king-200k-200-000-zuege-8-in-1-vape-bang-200k-kaufen\/","og_site_name":"AiVape | Premium E-Zigaretten &amp; Vape Shop Deutschland","article_modified_time":"2026-03-28T08:50:59+00:00","og_image":[{"width":2560,"height":2560,"url":"https:\/\/aivape.de\/wp-content\/uploads\/2026\/03\/Bang-king-300000-300k-Puffs-Bang-300k-8-in-1-Flavors-New-Vape-2-1-scaled.webp","type":"image\/webp"}],"twitter_card":"summary_large_image","twitter_misc":{"Dur\u00e9e de lecture estim\u00e9e":"3 minutes"},"schema":{"@context":"https:\/\/schema.org","@graph":[{"@type":"WebPage","@id":"https:\/\/aivape.de\/produkt\/bang-king-200k-200-000-zuege-8-in-1-vape-bang-200k-kaufen\/","url":"https:\/\/aivape.de\/produkt\/bang-king-200k-200-000-zuege-8-in-1-vape-bang-200k-kaufen\/","name":"Bang King 200K | 200.000 Z\u00fcge 8-in-1 Vape \u2013 Bang 200K kaufen - AiVape | Premium E-Zigaretten &amp; Vape Shop Deutschland","isPartOf":{"@id":"https:\/\/aivape.de\/#website"},"primaryImageOfPage":{"@id":"https:\/\/aivape.de\/produkt\/bang-king-200k-200-000-zuege-8-in-1-vape-bang-200k-kaufen\/#primaryimage"},"image":{"@id":"https:\/\/aivape.de\/produkt\/bang-king-200k-200-000-zuege-8-in-1-vape-bang-200k-kaufen\/#primaryimage"},"thumbnailUrl":"https:\/\/aivape.de\/wp-content\/uploads\/2026\/03\/Bang-king-300000-300k-Puffs-Bang-300k-8-in-1-Flavors-New-Vape-2-1-scaled.webp","datePublished":"2026-03-28T08:39:07+00:00","dateModified":"2026-03-28T08:50:59+00:00","description":"Bang King 200K - Jusqu'\u00e0 200.000 bouff\u00e9es, 8-in-1 Flavor Switching, 4\u00d715 ml de liquide, 4 Mesh Coils, \u00e9cran LCD &amp; batterie 650 mAh. Exp\u00e9dition UE en 1-3 jours.","breadcrumb":{"@id":"https:\/\/aivape.de\/produkt\/bang-king-200k-200-000-zuege-8-in-1-vape-bang-200k-kaufen\/#breadcrumb"},"inLanguage":"fr-FR","potentialAction":[{"@type":"ReadAction","target":["https:\/\/aivape.de\/produkt\/bang-king-200k-200-000-zuege-8-in-1-vape-bang-200k-kaufen\/"]}]},{"@type":"ImageObject","inLanguage":"fr-FR","@id":"https:\/\/aivape.de\/produkt\/bang-king-200k-200-000-zuege-8-in-1-vape-bang-200k-kaufen\/#primaryimage","url":"https:\/\/aivape.de\/wp-content\/uploads\/2026\/03\/Bang-king-300000-300k-Puffs-Bang-300k-8-in-1-Flavors-New-Vape-2-1-scaled.webp","contentUrl":"https:\/\/aivape.de\/wp-content\/uploads\/2026\/03\/Bang-king-300000-300k-Puffs-Bang-300k-8-in-1-Flavors-New-Vape-2-1-scaled.webp","width":2560,"height":2560},{"@type":"BreadcrumbList","@id":"https:\/\/aivape.de\/produkt\/bang-king-200k-200-000-zuege-8-in-1-vape-bang-200k-kaufen\/#breadcrumb","itemListElement":[{"@type":"ListItem","position":1,"name":"Home","item":"https:\/\/aivape.de\/"},{"@type":"ListItem","position":2,"name":"Shop","item":"https:\/\/aivape.de\/shop\/"},{"@type":"ListItem","position":3,"name":"Bang King 200K | 200.000 Z\u00fcge 8-in-1 Vape \u2013 Bang 200K kaufen"}]},{"@type":"WebSite","@id":"https:\/\/aivape.de\/#website","url":"https:\/\/aivape.de\/","name":"AiVape | Premium E-Zigaretten &amp; Vape Shop Deutschland","description":"Dein Experte f\u00fcr Vozol, Bang King &amp; Hifancy Vapes \u2013 Schneller EU-Versand","potentialAction":[{"@type":"SearchAction","target":{"@type":"EntryPoint","urlTemplate":"https:\/\/aivape.de\/?s={search_term_string}"},"query-input":{"@type":"PropertyValueSpecification","valueRequired":true,"valueName":"search_term_string"}}],"inLanguage":"fr-FR"}]}},"tiered_pricing_type":"fixed","tiered_pricing_fixed_rules":{"30":"11.78","50":"11.36","100":"10.99","200":"9.99"},"tiered_pricing_product_settings":{"layout":"default","base_unit_name":{"singular":null,"plural":null},"default_variation":null},"tiered_pricing_minimum_quantity":10,"tiered_pricing_roles_data":[],"tiered_pricing_percentage_rules":[],"tiered_pricing_maximum_quantity":null,"tiered_pricing_quantity_step":"10","_links":{"self":[{"href":"https:\/\/aivape.de\/fr\/wp-json\/wp\/v2\/product\/2817","targetHints":{"allow":["GET"]}}],"collection":[{"href":"https:\/\/aivape.de\/fr\/wp-json\/wp\/v2\/product"}],"about":[{"href":"https:\/\/aivape.de\/fr\/wp-json\/wp\/v2\/types\/product"}],"replies":[{"embeddable":true,"href":"https:\/\/aivape.de\/fr\/wp-json\/wp\/v2\/comments?post=2817"}],"version-history":[{"count":2,"href":"https:\/\/aivape.de\/fr\/wp-json\/wp\/v2\/product\/2817\/revisions"}],"predecessor-version":[{"id":2893,"href":"https:\/\/aivape.de\/fr\/wp-json\/wp\/v2\/product\/2817\/revisions\/2893"}],"wp:featuredmedia":[{"embeddable":true,"href":"https:\/\/aivape.de\/fr\/wp-json\/wp\/v2\/media\/2821"}],"wp:attachment":[{"href":"https:\/\/aivape.de\/fr\/wp-json\/wp\/v2\/media?parent=2817"}],"wp:term":[{"taxonomy":"product_brand","embeddable":true,"href":"https:\/\/aivape.de\/fr\/wp-json\/wp\/v2\/product_brand?post=2817"},{"taxonomy":"product_cat","embeddable":true,"href":"https:\/\/aivape.de\/fr\/wp-json\/wp\/v2\/product_cat?post=2817"},{"taxonomy":"product_tag","embeddable":true,"href":"https:\/\/aivape.de\/fr\/wp-json\/wp\/v2\/product_tag?post=2817"}],"curies":[{"name":"wp","href":"https:\/\/api.w.org\/{rel}","templated":true}]}}