{"id":2735,"date":"2026-03-28T07:59:27","date_gmt":"2026-03-28T06:59:27","guid":{"rendered":"https:\/\/aivape.de\/?post_type=product&#038;p=2735"},"modified":"2026-03-28T08:39:40","modified_gmt":"2026-03-28T07:39:40","slug":"razz-bar-30000-30000-zuege-vape-razz-bar-kaufen","status":"publish","type":"product","link":"https:\/\/aivape.de\/fr\/product\/razz-bar-30000-30000-zuege-vape-razz-bar-kaufen\/","title":{"rendered":"Razz Bar 30000 | 30000 bouff\u00e9es de vape - Acheter Razz Bar"},"content":{"rendered":"<h1 dir=\"auto\"><strong>Razz Bar 30000 : Jusqu'\u00e0 30.000 bouff\u00e9es - Une performance forte pour de longues sessions de vape<\/strong><\/h1>\n<p dir=\"auto\">\u00c0 la recherche d'une vape fiable et \u00e0 grand volume ? Le <strong>Razz Bar 30000<\/strong> (aussi appel\u00e9 <strong>Razz Bar<\/strong> ou <strong>30K Razz Bar<\/strong> ) offre jusqu'\u00e0 30 000 bouff\u00e9es et convainc par sa forte puissance. Que ce soit comme alternative aux mod\u00e8les classiques de Puff Bar, le Razz Bar 30000 fournit une vapeur dense, un go\u00fbt intense et une longue dur\u00e9e de fonctionnement.<\/p>\n<h2 dir=\"auto\"><strong>Pourquoi choisir le Razz Bar 30000 ?<\/strong><\/h2>\n<p dir=\"auto\"><strong>- Capacit\u00e9 extr\u00eamement \u00e9lev\u00e9e - jusqu'\u00e0 30 000 trains<\/strong> Avec jusqu'\u00e0 <strong>30 000 trains<\/strong> et un r\u00e9servoir de liquide de 30 ml g\u00e9n\u00e9reusement rempli, le Razz Bar 30000 est id\u00e9al pour tous ceux qui souhaitent vaper longtemps et intens\u00e9ment - sans devoir changer constamment.<\/p>\n<p dir=\"auto\"><strong>- 1.0\u03a9 Coil en maille pour une vapeur riche et un go\u00fbt bolden<\/strong> La haute qualit\u00e9 <strong>1.0\u03a9 Bobine de maille<\/strong> assure un chauffage uniforme, une vapeur dense et une excellente restitution des ar\u00f4mes. Chaque bouff\u00e9e est intense et riche en saveurs.<\/p>\n<p dir=\"auto\"><strong>- Flux d'air r\u00e9glable - adaptation individuelle<\/strong> Gr\u00e2ce au <strong>Syst\u00e8mes de flux d'air r\u00e9glables<\/strong> vous pouvez r\u00e9gler la r\u00e9sistance au tirage selon vos pr\u00e9f\u00e9rences - de la technique de tirage \u00e9troit MTL \u00e0 la vapeur ouverte DTL.<\/p>\n<p dir=\"auto\"><strong>- batterie rechargeable de 650 mAh avec Type-C<\/strong> La batterie de 650 mAh est facile \u00e0 recharger via USB Type-C et offre une puissance fiable pour toute la dur\u00e9e d'utilisation.<\/p>\n<p dir=\"auto\"><strong>- 16 saveurs d\u00e9licieuses<\/strong> Le site <strong>Razz Bar 30000<\/strong> est en <strong>16 saveurs diff\u00e9rentes<\/strong> disponibles - un grand choix pour tous les go\u00fbts.<\/p>\n<p dir=\"auto\"><strong>- Exp\u00e9dition rapide depuis l'entrep\u00f4t europ\u00e9en<\/strong> Tous les <strong>Razz Bar<\/strong> Les produits sont exp\u00e9di\u00e9s depuis les entrep\u00f4ts de l'UE. La livraison s'effectue g\u00e9n\u00e9ralement dans un d\u00e9lai de <strong>1 \u00e0 3 jours<\/strong>.<\/p>\n<p dir=\"auto\"><img loading=\"lazy\" decoding=\"async\" class=\"wd-lazy-fade alignnone wp-image-2736\" src=\"https:\/\/aivape.de\/wp-content\/themes\/woodmart\/images\/lazy.svg\" data-src=\"https:\/\/aivape.de\/wp-content\/uploads\/2026\/03\/razz-bar-30000-puffar-EU-Warehouse-2-300x300.webp\" alt=\"razz-bar-30000-puffar- EU Warehouse (2)\" width=\"696\" height=\"696\" srcset=\"\" data-srcset=\"https:\/\/aivape.de\/wp-content\/uploads\/2026\/03\/razz-bar-30000-puffar-EU-Warehouse-2-300x300.webp 300w, https:\/\/aivape.de\/wp-content\/uploads\/2026\/03\/razz-bar-30000-puffar-EU-Warehouse-2-1024x1024.webp 1024w, https:\/\/aivape.de\/wp-content\/uploads\/2026\/03\/razz-bar-30000-puffar-EU-Warehouse-2-150x150.webp 150w, https:\/\/aivape.de\/wp-content\/uploads\/2026\/03\/razz-bar-30000-puffar-EU-Warehouse-2-768x768.webp 768w, https:\/\/aivape.de\/wp-content\/uploads\/2026\/03\/razz-bar-30000-puffar-EU-Warehouse-2-1536x1536.webp 1536w, https:\/\/aivape.de\/wp-content\/uploads\/2026\/03\/razz-bar-30000-puffar-EU-Warehouse-2-600x600.webp 600w, https:\/\/aivape.de\/wp-content\/uploads\/2026\/03\/razz-bar-30000-puffar-EU-Warehouse-2-1200x1200.webp 1200w, https:\/\/aivape.de\/wp-content\/uploads\/2026\/03\/razz-bar-30000-puffar-EU-Warehouse-2.webp 2000w\" sizes=\"auto, (max-width: 696px) 100vw, 696px\" \/><\/p>\n<h2 dir=\"auto\"><strong>Sp\u00e9cifications techniques<\/strong><\/h2>\n<ul dir=\"auto\">\n<li><strong>Marque<\/strong>: Razz Bar<\/li>\n<li><strong>Mod\u00e8le<\/strong>: Razz Bar 30000<\/li>\n<li><strong>Nombre de trains<\/strong>: Jusqu'\u00e0 30.000 trains<\/li>\n<li><strong>Capacit\u00e9 en liquide<\/strong>30 ml pr\u00e9-remplis<\/li>\n<li><strong>Taux de nicotine<\/strong>: 2% (20 mg\/ml) ou 5% (50 mg\/ml)<\/li>\n<li><strong>Batterie<\/strong>: 650 mAh rechargeable (USB Type-C)<\/li>\n<li><strong>\u00c9vaporateur<\/strong>1.0\u03a9 Bobine de maille<\/li>\n<li><strong>Fonctions<\/strong>: flux d'air r\u00e9glable, remplissage g\u00e9n\u00e9reux de liquide<\/li>\n<li><strong>Prise de charge<\/strong>: USB Type-C<\/li>\n<li><strong>Emballage<\/strong>10 pi\u00e8ces par paquet<\/li>\n<li><strong>Poids<\/strong>: 135 g<\/li>\n<\/ul>\n<h3 dir=\"auto\"><strong>Groupe cible<\/strong><\/h3>\n<ul dir=\"auto\">\n<li>Les vapoteurs qui recherchent un nombre \u00e9lev\u00e9 de bouff\u00e9es et une longue dur\u00e9e de fonctionnement<\/li>\n<li>Utilisateurs qui souhaitent passer des mod\u00e8les classiques de Puff Bar \u00e0 des alternatives plus performantes<\/li>\n<li>Tous ceux qui attachent de l'importance \u00e0 une vapeur dense, un bon go\u00fbt et une utilisation simple<\/li>\n<\/ul>\n<p dir=\"auto\">Le site <strong>Razz Bar 30000<\/strong> combine une grande capacit\u00e9 avec de fortes performances et constitue le choix id\u00e9al pour tous ceux qui souhaitent une exp\u00e9rience de vape durable et riche en saveurs. Maintenant <strong>Razz Bar<\/strong> acheter et sentir la diff\u00e9rence !<\/p>","protected":false},"excerpt":{"rendered":"<p dir=\"auto\">Le Razz Bar 30000 est la puissante vape jetable de Razz Bar, capable de produire jusqu'\u00e0 30 000 bouff\u00e9es. \u00c9quip\u00e9 de 30 ml de liquide pr\u00e9-rempli, d'un coil en maille 1.0\u03a9, d'une batterie rechargeable de 650 mAh et d'un flux d'air r\u00e9glable - pour une vapeur intense et un plaisir de longue dur\u00e9e.<\/p>","protected":false},"featured_media":2737,"comment_status":"open","ping_status":"closed","template":"","meta":[],"product_brand":[75],"product_cat":[46],"product_tag":[],"class_list":{"0":"post-2735","1":"product","2":"type-product","3":"status-publish","4":"has-post-thumbnail","6":"product_brand-razz-bar","7":"product_cat-puff-30k","9":"first","10":"instock","11":"shipping-taxable","12":"purchasable","13":"product-type-variable"},"yoast_head":"<!-- This site is optimized with the Yoast SEO plugin v27.1.1 - https:\/\/yoast.com\/product\/yoast-seo-wordpress\/ -->\n<title>Razz Bar 30000 | 30000 Z\u00fcge Vape \u2013 Razz Bar kaufen - AiVape | Premium E-Zigaretten &amp; Vape Shop Deutschland<\/title>\n<meta name=\"description\" content=\"Razz Bar 30000 \u2013 Bis zu 30.000 Z\u00fcge, 30 ml Liquid, 1.0\u03a9 Mesh Coil, 650 mAh Akku und einstellbarer Luftstrom. 16 Geschm\u00e4cker. EU-Versand in 1-3 Tagen.\" \/>\n<meta name=\"robots\" content=\"index, follow, max-snippet:-1, max-image-preview:large, max-video-preview:-1\" \/>\n<link rel=\"canonical\" href=\"https:\/\/aivape.de\/fr\/product\/razz-bar-30000-30000-zuege-vape-razz-bar-kaufen\/\" \/>\n<meta property=\"og:locale\" content=\"fr_FR\" \/>\n<meta property=\"og:type\" content=\"article\" \/>\n<meta property=\"og:title\" content=\"Razz Bar 30000 | 30000 Z\u00fcge Vape \u2013 Razz Bar kaufen - AiVape | Premium E-Zigaretten &amp; Vape Shop Deutschland\" \/>\n<meta property=\"og:description\" content=\"Razz Bar 30000 \u2013 Bis zu 30.000 Z\u00fcge, 30 ml Liquid, 1.0\u03a9 Mesh Coil, 650 mAh Akku und einstellbarer Luftstrom. 16 Geschm\u00e4cker. EU-Versand in 1-3 Tagen.\" \/>\n<meta property=\"og:url\" content=\"https:\/\/aivape.de\/fr\/product\/razz-bar-30000-30000-zuege-vape-razz-bar-kaufen\/\" \/>\n<meta property=\"og:site_name\" content=\"AiVape | Premium E-Zigaretten &amp; Vape Shop Deutschland\" \/>\n<meta property=\"article:modified_time\" content=\"2026-03-28T07:39:40+00:00\" \/>\n<meta property=\"og:image\" content=\"https:\/\/aivape.de\/wp-content\/uploads\/2026\/03\/Razz-Bar-30000-30k-puffs-7.webp\" \/>\n\t<meta property=\"og:image:width\" content=\"2000\" \/>\n\t<meta property=\"og:image:height\" content=\"2000\" \/>\n\t<meta property=\"og:image:type\" content=\"image\/webp\" \/>\n<meta name=\"twitter:card\" content=\"summary_large_image\" \/>\n<meta name=\"twitter:label1\" content=\"Dur\u00e9e de lecture estim\u00e9e\" \/>\n\t<meta name=\"twitter:data1\" content=\"3 minutes\" \/>\n<script type=\"application\/ld+json\" class=\"yoast-schema-graph\">{\"@context\":\"https:\/\/schema.org\",\"@graph\":[{\"@type\":\"WebPage\",\"@id\":\"https:\/\/aivape.de\/produkt\/razz-bar-30000-30000-zuege-vape-razz-bar-kaufen\/\",\"url\":\"https:\/\/aivape.de\/produkt\/razz-bar-30000-30000-zuege-vape-razz-bar-kaufen\/\",\"name\":\"Razz Bar 30000 | 30000 Z\u00fcge Vape \u2013 Razz Bar kaufen - AiVape | Premium E-Zigaretten &amp; Vape Shop Deutschland\",\"isPartOf\":{\"@id\":\"https:\/\/aivape.de\/#website\"},\"primaryImageOfPage\":{\"@id\":\"https:\/\/aivape.de\/produkt\/razz-bar-30000-30000-zuege-vape-razz-bar-kaufen\/#primaryimage\"},\"image\":{\"@id\":\"https:\/\/aivape.de\/produkt\/razz-bar-30000-30000-zuege-vape-razz-bar-kaufen\/#primaryimage\"},\"thumbnailUrl\":\"https:\/\/aivape.de\/wp-content\/uploads\/2026\/03\/Razz-Bar-30000-30k-puffs-7.webp\",\"datePublished\":\"2026-03-28T06:59:27+00:00\",\"dateModified\":\"2026-03-28T07:39:40+00:00\",\"description\":\"Razz Bar 30000 \u2013 Bis zu 30.000 Z\u00fcge, 30 ml Liquid, 1.0\u03a9 Mesh Coil, 650 mAh Akku und einstellbarer Luftstrom. 16 Geschm\u00e4cker. EU-Versand in 1-3 Tagen.\",\"breadcrumb\":{\"@id\":\"https:\/\/aivape.de\/produkt\/razz-bar-30000-30000-zuege-vape-razz-bar-kaufen\/#breadcrumb\"},\"inLanguage\":\"fr-FR\",\"potentialAction\":[{\"@type\":\"ReadAction\",\"target\":[\"https:\/\/aivape.de\/produkt\/razz-bar-30000-30000-zuege-vape-razz-bar-kaufen\/\"]}]},{\"@type\":\"ImageObject\",\"inLanguage\":\"fr-FR\",\"@id\":\"https:\/\/aivape.de\/produkt\/razz-bar-30000-30000-zuege-vape-razz-bar-kaufen\/#primaryimage\",\"url\":\"https:\/\/aivape.de\/wp-content\/uploads\/2026\/03\/Razz-Bar-30000-30k-puffs-7.webp\",\"contentUrl\":\"https:\/\/aivape.de\/wp-content\/uploads\/2026\/03\/Razz-Bar-30000-30k-puffs-7.webp\",\"width\":2000,\"height\":2000,\"caption\":\"Razz Bar 30000 30k puffs (7)\"},{\"@type\":\"BreadcrumbList\",\"@id\":\"https:\/\/aivape.de\/produkt\/razz-bar-30000-30000-zuege-vape-razz-bar-kaufen\/#breadcrumb\",\"itemListElement\":[{\"@type\":\"ListItem\",\"position\":1,\"name\":\"Home\",\"item\":\"https:\/\/aivape.de\/\"},{\"@type\":\"ListItem\",\"position\":2,\"name\":\"Shop\",\"item\":\"https:\/\/aivape.de\/shop\/\"},{\"@type\":\"ListItem\",\"position\":3,\"name\":\"Razz Bar 30000 | 30000 Z\u00fcge Vape \u2013 Razz Bar kaufen\"}]},{\"@type\":\"WebSite\",\"@id\":\"https:\/\/aivape.de\/#website\",\"url\":\"https:\/\/aivape.de\/\",\"name\":\"AiVape | Premium E-Zigaretten &amp; Vape Shop Deutschland\",\"description\":\"Dein Experte f\u00fcr Vozol, Bang King &amp; Hifancy Vapes \u2013 Schneller EU-Versand\",\"potentialAction\":[{\"@type\":\"SearchAction\",\"target\":{\"@type\":\"EntryPoint\",\"urlTemplate\":\"https:\/\/aivape.de\/?s={search_term_string}\"},\"query-input\":{\"@type\":\"PropertyValueSpecification\",\"valueRequired\":true,\"valueName\":\"search_term_string\"}}],\"inLanguage\":\"fr-FR\"}]}<\/script>\n<!-- \/ Yoast SEO plugin. -->","yoast_head_json":{"title":"Razz Bar 30000 | 30000 Z\u00fcge Vape \u2013 Razz Bar kaufen - AiVape | Premium E-Zigaretten &amp; Vape Shop Deutschland","description":"Razz Bar 30000 - Jusqu'\u00e0 30 000 bouff\u00e9es, 30 ml de liquide, coil en maille 1.0\u03a9, batterie 650 mAh et d\u00e9bit d'air r\u00e9glable. 16 saveurs. Exp\u00e9dition UE en 1-3 jours.","robots":{"index":"index","follow":"follow","max-snippet":"max-snippet:-1","max-image-preview":"max-image-preview:large","max-video-preview":"max-video-preview:-1"},"canonical":"https:\/\/aivape.de\/fr\/product\/razz-bar-30000-30000-zuege-vape-razz-bar-kaufen\/","og_locale":"fr_FR","og_type":"article","og_title":"Razz Bar 30000 | 30000 Z\u00fcge Vape \u2013 Razz Bar kaufen - AiVape | Premium E-Zigaretten &amp; Vape Shop Deutschland","og_description":"Razz Bar 30000 \u2013 Bis zu 30.000 Z\u00fcge, 30 ml Liquid, 1.0\u03a9 Mesh Coil, 650 mAh Akku und einstellbarer Luftstrom. 16 Geschm\u00e4cker. EU-Versand in 1-3 Tagen.","og_url":"https:\/\/aivape.de\/fr\/product\/razz-bar-30000-30000-zuege-vape-razz-bar-kaufen\/","og_site_name":"AiVape | Premium E-Zigaretten &amp; Vape Shop Deutschland","article_modified_time":"2026-03-28T07:39:40+00:00","og_image":[{"width":2000,"height":2000,"url":"https:\/\/aivape.de\/wp-content\/uploads\/2026\/03\/Razz-Bar-30000-30k-puffs-7.webp","type":"image\/webp"}],"twitter_card":"summary_large_image","twitter_misc":{"Dur\u00e9e de lecture estim\u00e9e":"3 minutes"},"schema":{"@context":"https:\/\/schema.org","@graph":[{"@type":"WebPage","@id":"https:\/\/aivape.de\/produkt\/razz-bar-30000-30000-zuege-vape-razz-bar-kaufen\/","url":"https:\/\/aivape.de\/produkt\/razz-bar-30000-30000-zuege-vape-razz-bar-kaufen\/","name":"Razz Bar 30000 | 30000 Z\u00fcge Vape \u2013 Razz Bar kaufen - AiVape | Premium E-Zigaretten &amp; Vape Shop Deutschland","isPartOf":{"@id":"https:\/\/aivape.de\/#website"},"primaryImageOfPage":{"@id":"https:\/\/aivape.de\/produkt\/razz-bar-30000-30000-zuege-vape-razz-bar-kaufen\/#primaryimage"},"image":{"@id":"https:\/\/aivape.de\/produkt\/razz-bar-30000-30000-zuege-vape-razz-bar-kaufen\/#primaryimage"},"thumbnailUrl":"https:\/\/aivape.de\/wp-content\/uploads\/2026\/03\/Razz-Bar-30000-30k-puffs-7.webp","datePublished":"2026-03-28T06:59:27+00:00","dateModified":"2026-03-28T07:39:40+00:00","description":"Razz Bar 30000 - Jusqu'\u00e0 30 000 bouff\u00e9es, 30 ml de liquide, coil en maille 1.0\u03a9, batterie 650 mAh et d\u00e9bit d'air r\u00e9glable. 16 saveurs. Exp\u00e9dition UE en 1-3 jours.","breadcrumb":{"@id":"https:\/\/aivape.de\/produkt\/razz-bar-30000-30000-zuege-vape-razz-bar-kaufen\/#breadcrumb"},"inLanguage":"fr-FR","potentialAction":[{"@type":"ReadAction","target":["https:\/\/aivape.de\/produkt\/razz-bar-30000-30000-zuege-vape-razz-bar-kaufen\/"]}]},{"@type":"ImageObject","inLanguage":"fr-FR","@id":"https:\/\/aivape.de\/produkt\/razz-bar-30000-30000-zuege-vape-razz-bar-kaufen\/#primaryimage","url":"https:\/\/aivape.de\/wp-content\/uploads\/2026\/03\/Razz-Bar-30000-30k-puffs-7.webp","contentUrl":"https:\/\/aivape.de\/wp-content\/uploads\/2026\/03\/Razz-Bar-30000-30k-puffs-7.webp","width":2000,"height":2000,"caption":"Razz Bar 30000 30k puffs (7)"},{"@type":"BreadcrumbList","@id":"https:\/\/aivape.de\/produkt\/razz-bar-30000-30000-zuege-vape-razz-bar-kaufen\/#breadcrumb","itemListElement":[{"@type":"ListItem","position":1,"name":"Home","item":"https:\/\/aivape.de\/"},{"@type":"ListItem","position":2,"name":"Shop","item":"https:\/\/aivape.de\/shop\/"},{"@type":"ListItem","position":3,"name":"Razz Bar 30000 | 30000 Z\u00fcge Vape \u2013 Razz Bar kaufen"}]},{"@type":"WebSite","@id":"https:\/\/aivape.de\/#website","url":"https:\/\/aivape.de\/","name":"AiVape | Premium E-Zigaretten &amp; Vape Shop Deutschland","description":"Dein Experte f\u00fcr Vozol, Bang King &amp; Hifancy Vapes \u2013 Schneller EU-Versand","potentialAction":[{"@type":"SearchAction","target":{"@type":"EntryPoint","urlTemplate":"https:\/\/aivape.de\/?s={search_term_string}"},"query-input":{"@type":"PropertyValueSpecification","valueRequired":true,"valueName":"search_term_string"}}],"inLanguage":"fr-FR"}]}},"tiered_pricing_type":"fixed","tiered_pricing_fixed_rules":{"100":"10.21","200":"9.40","500":"8.82","1000":"8.41"},"tiered_pricing_product_settings":{"layout":"default","base_unit_name":{"singular":null,"plural":null},"default_variation":null},"tiered_pricing_minimum_quantity":50,"tiered_pricing_roles_data":[],"tiered_pricing_percentage_rules":[],"tiered_pricing_maximum_quantity":null,"tiered_pricing_quantity_step":"10","_links":{"self":[{"href":"https:\/\/aivape.de\/fr\/wp-json\/wp\/v2\/product\/2735","targetHints":{"allow":["GET"]}}],"collection":[{"href":"https:\/\/aivape.de\/fr\/wp-json\/wp\/v2\/product"}],"about":[{"href":"https:\/\/aivape.de\/fr\/wp-json\/wp\/v2\/types\/product"}],"replies":[{"embeddable":true,"href":"https:\/\/aivape.de\/fr\/wp-json\/wp\/v2\/comments?post=2735"}],"version-history":[{"count":1,"href":"https:\/\/aivape.de\/fr\/wp-json\/wp\/v2\/product\/2735\/revisions"}],"predecessor-version":[{"id":2777,"href":"https:\/\/aivape.de\/fr\/wp-json\/wp\/v2\/product\/2735\/revisions\/2777"}],"wp:featuredmedia":[{"embeddable":true,"href":"https:\/\/aivape.de\/fr\/wp-json\/wp\/v2\/media\/2737"}],"wp:attachment":[{"href":"https:\/\/aivape.de\/fr\/wp-json\/wp\/v2\/media?parent=2735"}],"wp:term":[{"taxonomy":"product_brand","embeddable":true,"href":"https:\/\/aivape.de\/fr\/wp-json\/wp\/v2\/product_brand?post=2735"},{"taxonomy":"product_cat","embeddable":true,"href":"https:\/\/aivape.de\/fr\/wp-json\/wp\/v2\/product_cat?post=2735"},{"taxonomy":"product_tag","embeddable":true,"href":"https:\/\/aivape.de\/fr\/wp-json\/wp\/v2\/product_tag?post=2735"}],"curies":[{"name":"wp","href":"https:\/\/api.w.org\/{rel}","templated":true}]}}