{"id":2662,"date":"2026-03-28T07:13:05","date_gmt":"2026-03-28T06:13:05","guid":{"rendered":"https:\/\/aivape.de\/?post_type=product&#038;p=2662"},"modified":"2026-03-28T07:13:06","modified_gmt":"2026-03-28T06:13:06","slug":"fumot-tornado-30k-music-30000-zuege-vape-mit-musik-led","status":"publish","type":"product","link":"https:\/\/aivape.de\/fr\/product\/fumot-tornado-30k-music-30000-zuege-vape-mit-musik-led\/","title":{"rendered":"Fumot Tornado 30K Music | 30000 bouff\u00e9es de vape avec LED musicale"},"content":{"rendered":"<h1 dir=\"auto\"><strong>Fumot Tornado 30K Music : 30.000 bouff\u00e9es avec effets LED musicaux - le prochain niveau de vapotage<\/strong><\/h1>\n<p dir=\"auto\">Vous cherchez une vape puissante avec une autonomie extra longue et des effets cool ? Le <strong>Fumot Tornado 30K Music<\/strong> (aussi <strong>Fumot 30K<\/strong> ou <strong>Fumot 30000<\/strong> ) allie plaisir et performance. Avec jusqu'\u00e0 30 000 bouff\u00e9es, des lumi\u00e8res LED RVB synchronis\u00e9es \u00e0 la musique et un puissant coil \u00e0 double maille, chaque vapotage devient un moment fort.<\/p>\n<p dir=\"auto\">Que ce soit lors de soir\u00e9es, en chillant ou en d\u00e9placement, les <strong>Fumot Tornado 30K Music<\/strong> assure non seulement une vapeur dense et un go\u00fbt intense, mais aussi des effets de lumi\u00e8re impressionnants qui dansent au rythme de votre musique.<\/p>\n<p dir=\"auto\"><img loading=\"lazy\" decoding=\"async\" class=\"wd-lazy-fade alignnone  wp-image-2664\" src=\"https:\/\/aivape.de\/wp-content\/themes\/woodmart\/images\/lazy.svg\" data-src=\"https:\/\/aivape.de\/wp-content\/uploads\/2026\/03\/fumot-tornado-30k-300x194.webp\" alt=\"fumot-tornado-30k\" width=\"779\" height=\"504\" srcset=\"\" data-srcset=\"https:\/\/aivape.de\/wp-content\/uploads\/2026\/03\/fumot-tornado-30k-300x194.webp 300w, https:\/\/aivape.de\/wp-content\/uploads\/2026\/03\/fumot-tornado-30k-1024x661.webp 1024w, https:\/\/aivape.de\/wp-content\/uploads\/2026\/03\/fumot-tornado-30k-768x496.webp 768w, https:\/\/aivape.de\/wp-content\/uploads\/2026\/03\/fumot-tornado-30k-1536x992.webp 1536w, https:\/\/aivape.de\/wp-content\/uploads\/2026\/03\/fumot-tornado-30k-2048x1322.webp 2048w, https:\/\/aivape.de\/wp-content\/uploads\/2026\/03\/fumot-tornado-30k-1200x775.webp 1200w, https:\/\/aivape.de\/wp-content\/uploads\/2026\/03\/fumot-tornado-30k-150x97.webp 150w\" sizes=\"auto, (max-width: 779px) 100vw, 779px\" \/><\/p>\n<h2 dir=\"auto\"><strong>Pourquoi choisir la Fumot Tornado 30K Music ?<\/strong><\/h2>\n<p dir=\"auto\"><strong>- Jusqu'\u00e0 30 000 trains - dur\u00e9e de fonctionnement extr\u00eamement longue<\/strong> Avec une capacit\u00e9 impressionnante de <strong>jusqu'\u00e0 30.000 trains<\/strong> et 30 ml de liquide pr\u00e9-rempli, le Fumot 30K est id\u00e9al pour ceux qui souhaitent vaper longtemps sans avoir \u00e0 en racheter.<\/p>\n<p dir=\"auto\"><strong>- Lumi\u00e8res LED RVB synchronis\u00e9es avec la musique - un vrai point fort<\/strong> Le site <strong>Fumot 30K Music<\/strong> s'illumine au rythme de votre musique ou des bruits ambiants. Les lumi\u00e8res RVB dynamiques font du vapotage une exp\u00e9rience visuelle - parfait pour les f\u00eates et les soir\u00e9es d\u00e9contract\u00e9es.<\/p>\n<p dir=\"auto\"><strong>- Coil double maille pour un go\u00fbt intense et une vapeur dense<\/strong> Le site <strong>Bobine Dual Mesh<\/strong> La technologie de la vapeur \u00e0 vapeur garantit un chauffage uniforme et une excellente restitution de l'ar\u00f4me. Chaque bouff\u00e9e fournit une vapeur riche et aromatique.<\/p>\n<p dir=\"auto\"><strong>- Flux d'air flexible &amp; affichage intelligent<\/strong> Gr\u00e2ce \u00e0 <strong>Contr\u00f4le flexible du flux d'air<\/strong> vous adaptez individuellement la r\u00e9sistance au tirage. L'\u00e9cran int\u00e9gr\u00e9 indique \u00e0 tout moment l'\u00e9tat actuel du liquide et de la batterie.<\/p>\n<p dir=\"auto\"><strong>- batterie rechargeable de 900 mAh<\/strong> La puissante batterie de 900 mAh est rapidement rechargeable via Type-C et garantit une puissance fiable pendant toute la dur\u00e9e d'utilisation.<\/p>\n<p dir=\"auto\"><strong>- 15 saveurs d\u00e9licieuses<\/strong> Le site <strong>Fumot Tornado 30K<\/strong> est en <strong>15 saveurs diff\u00e9rentes<\/strong> disponibles - de fruit\u00e9 \u00e0 rafra\u00eechissant. Une option adapt\u00e9e \u00e0 tous les go\u00fbts.<\/p>\n<p dir=\"auto\"><strong>- Exp\u00e9dition rapide depuis l'entrep\u00f4t europ\u00e9en<\/strong> Tous les <strong>Fumot 30K Music<\/strong> sont exp\u00e9di\u00e9s depuis l'entrep\u00f4t de l'UE - livraison g\u00e9n\u00e9ralement dans un d\u00e9lai de <strong>1 \u00e0 3 jours<\/strong>.<\/p>\n<h2 dir=\"auto\"><strong>Sp\u00e9cifications techniques<\/strong><\/h2>\n<ul dir=\"auto\">\n<li><strong>Marque<\/strong>: Fumot Vape<\/li>\n<li><strong>Mod\u00e8le<\/strong>: Fumot Tornado 30K Music<\/li>\n<li><strong>Nombre de trains<\/strong>: Jusqu'\u00e0 30.000 trains<\/li>\n<li><strong>Capacit\u00e9 en liquide<\/strong>30 ml pr\u00e9-remplis<\/li>\n<li><strong>Taux de nicotine<\/strong>2% (20 mg\/ml)<\/li>\n<li><strong>Batterie<\/strong>: 900 mAh rechargeable<\/li>\n<li><strong>\u00c9vaporateur<\/strong>: Dual Mesh Coil<\/li>\n<li><strong>Particularit\u00e9<\/strong>: Lumi\u00e8res LED RVB synchronis\u00e9es avec la musique<\/li>\n<li><strong>Fonctions<\/strong>: affichage intelligent (liquide + batterie), flux d'air r\u00e9glable<\/li>\n<li><strong>Prise de charge<\/strong>Type-C<\/li>\n<li><strong>Emballage<\/strong>10 pi\u00e8ces par paquet<\/li>\n<li><strong>Poids<\/strong>: 135 g<\/li>\n<\/ul>\n<h2 dir=\"auto\"><strong>Groupe cible<\/strong><\/h2>\n<ul dir=\"auto\">\n<li>Les vapoteurs qui recherchent une grande capacit\u00e9 et une longue dur\u00e9e d'utilisation<\/li>\n<li>Fans d'effets de lumi\u00e8re cool et d'ambiance musicale<\/li>\n<li>Les utilisateurs qui attachent de l'importance \u00e0 une grande vapeur, un bon go\u00fbt et un design moderne<\/li>\n<\/ul>\n<p dir=\"auto\">Le site <strong>Fumot Tornado 30K Music<\/strong> allie une puissance \u00e9norme \u00e0 des effets LED amusants et rend l'exp\u00e9rience de vapotage unique. D\u00e9couvrez maintenant le <strong>Fumot 30K<\/strong> - la vape qui ne fait pas que vaper, mais qui brille aussi !<\/p>","protected":false},"excerpt":{"rendered":"<p dir=\"auto\">La Fumot Tornado 30K Music est la vape jetable innovante de Fumot avec jusqu'\u00e0 30.000 bouff\u00e9es et des lumi\u00e8res LED RVB spectaculaires synchronis\u00e9es avec la musique. Avec 30 ml de liquide pr\u00e9-rempli, un coil dual-mesh, une batterie rechargeable de 900 mAh et un \u00e9cran intelligent - pour une exp\u00e9rience de vapotage longue, amusante et riche en saveurs.<\/p>","protected":false},"featured_media":2665,"comment_status":"open","ping_status":"closed","template":"","meta":[],"product_brand":[71],"product_cat":[46],"product_tag":[],"class_list":{"0":"post-2662","1":"product","2":"type-product","3":"status-publish","4":"has-post-thumbnail","6":"product_brand-fumot","7":"product_cat-puff-30k","9":"first","10":"instock","11":"shipping-taxable","12":"purchasable","13":"product-type-variable"},"yoast_head":"<!-- This site is optimized with the Yoast SEO plugin v27.1.1 - https:\/\/yoast.com\/product\/yoast-seo-wordpress\/ -->\n<title>Fumot Tornado 30K Music | 30000 Z\u00fcge Vape mit Musik-LED - AiVape | Premium E-Zigaretten &amp; Vape Shop Deutschland<\/title>\n<meta name=\"description\" content=\"Fumot Tornado 30K Music: 30.000 Z\u00fcge Vape mit RGB Musik-LED, 30 ml Liquid &amp; Dual Mesh. 15 Geschm\u00e4cker. Schneller EU-Versand. Jetzt Fumot 30K kaufen!\" \/>\n<meta name=\"robots\" content=\"index, follow, max-snippet:-1, max-image-preview:large, max-video-preview:-1\" \/>\n<link rel=\"canonical\" href=\"https:\/\/aivape.de\/fr\/product\/fumot-tornado-30k-music-30000-zuege-vape-mit-musik-led\/\" \/>\n<meta property=\"og:locale\" content=\"fr_FR\" \/>\n<meta property=\"og:type\" content=\"article\" \/>\n<meta property=\"og:title\" content=\"Fumot Tornado 30K Music | 30000 Z\u00fcge Vape mit Musik-LED - AiVape | Premium E-Zigaretten &amp; Vape Shop Deutschland\" \/>\n<meta property=\"og:description\" content=\"Fumot Tornado 30K Music: 30.000 Z\u00fcge Vape mit RGB Musik-LED, 30 ml Liquid &amp; Dual Mesh. 15 Geschm\u00e4cker. Schneller EU-Versand. Jetzt Fumot 30K kaufen!\" \/>\n<meta property=\"og:url\" content=\"https:\/\/aivape.de\/fr\/product\/fumot-tornado-30k-music-30000-zuege-vape-mit-musik-led\/\" \/>\n<meta property=\"og:site_name\" content=\"AiVape | Premium E-Zigaretten &amp; Vape Shop Deutschland\" \/>\n<meta property=\"article:modified_time\" content=\"2026-03-28T06:13:06+00:00\" \/>\n<meta property=\"og:image\" content=\"https:\/\/aivape.de\/wp-content\/uploads\/2026\/03\/Fumot-Tornado-30k-Music.webp\" \/>\n\t<meta property=\"og:image:width\" content=\"2000\" \/>\n\t<meta property=\"og:image:height\" content=\"2000\" \/>\n\t<meta property=\"og:image:type\" content=\"image\/webp\" \/>\n<meta name=\"twitter:card\" content=\"summary_large_image\" \/>\n<meta name=\"twitter:label1\" content=\"Dur\u00e9e de lecture estim\u00e9e\" \/>\n\t<meta name=\"twitter:data1\" content=\"3 minutes\" \/>\n<script type=\"application\/ld+json\" class=\"yoast-schema-graph\">{\"@context\":\"https:\/\/schema.org\",\"@graph\":[{\"@type\":\"WebPage\",\"@id\":\"https:\/\/aivape.de\/produkt\/fumot-tornado-30k-music-30000-zuege-vape-mit-musik-led\/\",\"url\":\"https:\/\/aivape.de\/produkt\/fumot-tornado-30k-music-30000-zuege-vape-mit-musik-led\/\",\"name\":\"Fumot Tornado 30K Music | 30000 Z\u00fcge Vape mit Musik-LED - AiVape | Premium E-Zigaretten &amp; Vape Shop Deutschland\",\"isPartOf\":{\"@id\":\"https:\/\/aivape.de\/#website\"},\"primaryImageOfPage\":{\"@id\":\"https:\/\/aivape.de\/produkt\/fumot-tornado-30k-music-30000-zuege-vape-mit-musik-led\/#primaryimage\"},\"image\":{\"@id\":\"https:\/\/aivape.de\/produkt\/fumot-tornado-30k-music-30000-zuege-vape-mit-musik-led\/#primaryimage\"},\"thumbnailUrl\":\"https:\/\/aivape.de\/wp-content\/uploads\/2026\/03\/Fumot-Tornado-30k-Music.webp\",\"datePublished\":\"2026-03-28T06:13:05+00:00\",\"dateModified\":\"2026-03-28T06:13:06+00:00\",\"description\":\"Fumot Tornado 30K Music: 30.000 Z\u00fcge Vape mit RGB Musik-LED, 30 ml Liquid & Dual Mesh. 15 Geschm\u00e4cker. Schneller EU-Versand. Jetzt Fumot 30K kaufen!\",\"breadcrumb\":{\"@id\":\"https:\/\/aivape.de\/produkt\/fumot-tornado-30k-music-30000-zuege-vape-mit-musik-led\/#breadcrumb\"},\"inLanguage\":\"fr-FR\",\"potentialAction\":[{\"@type\":\"ReadAction\",\"target\":[\"https:\/\/aivape.de\/produkt\/fumot-tornado-30k-music-30000-zuege-vape-mit-musik-led\/\"]}]},{\"@type\":\"ImageObject\",\"inLanguage\":\"fr-FR\",\"@id\":\"https:\/\/aivape.de\/produkt\/fumot-tornado-30k-music-30000-zuege-vape-mit-musik-led\/#primaryimage\",\"url\":\"https:\/\/aivape.de\/wp-content\/uploads\/2026\/03\/Fumot-Tornado-30k-Music.webp\",\"contentUrl\":\"https:\/\/aivape.de\/wp-content\/uploads\/2026\/03\/Fumot-Tornado-30k-Music.webp\",\"width\":2000,\"height\":2000,\"caption\":\"Fumot Tornado 30k Music\"},{\"@type\":\"BreadcrumbList\",\"@id\":\"https:\/\/aivape.de\/produkt\/fumot-tornado-30k-music-30000-zuege-vape-mit-musik-led\/#breadcrumb\",\"itemListElement\":[{\"@type\":\"ListItem\",\"position\":1,\"name\":\"Home\",\"item\":\"https:\/\/aivape.de\/\"},{\"@type\":\"ListItem\",\"position\":2,\"name\":\"Shop\",\"item\":\"https:\/\/aivape.de\/shop\/\"},{\"@type\":\"ListItem\",\"position\":3,\"name\":\"Fumot Tornado 30K Music | 30000 Z\u00fcge Vape mit Musik-LED\"}]},{\"@type\":\"WebSite\",\"@id\":\"https:\/\/aivape.de\/#website\",\"url\":\"https:\/\/aivape.de\/\",\"name\":\"AiVape | Premium E-Zigaretten &amp; Vape Shop Deutschland\",\"description\":\"Dein Experte f\u00fcr Vozol, Bang King &amp; Hifancy Vapes \u2013 Schneller EU-Versand\",\"potentialAction\":[{\"@type\":\"SearchAction\",\"target\":{\"@type\":\"EntryPoint\",\"urlTemplate\":\"https:\/\/aivape.de\/?s={search_term_string}\"},\"query-input\":{\"@type\":\"PropertyValueSpecification\",\"valueRequired\":true,\"valueName\":\"search_term_string\"}}],\"inLanguage\":\"fr-FR\"}]}<\/script>\n<!-- \/ Yoast SEO plugin. -->","yoast_head_json":{"title":"Fumot Tornado 30K Music | 30000 Z\u00fcge Vape mit Musik-LED - AiVape | Premium E-Zigaretten &amp; Vape Shop Deutschland","description":"Fumot Tornado 30K Music : 30.000 bouff\u00e9es de vape avec LED musicale RGB, 30 ml de liquide &amp; Dual Mesh. 15 saveurs. Livraison rapide en UE. Acheter Fumot 30K maintenant !","robots":{"index":"index","follow":"follow","max-snippet":"max-snippet:-1","max-image-preview":"max-image-preview:large","max-video-preview":"max-video-preview:-1"},"canonical":"https:\/\/aivape.de\/fr\/product\/fumot-tornado-30k-music-30000-zuege-vape-mit-musik-led\/","og_locale":"fr_FR","og_type":"article","og_title":"Fumot Tornado 30K Music | 30000 Z\u00fcge Vape mit Musik-LED - AiVape | Premium E-Zigaretten &amp; Vape Shop Deutschland","og_description":"Fumot Tornado 30K Music: 30.000 Z\u00fcge Vape mit RGB Musik-LED, 30 ml Liquid & Dual Mesh. 15 Geschm\u00e4cker. Schneller EU-Versand. Jetzt Fumot 30K kaufen!","og_url":"https:\/\/aivape.de\/fr\/product\/fumot-tornado-30k-music-30000-zuege-vape-mit-musik-led\/","og_site_name":"AiVape | Premium E-Zigaretten &amp; Vape Shop Deutschland","article_modified_time":"2026-03-28T06:13:06+00:00","og_image":[{"width":2000,"height":2000,"url":"https:\/\/aivape.de\/wp-content\/uploads\/2026\/03\/Fumot-Tornado-30k-Music.webp","type":"image\/webp"}],"twitter_card":"summary_large_image","twitter_misc":{"Dur\u00e9e de lecture estim\u00e9e":"3 minutes"},"schema":{"@context":"https:\/\/schema.org","@graph":[{"@type":"WebPage","@id":"https:\/\/aivape.de\/produkt\/fumot-tornado-30k-music-30000-zuege-vape-mit-musik-led\/","url":"https:\/\/aivape.de\/produkt\/fumot-tornado-30k-music-30000-zuege-vape-mit-musik-led\/","name":"Fumot Tornado 30K Music | 30000 Z\u00fcge Vape mit Musik-LED - AiVape | Premium E-Zigaretten &amp; Vape Shop Deutschland","isPartOf":{"@id":"https:\/\/aivape.de\/#website"},"primaryImageOfPage":{"@id":"https:\/\/aivape.de\/produkt\/fumot-tornado-30k-music-30000-zuege-vape-mit-musik-led\/#primaryimage"},"image":{"@id":"https:\/\/aivape.de\/produkt\/fumot-tornado-30k-music-30000-zuege-vape-mit-musik-led\/#primaryimage"},"thumbnailUrl":"https:\/\/aivape.de\/wp-content\/uploads\/2026\/03\/Fumot-Tornado-30k-Music.webp","datePublished":"2026-03-28T06:13:05+00:00","dateModified":"2026-03-28T06:13:06+00:00","description":"Fumot Tornado 30K Music : 30.000 bouff\u00e9es de vape avec LED musicale RGB, 30 ml de liquide &amp; Dual Mesh. 15 saveurs. Livraison rapide en UE. Acheter Fumot 30K maintenant !","breadcrumb":{"@id":"https:\/\/aivape.de\/produkt\/fumot-tornado-30k-music-30000-zuege-vape-mit-musik-led\/#breadcrumb"},"inLanguage":"fr-FR","potentialAction":[{"@type":"ReadAction","target":["https:\/\/aivape.de\/produkt\/fumot-tornado-30k-music-30000-zuege-vape-mit-musik-led\/"]}]},{"@type":"ImageObject","inLanguage":"fr-FR","@id":"https:\/\/aivape.de\/produkt\/fumot-tornado-30k-music-30000-zuege-vape-mit-musik-led\/#primaryimage","url":"https:\/\/aivape.de\/wp-content\/uploads\/2026\/03\/Fumot-Tornado-30k-Music.webp","contentUrl":"https:\/\/aivape.de\/wp-content\/uploads\/2026\/03\/Fumot-Tornado-30k-Music.webp","width":2000,"height":2000,"caption":"Fumot Tornado 30k Music"},{"@type":"BreadcrumbList","@id":"https:\/\/aivape.de\/produkt\/fumot-tornado-30k-music-30000-zuege-vape-mit-musik-led\/#breadcrumb","itemListElement":[{"@type":"ListItem","position":1,"name":"Home","item":"https:\/\/aivape.de\/"},{"@type":"ListItem","position":2,"name":"Shop","item":"https:\/\/aivape.de\/shop\/"},{"@type":"ListItem","position":3,"name":"Fumot Tornado 30K Music | 30000 Z\u00fcge Vape mit Musik-LED"}]},{"@type":"WebSite","@id":"https:\/\/aivape.de\/#website","url":"https:\/\/aivape.de\/","name":"AiVape | Premium E-Zigaretten &amp; Vape Shop Deutschland","description":"Dein Experte f\u00fcr Vozol, Bang King &amp; Hifancy Vapes \u2013 Schneller EU-Versand","potentialAction":[{"@type":"SearchAction","target":{"@type":"EntryPoint","urlTemplate":"https:\/\/aivape.de\/?s={search_term_string}"},"query-input":{"@type":"PropertyValueSpecification","valueRequired":true,"valueName":"search_term_string"}}],"inLanguage":"fr-FR"}]}},"tiered_pricing_type":"fixed","tiered_pricing_fixed_rules":{"30":"14.56","50":"13.63","100":"12.59","200":"11.21"},"tiered_pricing_product_settings":{"layout":"default","base_unit_name":{"singular":null,"plural":null},"default_variation":null},"tiered_pricing_minimum_quantity":10,"tiered_pricing_roles_data":[],"tiered_pricing_percentage_rules":[],"tiered_pricing_maximum_quantity":null,"tiered_pricing_quantity_step":"10","_links":{"self":[{"href":"https:\/\/aivape.de\/fr\/wp-json\/wp\/v2\/product\/2662","targetHints":{"allow":["GET"]}}],"collection":[{"href":"https:\/\/aivape.de\/fr\/wp-json\/wp\/v2\/product"}],"about":[{"href":"https:\/\/aivape.de\/fr\/wp-json\/wp\/v2\/types\/product"}],"replies":[{"embeddable":true,"href":"https:\/\/aivape.de\/fr\/wp-json\/wp\/v2\/comments?post=2662"}],"version-history":[{"count":1,"href":"https:\/\/aivape.de\/fr\/wp-json\/wp\/v2\/product\/2662\/revisions"}],"predecessor-version":[{"id":2734,"href":"https:\/\/aivape.de\/fr\/wp-json\/wp\/v2\/product\/2662\/revisions\/2734"}],"wp:featuredmedia":[{"embeddable":true,"href":"https:\/\/aivape.de\/fr\/wp-json\/wp\/v2\/media\/2665"}],"wp:attachment":[{"href":"https:\/\/aivape.de\/fr\/wp-json\/wp\/v2\/media?parent=2662"}],"wp:term":[{"taxonomy":"product_brand","embeddable":true,"href":"https:\/\/aivape.de\/fr\/wp-json\/wp\/v2\/product_brand?post=2662"},{"taxonomy":"product_cat","embeddable":true,"href":"https:\/\/aivape.de\/fr\/wp-json\/wp\/v2\/product_cat?post=2662"},{"taxonomy":"product_tag","embeddable":true,"href":"https:\/\/aivape.de\/fr\/wp-json\/wp\/v2\/product_tag?post=2662"}],"curies":[{"name":"wp","href":"https:\/\/api.w.org\/{rel}","templated":true}]}}