{"id":2599,"date":"2026-03-27T11:08:19","date_gmt":"2026-03-27T10:08:19","guid":{"rendered":"https:\/\/aivape.de\/?post_type=product&#038;p=2599"},"modified":"2026-03-27T11:08:34","modified_gmt":"2026-03-27T10:08:34","slug":"fumot-tornado-20000-20000-zuege-vape-mit-dual-mesh-coil","status":"publish","type":"product","link":"https:\/\/aivape.de\/fr\/product\/fumot-tornado-20000-20000-zuege-vape-mit-dual-mesh-coil\/","title":{"rendered":"Fumot Tornado 20000 | 20000 bouff\u00e9es de vape avec coil double maille"},"content":{"rendered":"<h1 dir=\"auto\"><strong>Fumot Tornado 20000 : Jusqu'\u00e0 20.000 bouff\u00e9es - Vapoter longtemps sans compromis<\/strong><\/h1>\n<p dir=\"auto\">Vous cherchez une vape puissante, \u00e0 grand volume et \u00e0 longue dur\u00e9e de vie ? Le <strong>Fumot Tornado 20000<\/strong> (aussi <strong>Fumot 20000<\/strong> ) est le choix parfait. En tant que mod\u00e8le phare de la marque Fumot, il offre jusqu'\u00e0 20.000 bouff\u00e9es et \u00e9tablit de nouvelles normes de confort et d'endurance pour le vapotage.<\/p>\n<p dir=\"auto\">Que ce soit au quotidien, en voyage ou lors de longues activit\u00e9s en plein air, le <strong>Fumot Tornado 20000<\/strong> fournit de mani\u00e8re fiable une vapeur dense et un go\u00fbt intense, sans que vous ayez \u00e0 recharger ou \u00e0 changer constamment.<\/p>\n<p dir=\"auto\"><img loading=\"lazy\" decoding=\"async\" class=\"wd-lazy-fade alignnone wp-image-2600\" src=\"https:\/\/aivape.de\/wp-content\/themes\/woodmart\/images\/lazy.svg\" data-src=\"https:\/\/aivape.de\/wp-content\/uploads\/2026\/03\/Fumot-Tornado-20000-Einweg-Vape-mit-Display-1-300x192.webp\" alt=\"Fumot Tornado 20000 Vape jetable avec pr\u00e9sentoir-1\" width=\"830\" height=\"531\" srcset=\"\" data-srcset=\"https:\/\/aivape.de\/wp-content\/uploads\/2026\/03\/Fumot-Tornado-20000-Einweg-Vape-mit-Display-1-300x192.webp 300w, https:\/\/aivape.de\/wp-content\/uploads\/2026\/03\/Fumot-Tornado-20000-Einweg-Vape-mit-Display-1-768x492.webp 768w, https:\/\/aivape.de\/wp-content\/uploads\/2026\/03\/Fumot-Tornado-20000-Einweg-Vape-mit-Display-1-1536x985.webp 1536w, https:\/\/aivape.de\/wp-content\/uploads\/2026\/03\/Fumot-Tornado-20000-Einweg-Vape-mit-Display-1-2048x1313.webp 2048w, https:\/\/aivape.de\/wp-content\/uploads\/2026\/03\/Fumot-Tornado-20000-Einweg-Vape-mit-Display-1-1200x769.webp 1200w, https:\/\/aivape.de\/wp-content\/uploads\/2026\/03\/Fumot-Tornado-20000-Einweg-Vape-mit-Display-1-150x96.webp 150w\" sizes=\"auto, (max-width: 830px) 100vw, 830px\" \/><\/p>\n<h2 dir=\"auto\"><strong>Pourquoi choisir Fumot Tornado 20000 ?<\/strong><\/h2>\n<p dir=\"auto\"><strong>- Capacit\u00e9 extr\u00eamement \u00e9lev\u00e9e pour un plaisir de longue dur\u00e9e<\/strong> Avec jusqu'\u00e0 <strong>20 000 trains<\/strong> et un r\u00e9servoir de liquide pr\u00e9-rempli de 20 ml, la Fumot Tornado 20000 est id\u00e9ale pour les utilisateurs intensifs qui accordent de l'importance \u00e0 une longue autonomie.<\/p>\n<p dir=\"auto\"><strong>- Coil double maille pour un go\u00fbt intense et une vapeur dense<\/strong> Le site <strong>Bobine Dual Mesh<\/strong> La technologie de vaporisation de la vapeur de la marque Crystal ? assure un chauffage uniforme et une excellente vaporisation. Chaque bouff\u00e9e offre une vapeur riche et aromatique avec un excellent d\u00e9veloppement des saveurs.<\/p>\n<p dir=\"auto\"><strong>- Flux d'air r\u00e9glable - contr\u00f4le total<\/strong> Gr\u00e2ce \u00e0 <strong>Contr\u00f4le flexible du flux d'air<\/strong> vous permet d'adapter le tirage d'air \u00e0 vos pr\u00e9f\u00e9rences, du tirage serr\u00e9 MTL au tirage plus l\u00e2che DTL.<\/p>\n<p dir=\"auto\"><strong>- Affichage intelligent du niveau de liquide et de la batterie<\/strong> L'\u00e9cran int\u00e9gr\u00e9 vous indique en temps r\u00e9el le niveau de liquide et de batterie restant. Finies les mauvaises surprises lorsque la vape est soudainement vide.<\/p>\n<p dir=\"auto\"><strong>- batterie rechargeable de 900 mAh<\/strong> La puissante batterie de 900 mAh est rapidement rechargeable via Type-C et garantit une puissance durable. Apr\u00e8s le chargement, vous pouvez continuer \u00e0 vaper imm\u00e9diatement.<\/p>\n<p dir=\"auto\"><strong>- 20 saveurs d\u00e9licieuses<\/strong> Le site <strong>Fumot 20000<\/strong> est en <strong>20 saveurs diff\u00e9rentes<\/strong> fruit\u00e9es et fra\u00eeches ou classiques. Il y en a pour tous les go\u00fbts.<\/p>\n<p dir=\"auto\"><strong>- Exp\u00e9dition depuis l'entrep\u00f4t europ\u00e9en<\/strong> Tous les <strong>Fumot Tornado 20000<\/strong> sont exp\u00e9di\u00e9s depuis l'entrep\u00f4t de l'UE. Apr\u00e8s r\u00e9ception de la commande, la livraison s'effectue en g\u00e9n\u00e9ral dans un d\u00e9lai de <strong>1 \u00e0 3 jours<\/strong>.<\/p>\n<h3 dir=\"auto\"><strong>Sp\u00e9cifications techniques<\/strong><\/h3>\n<ul dir=\"auto\">\n<li><strong>Marque<\/strong>: Fumot Vape<\/li>\n<li><strong>Mod\u00e8le<\/strong>: Fumot Tornado 20000<\/li>\n<li><strong>Nombre de trains<\/strong>: Jusqu'\u00e0 20.000 trains<\/li>\n<li><strong>Capacit\u00e9 en liquide<\/strong>20 ml pr\u00e9-remplis<\/li>\n<li><strong>Taux de nicotine<\/strong>2% (20 mg\/ml)<\/li>\n<li><strong>Batterie<\/strong>: 900 mAh rechargeable<\/li>\n<li><strong>\u00c9vaporateur<\/strong>: Dual Mesh Coil<\/li>\n<li><strong>Fonctions<\/strong>: affichage intelligent (liquide + batterie), flux d'air r\u00e9glable<\/li>\n<li><strong>Prise de charge<\/strong>Type-C<\/li>\n<li><strong>Emballage<\/strong>10 pi\u00e8ces par paquet<\/li>\n<li><strong>Poids<\/strong>: 135 g<\/li>\n<\/ul>\n<h3 dir=\"auto\"><strong>Groupe cible<\/strong><\/h3>\n<ul dir=\"auto\">\n<li>Les vapoteurs qui accordent une grande importance \u00e0 une grande capacit\u00e9 et \u00e0 une longue dur\u00e9e d'utilisation.<\/li>\n<li>Amateurs de vapeur dense et de saveurs vari\u00e9es<\/li>\n<li>Des utilisateurs pratiques pour le quotidien, les navetteurs ou les voyages<\/li>\n<\/ul>\n<p dir=\"auto\">Le site <strong>Fumot Tornado 20000<\/strong> convainc par ses performances \u00e9lev\u00e9es, ses caract\u00e9ristiques intelligentes et un grand choix d'ar\u00f4mes. Passez au niveau sup\u00e9rieur en mati\u00e8re de vapotage avec <strong>Fumot 20000<\/strong>!<\/p>","protected":false},"excerpt":{"rendered":"<p dir=\"auto\">La Fumot Tornado 20000 est la vape jetable ultime de Fumot avec une capacit\u00e9 impressionnante allant jusqu'\u00e0 20.000 bouff\u00e9es. \u00c9quip\u00e9e d'une batterie rechargeable de 900 mAh, d'un r\u00e9servoir de liquide de 20 ml, d'un coil dual-mesh et d'un affichage clair du niveau de liquide et de la batterie - pour une exp\u00e9rience de vapotage longue et facile.<\/p>","protected":false},"featured_media":2601,"comment_status":"open","ping_status":"closed","template":"","meta":[],"product_brand":[71],"product_cat":[49],"product_tag":[],"class_list":{"0":"post-2599","1":"product","2":"type-product","3":"status-publish","4":"has-post-thumbnail","6":"product_brand-fumot","7":"product_cat-puff-20k","9":"first","10":"instock","11":"shipping-taxable","12":"purchasable","13":"product-type-variable"},"yoast_head":"<!-- This site is optimized with the Yoast SEO plugin v27.1.1 - https:\/\/yoast.com\/product\/yoast-seo-wordpress\/ -->\n<title>Fumot Tornado 20000 | 20000 Z\u00fcge Vape mit Dual Mesh Coil - AiVape | Premium E-Zigaretten &amp; Vape Shop Deutschland<\/title>\n<meta name=\"description\" content=\"Fumot Tornado 20000 \u2013 Bis zu 20.000 Z\u00fcge, 20 ml Liquid, Dual Mesh Coil, 900 mAh Akku und einstellbarer Luftstrom. 20 Geschm\u00e4cker.\" \/>\n<meta name=\"robots\" content=\"index, follow, max-snippet:-1, max-image-preview:large, max-video-preview:-1\" \/>\n<link rel=\"canonical\" href=\"https:\/\/aivape.de\/fr\/product\/fumot-tornado-20000-20000-zuege-vape-mit-dual-mesh-coil\/\" \/>\n<meta property=\"og:locale\" content=\"fr_FR\" \/>\n<meta property=\"og:type\" content=\"article\" \/>\n<meta property=\"og:title\" content=\"Fumot Tornado 20000 | 20000 Z\u00fcge Vape mit Dual Mesh Coil - AiVape | Premium E-Zigaretten &amp; Vape Shop Deutschland\" \/>\n<meta property=\"og:description\" content=\"Fumot Tornado 20000 \u2013 Bis zu 20.000 Z\u00fcge, 20 ml Liquid, Dual Mesh Coil, 900 mAh Akku und einstellbarer Luftstrom. 20 Geschm\u00e4cker.\" \/>\n<meta property=\"og:url\" content=\"https:\/\/aivape.de\/fr\/product\/fumot-tornado-20000-20000-zuege-vape-mit-dual-mesh-coil\/\" \/>\n<meta property=\"og:site_name\" content=\"AiVape | Premium E-Zigaretten &amp; Vape Shop Deutschland\" \/>\n<meta property=\"article:modified_time\" content=\"2026-03-27T10:08:34+00:00\" \/>\n<meta property=\"og:image\" content=\"https:\/\/aivape.de\/wp-content\/uploads\/2026\/03\/Fumot-Tornado-20000-Huck-Leberry-1.webp\" \/>\n\t<meta property=\"og:image:width\" content=\"2000\" \/>\n\t<meta property=\"og:image:height\" content=\"2000\" \/>\n\t<meta property=\"og:image:type\" content=\"image\/webp\" \/>\n<meta name=\"twitter:card\" content=\"summary_large_image\" \/>\n<meta name=\"twitter:label1\" content=\"Dur\u00e9e de lecture estim\u00e9e\" \/>\n\t<meta name=\"twitter:data1\" content=\"3 minutes\" \/>\n<script type=\"application\/ld+json\" class=\"yoast-schema-graph\">{\"@context\":\"https:\/\/schema.org\",\"@graph\":[{\"@type\":\"WebPage\",\"@id\":\"https:\/\/aivape.de\/produkt\/fumot-tornado-20000-20000-zuege-vape-mit-dual-mesh-coil\/\",\"url\":\"https:\/\/aivape.de\/produkt\/fumot-tornado-20000-20000-zuege-vape-mit-dual-mesh-coil\/\",\"name\":\"Fumot Tornado 20000 | 20000 Z\u00fcge Vape mit Dual Mesh Coil - AiVape | Premium E-Zigaretten &amp; Vape Shop Deutschland\",\"isPartOf\":{\"@id\":\"https:\/\/aivape.de\/#website\"},\"primaryImageOfPage\":{\"@id\":\"https:\/\/aivape.de\/produkt\/fumot-tornado-20000-20000-zuege-vape-mit-dual-mesh-coil\/#primaryimage\"},\"image\":{\"@id\":\"https:\/\/aivape.de\/produkt\/fumot-tornado-20000-20000-zuege-vape-mit-dual-mesh-coil\/#primaryimage\"},\"thumbnailUrl\":\"https:\/\/aivape.de\/wp-content\/uploads\/2026\/03\/Fumot-Tornado-20000-Huck-Leberry-1.webp\",\"datePublished\":\"2026-03-27T10:08:19+00:00\",\"dateModified\":\"2026-03-27T10:08:34+00:00\",\"description\":\"Fumot Tornado 20000 \u2013 Bis zu 20.000 Z\u00fcge, 20 ml Liquid, Dual Mesh Coil, 900 mAh Akku und einstellbarer Luftstrom. 20 Geschm\u00e4cker.\",\"breadcrumb\":{\"@id\":\"https:\/\/aivape.de\/produkt\/fumot-tornado-20000-20000-zuege-vape-mit-dual-mesh-coil\/#breadcrumb\"},\"inLanguage\":\"fr-FR\",\"potentialAction\":[{\"@type\":\"ReadAction\",\"target\":[\"https:\/\/aivape.de\/produkt\/fumot-tornado-20000-20000-zuege-vape-mit-dual-mesh-coil\/\"]}]},{\"@type\":\"ImageObject\",\"inLanguage\":\"fr-FR\",\"@id\":\"https:\/\/aivape.de\/produkt\/fumot-tornado-20000-20000-zuege-vape-mit-dual-mesh-coil\/#primaryimage\",\"url\":\"https:\/\/aivape.de\/wp-content\/uploads\/2026\/03\/Fumot-Tornado-20000-Huck-Leberry-1.webp\",\"contentUrl\":\"https:\/\/aivape.de\/wp-content\/uploads\/2026\/03\/Fumot-Tornado-20000-Huck-Leberry-1.webp\",\"width\":2000,\"height\":2000,\"caption\":\"Fumot Tornado 20000 - Huck Leberry #1\"},{\"@type\":\"BreadcrumbList\",\"@id\":\"https:\/\/aivape.de\/produkt\/fumot-tornado-20000-20000-zuege-vape-mit-dual-mesh-coil\/#breadcrumb\",\"itemListElement\":[{\"@type\":\"ListItem\",\"position\":1,\"name\":\"Home\",\"item\":\"https:\/\/aivape.de\/\"},{\"@type\":\"ListItem\",\"position\":2,\"name\":\"Shop\",\"item\":\"https:\/\/aivape.de\/shop\/\"},{\"@type\":\"ListItem\",\"position\":3,\"name\":\"Fumot Tornado 20000 | 20000 Z\u00fcge Vape mit Dual Mesh Coil\"}]},{\"@type\":\"WebSite\",\"@id\":\"https:\/\/aivape.de\/#website\",\"url\":\"https:\/\/aivape.de\/\",\"name\":\"AiVape | Premium E-Zigaretten &amp; Vape Shop Deutschland\",\"description\":\"Dein Experte f\u00fcr Vozol, Bang King &amp; Hifancy Vapes \u2013 Schneller EU-Versand\",\"potentialAction\":[{\"@type\":\"SearchAction\",\"target\":{\"@type\":\"EntryPoint\",\"urlTemplate\":\"https:\/\/aivape.de\/?s={search_term_string}\"},\"query-input\":{\"@type\":\"PropertyValueSpecification\",\"valueRequired\":true,\"valueName\":\"search_term_string\"}}],\"inLanguage\":\"fr-FR\"}]}<\/script>\n<!-- \/ Yoast SEO plugin. -->","yoast_head_json":{"title":"Fumot Tornado 20000 | 20000 Z\u00fcge Vape mit Dual Mesh Coil - AiVape | Premium E-Zigaretten &amp; Vape Shop Deutschland","description":"Fumot Tornado 20000 - Jusqu'\u00e0 20.000 bouff\u00e9es, 20 ml de liquide, coil Dual Mesh, batterie 900 mAh et flux d'air r\u00e9glable. 20 saveurs.","robots":{"index":"index","follow":"follow","max-snippet":"max-snippet:-1","max-image-preview":"max-image-preview:large","max-video-preview":"max-video-preview:-1"},"canonical":"https:\/\/aivape.de\/fr\/product\/fumot-tornado-20000-20000-zuege-vape-mit-dual-mesh-coil\/","og_locale":"fr_FR","og_type":"article","og_title":"Fumot Tornado 20000 | 20000 Z\u00fcge Vape mit Dual Mesh Coil - AiVape | Premium E-Zigaretten &amp; Vape Shop Deutschland","og_description":"Fumot Tornado 20000 \u2013 Bis zu 20.000 Z\u00fcge, 20 ml Liquid, Dual Mesh Coil, 900 mAh Akku und einstellbarer Luftstrom. 20 Geschm\u00e4cker.","og_url":"https:\/\/aivape.de\/fr\/product\/fumot-tornado-20000-20000-zuege-vape-mit-dual-mesh-coil\/","og_site_name":"AiVape | Premium E-Zigaretten &amp; Vape Shop Deutschland","article_modified_time":"2026-03-27T10:08:34+00:00","og_image":[{"width":2000,"height":2000,"url":"https:\/\/aivape.de\/wp-content\/uploads\/2026\/03\/Fumot-Tornado-20000-Huck-Leberry-1.webp","type":"image\/webp"}],"twitter_card":"summary_large_image","twitter_misc":{"Dur\u00e9e de lecture estim\u00e9e":"3 minutes"},"schema":{"@context":"https:\/\/schema.org","@graph":[{"@type":"WebPage","@id":"https:\/\/aivape.de\/produkt\/fumot-tornado-20000-20000-zuege-vape-mit-dual-mesh-coil\/","url":"https:\/\/aivape.de\/produkt\/fumot-tornado-20000-20000-zuege-vape-mit-dual-mesh-coil\/","name":"Fumot Tornado 20000 | 20000 Z\u00fcge Vape mit Dual Mesh Coil - AiVape | Premium E-Zigaretten &amp; Vape Shop Deutschland","isPartOf":{"@id":"https:\/\/aivape.de\/#website"},"primaryImageOfPage":{"@id":"https:\/\/aivape.de\/produkt\/fumot-tornado-20000-20000-zuege-vape-mit-dual-mesh-coil\/#primaryimage"},"image":{"@id":"https:\/\/aivape.de\/produkt\/fumot-tornado-20000-20000-zuege-vape-mit-dual-mesh-coil\/#primaryimage"},"thumbnailUrl":"https:\/\/aivape.de\/wp-content\/uploads\/2026\/03\/Fumot-Tornado-20000-Huck-Leberry-1.webp","datePublished":"2026-03-27T10:08:19+00:00","dateModified":"2026-03-27T10:08:34+00:00","description":"Fumot Tornado 20000 - Jusqu'\u00e0 20.000 bouff\u00e9es, 20 ml de liquide, coil Dual Mesh, batterie 900 mAh et flux d'air r\u00e9glable. 20 saveurs.","breadcrumb":{"@id":"https:\/\/aivape.de\/produkt\/fumot-tornado-20000-20000-zuege-vape-mit-dual-mesh-coil\/#breadcrumb"},"inLanguage":"fr-FR","potentialAction":[{"@type":"ReadAction","target":["https:\/\/aivape.de\/produkt\/fumot-tornado-20000-20000-zuege-vape-mit-dual-mesh-coil\/"]}]},{"@type":"ImageObject","inLanguage":"fr-FR","@id":"https:\/\/aivape.de\/produkt\/fumot-tornado-20000-20000-zuege-vape-mit-dual-mesh-coil\/#primaryimage","url":"https:\/\/aivape.de\/wp-content\/uploads\/2026\/03\/Fumot-Tornado-20000-Huck-Leberry-1.webp","contentUrl":"https:\/\/aivape.de\/wp-content\/uploads\/2026\/03\/Fumot-Tornado-20000-Huck-Leberry-1.webp","width":2000,"height":2000,"caption":"Fumot Tornado 20000 - Huck Leberry #1"},{"@type":"BreadcrumbList","@id":"https:\/\/aivape.de\/produkt\/fumot-tornado-20000-20000-zuege-vape-mit-dual-mesh-coil\/#breadcrumb","itemListElement":[{"@type":"ListItem","position":1,"name":"Home","item":"https:\/\/aivape.de\/"},{"@type":"ListItem","position":2,"name":"Shop","item":"https:\/\/aivape.de\/shop\/"},{"@type":"ListItem","position":3,"name":"Fumot Tornado 20000 | 20000 Z\u00fcge Vape mit Dual Mesh Coil"}]},{"@type":"WebSite","@id":"https:\/\/aivape.de\/#website","url":"https:\/\/aivape.de\/","name":"AiVape | Premium E-Zigaretten &amp; Vape Shop Deutschland","description":"Dein Experte f\u00fcr Vozol, Bang King &amp; Hifancy Vapes \u2013 Schneller EU-Versand","potentialAction":[{"@type":"SearchAction","target":{"@type":"EntryPoint","urlTemplate":"https:\/\/aivape.de\/?s={search_term_string}"},"query-input":{"@type":"PropertyValueSpecification","valueRequired":true,"valueName":"search_term_string"}}],"inLanguage":"fr-FR"}]}},"tiered_pricing_type":"fixed","tiered_pricing_fixed_rules":{"30":"12.48","50":"11.99","100":"11.58","200":"10.99"},"tiered_pricing_product_settings":{"layout":"default","base_unit_name":{"singular":null,"plural":null},"default_variation":null},"tiered_pricing_minimum_quantity":10,"tiered_pricing_roles_data":[],"tiered_pricing_percentage_rules":[],"tiered_pricing_maximum_quantity":null,"tiered_pricing_quantity_step":"10","_links":{"self":[{"href":"https:\/\/aivape.de\/fr\/wp-json\/wp\/v2\/product\/2599","targetHints":{"allow":["GET"]}}],"collection":[{"href":"https:\/\/aivape.de\/fr\/wp-json\/wp\/v2\/product"}],"about":[{"href":"https:\/\/aivape.de\/fr\/wp-json\/wp\/v2\/types\/product"}],"replies":[{"embeddable":true,"href":"https:\/\/aivape.de\/fr\/wp-json\/wp\/v2\/comments?post=2599"}],"version-history":[{"count":1,"href":"https:\/\/aivape.de\/fr\/wp-json\/wp\/v2\/product\/2599\/revisions"}],"predecessor-version":[{"id":2661,"href":"https:\/\/aivape.de\/fr\/wp-json\/wp\/v2\/product\/2599\/revisions\/2661"}],"wp:featuredmedia":[{"embeddable":true,"href":"https:\/\/aivape.de\/fr\/wp-json\/wp\/v2\/media\/2601"}],"wp:attachment":[{"href":"https:\/\/aivape.de\/fr\/wp-json\/wp\/v2\/media?parent=2599"}],"wp:term":[{"taxonomy":"product_brand","embeddable":true,"href":"https:\/\/aivape.de\/fr\/wp-json\/wp\/v2\/product_brand?post=2599"},{"taxonomy":"product_cat","embeddable":true,"href":"https:\/\/aivape.de\/fr\/wp-json\/wp\/v2\/product_cat?post=2599"},{"taxonomy":"product_tag","embeddable":true,"href":"https:\/\/aivape.de\/fr\/wp-json\/wp\/v2\/product_tag?post=2599"}],"curies":[{"name":"wp","href":"https:\/\/api.w.org\/{rel}","templated":true}]}}