{"id":2467,"date":"2026-03-27T08:37:38","date_gmt":"2026-03-27T07:37:38","guid":{"rendered":"https:\/\/aivape.de\/?post_type=product&#038;p=2467"},"modified":"2026-03-31T10:35:37","modified_gmt":"2026-03-31T08:35:37","slug":"bang-leader-32k-32000-zuege-puff-32k-vape-eu","status":"publish","type":"product","link":"https:\/\/aivape.de\/fr\/product\/bang-leader-32k-32000-zuege-puff-32k-vape-eu\/","title":{"rendered":"Bang Leader 32K - 32000 bouff\u00e9es | Puff 32K Vape EU"},"content":{"rendered":"<h1>Bang Leader 32K - 32000 bouff\u00e9es de vape jetable au go\u00fbt 2 en 1<\/h1>\n<div>Le site <strong>Bang Leader 32K<\/strong> est une vape puissante \u00e0 usage unique, avec jusqu'\u00e0 32 000 bouff\u00e9es et un changement de saveur pratique 2 en 1. Elle dispose de 28ml + 28ml d'e-liquide, d'un coil en maille 1.0\u03a9 et d'une batterie de 650mAh. Disponible en 18 saveurs et diff\u00e9rents taux de nicotine - y compris le 0%.<\/div>\n<h2>\u00c0 propos du Bang Leader 32K<\/h2>\n<div>\n<div>Le site <strong>Bang Leader 32K<\/strong> combine une dur\u00e9e d'utilisation extr\u00eamement longue avec des exp\u00e9riences gustatives flexibles. Gr\u00e2ce au syst\u00e8me 2 en 1, tu peux passer \u00e0 tout moment d'un ar\u00f4me \u00e0 l'autre sans avoir \u00e0 utiliser un deuxi\u00e8me appareil.<\/div>\n<div><\/div>\n<div>Une grande capacit\u00e9 d'e-liquide, un vaporisateur de haute qualit\u00e9 et une forme compacte font de ce mod\u00e8le un choix pratique pour une utilisation quotidienne et en d\u00e9placement.<\/div>\n<\/div>\n<div><img loading=\"lazy\" decoding=\"async\" class=\"wd-lazy-fade alignnone wp-image-2468\" src=\"https:\/\/aivape.de\/wp-content\/themes\/woodmart\/images\/lazy.svg\" data-src=\"https:\/\/aivape.de\/wp-content\/uploads\/2026\/03\/Puff-32k-Bang-Leader-32K-Vape--300x169.webp\" alt=\"bang-leader-32k\" width=\"781\" height=\"440\" srcset=\"\" data-srcset=\"https:\/\/aivape.de\/wp-content\/uploads\/2026\/03\/Puff-32k-Bang-Leader-32K-Vape--300x169.webp 300w, https:\/\/aivape.de\/wp-content\/uploads\/2026\/03\/Puff-32k-Bang-Leader-32K-Vape--1024x576.webp 1024w, https:\/\/aivape.de\/wp-content\/uploads\/2026\/03\/Puff-32k-Bang-Leader-32K-Vape--768x432.webp 768w, https:\/\/aivape.de\/wp-content\/uploads\/2026\/03\/Puff-32k-Bang-Leader-32K-Vape--1536x864.webp 1536w, https:\/\/aivape.de\/wp-content\/uploads\/2026\/03\/Puff-32k-Bang-Leader-32K-Vape--2048x1152.webp 2048w, https:\/\/aivape.de\/wp-content\/uploads\/2026\/03\/Puff-32k-Bang-Leader-32K-Vape--1200x675.webp 1200w, https:\/\/aivape.de\/wp-content\/uploads\/2026\/03\/Puff-32k-Bang-Leader-32K-Vape--150x84.webp 150w\" sizes=\"auto, (max-width: 781px) 100vw, 781px\" \/><\/div>\n<h2>Donn\u00e9es techniques - Bang Leader 32K<\/h2>\n<table>\n<thead>\n<tr>\n<th align=\"left\">Caract\u00e9ristique<\/th>\n<th align=\"left\">D\u00e9tails<\/th>\n<\/tr>\n<\/thead>\n<tbody>\n<tr>\n<td align=\"left\">Marque<\/td>\n<td align=\"left\">Bang Vape<\/td>\n<\/tr>\n<tr>\n<td align=\"left\">Mod\u00e8le<\/td>\n<td align=\"left\">Bang Leader 32000<\/td>\n<\/tr>\n<tr>\n<td align=\"left\">Trains<\/td>\n<td align=\"left\">Jusqu'\u00e0 32 000 bouff\u00e9es<\/td>\n<\/tr>\n<tr>\n<td align=\"left\">Go\u00fbt<\/td>\n<td align=\"left\">18 vari\u00e9t\u00e9s, commutateur 2 en 1<\/td>\n<\/tr>\n<tr>\n<td align=\"left\">Liquid<\/td>\n<td align=\"left\">28ml + 28ml pr\u00e9rempli<\/td>\n<\/tr>\n<tr>\n<td align=\"left\">Nicotine<\/td>\n<td align=\"left\">0% \/ 2% \/ 3% \/ 5%<\/td>\n<\/tr>\n<tr>\n<td align=\"left\">Coil<\/td>\n<td align=\"left\">1.0\u03a9 Bobine de maille<\/td>\n<\/tr>\n<tr>\n<td align=\"left\">Batterie<\/td>\n<td align=\"left\">650mAh rechargeable<\/td>\n<\/tr>\n<tr>\n<td align=\"left\">Poids<\/td>\n<td align=\"left\">105g<\/td>\n<\/tr>\n<tr>\n<td align=\"left\">Emballage<\/td>\n<td align=\"left\">Paquet de 10<\/td>\n<\/tr>\n<tr>\n<td align=\"left\">Exp\u00e9dition<\/td>\n<td align=\"left\">Stock UE (1-3 jours ouvrables)<\/td>\n<\/tr>\n<\/tbody>\n<\/table>\n<h2>Caract\u00e9ristiques principales<\/h2>\n<h3>Jusqu'\u00e0 32.000 trains<\/h3>\n<div>Avec une grande capacit\u00e9 d'e-liquide, la <strong>Bang Leader 32K<\/strong> une tr\u00e8s longue dur\u00e9e d'utilisation. Le coil en maille assure un go\u00fbt r\u00e9gulier et une vapeur dense.<\/div>\n<h3>Changement de go\u00fbt 2 en 1<\/h3>\n<div>Utiliser deux ar\u00f4mes diff\u00e9rents sur un seul appareil - il suffit de changer quand tu le souhaites. Id\u00e9al pour varier les plaisirs au quotidien.<\/div>\n<h3>Coil en maille 1.0\u03a9 de haute qualit\u00e9<\/h3>\n<div>Le vaporisateur garantit un go\u00fbt pur et intense et un d\u00e9bit de vapeur constant de la premi\u00e8re \u00e0 la derni\u00e8re bouff\u00e9e.<\/div>\n<h3>Rechargeable et compact<\/h3>\n<div>La batterie int\u00e9gr\u00e9e de 650mAh est rechargeable. Son design l\u00e9ger et compact fait de la Vape un compagnon pratique.<\/div>\n<h3>Envoi rapide depuis l'Europe<\/h3>\n<div>Livraison en 1 \u00e0 3 jours ouvrables depuis un entrep\u00f4t europ\u00e9en - sans longs d\u00e9lais d'attente.<\/div>\n<h2>Avantages du Bang Leader 32K<\/h2>\n<ul>\n<li>Tr\u00e8s grand nombre de bouff\u00e9es pour un plaisir de longue dur\u00e9e<\/li>\n<li>Syst\u00e8me de go\u00fbt pratique 2 en 1<\/li>\n<li>Coil en maille finement ajust\u00e9 pour un go\u00fbt pur<\/li>\n<li>Choix de taux de nicotine - \u00e9galement sans nicotine<\/li>\n<li>Compact, l\u00e9ger et facile \u00e0 utiliser<\/li>\n<li>Envoi rapide depuis l'UE<\/li>\n<\/ul>\n<h2>FAQ sur le Bang Leader 32K<\/h2>\n<h3>Combien de bouff\u00e9es le Bang Leader 32K a-t-il ?<\/h3>\n<div>Elle offre jusqu'\u00e0 32 000 trains.<\/div>\n<h3>Peut-on changer de go\u00fbts ?<\/h3>\n<div>Oui, la fonction 2 en 1 permet de passer d'un ar\u00f4me \u00e0 l'autre sur le m\u00eame appareil.<\/div>\n<h3>La vape est-elle rechargeable ?<\/h3>\n<div>Oui, la batterie de 650mAh est rechargeable.<\/div>\n<h3>Quel est le d\u00e9lai de livraison ?<\/h3>\n<div>Exp\u00e9dition depuis un entrep\u00f4t europ\u00e9en - livraison en 1-3 jours ouvrables.<\/div>","protected":false},"excerpt":{"rendered":"<p>Bang Leader 32K avec jusqu'\u00e0 32.000 bouff\u00e9es, go\u00fbt 2 en 1, coil maill\u00e9 1.0\u03a9 et batterie 650mAh. Exp\u00e9dition depuis l'Europe en 1-3 jours ouvrables.<\/p>","protected":false},"featured_media":2470,"comment_status":"open","ping_status":"closed","template":"","meta":[],"product_brand":[69],"product_cat":[35],"product_tag":[],"class_list":{"0":"post-2467","1":"product","2":"type-product","3":"status-publish","4":"has-post-thumbnail","6":"product_brand-bang","7":"product_cat-puff-32k","9":"first","10":"instock","11":"shipping-taxable","12":"purchasable","13":"product-type-variable"},"yoast_head":"<!-- This site is optimized with the Yoast SEO plugin v27.1.1 - https:\/\/yoast.com\/product\/yoast-seo-wordpress\/ -->\n<title>Bang Leader 32K \u2013 32000 Z\u00fcge | Puff 32K Vape EU - AiVape | Premium E-Zigaretten &amp; Vape Shop Deutschland<\/title>\n<meta name=\"description\" content=\"Bang Leader 32K mit bis zu 32.000 Z\u00fcgen, 2-in-1 Geschmack, 1.0\u03a9 Mesh Coil und 650mAh Akku. Versand aus Europa in 1\u20133 Werktagen.\" \/>\n<meta name=\"robots\" content=\"index, follow, max-snippet:-1, max-image-preview:large, max-video-preview:-1\" \/>\n<link rel=\"canonical\" href=\"https:\/\/aivape.de\/fr\/product\/bang-leader-32k-32000-zuege-puff-32k-vape-eu\/\" \/>\n<meta property=\"og:locale\" content=\"fr_FR\" \/>\n<meta property=\"og:type\" content=\"article\" \/>\n<meta property=\"og:title\" content=\"Bang Leader 32K \u2013 32000 Z\u00fcge | Puff 32K Vape EU - AiVape | Premium E-Zigaretten &amp; Vape Shop Deutschland\" \/>\n<meta property=\"og:description\" content=\"Bang Leader 32K mit bis zu 32.000 Z\u00fcgen, 2-in-1 Geschmack, 1.0\u03a9 Mesh Coil und 650mAh Akku. Versand aus Europa in 1\u20133 Werktagen.\" \/>\n<meta property=\"og:url\" content=\"https:\/\/aivape.de\/fr\/product\/bang-leader-32k-32000-zuege-puff-32k-vape-eu\/\" \/>\n<meta property=\"og:site_name\" content=\"AiVape | Premium E-Zigaretten &amp; Vape Shop Deutschland\" \/>\n<meta property=\"article:modified_time\" content=\"2026-03-31T08:35:37+00:00\" \/>\n<meta property=\"og:image\" content=\"https:\/\/aivape.de\/wp-content\/uploads\/2026\/03\/Puff-32k-Bang-Leader-32K-Vape-Avocado-Ice-Lemon-Lime.webp\" \/>\n\t<meta property=\"og:image:width\" content=\"800\" \/>\n\t<meta property=\"og:image:height\" content=\"800\" \/>\n\t<meta property=\"og:image:type\" content=\"image\/webp\" \/>\n<meta name=\"twitter:card\" content=\"summary_large_image\" \/>\n<meta name=\"twitter:label1\" content=\"Dur\u00e9e de lecture estim\u00e9e\" \/>\n\t<meta name=\"twitter:data1\" content=\"3 minutes\" \/>\n<script type=\"application\/ld+json\" class=\"yoast-schema-graph\">{\"@context\":\"https:\/\/schema.org\",\"@graph\":[{\"@type\":\"WebPage\",\"@id\":\"https:\/\/aivape.de\/produkt\/bang-leader-32k-32000-zuege-puff-32k-vape-eu\/\",\"url\":\"https:\/\/aivape.de\/produkt\/bang-leader-32k-32000-zuege-puff-32k-vape-eu\/\",\"name\":\"Bang Leader 32K \u2013 32000 Z\u00fcge | Puff 32K Vape EU - AiVape | Premium E-Zigaretten &amp; Vape Shop Deutschland\",\"isPartOf\":{\"@id\":\"https:\/\/aivape.de\/#website\"},\"primaryImageOfPage\":{\"@id\":\"https:\/\/aivape.de\/produkt\/bang-leader-32k-32000-zuege-puff-32k-vape-eu\/#primaryimage\"},\"image\":{\"@id\":\"https:\/\/aivape.de\/produkt\/bang-leader-32k-32000-zuege-puff-32k-vape-eu\/#primaryimage\"},\"thumbnailUrl\":\"https:\/\/aivape.de\/wp-content\/uploads\/2026\/03\/Puff-32k-Bang-Leader-32K-Vape-Avocado-Ice-Lemon-Lime.webp\",\"datePublished\":\"2026-03-27T07:37:38+00:00\",\"dateModified\":\"2026-03-31T08:35:37+00:00\",\"description\":\"Bang Leader 32K mit bis zu 32.000 Z\u00fcgen, 2-in-1 Geschmack, 1.0\u03a9 Mesh Coil und 650mAh Akku. Versand aus Europa in 1\u20133 Werktagen.\",\"breadcrumb\":{\"@id\":\"https:\/\/aivape.de\/produkt\/bang-leader-32k-32000-zuege-puff-32k-vape-eu\/#breadcrumb\"},\"inLanguage\":\"fr-FR\",\"potentialAction\":[{\"@type\":\"ReadAction\",\"target\":[\"https:\/\/aivape.de\/produkt\/bang-leader-32k-32000-zuege-puff-32k-vape-eu\/\"]}]},{\"@type\":\"ImageObject\",\"inLanguage\":\"fr-FR\",\"@id\":\"https:\/\/aivape.de\/produkt\/bang-leader-32k-32000-zuege-puff-32k-vape-eu\/#primaryimage\",\"url\":\"https:\/\/aivape.de\/wp-content\/uploads\/2026\/03\/Puff-32k-Bang-Leader-32K-Vape-Avocado-Ice-Lemon-Lime.webp\",\"contentUrl\":\"https:\/\/aivape.de\/wp-content\/uploads\/2026\/03\/Puff-32k-Bang-Leader-32K-Vape-Avocado-Ice-Lemon-Lime.webp\",\"width\":800,\"height\":800,\"caption\":\"bang-leader-32k-1\"},{\"@type\":\"BreadcrumbList\",\"@id\":\"https:\/\/aivape.de\/produkt\/bang-leader-32k-32000-zuege-puff-32k-vape-eu\/#breadcrumb\",\"itemListElement\":[{\"@type\":\"ListItem\",\"position\":1,\"name\":\"Home\",\"item\":\"https:\/\/aivape.de\/\"},{\"@type\":\"ListItem\",\"position\":2,\"name\":\"Shop\",\"item\":\"https:\/\/aivape.de\/shop\/\"},{\"@type\":\"ListItem\",\"position\":3,\"name\":\"Bang Leader 32K \u2013 32000 Z\u00fcge | Puff 32K Vape EU\"}]},{\"@type\":\"WebSite\",\"@id\":\"https:\/\/aivape.de\/#website\",\"url\":\"https:\/\/aivape.de\/\",\"name\":\"AiVape | Premium E-Zigaretten &amp; Vape Shop Deutschland\",\"description\":\"Dein Experte f\u00fcr Vozol, Bang King &amp; Hifancy Vapes \u2013 Schneller EU-Versand\",\"potentialAction\":[{\"@type\":\"SearchAction\",\"target\":{\"@type\":\"EntryPoint\",\"urlTemplate\":\"https:\/\/aivape.de\/?s={search_term_string}\"},\"query-input\":{\"@type\":\"PropertyValueSpecification\",\"valueRequired\":true,\"valueName\":\"search_term_string\"}}],\"inLanguage\":\"fr-FR\"}]}<\/script>\n<!-- \/ Yoast SEO plugin. -->","yoast_head_json":{"title":"Bang Leader 32K \u2013 32000 Z\u00fcge | Puff 32K Vape EU - AiVape | Premium E-Zigaretten &amp; Vape Shop Deutschland","description":"Bang Leader 32K avec jusqu'\u00e0 32.000 bouff\u00e9es, go\u00fbt 2 en 1, coil maill\u00e9 1.0\u03a9 et batterie 650mAh. Exp\u00e9dition depuis l'Europe en 1-3 jours ouvrables.","robots":{"index":"index","follow":"follow","max-snippet":"max-snippet:-1","max-image-preview":"max-image-preview:large","max-video-preview":"max-video-preview:-1"},"canonical":"https:\/\/aivape.de\/fr\/product\/bang-leader-32k-32000-zuege-puff-32k-vape-eu\/","og_locale":"fr_FR","og_type":"article","og_title":"Bang Leader 32K \u2013 32000 Z\u00fcge | Puff 32K Vape EU - AiVape | Premium E-Zigaretten &amp; Vape Shop Deutschland","og_description":"Bang Leader 32K mit bis zu 32.000 Z\u00fcgen, 2-in-1 Geschmack, 1.0\u03a9 Mesh Coil und 650mAh Akku. Versand aus Europa in 1\u20133 Werktagen.","og_url":"https:\/\/aivape.de\/fr\/product\/bang-leader-32k-32000-zuege-puff-32k-vape-eu\/","og_site_name":"AiVape | Premium E-Zigaretten &amp; Vape Shop Deutschland","article_modified_time":"2026-03-31T08:35:37+00:00","og_image":[{"width":800,"height":800,"url":"https:\/\/aivape.de\/wp-content\/uploads\/2026\/03\/Puff-32k-Bang-Leader-32K-Vape-Avocado-Ice-Lemon-Lime.webp","type":"image\/webp"}],"twitter_card":"summary_large_image","twitter_misc":{"Dur\u00e9e de lecture estim\u00e9e":"3 minutes"},"schema":{"@context":"https:\/\/schema.org","@graph":[{"@type":"WebPage","@id":"https:\/\/aivape.de\/produkt\/bang-leader-32k-32000-zuege-puff-32k-vape-eu\/","url":"https:\/\/aivape.de\/produkt\/bang-leader-32k-32000-zuege-puff-32k-vape-eu\/","name":"Bang Leader 32K \u2013 32000 Z\u00fcge | Puff 32K Vape EU - AiVape | Premium E-Zigaretten &amp; Vape Shop Deutschland","isPartOf":{"@id":"https:\/\/aivape.de\/#website"},"primaryImageOfPage":{"@id":"https:\/\/aivape.de\/produkt\/bang-leader-32k-32000-zuege-puff-32k-vape-eu\/#primaryimage"},"image":{"@id":"https:\/\/aivape.de\/produkt\/bang-leader-32k-32000-zuege-puff-32k-vape-eu\/#primaryimage"},"thumbnailUrl":"https:\/\/aivape.de\/wp-content\/uploads\/2026\/03\/Puff-32k-Bang-Leader-32K-Vape-Avocado-Ice-Lemon-Lime.webp","datePublished":"2026-03-27T07:37:38+00:00","dateModified":"2026-03-31T08:35:37+00:00","description":"Bang Leader 32K avec jusqu'\u00e0 32.000 bouff\u00e9es, go\u00fbt 2 en 1, coil maill\u00e9 1.0\u03a9 et batterie 650mAh. Exp\u00e9dition depuis l'Europe en 1-3 jours ouvrables.","breadcrumb":{"@id":"https:\/\/aivape.de\/produkt\/bang-leader-32k-32000-zuege-puff-32k-vape-eu\/#breadcrumb"},"inLanguage":"fr-FR","potentialAction":[{"@type":"ReadAction","target":["https:\/\/aivape.de\/produkt\/bang-leader-32k-32000-zuege-puff-32k-vape-eu\/"]}]},{"@type":"ImageObject","inLanguage":"fr-FR","@id":"https:\/\/aivape.de\/produkt\/bang-leader-32k-32000-zuege-puff-32k-vape-eu\/#primaryimage","url":"https:\/\/aivape.de\/wp-content\/uploads\/2026\/03\/Puff-32k-Bang-Leader-32K-Vape-Avocado-Ice-Lemon-Lime.webp","contentUrl":"https:\/\/aivape.de\/wp-content\/uploads\/2026\/03\/Puff-32k-Bang-Leader-32K-Vape-Avocado-Ice-Lemon-Lime.webp","width":800,"height":800,"caption":"bang-leader-32k-1"},{"@type":"BreadcrumbList","@id":"https:\/\/aivape.de\/produkt\/bang-leader-32k-32000-zuege-puff-32k-vape-eu\/#breadcrumb","itemListElement":[{"@type":"ListItem","position":1,"name":"Home","item":"https:\/\/aivape.de\/"},{"@type":"ListItem","position":2,"name":"Shop","item":"https:\/\/aivape.de\/shop\/"},{"@type":"ListItem","position":3,"name":"Bang Leader 32K \u2013 32000 Z\u00fcge | Puff 32K Vape EU"}]},{"@type":"WebSite","@id":"https:\/\/aivape.de\/#website","url":"https:\/\/aivape.de\/","name":"AiVape | Premium E-Zigaretten &amp; Vape Shop Deutschland","description":"Dein Experte f\u00fcr Vozol, Bang King &amp; Hifancy Vapes \u2013 Schneller EU-Versand","potentialAction":[{"@type":"SearchAction","target":{"@type":"EntryPoint","urlTemplate":"https:\/\/aivape.de\/?s={search_term_string}"},"query-input":{"@type":"PropertyValueSpecification","valueRequired":true,"valueName":"search_term_string"}}],"inLanguage":"fr-FR"}]}},"tiered_pricing_type":"fixed","tiered_pricing_fixed_rules":{"30":"8.78","50":"8.13","100":"7.68","200":"6.56"},"tiered_pricing_product_settings":{"layout":"default","base_unit_name":{"singular":null,"plural":null},"default_variation":null},"tiered_pricing_minimum_quantity":10,"tiered_pricing_roles_data":[],"tiered_pricing_percentage_rules":[],"tiered_pricing_maximum_quantity":null,"tiered_pricing_quantity_step":"10","_links":{"self":[{"href":"https:\/\/aivape.de\/fr\/wp-json\/wp\/v2\/product\/2467","targetHints":{"allow":["GET"]}}],"collection":[{"href":"https:\/\/aivape.de\/fr\/wp-json\/wp\/v2\/product"}],"about":[{"href":"https:\/\/aivape.de\/fr\/wp-json\/wp\/v2\/types\/product"}],"replies":[{"embeddable":true,"href":"https:\/\/aivape.de\/fr\/wp-json\/wp\/v2\/comments?post=2467"}],"version-history":[{"count":1,"href":"https:\/\/aivape.de\/fr\/wp-json\/wp\/v2\/product\/2467\/revisions"}],"predecessor-version":[{"id":2469,"href":"https:\/\/aivape.de\/fr\/wp-json\/wp\/v2\/product\/2467\/revisions\/2469"}],"wp:featuredmedia":[{"embeddable":true,"href":"https:\/\/aivape.de\/fr\/wp-json\/wp\/v2\/media\/2470"}],"wp:attachment":[{"href":"https:\/\/aivape.de\/fr\/wp-json\/wp\/v2\/media?parent=2467"}],"wp:term":[{"taxonomy":"product_brand","embeddable":true,"href":"https:\/\/aivape.de\/fr\/wp-json\/wp\/v2\/product_brand?post=2467"},{"taxonomy":"product_cat","embeddable":true,"href":"https:\/\/aivape.de\/fr\/wp-json\/wp\/v2\/product_cat?post=2467"},{"taxonomy":"product_tag","embeddable":true,"href":"https:\/\/aivape.de\/fr\/wp-json\/wp\/v2\/product_tag?post=2467"}],"curies":[{"name":"wp","href":"https:\/\/api.w.org\/{rel}","templated":true}]}}