{"id":2280,"date":"2026-03-27T04:41:11","date_gmt":"2026-03-27T03:41:11","guid":{"rendered":"https:\/\/aivape.de\/?post_type=product&#038;p=2280"},"modified":"2026-03-31T10:42:15","modified_gmt":"2026-03-31T08:42:15","slug":"fumot-randm-digital-box-12000-fumot-vape-12000","status":"publish","type":"product","link":"https:\/\/aivape.de\/fr\/product\/fumot-randm-digital-box-12000-fumot-vape-12000\/","title":{"rendered":"Fumot Digital Box 12000 | Fumot Vape 12000 Puffs | Stock EU"},"content":{"rendered":"<h1>\u00a0Fumot RandM Digital Box 12000 - La Fumot Vape 12000 originale<\/h1>\n<div>Le site <strong>Fumot Digital Box 12000<\/strong> est une vape jetable de haute qualit\u00e9 qui peut produire jusqu'\u00e0 12 000 bouff\u00e9es. En tant qu'officiel <strong>Fumot Vape 12000<\/strong> elle convainc avec son \u00e9cran num\u00e9rique, 20ML d'e-liquide et un coil en maille 1.0\u03a9. Le <strong>Bo\u00eetier num\u00e9rique 12000<\/strong> propose 49 saveurs, 2%\/5% de nicotine et une livraison rapide depuis l'Europe.<\/div>\n<h2>Qu'est-ce que le Fumot Digital Box 12000 ?<\/h2>\n<p>Le site <strong>Fumot Digital Box 12000<\/strong> fait partie de la gamme Premium de <strong>Fumot Vape<\/strong> et est synonyme de long\u00e9vit\u00e9 et de bon go\u00fbt. Avec son \u00e9cran clair, la <strong>Bo\u00eetier num\u00e9rique 12000<\/strong> l'une des plus pratiques <strong>Fumot Vape 12000<\/strong> Des mod\u00e8les pour un usage quotidien.<\/p>\n<div><img loading=\"lazy\" decoding=\"async\" class=\"wd-lazy-fade alignnone wp-image-2282\" src=\"https:\/\/aivape.de\/wp-content\/themes\/woodmart\/images\/lazy.svg\" data-src=\"https:\/\/aivape.de\/wp-content\/uploads\/2026\/03\/fumot-randm-digital-box-12000-300x192.webp\" alt=\"fumot-randm-digital-box-12000\" width=\"956\" height=\"612\" srcset=\"\" data-srcset=\"https:\/\/aivape.de\/wp-content\/uploads\/2026\/03\/fumot-randm-digital-box-12000-300x192.webp 300w, https:\/\/aivape.de\/wp-content\/uploads\/2026\/03\/fumot-randm-digital-box-12000-1024x656.webp 1024w, https:\/\/aivape.de\/wp-content\/uploads\/2026\/03\/fumot-randm-digital-box-12000-768x492.webp 768w, https:\/\/aivape.de\/wp-content\/uploads\/2026\/03\/fumot-randm-digital-box-12000-1536x984.webp 1536w, https:\/\/aivape.de\/wp-content\/uploads\/2026\/03\/fumot-randm-digital-box-12000-2048x1313.webp 2048w, https:\/\/aivape.de\/wp-content\/uploads\/2026\/03\/fumot-randm-digital-box-12000-1200x769.webp 1200w, https:\/\/aivape.de\/wp-content\/uploads\/2026\/03\/fumot-randm-digital-box-12000-150x96.webp 150w\" sizes=\"auto, (max-width: 956px) 100vw, 956px\" \/><\/div>\n<h2>Donn\u00e9es techniques<\/h2>\n<table>\n<thead>\n<tr>\n<th align=\"left\">Caract\u00e9ristique<\/th>\n<th align=\"left\">D\u00e9tails<\/th>\n<\/tr>\n<\/thead>\n<tbody>\n<tr>\n<td align=\"left\">Marque<\/td>\n<td align=\"left\">Fumot Vape<\/td>\n<\/tr>\n<tr>\n<td align=\"left\">Mod\u00e8le<\/td>\n<td align=\"left\">Bo\u00eetier num\u00e9rique Fumot RandM 12000<\/td>\n<\/tr>\n<tr>\n<td align=\"left\">Trains<\/td>\n<td align=\"left\">Jusqu'\u00e0 12 000 bouff\u00e9es<\/td>\n<\/tr>\n<tr>\n<td align=\"left\">Capacit\u00e9 en liquide<\/td>\n<td align=\"left\">20ML pr\u00e9-rempli<\/td>\n<\/tr>\n<tr>\n<td align=\"left\">Teneur en nicotine<\/td>\n<td align=\"left\">2% (20mg\/mL) \/ 5% (50mg\/mL)<\/td>\n<\/tr>\n<tr>\n<td align=\"left\">\u00c9vaporateur<\/td>\n<td align=\"left\">1.0\u03a9 Bobine de maille<\/td>\n<\/tr>\n<tr>\n<td align=\"left\">Batterie<\/td>\n<td align=\"left\">850mAh rechargeable<\/td>\n<\/tr>\n<tr>\n<td align=\"left\">\u00c9cran<\/td>\n<td align=\"left\">Indicateur de batterie &amp; d'e-liquide<\/td>\n<\/tr>\n<tr>\n<td align=\"left\">Go\u00fbts<\/td>\n<td align=\"left\">49 vari\u00e9t\u00e9s disponibles<\/td>\n<\/tr>\n<tr>\n<td align=\"left\">Poids<\/td>\n<td align=\"left\">105g<\/td>\n<\/tr>\n<tr>\n<td align=\"left\">Emballage<\/td>\n<td align=\"left\">Paquet de 10<\/td>\n<\/tr>\n<tr>\n<td align=\"left\">Exp\u00e9dition<\/td>\n<td align=\"left\">Stock europ\u00e9en (1-3 jours ouvrables)<\/td>\n<\/tr>\n<\/tbody>\n<\/table>\n<div>\n<div>\n<h2>Caract\u00e9ristiques principales de la Fumot Vape 12000<\/h2>\n<h3>12.000 trains dans le Fumot Digital Box 12000<\/h3>\n<div>Le site <strong>Fumot Digital Box 12000<\/strong> offre une dur\u00e9e d'utilisation extr\u00eamement longue avec 20ML d'e-liquide. Le coil en maille garantit lors de la <strong>Fumot Vape 12000<\/strong> un go\u00fbt riche et constant et une vapeur dense.<\/div>\n<h3>\u00a0\u00c9cran num\u00e9rique sur le Digital Box 12000<\/h3>\n<div>L'\u00e9cran pratique de la <strong>Bo\u00eetier num\u00e9rique 12000<\/strong> t'indique directement le niveau de batterie et de liquide. Tu peux ainsi garder un \u0153il sur ta <strong>Fumot Digital Box 12000<\/strong> toujours une vue d'ensemble.<\/div>\n<h3>Batterie 850mAh de la Fumot Vape 12000<\/h3>\n<div>La batterie rechargeable rend la <strong>Fumot Vape 12000<\/strong> particuli\u00e8rement durable. Tu utilises les 12 000 bouff\u00e9es de ton <strong>Fumot Digital Box 12000<\/strong> compl\u00e8tement.<\/div>\n<h3>\u00a049 go\u00fbts pour le Digital Box 12000<\/h3>\n<div>Avec 49 ar\u00f4mes, la <strong>Bo\u00eetier num\u00e9rique 12000<\/strong> extr\u00eamement polyvalent. Le site <strong>Fumot Vape 12000<\/strong> offre un ar\u00f4me adapt\u00e9 \u00e0 tous les go\u00fbts.<\/div>\n<div>\n<h2>Pourquoi acheter le Fumot Digital Box 12000 ?<\/h2>\n<ul>\n<li>Qualit\u00e9 originale de la <strong>Fumot Vape<\/strong><\/li>\n<li>Jusqu'\u00e0 12.000 trains \u00e0 la <strong>Fumot Digital Box 12000<\/strong><\/li>\n<li>Affichage pratique lors de la <strong>Bo\u00eetier num\u00e9rique 12000<\/strong><\/li>\n<li>Grande capacit\u00e9 d'e-liquide et coil maill\u00e9<\/li>\n<li>Exp\u00e9dition rapide depuis l'entrep\u00f4t de l'UE<\/li>\n<li>Paquet de 10, id\u00e9al pour le commerce et l'usage personnel<\/li>\n<\/ul>\n<h2>FAQ<\/h2>\n<h3>Combien de trains a la Fumot Digital Box 12000 ?<\/h3>\n<div>Le site <strong>Fumot Digital Box 12000<\/strong> offre jusqu'\u00e0 12.000 trains - typique d'une puissante <strong>Fumot Vape 12000<\/strong>.<\/div>\n<h3>\u00a0Le Digital Box 12000 a-t-il un \u00e9cran ?<\/h3>\n<div>Oui, les <strong>Bo\u00eetier num\u00e9rique 12000<\/strong> dispose d'un \u00e9cran num\u00e9rique pour l'affichage de la batterie et du liquide.<\/div>\n<h3>La Fumot Vape 12000 est-elle rechargeable ?<\/h3>\n<div>Oui, les <strong>Fumot Vape 12000<\/strong> poss\u00e8de une batterie rechargeable de 850mAh.<\/div>\n<\/div>\n<\/div>\n<\/div>","protected":false},"excerpt":{"rendered":"<p>Le site <strong>Bo\u00eetier num\u00e9rique Fumot RandM 12000<\/strong> est une vape moderne \u00e0 usage unique de <strong>Fumot<\/strong> avec jusqu'\u00e0 12 000 bouff\u00e9es. \u00c9quip\u00e9 de 20ML de liquide, d'un coil en maille 1.0\u03a9, d'un affichage int\u00e9gr\u00e9 de la batterie &amp; du e-liquide et d'une batterie de 850mAh. 49 saveurs, 2% \/ 5% de nicotine. <strong>Bo\u00eetier num\u00e9rique 12000<\/strong> en provenance d'un entrep\u00f4t europ\u00e9en - livraison sous 1 \u00e0 3 jours ouvrables.<\/p>","protected":false},"featured_media":2289,"comment_status":"open","ping_status":"closed","template":"","meta":[],"product_brand":[71],"product_cat":[94],"product_tag":[],"class_list":{"0":"post-2280","1":"product","2":"type-product","3":"status-publish","4":"has-post-thumbnail","6":"product_brand-fumot","7":"product_cat-puff-12k","9":"first","10":"instock","11":"shipping-taxable","12":"purchasable","13":"product-type-variable"},"yoast_head":"<!-- This site is optimized with the Yoast SEO plugin v27.1.1 - https:\/\/yoast.com\/product\/yoast-seo-wordpress\/ -->\n<title>Fumot Digital Box 12000 | Fumot Vape 12000 Puffs | EU Lager<\/title>\n<meta name=\"description\" content=\"Fumot Digital Box 12000 mit 12000 Z\u00fcgen, 20ML, 1.0\u03a9 Mesh Coil, Akku- &amp; Liquid-Display. Fumot Vape 12000 aus EU Lager in 1\u20133 Tagen.\" \/>\n<meta name=\"robots\" content=\"index, follow, max-snippet:-1, max-image-preview:large, max-video-preview:-1\" \/>\n<link rel=\"canonical\" href=\"https:\/\/aivape.de\/fr\/product\/fumot-randm-digital-box-12000-fumot-vape-12000\/\" \/>\n<meta property=\"og:locale\" content=\"fr_FR\" \/>\n<meta property=\"og:type\" content=\"article\" \/>\n<meta property=\"og:title\" content=\"Fumot Digital Box 12000 | Fumot Vape 12000 Puffs | EU Lager\" \/>\n<meta property=\"og:description\" content=\"Fumot Digital Box 12000 mit 12000 Z\u00fcgen, 20ML, 1.0\u03a9 Mesh Coil, Akku- &amp; Liquid-Display. Fumot Vape 12000 aus EU Lager in 1\u20133 Tagen.\" \/>\n<meta property=\"og:url\" content=\"https:\/\/aivape.de\/fr\/product\/fumot-randm-digital-box-12000-fumot-vape-12000\/\" \/>\n<meta property=\"og:site_name\" content=\"AiVape | Premium E-Zigaretten &amp; Vape Shop Deutschland\" \/>\n<meta property=\"article:modified_time\" content=\"2026-03-31T08:42:15+00:00\" \/>\n<meta property=\"og:image\" content=\"https:\/\/aivape.de\/wp-content\/uploads\/2026\/03\/fumot-randm-digital-box-12000-Lush-Ice-2.webp\" \/>\n\t<meta property=\"og:image:width\" content=\"2000\" \/>\n\t<meta property=\"og:image:height\" content=\"2000\" \/>\n\t<meta property=\"og:image:type\" content=\"image\/webp\" \/>\n<meta name=\"twitter:card\" content=\"summary_large_image\" \/>\n<meta name=\"twitter:label1\" content=\"Dur\u00e9e de lecture estim\u00e9e\" \/>\n\t<meta name=\"twitter:data1\" content=\"3 minutes\" \/>\n<script type=\"application\/ld+json\" class=\"yoast-schema-graph\">{\"@context\":\"https:\/\/schema.org\",\"@graph\":[{\"@type\":\"WebPage\",\"@id\":\"https:\/\/aivape.de\/produkt\/fumot-randm-digital-box-12000-fumot-vape-12000\/\",\"url\":\"https:\/\/aivape.de\/produkt\/fumot-randm-digital-box-12000-fumot-vape-12000\/\",\"name\":\"Fumot Digital Box 12000 | Fumot Vape 12000 Puffs | EU Lager\",\"isPartOf\":{\"@id\":\"https:\/\/aivape.de\/#website\"},\"primaryImageOfPage\":{\"@id\":\"https:\/\/aivape.de\/produkt\/fumot-randm-digital-box-12000-fumot-vape-12000\/#primaryimage\"},\"image\":{\"@id\":\"https:\/\/aivape.de\/produkt\/fumot-randm-digital-box-12000-fumot-vape-12000\/#primaryimage\"},\"thumbnailUrl\":\"https:\/\/aivape.de\/wp-content\/uploads\/2026\/03\/fumot-randm-digital-box-12000-Lush-Ice-2.webp\",\"datePublished\":\"2026-03-27T03:41:11+00:00\",\"dateModified\":\"2026-03-31T08:42:15+00:00\",\"description\":\"Fumot Digital Box 12000 mit 12000 Z\u00fcgen, 20ML, 1.0\u03a9 Mesh Coil, Akku- & Liquid-Display. Fumot Vape 12000 aus EU Lager in 1\u20133 Tagen.\",\"breadcrumb\":{\"@id\":\"https:\/\/aivape.de\/produkt\/fumot-randm-digital-box-12000-fumot-vape-12000\/#breadcrumb\"},\"inLanguage\":\"fr-FR\",\"potentialAction\":[{\"@type\":\"ReadAction\",\"target\":[\"https:\/\/aivape.de\/produkt\/fumot-randm-digital-box-12000-fumot-vape-12000\/\"]}]},{\"@type\":\"ImageObject\",\"inLanguage\":\"fr-FR\",\"@id\":\"https:\/\/aivape.de\/produkt\/fumot-randm-digital-box-12000-fumot-vape-12000\/#primaryimage\",\"url\":\"https:\/\/aivape.de\/wp-content\/uploads\/2026\/03\/fumot-randm-digital-box-12000-Lush-Ice-2.webp\",\"contentUrl\":\"https:\/\/aivape.de\/wp-content\/uploads\/2026\/03\/fumot-randm-digital-box-12000-Lush-Ice-2.webp\",\"width\":2000,\"height\":2000,\"caption\":\"fumot-randm-digital-box-12000 - Lush Ice #2\"},{\"@type\":\"BreadcrumbList\",\"@id\":\"https:\/\/aivape.de\/produkt\/fumot-randm-digital-box-12000-fumot-vape-12000\/#breadcrumb\",\"itemListElement\":[{\"@type\":\"ListItem\",\"position\":1,\"name\":\"Home\",\"item\":\"https:\/\/aivape.de\/\"},{\"@type\":\"ListItem\",\"position\":2,\"name\":\"Shop\",\"item\":\"https:\/\/aivape.de\/shop\/\"},{\"@type\":\"ListItem\",\"position\":3,\"name\":\"Fumot Digital Box 12000 | Fumot Vape 12000 Puffs | EU Lager\"}]},{\"@type\":\"WebSite\",\"@id\":\"https:\/\/aivape.de\/#website\",\"url\":\"https:\/\/aivape.de\/\",\"name\":\"AiVape | Premium E-Zigaretten &amp; Vape Shop Deutschland\",\"description\":\"Dein Experte f\u00fcr Vozol, Bang King &amp; Hifancy Vapes \u2013 Schneller EU-Versand\",\"potentialAction\":[{\"@type\":\"SearchAction\",\"target\":{\"@type\":\"EntryPoint\",\"urlTemplate\":\"https:\/\/aivape.de\/?s={search_term_string}\"},\"query-input\":{\"@type\":\"PropertyValueSpecification\",\"valueRequired\":true,\"valueName\":\"search_term_string\"}}],\"inLanguage\":\"fr-FR\"}]}<\/script>\n<!-- \/ Yoast SEO plugin. -->","yoast_head_json":{"title":"Fumot Digital Box 12000 | Fumot Vape 12000 Puffs | Stock EU","description":"Fumot Digital Box 12000 avec 12000 bouff\u00e9es, 20ML, 1.0\u03a9 coil en maille, affichage de la batterie &amp; du liquide. Fumot Vape 12000 de l'entrep\u00f4t de l'UE dans 1-3 jours.","robots":{"index":"index","follow":"follow","max-snippet":"max-snippet:-1","max-image-preview":"max-image-preview:large","max-video-preview":"max-video-preview:-1"},"canonical":"https:\/\/aivape.de\/fr\/product\/fumot-randm-digital-box-12000-fumot-vape-12000\/","og_locale":"fr_FR","og_type":"article","og_title":"Fumot Digital Box 12000 | Fumot Vape 12000 Puffs | EU Lager","og_description":"Fumot Digital Box 12000 mit 12000 Z\u00fcgen, 20ML, 1.0\u03a9 Mesh Coil, Akku- & Liquid-Display. Fumot Vape 12000 aus EU Lager in 1\u20133 Tagen.","og_url":"https:\/\/aivape.de\/fr\/product\/fumot-randm-digital-box-12000-fumot-vape-12000\/","og_site_name":"AiVape | Premium E-Zigaretten &amp; Vape Shop Deutschland","article_modified_time":"2026-03-31T08:42:15+00:00","og_image":[{"width":2000,"height":2000,"url":"https:\/\/aivape.de\/wp-content\/uploads\/2026\/03\/fumot-randm-digital-box-12000-Lush-Ice-2.webp","type":"image\/webp"}],"twitter_card":"summary_large_image","twitter_misc":{"Dur\u00e9e de lecture estim\u00e9e":"3 minutes"},"schema":{"@context":"https:\/\/schema.org","@graph":[{"@type":"WebPage","@id":"https:\/\/aivape.de\/produkt\/fumot-randm-digital-box-12000-fumot-vape-12000\/","url":"https:\/\/aivape.de\/produkt\/fumot-randm-digital-box-12000-fumot-vape-12000\/","name":"Fumot Digital Box 12000 | Fumot Vape 12000 Puffs | Stock EU","isPartOf":{"@id":"https:\/\/aivape.de\/#website"},"primaryImageOfPage":{"@id":"https:\/\/aivape.de\/produkt\/fumot-randm-digital-box-12000-fumot-vape-12000\/#primaryimage"},"image":{"@id":"https:\/\/aivape.de\/produkt\/fumot-randm-digital-box-12000-fumot-vape-12000\/#primaryimage"},"thumbnailUrl":"https:\/\/aivape.de\/wp-content\/uploads\/2026\/03\/fumot-randm-digital-box-12000-Lush-Ice-2.webp","datePublished":"2026-03-27T03:41:11+00:00","dateModified":"2026-03-31T08:42:15+00:00","description":"Fumot Digital Box 12000 avec 12000 bouff\u00e9es, 20ML, 1.0\u03a9 coil en maille, affichage de la batterie &amp; du liquide. Fumot Vape 12000 de l'entrep\u00f4t de l'UE dans 1-3 jours.","breadcrumb":{"@id":"https:\/\/aivape.de\/produkt\/fumot-randm-digital-box-12000-fumot-vape-12000\/#breadcrumb"},"inLanguage":"fr-FR","potentialAction":[{"@type":"ReadAction","target":["https:\/\/aivape.de\/produkt\/fumot-randm-digital-box-12000-fumot-vape-12000\/"]}]},{"@type":"ImageObject","inLanguage":"fr-FR","@id":"https:\/\/aivape.de\/produkt\/fumot-randm-digital-box-12000-fumot-vape-12000\/#primaryimage","url":"https:\/\/aivape.de\/wp-content\/uploads\/2026\/03\/fumot-randm-digital-box-12000-Lush-Ice-2.webp","contentUrl":"https:\/\/aivape.de\/wp-content\/uploads\/2026\/03\/fumot-randm-digital-box-12000-Lush-Ice-2.webp","width":2000,"height":2000,"caption":"fumot-randm-digital-box-12000 - Lush Ice #2"},{"@type":"BreadcrumbList","@id":"https:\/\/aivape.de\/produkt\/fumot-randm-digital-box-12000-fumot-vape-12000\/#breadcrumb","itemListElement":[{"@type":"ListItem","position":1,"name":"Home","item":"https:\/\/aivape.de\/"},{"@type":"ListItem","position":2,"name":"Shop","item":"https:\/\/aivape.de\/shop\/"},{"@type":"ListItem","position":3,"name":"Fumot Digital Box 12000 | Fumot Vape 12000 Puffs | EU Lager"}]},{"@type":"WebSite","@id":"https:\/\/aivape.de\/#website","url":"https:\/\/aivape.de\/","name":"AiVape | Premium E-Zigaretten &amp; Vape Shop Deutschland","description":"Dein Experte f\u00fcr Vozol, Bang King &amp; Hifancy Vapes \u2013 Schneller EU-Versand","potentialAction":[{"@type":"SearchAction","target":{"@type":"EntryPoint","urlTemplate":"https:\/\/aivape.de\/?s={search_term_string}"},"query-input":{"@type":"PropertyValueSpecification","valueRequired":true,"valueName":"search_term_string"}}],"inLanguage":"fr-FR"}]}},"tiered_pricing_type":"fixed","tiered_pricing_fixed_rules":{"30":"12.56","50":"10.78","100":"8.55","200":"7.98"},"tiered_pricing_product_settings":{"layout":"default","base_unit_name":{"singular":null,"plural":null},"default_variation":null},"tiered_pricing_minimum_quantity":10,"tiered_pricing_roles_data":[],"tiered_pricing_percentage_rules":[],"tiered_pricing_maximum_quantity":null,"tiered_pricing_quantity_step":"8","_links":{"self":[{"href":"https:\/\/aivape.de\/fr\/wp-json\/wp\/v2\/product\/2280","targetHints":{"allow":["GET"]}}],"collection":[{"href":"https:\/\/aivape.de\/fr\/wp-json\/wp\/v2\/product"}],"about":[{"href":"https:\/\/aivape.de\/fr\/wp-json\/wp\/v2\/types\/product"}],"replies":[{"embeddable":true,"href":"https:\/\/aivape.de\/fr\/wp-json\/wp\/v2\/comments?post=2280"}],"version-history":[{"count":3,"href":"https:\/\/aivape.de\/fr\/wp-json\/wp\/v2\/product\/2280\/revisions"}],"predecessor-version":[{"id":2351,"href":"https:\/\/aivape.de\/fr\/wp-json\/wp\/v2\/product\/2280\/revisions\/2351"}],"wp:featuredmedia":[{"embeddable":true,"href":"https:\/\/aivape.de\/fr\/wp-json\/wp\/v2\/media\/2289"}],"wp:attachment":[{"href":"https:\/\/aivape.de\/fr\/wp-json\/wp\/v2\/media?parent=2280"}],"wp:term":[{"taxonomy":"product_brand","embeddable":true,"href":"https:\/\/aivape.de\/fr\/wp-json\/wp\/v2\/product_brand?post=2280"},{"taxonomy":"product_cat","embeddable":true,"href":"https:\/\/aivape.de\/fr\/wp-json\/wp\/v2\/product_cat?post=2280"},{"taxonomy":"product_tag","embeddable":true,"href":"https:\/\/aivape.de\/fr\/wp-json\/wp\/v2\/product_tag?post=2280"}],"curies":[{"name":"wp","href":"https:\/\/api.w.org\/{rel}","templated":true}]}}