{"id":1779,"date":"2026-03-25T04:53:25","date_gmt":"2026-03-25T03:53:25","guid":{"rendered":"https:\/\/aivape.de\/?post_type=product&#038;p=1779"},"modified":"2026-03-25T04:53:25","modified_gmt":"2026-03-25T03:53:25","slug":"waspe-vape-60000-zuege-3-in-1-vape-waspe-dreifach","status":"publish","type":"product","link":"https:\/\/aivape.de\/fr\/product\/waspe-vape-60000-zuege-3-in-1-vape-waspe-dreifach\/","title":{"rendered":"Waspe Vape 60000 bouff\u00e9es 3 en 1 - Vape Waspe triple"},"content":{"rendered":"<h1 dir=\"auto\">Waspe Vape Aiviou 60000 bouff\u00e9es 3 en 1 - Vape Waspe triple e-cigarette<\/h1>\n<p dir=\"auto\"><strong>Triple saveur, 60.000 bouff\u00e9es de pur plaisir<\/strong> Envie de varier les plaisirs, mais pas de changer constamment d'appareil ? Le <strong>Waspe Vape Aiviou 60000 bouff\u00e9es 3 en 1<\/strong> met fin \u00e0 cette situation ! Ce produit innovant <strong>Vape Waspe<\/strong> L'e-cigarette jetable offre trois r\u00e9servoirs ind\u00e9pendants de 18 ml dans un appareil \u00e9l\u00e9gant - un total de 54 ml de liquide de haute qualit\u00e9. Il suffit de tourner et de passer sans transition d'un ar\u00f4me \u00e0 l'autre. Ne vous ennuyez plus jamais en vapotant !<\/p>\n<p dir=\"auto\"><img loading=\"lazy\" decoding=\"async\" class=\"wd-lazy-fade alignnone  wp-image-1781\" src=\"https:\/\/aivape.de\/wp-content\/themes\/woodmart\/images\/lazy.svg\" data-src=\"https:\/\/aivape.de\/wp-content\/uploads\/2026\/03\/60k-Vape-Waspe-Aiviou-60000-3-300x169.jpg\" alt=\"Waspe Vape Aiviou 60000 bouff\u00e9es 3 en 1 triple saveur jetable E-cigarette\" width=\"797\" height=\"449\" srcset=\"\" data-srcset=\"https:\/\/aivape.de\/wp-content\/uploads\/2026\/03\/60k-Vape-Waspe-Aiviou-60000-3-300x169.jpg 300w, https:\/\/aivape.de\/wp-content\/uploads\/2026\/03\/60k-Vape-Waspe-Aiviou-60000-3-1024x576.jpg 1024w, https:\/\/aivape.de\/wp-content\/uploads\/2026\/03\/60k-Vape-Waspe-Aiviou-60000-3-768x432.jpg 768w, https:\/\/aivape.de\/wp-content\/uploads\/2026\/03\/60k-Vape-Waspe-Aiviou-60000-3-1536x864.jpg 1536w, https:\/\/aivape.de\/wp-content\/uploads\/2026\/03\/60k-Vape-Waspe-Aiviou-60000-3-1200x675.jpg 1200w, https:\/\/aivape.de\/wp-content\/uploads\/2026\/03\/60k-Vape-Waspe-Aiviou-60000-3-150x84.jpg 150w, https:\/\/aivape.de\/wp-content\/uploads\/2026\/03\/60k-Vape-Waspe-Aiviou-60000-3.jpg 2000w\" sizes=\"auto, (max-width: 797px) 100vw, 797px\" \/><\/p>\n<p dir=\"auto\">Gr\u00e2ce \u00e0 trois coils s\u00e9par\u00e9s en maille de 0,9 \u03a9 (0,9ohm + 0,9ohm + 0,9ohm), chaque saveur d\u00e9ploie toute son intensit\u00e9 - juteuse, aromatique et sans m\u00e9lange. Que ce soit fruit\u00e9 et frais, doux ou rafra\u00eechissant - avec <strong>Waspe 60000 trains<\/strong> d\u00e9couvrez un plaisir de la vapeur vari\u00e9 tout au long de la journ\u00e9e.<\/p>\n<p dir=\"auto\"><strong>Longue autonomie, affichage intelligent et chargement rapide<\/strong> La puissante batterie de 650 mAh \u00e0 charge rapide de type C assure jusqu'\u00e0 <strong>60.000 trains<\/strong>. L'\u00e9cran LED int\u00e9gr\u00e9 vous indique en temps r\u00e9el l'\u00e9tat de la batterie et le niveau de liquide - plus de surprises d\u00e9sagr\u00e9ables. Son design compact (47 \u00d7 47 \u00d7 116 mm, 130 g seulement) se glisse parfaitement dans une poche et est id\u00e9al pour les d\u00e9placements.<\/p>\n<p dir=\"auto\"><strong>12 combinaisons de saveurs 3 en 1 s\u00e9lectionn\u00e9es<\/strong> Le site <strong>Waspe Aiviou 60000 trains<\/strong> propose 12 triples go\u00fbts tr\u00e8s appr\u00e9ci\u00e9s - il y en a pour tous les go\u00fbts et toutes les humeurs :<\/p>\n<ol dir=\"auto\">\n<li>Past\u00e8que Ice &amp; Strawberry Kiwi &amp; Lemon Lime<\/li>\n<li>Strawberry Watermelon &amp; Strawberry Raspberry Candy &amp; Grape Ice<\/li>\n<li>Blueberry Ice &amp; Black Dragon Ice &amp; Fizzy Cherry Ice<\/li>\n<li>Fraise Framboise &amp; Amour 666 &amp; Glace Candy Cerise<\/li>\n<li>Peach Ice &amp; Pineapple Mango Peach &amp; Cranberry Lemon<\/li>\n<li>Red Bull Ice &amp; Strawberry Mango &amp; Strawberry Watermelon Bubblegum<\/li>\n<li>Mixed Berries &amp; Gummy Bear &amp; Mixed Fruit<\/li>\n<li>Triple Melon Ice &amp; Rainbow Candy &amp; Blueberry Candy<\/li>\n<li>Grape Ice &amp; Strawberry Candy &amp; Strawberry Raspberry Cherry<\/li>\n<li>Strawberry Banana &amp; Pineapple Coconut Ice &amp; Mango Ice<\/li>\n<li>Cherry Cola Ice &amp; Strawberry Cola &amp; Cola Ice<\/li>\n<li>Blueberry Raspberry &amp; Blueberry Cotton Candy &amp; Double Apple Ice<\/li>\n<\/ol>\n<p dir=\"auto\">Choisissez le taux de nicotine appropri\u00e9 : <strong>0 % \/ 2 % \/ 3 % \/ 5 %<\/strong> - parfait pour les d\u00e9butants et les vapoteurs exp\u00e9riment\u00e9s.<\/p>\n<p dir=\"auto\"><strong>Aper\u00e7u des donn\u00e9es techniques<\/strong><\/p>\n<ul dir=\"auto\">\n<li><strong>Marque<\/strong>: WASPE Vape<\/li>\n<li><strong>Mod\u00e8le<\/strong>: Waspe Aiviou 60000 3 en 1<\/li>\n<li><strong>Nombre de trains<\/strong>jusqu'\u00e0 60.000 trains<\/li>\n<li><strong>Capacit\u00e9 en liquide<\/strong>: 54 ml (3 r\u00e9servoirs ind\u00e9pendants de 18 ml)<\/li>\n<li><strong>Batterie<\/strong>650 mAh, rechargeable de type C<\/li>\n<li><strong>Bobines<\/strong>triple 0,9 \u03a9 mesh coils<\/li>\n<li><strong>\u00c9cran<\/strong>: affichage LED intelligent du niveau de batterie et de liquide<\/li>\n<li><strong>Options de nicotine<\/strong>: 0 %, 2 %, 3 %, 5 %<\/li>\n<li><strong>Emballage<\/strong>1 carton de 10 pi\u00e8ces<\/li>\n<li><strong>Dimensions<\/strong>47 \u00d7 47 \u00d7 116 mm<\/li>\n<li><strong>Poids<\/strong>130 g par appareil<\/li>\n<\/ul>\n<h2 dir=\"auto\"><strong>Pourquoi choisir les bouff\u00e9es Waspe Vape 60000 3 en 1 ?<\/strong><\/h2>\n<ul dir=\"auto\">\n<li>Design 3 en 1 r\u00e9volutionnaire : trois go\u00fbts en un seul appareil - vari\u00e9 et pratique<\/li>\n<li>Une \u00e9norme capacit\u00e9 et une longue dur\u00e9e de fonctionnement : 60.000 trains pour un plaisir ininterrompu<\/li>\n<li>Qualit\u00e9 de vapeur de premier ordre : coils en maille de 0,9 \u03a9 pour une vapeur dense et aromatique et un agr\u00e9able \"throat hit\".<\/li>\n<li>Convivial : le chargement de type C et l'affichage LED rendent le vapotage sans stress<\/li>\n<li>Large choix : 12 combinaisons de saveurs soigneusement s\u00e9lectionn\u00e9es pour chaque occasion<\/li>\n<\/ul>\n<p dir=\"auto\">Le site <strong>Waspe Vape Aiviou 60000 bouff\u00e9es 3 en 1<\/strong> est plus qu'une simple <strong>Vape Waspe<\/strong> - il est votre compagnon de tous les jours pour un plaisir de la vapeur frais et polyvalent. Que ce soit sur le chemin du travail, pour se d\u00e9tendre ou avec des amis : Avec cet appareil, le plaisir est toujours au rendez-vous.<\/p>\n<p dir=\"auto\"><strong>Commandez maintenant et profitez d'un triple plaisir gustatif<\/strong> Nous proposons des marchandises originales, une exp\u00e9dition rapide et un service client fiable. Offres actuelles en cours - id\u00e9al pour les d\u00e9taillants et les grossistes. Obtenez le <strong>Waspe 60000 trains 3 en 1<\/strong> et commencez votre nouvelle exp\u00e9rience de la vapeur 3 en 1 !<\/p>","protected":false},"excerpt":{"rendered":"<p dir=\"auto\">Waspe Vape Aiviou 60000 bouff\u00e9es 3 en 1 - E-cigarette triple saveur jetable ! 54 ml de liquide, batterie Type-C, \u00e9cran LED, 3\u00d70,9 \u03a9 coils en maille et jusqu'\u00e0 60000 bouff\u00e9es. 12 combinaisons de saveurs avec 0-5 % de nicotine. Acheter maintenant Vape Waspe !<\/p>","protected":false},"featured_media":1782,"comment_status":"open","ping_status":"closed","template":"","meta":[],"product_brand":[88],"product_cat":[24],"product_tag":[],"class_list":{"0":"post-1779","1":"product","2":"type-product","3":"status-publish","4":"has-post-thumbnail","6":"product_brand-waspe","7":"product_cat-puff-60k","9":"first","10":"instock","11":"shipping-taxable","12":"purchasable","13":"product-type-variable"},"yoast_head":"<!-- This site is optimized with the Yoast SEO plugin v27.1.1 - https:\/\/yoast.com\/product\/yoast-seo-wordpress\/ -->\n<title>Waspe Vape 60000 Z\u00fcge 3 in 1 \u2013 Vape Waspe Dreifach - AiVape | Premium E-Zigaretten &amp; Vape Shop Deutschland<\/title>\n<meta name=\"description\" content=\"Waspe Vape Aiviou 60000 Z\u00fcge 3 in 1 \u2013 Dreifach-Geschmack Einweg E-Zigarette! 54 ml Liquid, Type-C Akku, LED-Display, 3\u00d70,9 \u03a9 Mesh Coils und bis 60.000 Z\u00fcge. 12 Geschmackskombis mit 0\u20135 % Nikotin. Jetzt Vape Waspe kaufen!\" \/>\n<meta name=\"robots\" content=\"index, follow, max-snippet:-1, max-image-preview:large, max-video-preview:-1\" \/>\n<link rel=\"canonical\" href=\"https:\/\/aivape.de\/fr\/product\/waspe-vape-60000-zuege-3-in-1-vape-waspe-dreifach\/\" \/>\n<meta property=\"og:locale\" content=\"fr_FR\" \/>\n<meta property=\"og:type\" content=\"article\" \/>\n<meta property=\"og:title\" content=\"Waspe Vape 60000 Z\u00fcge 3 in 1 \u2013 Vape Waspe Dreifach - AiVape | Premium E-Zigaretten &amp; Vape Shop Deutschland\" \/>\n<meta property=\"og:description\" content=\"Waspe Vape Aiviou 60000 Z\u00fcge 3 in 1 \u2013 Dreifach-Geschmack Einweg E-Zigarette! 54 ml Liquid, Type-C Akku, LED-Display, 3\u00d70,9 \u03a9 Mesh Coils und bis 60.000 Z\u00fcge. 12 Geschmackskombis mit 0\u20135 % Nikotin. Jetzt Vape Waspe kaufen!\" \/>\n<meta property=\"og:url\" content=\"https:\/\/aivape.de\/fr\/product\/waspe-vape-60000-zuege-3-in-1-vape-waspe-dreifach\/\" \/>\n<meta property=\"og:site_name\" content=\"AiVape | Premium E-Zigaretten &amp; Vape Shop Deutschland\" \/>\n<meta property=\"og:image\" content=\"https:\/\/aivape.de\/wp-content\/uploads\/2026\/03\/60k-Vape-Waspe-Aiviou-60000-5.jpg\" \/>\n\t<meta property=\"og:image:width\" content=\"1500\" \/>\n\t<meta property=\"og:image:height\" content=\"1500\" \/>\n\t<meta property=\"og:image:type\" content=\"image\/jpeg\" \/>\n<meta name=\"twitter:card\" content=\"summary_large_image\" \/>\n<meta name=\"twitter:label1\" content=\"Dur\u00e9e de lecture estim\u00e9e\" \/>\n\t<meta name=\"twitter:data1\" content=\"4 minutes\" \/>\n<script type=\"application\/ld+json\" class=\"yoast-schema-graph\">{\"@context\":\"https:\/\/schema.org\",\"@graph\":[{\"@type\":\"WebPage\",\"@id\":\"https:\/\/aivape.de\/produkt\/waspe-vape-60000-zuege-3-in-1-vape-waspe-dreifach\/\",\"url\":\"https:\/\/aivape.de\/produkt\/waspe-vape-60000-zuege-3-in-1-vape-waspe-dreifach\/\",\"name\":\"Waspe Vape 60000 Z\u00fcge 3 in 1 \u2013 Vape Waspe Dreifach - AiVape | Premium E-Zigaretten &amp; Vape Shop Deutschland\",\"isPartOf\":{\"@id\":\"https:\/\/aivape.de\/#website\"},\"primaryImageOfPage\":{\"@id\":\"https:\/\/aivape.de\/produkt\/waspe-vape-60000-zuege-3-in-1-vape-waspe-dreifach\/#primaryimage\"},\"image\":{\"@id\":\"https:\/\/aivape.de\/produkt\/waspe-vape-60000-zuege-3-in-1-vape-waspe-dreifach\/#primaryimage\"},\"thumbnailUrl\":\"https:\/\/aivape.de\/wp-content\/uploads\/2026\/03\/60k-Vape-Waspe-Aiviou-60000-5.jpg\",\"datePublished\":\"2026-03-25T03:53:25+00:00\",\"description\":\"Waspe Vape Aiviou 60000 Z\u00fcge 3 in 1 \u2013 Dreifach-Geschmack Einweg E-Zigarette! 54 ml Liquid, Type-C Akku, LED-Display, 3\u00d70,9 \u03a9 Mesh Coils und bis 60.000 Z\u00fcge. 12 Geschmackskombis mit 0\u20135 % Nikotin. Jetzt Vape Waspe kaufen!\",\"breadcrumb\":{\"@id\":\"https:\/\/aivape.de\/produkt\/waspe-vape-60000-zuege-3-in-1-vape-waspe-dreifach\/#breadcrumb\"},\"inLanguage\":\"fr-FR\",\"potentialAction\":[{\"@type\":\"ReadAction\",\"target\":[\"https:\/\/aivape.de\/produkt\/waspe-vape-60000-zuege-3-in-1-vape-waspe-dreifach\/\"]}]},{\"@type\":\"ImageObject\",\"inLanguage\":\"fr-FR\",\"@id\":\"https:\/\/aivape.de\/produkt\/waspe-vape-60000-zuege-3-in-1-vape-waspe-dreifach\/#primaryimage\",\"url\":\"https:\/\/aivape.de\/wp-content\/uploads\/2026\/03\/60k-Vape-Waspe-Aiviou-60000-5.jpg\",\"contentUrl\":\"https:\/\/aivape.de\/wp-content\/uploads\/2026\/03\/60k-Vape-Waspe-Aiviou-60000-5.jpg\",\"width\":1500,\"height\":1500,\"caption\":\"Vape Waspe LED-Display Type-C Ladeanschluss\"},{\"@type\":\"BreadcrumbList\",\"@id\":\"https:\/\/aivape.de\/produkt\/waspe-vape-60000-zuege-3-in-1-vape-waspe-dreifach\/#breadcrumb\",\"itemListElement\":[{\"@type\":\"ListItem\",\"position\":1,\"name\":\"Home\",\"item\":\"https:\/\/aivape.de\/\"},{\"@type\":\"ListItem\",\"position\":2,\"name\":\"Shop\",\"item\":\"https:\/\/aivape.de\/shop\/\"},{\"@type\":\"ListItem\",\"position\":3,\"name\":\"Waspe Vape 60000 Z\u00fcge 3 in 1 \u2013 Vape Waspe Dreifach\"}]},{\"@type\":\"WebSite\",\"@id\":\"https:\/\/aivape.de\/#website\",\"url\":\"https:\/\/aivape.de\/\",\"name\":\"AiVape | Premium E-Zigaretten &amp; Vape Shop Deutschland\",\"description\":\"Dein Experte f\u00fcr Vozol, Bang King &amp; Hifancy Vapes \u2013 Schneller EU-Versand\",\"potentialAction\":[{\"@type\":\"SearchAction\",\"target\":{\"@type\":\"EntryPoint\",\"urlTemplate\":\"https:\/\/aivape.de\/?s={search_term_string}\"},\"query-input\":{\"@type\":\"PropertyValueSpecification\",\"valueRequired\":true,\"valueName\":\"search_term_string\"}}],\"inLanguage\":\"fr-FR\"}]}<\/script>\n<!-- \/ Yoast SEO plugin. -->","yoast_head_json":{"title":"Waspe Vape 60000 Z\u00fcge 3 in 1 \u2013 Vape Waspe Dreifach - AiVape | Premium E-Zigaretten &amp; Vape Shop Deutschland","description":"Waspe Vape Aiviou 60000 bouff\u00e9es 3 en 1 - E-cigarette triple saveur jetable ! 54 ml de liquide, batterie Type-C, \u00e9cran LED, 3\u00d70,9 \u03a9 coils en maille et jusqu'\u00e0 60000 bouff\u00e9es. 12 combinaisons de saveurs avec 0-5 % de nicotine. Acheter maintenant Vape Waspe !","robots":{"index":"index","follow":"follow","max-snippet":"max-snippet:-1","max-image-preview":"max-image-preview:large","max-video-preview":"max-video-preview:-1"},"canonical":"https:\/\/aivape.de\/fr\/product\/waspe-vape-60000-zuege-3-in-1-vape-waspe-dreifach\/","og_locale":"fr_FR","og_type":"article","og_title":"Waspe Vape 60000 Z\u00fcge 3 in 1 \u2013 Vape Waspe Dreifach - AiVape | Premium E-Zigaretten &amp; Vape Shop Deutschland","og_description":"Waspe Vape Aiviou 60000 Z\u00fcge 3 in 1 \u2013 Dreifach-Geschmack Einweg E-Zigarette! 54 ml Liquid, Type-C Akku, LED-Display, 3\u00d70,9 \u03a9 Mesh Coils und bis 60.000 Z\u00fcge. 12 Geschmackskombis mit 0\u20135 % Nikotin. Jetzt Vape Waspe kaufen!","og_url":"https:\/\/aivape.de\/fr\/product\/waspe-vape-60000-zuege-3-in-1-vape-waspe-dreifach\/","og_site_name":"AiVape | Premium E-Zigaretten &amp; Vape Shop Deutschland","og_image":[{"width":1500,"height":1500,"url":"https:\/\/aivape.de\/wp-content\/uploads\/2026\/03\/60k-Vape-Waspe-Aiviou-60000-5.jpg","type":"image\/jpeg"}],"twitter_card":"summary_large_image","twitter_misc":{"Dur\u00e9e de lecture estim\u00e9e":"4 minutes"},"schema":{"@context":"https:\/\/schema.org","@graph":[{"@type":"WebPage","@id":"https:\/\/aivape.de\/produkt\/waspe-vape-60000-zuege-3-in-1-vape-waspe-dreifach\/","url":"https:\/\/aivape.de\/produkt\/waspe-vape-60000-zuege-3-in-1-vape-waspe-dreifach\/","name":"Waspe Vape 60000 Z\u00fcge 3 in 1 \u2013 Vape Waspe Dreifach - AiVape | Premium E-Zigaretten &amp; Vape Shop Deutschland","isPartOf":{"@id":"https:\/\/aivape.de\/#website"},"primaryImageOfPage":{"@id":"https:\/\/aivape.de\/produkt\/waspe-vape-60000-zuege-3-in-1-vape-waspe-dreifach\/#primaryimage"},"image":{"@id":"https:\/\/aivape.de\/produkt\/waspe-vape-60000-zuege-3-in-1-vape-waspe-dreifach\/#primaryimage"},"thumbnailUrl":"https:\/\/aivape.de\/wp-content\/uploads\/2026\/03\/60k-Vape-Waspe-Aiviou-60000-5.jpg","datePublished":"2026-03-25T03:53:25+00:00","description":"Waspe Vape Aiviou 60000 bouff\u00e9es 3 en 1 - E-cigarette triple saveur jetable ! 54 ml de liquide, batterie Type-C, \u00e9cran LED, 3\u00d70,9 \u03a9 coils en maille et jusqu'\u00e0 60000 bouff\u00e9es. 12 combinaisons de saveurs avec 0-5 % de nicotine. Acheter maintenant Vape Waspe !","breadcrumb":{"@id":"https:\/\/aivape.de\/produkt\/waspe-vape-60000-zuege-3-in-1-vape-waspe-dreifach\/#breadcrumb"},"inLanguage":"fr-FR","potentialAction":[{"@type":"ReadAction","target":["https:\/\/aivape.de\/produkt\/waspe-vape-60000-zuege-3-in-1-vape-waspe-dreifach\/"]}]},{"@type":"ImageObject","inLanguage":"fr-FR","@id":"https:\/\/aivape.de\/produkt\/waspe-vape-60000-zuege-3-in-1-vape-waspe-dreifach\/#primaryimage","url":"https:\/\/aivape.de\/wp-content\/uploads\/2026\/03\/60k-Vape-Waspe-Aiviou-60000-5.jpg","contentUrl":"https:\/\/aivape.de\/wp-content\/uploads\/2026\/03\/60k-Vape-Waspe-Aiviou-60000-5.jpg","width":1500,"height":1500,"caption":"Vape Waspe LED-Display Type-C Ladeanschluss"},{"@type":"BreadcrumbList","@id":"https:\/\/aivape.de\/produkt\/waspe-vape-60000-zuege-3-in-1-vape-waspe-dreifach\/#breadcrumb","itemListElement":[{"@type":"ListItem","position":1,"name":"Home","item":"https:\/\/aivape.de\/"},{"@type":"ListItem","position":2,"name":"Shop","item":"https:\/\/aivape.de\/shop\/"},{"@type":"ListItem","position":3,"name":"Waspe Vape 60000 Z\u00fcge 3 in 1 \u2013 Vape Waspe Dreifach"}]},{"@type":"WebSite","@id":"https:\/\/aivape.de\/#website","url":"https:\/\/aivape.de\/","name":"AiVape | Premium E-Zigaretten &amp; Vape Shop Deutschland","description":"Dein Experte f\u00fcr Vozol, Bang King &amp; Hifancy Vapes \u2013 Schneller EU-Versand","potentialAction":[{"@type":"SearchAction","target":{"@type":"EntryPoint","urlTemplate":"https:\/\/aivape.de\/?s={search_term_string}"},"query-input":{"@type":"PropertyValueSpecification","valueRequired":true,"valueName":"search_term_string"}}],"inLanguage":"fr-FR"}]}},"tiered_pricing_type":"fixed","tiered_pricing_fixed_rules":{"30":"11.99","50":"10.99","100":"9.98","200":"8.88"},"tiered_pricing_product_settings":{"layout":"default","base_unit_name":{"singular":null,"plural":null},"default_variation":null},"tiered_pricing_minimum_quantity":10,"tiered_pricing_roles_data":[],"tiered_pricing_percentage_rules":[],"tiered_pricing_maximum_quantity":null,"tiered_pricing_quantity_step":"10","_links":{"self":[{"href":"https:\/\/aivape.de\/fr\/wp-json\/wp\/v2\/product\/1779","targetHints":{"allow":["GET"]}}],"collection":[{"href":"https:\/\/aivape.de\/fr\/wp-json\/wp\/v2\/product"}],"about":[{"href":"https:\/\/aivape.de\/fr\/wp-json\/wp\/v2\/types\/product"}],"replies":[{"embeddable":true,"href":"https:\/\/aivape.de\/fr\/wp-json\/wp\/v2\/comments?post=1779"}],"version-history":[{"count":1,"href":"https:\/\/aivape.de\/fr\/wp-json\/wp\/v2\/product\/1779\/revisions"}],"predecessor-version":[{"id":1831,"href":"https:\/\/aivape.de\/fr\/wp-json\/wp\/v2\/product\/1779\/revisions\/1831"}],"wp:featuredmedia":[{"embeddable":true,"href":"https:\/\/aivape.de\/fr\/wp-json\/wp\/v2\/media\/1782"}],"wp:attachment":[{"href":"https:\/\/aivape.de\/fr\/wp-json\/wp\/v2\/media?parent=1779"}],"wp:term":[{"taxonomy":"product_brand","embeddable":true,"href":"https:\/\/aivape.de\/fr\/wp-json\/wp\/v2\/product_brand?post=1779"},{"taxonomy":"product_cat","embeddable":true,"href":"https:\/\/aivape.de\/fr\/wp-json\/wp\/v2\/product_cat?post=1779"},{"taxonomy":"product_tag","embeddable":true,"href":"https:\/\/aivape.de\/fr\/wp-json\/wp\/v2\/product_tag?post=1779"}],"curies":[{"name":"wp","href":"https:\/\/api.w.org\/{rel}","templated":true}]}}