{"id":7498,"date":"2026-05-04T11:34:49","date_gmt":"2026-05-04T09:34:49","guid":{"rendered":"https:\/\/aivape.de\/?post_type=product&#038;p=7498"},"modified":"2026-05-04T11:43:14","modified_gmt":"2026-05-04T09:43:14","slug":"elf-bar-18000-18-000-zuege-triple-mesh-coil-elfbar","status":"publish","type":"product","link":"https:\/\/aivape.de\/en\/product\/elf-bar-18000-18-000-zuege-triple-mesh-coil-elfbar\/","title":{"rendered":"ELF BAR 18000 | 18.000 Z\u00fcge &#038; Triple Mesh Coil | Elfbar"},"content":{"rendered":"<h1>ELF BAR 18000 \u2013 Maximale Performance mit 18.000 Z\u00fcgen<\/h1>\n<h2 data-path-to-node=\"9\"><b data-path-to-node=\"9\" data-index-in-node=\"0\">Warum die ELF BAR 18000 Ihre beste Wahl ist<\/b><\/h2>\n<h3 data-path-to-node=\"10\"><b data-path-to-node=\"10\" data-index-in-node=\"0\">\u00dcberlegener Geschmack durch Triple Mesh Coil<\/b><\/h3>\n<p data-path-to-node=\"11\">Im Kern der FS18000 arbeitet ein fortschrittliches Triple Mesh Coil System. Diese Technologie garantiert eine gleichm\u00e4\u00dfige Erhitzung des Liquids und sorgt f\u00fcr eine besonders sanfte Dampfproduktion sowie einen reichhaltigen, vollen Geschmack von der ersten bis zur letzten Sekunde.<\/p>\n<h3 data-path-to-node=\"12\"><b data-path-to-node=\"12\" data-index-in-node=\"0\">Smarte Kontrolle &amp; Benutzerfreundlichkeit<\/b><\/h3>\n<p data-path-to-node=\"13\">Thanks to the integrated <b data-path-to-node=\"13\" data-index-in-node=\"22\">Side Smart Displays<\/b> haben Sie die volle Kontrolle \u00fcber Ihr Dampferlebnis. Das Display zeigt Ihnen in Echtzeit sowohl den <b data-path-to-node=\"13\" data-index-in-node=\"143\">Akkustand<\/b> als auch das <b data-path-to-node=\"13\" data-index-in-node=\"166\">E-Liquid-Level<\/b> an, sodass Sie genau wissen, wann es Zeit zum Aufladen oder Ersetzen ist. Die zugaktivierte Automatik erm\u00f6glicht zudem ein m\u00fcheloses Inhalieren ohne Kn\u00f6pfe oder komplizierte Einstellungen.<\/p>\n<h3 data-path-to-node=\"14\"><b data-path-to-node=\"14\" data-index-in-node=\"0\">Kompaktes Premium-Design f\u00fcr unterwegs<\/b><\/h3>\n<p data-path-to-node=\"15\">Das schlanke, ergonomische Geh\u00e4use mit den Ma\u00dfen <b data-path-to-node=\"15\" data-index-in-node=\"49\">47 \u00d7 24 \u00d7 101 mm<\/b> liegt angenehm in der Hand und passt problemlos in jede Tasche. Das minimalistische \u00c4u\u00dfere verleiht der <b data-path-to-node=\"15\" data-index-in-node=\"170\">elfbar<\/b> einen modernen Look, w\u00e4hrend die solide Verarbeitungsqualit\u00e4t f\u00fcr ein hochwertiges High-End-Gef\u00fchl sorgt.<\/p>\n<hr data-path-to-node=\"16\" \/>\n<h2 data-path-to-node=\"17\"><b data-path-to-node=\"17\" data-index-in-node=\"0\">Technische Spezifikationen im \u00dcberblick<\/b><\/h2>\n<table data-path-to-node=\"18\">\n<thead>\n<tr>\n<td><strong>Feature<\/strong><\/td>\n<td><strong>Details<\/strong><\/td>\n<\/tr>\n<\/thead>\n<tbody>\n<tr>\n<td><span data-path-to-node=\"18,1,0,0\"><b data-path-to-node=\"18,1,0,0\" data-index-in-node=\"0\">Product name<\/b><\/span><\/td>\n<td><span data-path-to-node=\"18,1,1,0\"><b data-path-to-node=\"18,1,1,0\" data-index-in-node=\"0\">ELF BAR 18000<\/b> (FS18000)<\/span><\/td>\n<\/tr>\n<tr>\n<td><span data-path-to-node=\"18,2,0,0\"><b data-path-to-node=\"18,2,0,0\" data-index-in-node=\"0\">Maximale Z\u00fcge<\/b><\/span><\/td>\n<td><span data-path-to-node=\"18,2,1,0\">Bis zu 18.000 Puffs<\/span><\/td>\n<\/tr>\n<tr>\n<td><span data-path-to-node=\"18,3,0,0\"><b data-path-to-node=\"18,3,0,0\" data-index-in-node=\"0\">E-liquid capacity<\/b><\/span><\/td>\n<td><span data-path-to-node=\"18,3,1,0\">22 ml<\/span><\/td>\n<\/tr>\n<tr>\n<td><span data-path-to-node=\"18,4,0,0\"><b data-path-to-node=\"18,4,0,0\" data-index-in-node=\"0\">Battery capacity<\/b><\/span><\/td>\n<td><span data-path-to-node=\"18,4,1,0\">850 mAh (rechargeable)<\/span><\/td>\n<\/tr>\n<tr>\n<td><span data-path-to-node=\"18,5,0,0\"><b data-path-to-node=\"18,5,0,0\" data-index-in-node=\"0\">Heizelement<\/b><\/span><\/td>\n<td><span data-path-to-node=\"18,5,1,0\">Triple Mesh Coil System<\/span><\/td>\n<\/tr>\n<tr>\n<td><span data-path-to-node=\"18,6,0,0\"><b data-path-to-node=\"18,6,0,0\" data-index-in-node=\"0\">Dimensions<\/b><\/span><\/td>\n<td><span data-path-to-node=\"18,6,1,0\">47 \u00d7 24 \u00d7 101 mm<\/span><\/td>\n<\/tr>\n<tr>\n<td><span data-path-to-node=\"18,7,0,0\"><b data-path-to-node=\"18,7,0,0\" data-index-in-node=\"0\">Display<\/b><\/span><\/td>\n<td><span data-path-to-node=\"18,7,1,0\">Smartes Seitendisplay (Akku &amp; Liquid)<\/span><\/td>\n<\/tr>\n<tr>\n<td><span data-path-to-node=\"18,8,0,0\"><b data-path-to-node=\"18,8,0,0\" data-index-in-node=\"0\">System<\/b><\/span><\/td>\n<td><span data-path-to-node=\"18,8,1,0\">Zugaktiviert (Draw-activated)<\/span><\/td>\n<\/tr>\n<\/tbody>\n<\/table>\n<h2 data-path-to-node=\"20\"><b data-path-to-node=\"20\" data-index-in-node=\"0\">Ihre Vorteile auf einen Blick<\/b><\/h2>\n<ul data-path-to-node=\"21\">\n<li>\n<p data-path-to-node=\"21,0,0\"><b data-path-to-node=\"21,0,0\" data-index-in-node=\"0\">Starke und stabile Geschmacksabgabe:<\/b> Konsistente Leistung ohne verbrannten Geschmack.<\/p>\n<\/li>\n<li>\n<p data-path-to-node=\"21,1,0\"><b data-path-to-node=\"21,1,0\" data-index-in-node=\"0\">Langanhaltende Kapazit\u00e4t:<\/b> Bis zu 18.000 Z\u00fcge f\u00fcr eine extrem lange Nutzungsdauer.<\/p>\n<\/li>\n<li>\n<p data-path-to-node=\"21,2,0\"><b data-path-to-node=\"21,2,0\" data-index-in-node=\"0\">Wiederaufladbar:<\/b> Thanks to the <b data-path-to-node=\"21,2,0\" data-index-in-node=\"26\">850 mAh Akkus<\/b> kann das gesamte E-Liquid vollst\u00e4ndig genutzt werden.<\/p>\n<\/li>\n<li>\n<p data-path-to-node=\"21,3,0\"><b data-path-to-node=\"21,3,0\" data-index-in-node=\"0\">Wartungsfrei:<\/b> Kein Nachf\u00fcllen, kein Coil-Wechsel und keine m\u00fchsame Reinigung erforderlich.<\/p>\n<\/li>\n<li>\n<p data-path-to-node=\"21,4,0\"><b data-path-to-node=\"21,4,0\" data-index-in-node=\"0\">Reisefreundlich:<\/b> Kompaktes Design, ideal f\u00fcr den mobilen Einsatz.<\/p>\n<\/li>\n<\/ul>","protected":false},"excerpt":{"rendered":"<p>The <b data-path-to-node=\"7\" data-index-in-node=\"4\">ELF BAR 18000<\/b> (Modell FS18000) kombiniert die einfache Handhabung einer Einweg-E-Zigarette mit dem erstklassigen Leistungsgef\u00fchl eines Pod-Systems. Mit einer beeindruckenden Kapazit\u00e4t von bis zu <b data-path-to-node=\"7\" data-index-in-node=\"199\">18,000 trains<\/b>, einem <b data-path-to-node=\"7\" data-index-in-node=\"219\">smarten Seitendisplay<\/b> f\u00fcr Akku- und Liquidstand sowie dem innovativen <b data-path-to-node=\"7\" data-index-in-node=\"289\">Triple Mesh Coil System<\/b> setzt diese <b data-path-to-node=\"7\" data-index-in-node=\"325\">elfbar<\/b> neue Ma\u00dfst\u00e4be in Sachen Geschmack und Zuverl\u00e4ssigkeit.<\/p>","protected":false},"featured_media":7499,"comment_status":"open","ping_status":"closed","template":"","meta":[],"product_brand":[70],"product_cat":[40],"product_tag":[],"class_list":{"0":"post-7498","1":"product","2":"type-product","3":"status-publish","4":"has-post-thumbnail","6":"product_brand-elfbar","7":"product_cat-puff-18k","9":"first","10":"instock","11":"shipping-taxable","12":"purchasable","13":"product-type-variable"},"yoast_head":"<!-- This site is optimized with the Yoast SEO plugin v27.1.1 - https:\/\/yoast.com\/product\/yoast-seo-wordpress\/ -->\n<title>ELF BAR 18000 | 18.000 Z\u00fcge &amp; Triple Mesh Coil | Elfbar - AiVape | Premium E-Zigaretten &amp; Vape Shop Deutschland<\/title>\n<meta name=\"description\" content=\"Entdecken Sie die ELF BAR 18000 mit bis zu 18.000 Z\u00fcgen. Erleben Sie intensiven Geschmack dank Triple Mesh Coil und behalten Sie alles im Blick mit dem smarten Display. Jetzt kaufen!\" \/>\n<meta name=\"robots\" content=\"index, follow, max-snippet:-1, max-image-preview:large, max-video-preview:-1\" \/>\n<link rel=\"canonical\" href=\"https:\/\/aivape.de\/en\/product\/elf-bar-18000-18-000-zuege-triple-mesh-coil-elfbar\/\" \/>\n<meta property=\"og:locale\" content=\"en_US\" \/>\n<meta property=\"og:type\" content=\"article\" \/>\n<meta property=\"og:title\" content=\"ELF BAR 18000 | 18.000 Z\u00fcge &amp; Triple Mesh Coil | Elfbar - AiVape | Premium E-Zigaretten &amp; Vape Shop Deutschland\" \/>\n<meta property=\"og:description\" content=\"Entdecken Sie die ELF BAR 18000 mit bis zu 18.000 Z\u00fcgen. Erleben Sie intensiven Geschmack dank Triple Mesh Coil und behalten Sie alles im Blick mit dem smarten Display. Jetzt kaufen!\" \/>\n<meta property=\"og:url\" content=\"https:\/\/aivape.de\/en\/product\/elf-bar-18000-18-000-zuege-triple-mesh-coil-elfbar\/\" \/>\n<meta property=\"og:site_name\" content=\"AiVape | Premium E-Zigaretten &amp; Vape Shop Deutschland\" \/>\n<meta property=\"article:modified_time\" content=\"2026-05-04T09:43:14+00:00\" \/>\n<meta property=\"og:image\" content=\"https:\/\/aivape.de\/wp-content\/uploads\/2026\/05\/elf-bar-fs18000-cherry-peach-lemonade-disposable-pod-vape-50mg.webp\" \/>\n\t<meta property=\"og:image:width\" content=\"540\" \/>\n\t<meta property=\"og:image:height\" content=\"600\" \/>\n\t<meta property=\"og:image:type\" content=\"image\/webp\" \/>\n<meta name=\"twitter:card\" content=\"summary_large_image\" \/>\n<meta name=\"twitter:label1\" content=\"Est. reading time\" \/>\n\t<meta name=\"twitter:data1\" content=\"2 minutes\" \/>\n<script type=\"application\/ld+json\" class=\"yoast-schema-graph\">{\"@context\":\"https:\/\/schema.org\",\"@graph\":[{\"@type\":\"WebPage\",\"@id\":\"https:\/\/aivape.de\/produkt\/elf-bar-18000-18-000-zuege-triple-mesh-coil-elfbar\/\",\"url\":\"https:\/\/aivape.de\/produkt\/elf-bar-18000-18-000-zuege-triple-mesh-coil-elfbar\/\",\"name\":\"ELF BAR 18000 | 18.000 Z\u00fcge & Triple Mesh Coil | Elfbar - AiVape | Premium E-Zigaretten &amp; Vape Shop Deutschland\",\"isPartOf\":{\"@id\":\"https:\/\/aivape.de\/#website\"},\"primaryImageOfPage\":{\"@id\":\"https:\/\/aivape.de\/produkt\/elf-bar-18000-18-000-zuege-triple-mesh-coil-elfbar\/#primaryimage\"},\"image\":{\"@id\":\"https:\/\/aivape.de\/produkt\/elf-bar-18000-18-000-zuege-triple-mesh-coil-elfbar\/#primaryimage\"},\"thumbnailUrl\":\"https:\/\/aivape.de\/wp-content\/uploads\/2026\/05\/elf-bar-fs18000-cherry-peach-lemonade-disposable-pod-vape-50mg.webp\",\"datePublished\":\"2026-05-04T09:34:49+00:00\",\"dateModified\":\"2026-05-04T09:43:14+00:00\",\"description\":\"Entdecken Sie die ELF BAR 18000 mit bis zu 18.000 Z\u00fcgen. Erleben Sie intensiven Geschmack dank Triple Mesh Coil und behalten Sie alles im Blick mit dem smarten Display. Jetzt kaufen!\",\"breadcrumb\":{\"@id\":\"https:\/\/aivape.de\/produkt\/elf-bar-18000-18-000-zuege-triple-mesh-coil-elfbar\/#breadcrumb\"},\"inLanguage\":\"en-US\",\"potentialAction\":[{\"@type\":\"ReadAction\",\"target\":[\"https:\/\/aivape.de\/produkt\/elf-bar-18000-18-000-zuege-triple-mesh-coil-elfbar\/\"]}]},{\"@type\":\"ImageObject\",\"inLanguage\":\"en-US\",\"@id\":\"https:\/\/aivape.de\/produkt\/elf-bar-18000-18-000-zuege-triple-mesh-coil-elfbar\/#primaryimage\",\"url\":\"https:\/\/aivape.de\/wp-content\/uploads\/2026\/05\/elf-bar-fs18000-cherry-peach-lemonade-disposable-pod-vape-50mg.webp\",\"contentUrl\":\"https:\/\/aivape.de\/wp-content\/uploads\/2026\/05\/elf-bar-fs18000-cherry-peach-lemonade-disposable-pod-vape-50mg.webp\",\"width\":540,\"height\":600,\"caption\":\"elf-bar-fs18000-cherry-peach-lemonade-disposable-pod-vape-50mg\"},{\"@type\":\"BreadcrumbList\",\"@id\":\"https:\/\/aivape.de\/produkt\/elf-bar-18000-18-000-zuege-triple-mesh-coil-elfbar\/#breadcrumb\",\"itemListElement\":[{\"@type\":\"ListItem\",\"position\":1,\"name\":\"Home\",\"item\":\"https:\/\/aivape.de\/\"},{\"@type\":\"ListItem\",\"position\":2,\"name\":\"Shop\",\"item\":\"https:\/\/aivape.de\/shop\/\"},{\"@type\":\"ListItem\",\"position\":3,\"name\":\"ELF BAR 18000 | 18.000 Z\u00fcge &#038; Triple Mesh Coil | Elfbar\"}]},{\"@type\":\"WebSite\",\"@id\":\"https:\/\/aivape.de\/#website\",\"url\":\"https:\/\/aivape.de\/\",\"name\":\"AiVape | Premium E-Zigaretten &amp; Vape Shop Deutschland\",\"description\":\"Dein Experte f\u00fcr Vozol, Bang King &amp; Hifancy Vapes \u2013 Schneller EU-Versand\",\"potentialAction\":[{\"@type\":\"SearchAction\",\"target\":{\"@type\":\"EntryPoint\",\"urlTemplate\":\"https:\/\/aivape.de\/?s={search_term_string}\"},\"query-input\":{\"@type\":\"PropertyValueSpecification\",\"valueRequired\":true,\"valueName\":\"search_term_string\"}}],\"inLanguage\":\"en-US\"}]}<\/script>\n<!-- \/ Yoast SEO plugin. -->","yoast_head_json":{"title":"ELF BAR 18000 | 18.000 Z\u00fcge & Triple Mesh Coil | Elfbar - AiVape | Premium E-Zigaretten &amp; Vape Shop Deutschland","description":"Entdecken Sie die ELF BAR 18000 mit bis zu 18.000 Z\u00fcgen. Erleben Sie intensiven Geschmack dank Triple Mesh Coil und behalten Sie alles im Blick mit dem smarten Display. Jetzt kaufen!","robots":{"index":"index","follow":"follow","max-snippet":"max-snippet:-1","max-image-preview":"max-image-preview:large","max-video-preview":"max-video-preview:-1"},"canonical":"https:\/\/aivape.de\/en\/product\/elf-bar-18000-18-000-zuege-triple-mesh-coil-elfbar\/","og_locale":"en_US","og_type":"article","og_title":"ELF BAR 18000 | 18.000 Z\u00fcge & Triple Mesh Coil | Elfbar - AiVape | Premium E-Zigaretten &amp; Vape Shop Deutschland","og_description":"Entdecken Sie die ELF BAR 18000 mit bis zu 18.000 Z\u00fcgen. Erleben Sie intensiven Geschmack dank Triple Mesh Coil und behalten Sie alles im Blick mit dem smarten Display. Jetzt kaufen!","og_url":"https:\/\/aivape.de\/en\/product\/elf-bar-18000-18-000-zuege-triple-mesh-coil-elfbar\/","og_site_name":"AiVape | Premium E-Zigaretten &amp; Vape Shop Deutschland","article_modified_time":"2026-05-04T09:43:14+00:00","og_image":[{"width":540,"height":600,"url":"https:\/\/aivape.de\/wp-content\/uploads\/2026\/05\/elf-bar-fs18000-cherry-peach-lemonade-disposable-pod-vape-50mg.webp","type":"image\/webp"}],"twitter_card":"summary_large_image","twitter_misc":{"Est. reading time":"2 minutes"},"schema":{"@context":"https:\/\/schema.org","@graph":[{"@type":"WebPage","@id":"https:\/\/aivape.de\/produkt\/elf-bar-18000-18-000-zuege-triple-mesh-coil-elfbar\/","url":"https:\/\/aivape.de\/produkt\/elf-bar-18000-18-000-zuege-triple-mesh-coil-elfbar\/","name":"ELF BAR 18000 | 18.000 Z\u00fcge & Triple Mesh Coil | Elfbar - AiVape | Premium E-Zigaretten &amp; Vape Shop Deutschland","isPartOf":{"@id":"https:\/\/aivape.de\/#website"},"primaryImageOfPage":{"@id":"https:\/\/aivape.de\/produkt\/elf-bar-18000-18-000-zuege-triple-mesh-coil-elfbar\/#primaryimage"},"image":{"@id":"https:\/\/aivape.de\/produkt\/elf-bar-18000-18-000-zuege-triple-mesh-coil-elfbar\/#primaryimage"},"thumbnailUrl":"https:\/\/aivape.de\/wp-content\/uploads\/2026\/05\/elf-bar-fs18000-cherry-peach-lemonade-disposable-pod-vape-50mg.webp","datePublished":"2026-05-04T09:34:49+00:00","dateModified":"2026-05-04T09:43:14+00:00","description":"Entdecken Sie die ELF BAR 18000 mit bis zu 18.000 Z\u00fcgen. Erleben Sie intensiven Geschmack dank Triple Mesh Coil und behalten Sie alles im Blick mit dem smarten Display. Jetzt kaufen!","breadcrumb":{"@id":"https:\/\/aivape.de\/produkt\/elf-bar-18000-18-000-zuege-triple-mesh-coil-elfbar\/#breadcrumb"},"inLanguage":"en-US","potentialAction":[{"@type":"ReadAction","target":["https:\/\/aivape.de\/produkt\/elf-bar-18000-18-000-zuege-triple-mesh-coil-elfbar\/"]}]},{"@type":"ImageObject","inLanguage":"en-US","@id":"https:\/\/aivape.de\/produkt\/elf-bar-18000-18-000-zuege-triple-mesh-coil-elfbar\/#primaryimage","url":"https:\/\/aivape.de\/wp-content\/uploads\/2026\/05\/elf-bar-fs18000-cherry-peach-lemonade-disposable-pod-vape-50mg.webp","contentUrl":"https:\/\/aivape.de\/wp-content\/uploads\/2026\/05\/elf-bar-fs18000-cherry-peach-lemonade-disposable-pod-vape-50mg.webp","width":540,"height":600,"caption":"elf-bar-fs18000-cherry-peach-lemonade-disposable-pod-vape-50mg"},{"@type":"BreadcrumbList","@id":"https:\/\/aivape.de\/produkt\/elf-bar-18000-18-000-zuege-triple-mesh-coil-elfbar\/#breadcrumb","itemListElement":[{"@type":"ListItem","position":1,"name":"Home","item":"https:\/\/aivape.de\/"},{"@type":"ListItem","position":2,"name":"Shop","item":"https:\/\/aivape.de\/shop\/"},{"@type":"ListItem","position":3,"name":"ELF BAR 18000 | 18.000 Z\u00fcge &#038; Triple Mesh Coil | Elfbar"}]},{"@type":"WebSite","@id":"https:\/\/aivape.de\/#website","url":"https:\/\/aivape.de\/","name":"AiVape | Premium E-Zigaretten &amp; Vape Shop Deutschland","description":"Dein Experte f\u00fcr Vozol, Bang King &amp; Hifancy Vapes \u2013 Schneller EU-Versand","potentialAction":[{"@type":"SearchAction","target":{"@type":"EntryPoint","urlTemplate":"https:\/\/aivape.de\/?s={search_term_string}"},"query-input":{"@type":"PropertyValueSpecification","valueRequired":true,"valueName":"search_term_string"}}],"inLanguage":"en-US"}]}},"tiered_pricing_type":"fixed","tiered_pricing_fixed_rules":{"30":"15.42","50":"14.12","100":"12.78","200":"11.98"},"tiered_pricing_product_settings":{"layout":"default","base_unit_name":{"singular":null,"plural":null},"default_variation":null},"tiered_pricing_minimum_quantity":10,"tiered_pricing_roles_data":[],"tiered_pricing_percentage_rules":[],"tiered_pricing_maximum_quantity":null,"tiered_pricing_quantity_step":"10","_links":{"self":[{"href":"https:\/\/aivape.de\/en\/wp-json\/wp\/v2\/product\/7498","targetHints":{"allow":["GET"]}}],"collection":[{"href":"https:\/\/aivape.de\/en\/wp-json\/wp\/v2\/product"}],"about":[{"href":"https:\/\/aivape.de\/en\/wp-json\/wp\/v2\/types\/product"}],"replies":[{"embeddable":true,"href":"https:\/\/aivape.de\/en\/wp-json\/wp\/v2\/comments?post=7498"}],"version-history":[{"count":1,"href":"https:\/\/aivape.de\/en\/wp-json\/wp\/v2\/product\/7498\/revisions"}],"predecessor-version":[{"id":7506,"href":"https:\/\/aivape.de\/en\/wp-json\/wp\/v2\/product\/7498\/revisions\/7506"}],"wp:featuredmedia":[{"embeddable":true,"href":"https:\/\/aivape.de\/en\/wp-json\/wp\/v2\/media\/7499"}],"wp:attachment":[{"href":"https:\/\/aivape.de\/en\/wp-json\/wp\/v2\/media?parent=7498"}],"wp:term":[{"taxonomy":"product_brand","embeddable":true,"href":"https:\/\/aivape.de\/en\/wp-json\/wp\/v2\/product_brand?post=7498"},{"taxonomy":"product_cat","embeddable":true,"href":"https:\/\/aivape.de\/en\/wp-json\/wp\/v2\/product_cat?post=7498"},{"taxonomy":"product_tag","embeddable":true,"href":"https:\/\/aivape.de\/en\/wp-json\/wp\/v2\/product_tag?post=7498"}],"curies":[{"name":"wp","href":"https:\/\/api.w.org\/{rel}","templated":true}]}}