{"id":7323,"date":"2026-05-04T05:35:54","date_gmt":"2026-05-04T03:35:54","guid":{"rendered":"https:\/\/aivape.de\/?post_type=product&#038;p=7323"},"modified":"2026-05-04T05:35:56","modified_gmt":"2026-05-04T03:35:56","slug":"zooy-zero-45000-45-000-zuege-innovative-nic-ice-kontrolle-zooy","status":"publish","type":"product","link":"https:\/\/aivape.de\/en\/product\/zooy-zero-45000-45-000-zuege-innovative-nic-ice-kontrolle-zooy\/","title":{"rendered":"ZOOY ZERO 45000 | 45.000 Z\u00fcge &#038; Innovative NIC\/ICE Kontrolle | Zooy"},"content":{"rendered":"<h2 data-path-to-node=\"10\"><b data-path-to-node=\"10\" data-index-in-node=\"0\">Warum die ZOOY ZERO 45000 Ihr Dampferlebnis ver\u00e4ndert<\/b><\/h2>\n<h3 data-path-to-node=\"11\"><b data-path-to-node=\"11\" data-index-in-node=\"0\">Einzigartige NIC &amp; ICE Control Technologie<\/b><\/h3>\n<p data-path-to-node=\"12\">H\u00f6ren Sie auf, Kompromisse einzugehen. Mit dem innovativen <b data-path-to-node=\"12\" data-index-in-node=\"59\">NIC &amp; ICE Control<\/b> System der <b data-path-to-node=\"12\" data-index-in-node=\"88\">zooy<\/b> Zero 45000 k\u00f6nnen Sie sowohl den Nikotingehalt als auch den Frische-Kick (Cooling) pr\u00e4zise steuern. Ob starker Throat-Hit oder sanfter Genuss \u2013 Sie haben die volle Kontrolle \u00fcber die Intensit\u00e4t bei jedem Zug.<\/p>\n<h3 data-path-to-node=\"13\"><b data-path-to-node=\"13\" data-index-in-node=\"0\">Dual Mesh Coil System: 0.6\u03a9 &amp; 1.5\u03a9<\/b><\/h3>\n<p data-path-to-node=\"14\">The <b data-path-to-node=\"14\" data-index-in-node=\"4\">ZOOY ZERO 45000<\/b> nutzt ein hochentwickeltes <b data-path-to-node=\"14\" data-index-in-node=\"47\">Dual Mesh Coil<\/b> System. Der <b data-path-to-node=\"14\" data-index-in-node=\"74\">0.6\u03a9 Widerstand<\/b> sorgt f\u00fcr dichte Dampfwolken und intensive Geschmacksentfaltung, w\u00e4hrend der <b data-path-to-node=\"14\" data-index-in-node=\"167\">1.5\u03a9 Widerstand<\/b> ein sanftes und gleichm\u00e4\u00dfiges Erlebnis garantiert. Diese Kombination optimiert die Verdampfung des E-Liquids \u00fcber die gesamte Lebensdauer des Ger\u00e4ts.<\/p>\n<h3 data-path-to-node=\"15\"><b data-path-to-node=\"15\" data-index-in-node=\"0\">Smartes LED-Display und 1000mAh Power<\/b><\/h3>\n<p data-path-to-node=\"16\">Behalten Sie jederzeit den \u00dcberblick. Das integrierte <b data-path-to-node=\"16\" data-index-in-node=\"54\">Smart LED-Display<\/b> zeigt Ihnen den aktuellen Batteriestand, die verbleibenden Puffs und den Liquidstand in Echtzeit an. Unterst\u00fctzt durch einen massiven <b data-path-to-node=\"16\" data-index-in-node=\"206\">1000mAh battery<\/b> and <b data-path-to-node=\"16\" data-index-in-node=\"223\">Type-C fast charging<\/b>, ist Ihre <b data-path-to-node=\"16\" data-index-in-node=\"254\">zooy<\/b> Vape immer einsatzbereit.<\/p>\n<hr data-path-to-node=\"17\" \/>\n<h2 data-path-to-node=\"18\"><b data-path-to-node=\"18\" data-index-in-node=\"0\">Technical specifications <\/b><\/h2>\n<table data-path-to-node=\"19\">\n<thead>\n<tr>\n<td><strong>Parameters<\/strong><\/td>\n<td><strong>Details<\/strong><\/td>\n<td><\/td>\n<\/tr>\n<\/thead>\n<tbody>\n<tr>\n<td><span data-path-to-node=\"19,1,0,0\"><b data-path-to-node=\"19,1,0,0\" data-index-in-node=\"0\">Brand<\/b><\/span><\/td>\n<td><span data-path-to-node=\"19,1,1,0\"><b data-path-to-node=\"19,1,1,0\" data-index-in-node=\"0\">Zooy<\/b><\/span><\/td>\n<td><\/td>\n<\/tr>\n<tr>\n<td><span data-path-to-node=\"19,2,0,0\"><b data-path-to-node=\"19,2,0,0\" data-index-in-node=\"0\">Model<\/b><\/span><\/td>\n<td><span data-path-to-node=\"19,2,1,0\">ZOOY ZERO 45000<\/span><\/td>\n<td><\/td>\n<\/tr>\n<tr>\n<td><span data-path-to-node=\"19,3,0,0\"><b data-path-to-node=\"19,3,0,0\" data-index-in-node=\"0\">Puff-Kapazit\u00e4t<\/b><\/span><\/td>\n<td><span data-path-to-node=\"19,3,1,0\">Up to 45,000 trains<\/span><\/td>\n<td><\/td>\n<\/tr>\n<tr>\n<td><span data-path-to-node=\"19,4,0,0\"><b data-path-to-node=\"19,4,0,0\" data-index-in-node=\"0\">Special feature<\/b><\/span><\/td>\n<td><span data-path-to-node=\"19,4,1,0\">NIC &amp; ICE Control (Einstellbar)<\/span><\/td>\n<td><\/td>\n<\/tr>\n<tr>\n<td><span data-path-to-node=\"19,5,0,0\"><b data-path-to-node=\"19,5,0,0\" data-index-in-node=\"0\">Dampf-Modi<\/b><\/span><\/td>\n<td><span data-path-to-node=\"19,5,1,0\">Einstellbarer Airflow (MTL &amp; DTL)<\/span><\/td>\n<td><\/td>\n<\/tr>\n<tr>\n<td><span data-path-to-node=\"19,6,0,0\"><b data-path-to-node=\"19,6,0,0\" data-index-in-node=\"0\">Heizelement<\/b><\/span><\/td>\n<td><span data-path-to-node=\"19,6,1,0\">0.6\u03a9 + 1.5\u03a9 Dual Mesh Coil<\/span><\/td>\n<td><\/td>\n<\/tr>\n<tr>\n<td><span data-path-to-node=\"19,7,0,0\"><b data-path-to-node=\"19,7,0,0\" data-index-in-node=\"0\">Battery capacity<\/b><\/span><\/td>\n<td><span data-path-to-node=\"19,7,1,0\">1000mAh (Wiederaufladbar)<\/span><\/td>\n<td><\/td>\n<\/tr>\n<tr>\n<td><span data-path-to-node=\"19,8,0,0\"><b data-path-to-node=\"19,8,0,0\" data-index-in-node=\"0\">Charging connection<\/b><\/span><\/td>\n<td><span data-path-to-node=\"19,8,1,0\">USB Type-C (Fast Charging)<\/span><\/td>\n<td><\/td>\n<\/tr>\n<tr>\n<td><span data-path-to-node=\"19,9,0,0\"><b data-path-to-node=\"19,9,0,0\" data-index-in-node=\"0\">Anzeige<\/b><\/span><\/td>\n<td><span data-path-to-node=\"19,9,1,0\">Smart LED Screen (Batterie, Puff, Liquid)<\/span><\/td>\n<td><\/td>\n<\/tr>\n<tr>\n<td><span data-path-to-node=\"19,10,0,0\"><b data-path-to-node=\"19,10,0,0\" data-index-in-node=\"0\">Flavors<\/b><\/span><\/td>\n<td><span data-path-to-node=\"19,10,1,0\">10 Premium Optionen verf\u00fcgbar<\/span><\/td>\n<td><\/td>\n<\/tr>\n<\/tbody>\n<\/table>\n<h2 data-path-to-node=\"21\"><b data-path-to-node=\"21\" data-index-in-node=\"0\">Ma\u00dfgeschneidertes Vaping: MTL oder DTL<\/b><\/h2>\n<p data-path-to-node=\"22\">Thanks to the <b data-path-to-node=\"22\" data-index-in-node=\"9\">einstellbaren Airflows<\/b> (Luftstromkontrolle) erm\u00f6glicht die <b data-path-to-node=\"22\" data-index-in-node=\"68\">ZOOY ZERO 45000<\/b> den nahtlosen Wechsel zwischen <b data-path-to-node=\"22\" data-index-in-node=\"115\">MTL<\/b> (Mouth-to-Lung) f\u00fcr einen zigaretten\u00e4hnlichen Zug und <b data-path-to-node=\"22\" data-index-in-node=\"173\">DTL<\/b> (Direct-to-Lung) f\u00fcr maximale Dampfproduktion. Passen Sie den Zugwiderstand einfach an Ihren pers\u00f6nlichen Stil an.<\/p>","protected":false},"excerpt":{"rendered":"<p>The <b data-path-to-node=\"8\" data-index-in-node=\"4\">ZOOY ZERO 45000<\/b> definiert die Grenzen der Einweg-E-Zigaretten neu. Mit einer beeindruckenden Kapazit\u00e4t von bis zu <b data-path-to-node=\"8\" data-index-in-node=\"118\">45,000 trains<\/b> and the groundbreaking <b data-path-to-node=\"8\" data-index-in-node=\"154\">NIC &amp; ICE Control<\/b> Technologie bietet dieses Ger\u00e4t von <b data-path-to-node=\"8\" data-index-in-node=\"208\">zooy<\/b> eine bisher unerreichte Kontrolle \u00fcber Ihr Dampferlebnis. Passen Sie Nikotinst\u00e4rke und K\u00fchle-Intensit\u00e4t individuell an Ihre Vorlieben an. Ausgestattet mit einem <b data-path-to-node=\"8\" data-index-in-node=\"374\">Dual Mesh Coil<\/b> (0.6\u03a9 + 1.5\u03a9) f\u00fcr optimierten Geschmack und einem smarten LED-Display, ist die ZOOY ZERO 45000 die erste Wahl f\u00fcr anspruchsvolle Vaper.<\/p>","protected":false},"featured_media":7325,"comment_status":"open","ping_status":"closed","template":"","meta":[],"product_brand":[101],"product_cat":[34],"product_tag":[],"class_list":{"0":"post-7323","1":"product","2":"type-product","3":"status-publish","4":"has-post-thumbnail","6":"product_brand-zooy","7":"product_cat-puff-45k","9":"first","10":"instock","11":"shipping-taxable","12":"purchasable","13":"product-type-variable"},"yoast_head":"<!-- This site is optimized with the Yoast SEO plugin v27.1.1 - https:\/\/yoast.com\/product\/yoast-seo-wordpress\/ -->\n<title>ZOOY ZERO 45000 | 45.000 Z\u00fcge &amp; Innovative NIC\/ICE Kontrolle | Zooy - AiVape | Premium E-Zigaretten &amp; Vape Shop Deutschland<\/title>\n<meta name=\"description\" content=\"Erleben Sie die ZOOY ZERO 45000 mit 45.000 Puffs. Einzigartige Kontrolle \u00fcber Nikotin &amp; K\u00fchlung (NIC &amp; ICE), Dual Mesh Coil und Smart-Display. Jetzt Zooy kaufen!\" \/>\n<meta name=\"robots\" content=\"index, follow, max-snippet:-1, max-image-preview:large, max-video-preview:-1\" \/>\n<link rel=\"canonical\" href=\"https:\/\/aivape.de\/en\/product\/zooy-zero-45000-45-000-zuege-innovative-nic-ice-kontrolle-zooy\/\" \/>\n<meta property=\"og:locale\" content=\"en_US\" \/>\n<meta property=\"og:type\" content=\"article\" \/>\n<meta property=\"og:title\" content=\"ZOOY ZERO 45000 | 45.000 Z\u00fcge &amp; Innovative NIC\/ICE Kontrolle | Zooy - AiVape | Premium E-Zigaretten &amp; Vape Shop Deutschland\" \/>\n<meta property=\"og:description\" content=\"Erleben Sie die ZOOY ZERO 45000 mit 45.000 Puffs. Einzigartige Kontrolle \u00fcber Nikotin &amp; K\u00fchlung (NIC &amp; ICE), Dual Mesh Coil und Smart-Display. Jetzt Zooy kaufen!\" \/>\n<meta property=\"og:url\" content=\"https:\/\/aivape.de\/en\/product\/zooy-zero-45000-45-000-zuege-innovative-nic-ice-kontrolle-zooy\/\" \/>\n<meta property=\"og:site_name\" content=\"AiVape | Premium E-Zigaretten &amp; Vape Shop Deutschland\" \/>\n<meta property=\"article:modified_time\" content=\"2026-05-04T03:35:56+00:00\" \/>\n<meta property=\"og:image\" content=\"https:\/\/aivape.de\/wp-content\/uploads\/2026\/05\/zooy-zero-45000-45k-puffs-main-picture.webp\" \/>\n\t<meta property=\"og:image:width\" content=\"800\" \/>\n\t<meta property=\"og:image:height\" content=\"800\" \/>\n\t<meta property=\"og:image:type\" content=\"image\/webp\" \/>\n<meta name=\"twitter:card\" content=\"summary_large_image\" \/>\n<meta name=\"twitter:label1\" content=\"Est. reading time\" \/>\n\t<meta name=\"twitter:data1\" content=\"2 minutes\" \/>\n<script type=\"application\/ld+json\" class=\"yoast-schema-graph\">{\"@context\":\"https:\/\/schema.org\",\"@graph\":[{\"@type\":\"WebPage\",\"@id\":\"https:\/\/aivape.de\/produkt\/zooy-zero-45000-45-000-zuege-innovative-nic-ice-kontrolle-zooy\/\",\"url\":\"https:\/\/aivape.de\/produkt\/zooy-zero-45000-45-000-zuege-innovative-nic-ice-kontrolle-zooy\/\",\"name\":\"ZOOY ZERO 45000 | 45.000 Z\u00fcge & Innovative NIC\/ICE Kontrolle | Zooy - AiVape | Premium E-Zigaretten &amp; Vape Shop Deutschland\",\"isPartOf\":{\"@id\":\"https:\/\/aivape.de\/#website\"},\"primaryImageOfPage\":{\"@id\":\"https:\/\/aivape.de\/produkt\/zooy-zero-45000-45-000-zuege-innovative-nic-ice-kontrolle-zooy\/#primaryimage\"},\"image\":{\"@id\":\"https:\/\/aivape.de\/produkt\/zooy-zero-45000-45-000-zuege-innovative-nic-ice-kontrolle-zooy\/#primaryimage\"},\"thumbnailUrl\":\"https:\/\/aivape.de\/wp-content\/uploads\/2026\/05\/zooy-zero-45000-45k-puffs-main-picture.webp\",\"datePublished\":\"2026-05-04T03:35:54+00:00\",\"dateModified\":\"2026-05-04T03:35:56+00:00\",\"description\":\"Erleben Sie die ZOOY ZERO 45000 mit 45.000 Puffs. Einzigartige Kontrolle \u00fcber Nikotin & K\u00fchlung (NIC & ICE), Dual Mesh Coil und Smart-Display. Jetzt Zooy kaufen!\",\"breadcrumb\":{\"@id\":\"https:\/\/aivape.de\/produkt\/zooy-zero-45000-45-000-zuege-innovative-nic-ice-kontrolle-zooy\/#breadcrumb\"},\"inLanguage\":\"en-US\",\"potentialAction\":[{\"@type\":\"ReadAction\",\"target\":[\"https:\/\/aivape.de\/produkt\/zooy-zero-45000-45-000-zuege-innovative-nic-ice-kontrolle-zooy\/\"]}]},{\"@type\":\"ImageObject\",\"inLanguage\":\"en-US\",\"@id\":\"https:\/\/aivape.de\/produkt\/zooy-zero-45000-45-000-zuege-innovative-nic-ice-kontrolle-zooy\/#primaryimage\",\"url\":\"https:\/\/aivape.de\/wp-content\/uploads\/2026\/05\/zooy-zero-45000-45k-puffs-main-picture.webp\",\"contentUrl\":\"https:\/\/aivape.de\/wp-content\/uploads\/2026\/05\/zooy-zero-45000-45k-puffs-main-picture.webp\",\"width\":800,\"height\":800,\"caption\":\"zooy-zero-45000-45k-puffs-main-picture\"},{\"@type\":\"BreadcrumbList\",\"@id\":\"https:\/\/aivape.de\/produkt\/zooy-zero-45000-45-000-zuege-innovative-nic-ice-kontrolle-zooy\/#breadcrumb\",\"itemListElement\":[{\"@type\":\"ListItem\",\"position\":1,\"name\":\"Home\",\"item\":\"https:\/\/aivape.de\/\"},{\"@type\":\"ListItem\",\"position\":2,\"name\":\"Shop\",\"item\":\"https:\/\/aivape.de\/shop\/\"},{\"@type\":\"ListItem\",\"position\":3,\"name\":\"ZOOY ZERO 45000 | 45.000 Z\u00fcge &#038; Innovative NIC\/ICE Kontrolle | Zooy\"}]},{\"@type\":\"WebSite\",\"@id\":\"https:\/\/aivape.de\/#website\",\"url\":\"https:\/\/aivape.de\/\",\"name\":\"AiVape | Premium E-Zigaretten &amp; Vape Shop Deutschland\",\"description\":\"Dein Experte f\u00fcr Vozol, Bang King &amp; Hifancy Vapes \u2013 Schneller EU-Versand\",\"potentialAction\":[{\"@type\":\"SearchAction\",\"target\":{\"@type\":\"EntryPoint\",\"urlTemplate\":\"https:\/\/aivape.de\/?s={search_term_string}\"},\"query-input\":{\"@type\":\"PropertyValueSpecification\",\"valueRequired\":true,\"valueName\":\"search_term_string\"}}],\"inLanguage\":\"en-US\"}]}<\/script>\n<!-- \/ Yoast SEO plugin. -->","yoast_head_json":{"title":"ZOOY ZERO 45000 | 45.000 Z\u00fcge & Innovative NIC\/ICE Kontrolle | Zooy - AiVape | Premium E-Zigaretten &amp; Vape Shop Deutschland","description":"Erleben Sie die ZOOY ZERO 45000 mit 45.000 Puffs. Einzigartige Kontrolle \u00fcber Nikotin & K\u00fchlung (NIC & ICE), Dual Mesh Coil und Smart-Display. Jetzt Zooy kaufen!","robots":{"index":"index","follow":"follow","max-snippet":"max-snippet:-1","max-image-preview":"max-image-preview:large","max-video-preview":"max-video-preview:-1"},"canonical":"https:\/\/aivape.de\/en\/product\/zooy-zero-45000-45-000-zuege-innovative-nic-ice-kontrolle-zooy\/","og_locale":"en_US","og_type":"article","og_title":"ZOOY ZERO 45000 | 45.000 Z\u00fcge & Innovative NIC\/ICE Kontrolle | Zooy - AiVape | Premium E-Zigaretten &amp; Vape Shop Deutschland","og_description":"Erleben Sie die ZOOY ZERO 45000 mit 45.000 Puffs. Einzigartige Kontrolle \u00fcber Nikotin & K\u00fchlung (NIC & ICE), Dual Mesh Coil und Smart-Display. Jetzt Zooy kaufen!","og_url":"https:\/\/aivape.de\/en\/product\/zooy-zero-45000-45-000-zuege-innovative-nic-ice-kontrolle-zooy\/","og_site_name":"AiVape | Premium E-Zigaretten &amp; Vape Shop Deutschland","article_modified_time":"2026-05-04T03:35:56+00:00","og_image":[{"width":800,"height":800,"url":"https:\/\/aivape.de\/wp-content\/uploads\/2026\/05\/zooy-zero-45000-45k-puffs-main-picture.webp","type":"image\/webp"}],"twitter_card":"summary_large_image","twitter_misc":{"Est. reading time":"2 minutes"},"schema":{"@context":"https:\/\/schema.org","@graph":[{"@type":"WebPage","@id":"https:\/\/aivape.de\/produkt\/zooy-zero-45000-45-000-zuege-innovative-nic-ice-kontrolle-zooy\/","url":"https:\/\/aivape.de\/produkt\/zooy-zero-45000-45-000-zuege-innovative-nic-ice-kontrolle-zooy\/","name":"ZOOY ZERO 45000 | 45.000 Z\u00fcge & Innovative NIC\/ICE Kontrolle | Zooy - AiVape | Premium E-Zigaretten &amp; Vape Shop Deutschland","isPartOf":{"@id":"https:\/\/aivape.de\/#website"},"primaryImageOfPage":{"@id":"https:\/\/aivape.de\/produkt\/zooy-zero-45000-45-000-zuege-innovative-nic-ice-kontrolle-zooy\/#primaryimage"},"image":{"@id":"https:\/\/aivape.de\/produkt\/zooy-zero-45000-45-000-zuege-innovative-nic-ice-kontrolle-zooy\/#primaryimage"},"thumbnailUrl":"https:\/\/aivape.de\/wp-content\/uploads\/2026\/05\/zooy-zero-45000-45k-puffs-main-picture.webp","datePublished":"2026-05-04T03:35:54+00:00","dateModified":"2026-05-04T03:35:56+00:00","description":"Erleben Sie die ZOOY ZERO 45000 mit 45.000 Puffs. Einzigartige Kontrolle \u00fcber Nikotin & K\u00fchlung (NIC & ICE), Dual Mesh Coil und Smart-Display. Jetzt Zooy kaufen!","breadcrumb":{"@id":"https:\/\/aivape.de\/produkt\/zooy-zero-45000-45-000-zuege-innovative-nic-ice-kontrolle-zooy\/#breadcrumb"},"inLanguage":"en-US","potentialAction":[{"@type":"ReadAction","target":["https:\/\/aivape.de\/produkt\/zooy-zero-45000-45-000-zuege-innovative-nic-ice-kontrolle-zooy\/"]}]},{"@type":"ImageObject","inLanguage":"en-US","@id":"https:\/\/aivape.de\/produkt\/zooy-zero-45000-45-000-zuege-innovative-nic-ice-kontrolle-zooy\/#primaryimage","url":"https:\/\/aivape.de\/wp-content\/uploads\/2026\/05\/zooy-zero-45000-45k-puffs-main-picture.webp","contentUrl":"https:\/\/aivape.de\/wp-content\/uploads\/2026\/05\/zooy-zero-45000-45k-puffs-main-picture.webp","width":800,"height":800,"caption":"zooy-zero-45000-45k-puffs-main-picture"},{"@type":"BreadcrumbList","@id":"https:\/\/aivape.de\/produkt\/zooy-zero-45000-45-000-zuege-innovative-nic-ice-kontrolle-zooy\/#breadcrumb","itemListElement":[{"@type":"ListItem","position":1,"name":"Home","item":"https:\/\/aivape.de\/"},{"@type":"ListItem","position":2,"name":"Shop","item":"https:\/\/aivape.de\/shop\/"},{"@type":"ListItem","position":3,"name":"ZOOY ZERO 45000 | 45.000 Z\u00fcge &#038; Innovative NIC\/ICE Kontrolle | Zooy"}]},{"@type":"WebSite","@id":"https:\/\/aivape.de\/#website","url":"https:\/\/aivape.de\/","name":"AiVape | Premium E-Zigaretten &amp; Vape Shop Deutschland","description":"Dein Experte f\u00fcr Vozol, Bang King &amp; Hifancy Vapes \u2013 Schneller EU-Versand","potentialAction":[{"@type":"SearchAction","target":{"@type":"EntryPoint","urlTemplate":"https:\/\/aivape.de\/?s={search_term_string}"},"query-input":{"@type":"PropertyValueSpecification","valueRequired":true,"valueName":"search_term_string"}}],"inLanguage":"en-US"}]}},"tiered_pricing_type":"fixed","tiered_pricing_fixed_rules":{"30":"10.99","50":"9.98","100":"8.88","200":"7.98"},"tiered_pricing_product_settings":{"layout":"default","base_unit_name":{"singular":null,"plural":null},"default_variation":null},"tiered_pricing_minimum_quantity":10,"tiered_pricing_roles_data":[],"tiered_pricing_percentage_rules":[],"tiered_pricing_maximum_quantity":null,"tiered_pricing_quantity_step":"10","_links":{"self":[{"href":"https:\/\/aivape.de\/en\/wp-json\/wp\/v2\/product\/7323","targetHints":{"allow":["GET"]}}],"collection":[{"href":"https:\/\/aivape.de\/en\/wp-json\/wp\/v2\/product"}],"about":[{"href":"https:\/\/aivape.de\/en\/wp-json\/wp\/v2\/types\/product"}],"replies":[{"embeddable":true,"href":"https:\/\/aivape.de\/en\/wp-json\/wp\/v2\/comments?post=7323"}],"version-history":[{"count":1,"href":"https:\/\/aivape.de\/en\/wp-json\/wp\/v2\/product\/7323\/revisions"}],"predecessor-version":[{"id":7363,"href":"https:\/\/aivape.de\/en\/wp-json\/wp\/v2\/product\/7323\/revisions\/7363"}],"wp:featuredmedia":[{"embeddable":true,"href":"https:\/\/aivape.de\/en\/wp-json\/wp\/v2\/media\/7325"}],"wp:attachment":[{"href":"https:\/\/aivape.de\/en\/wp-json\/wp\/v2\/media?parent=7323"}],"wp:term":[{"taxonomy":"product_brand","embeddable":true,"href":"https:\/\/aivape.de\/en\/wp-json\/wp\/v2\/product_brand?post=7323"},{"taxonomy":"product_cat","embeddable":true,"href":"https:\/\/aivape.de\/en\/wp-json\/wp\/v2\/product_cat?post=7323"},{"taxonomy":"product_tag","embeddable":true,"href":"https:\/\/aivape.de\/en\/wp-json\/wp\/v2\/product_tag?post=7323"}],"curies":[{"name":"wp","href":"https:\/\/api.w.org\/{rel}","templated":true}]}}