{"id":1655,"date":"2026-03-24T09:40:13","date_gmt":"2026-03-24T08:40:13","guid":{"rendered":"https:\/\/aivape.de\/?post_type=product&#038;p=1655"},"modified":"2026-03-24T10:15:50","modified_gmt":"2026-03-24T09:15:50","slug":"airmez-xbeat-40000-puffs-vape-mit-tws-earbuds-xbeats-vape","status":"publish","type":"product","link":"https:\/\/aivape.de\/en\/product\/airmez-xbeat-40000-puffs-vape-mit-tws-earbuds-xbeats-vape\/","title":{"rendered":"Airmez Xbeat 40000 Puffs Vape with TWS Earbuds | XBeats Vape"},"content":{"rendered":"<h1 dir=\"auto\">Airmez Xbeat 40000 Puffs Vape with integrated TWS headphones<\/h1>\n<p dir=\"auto\">Discover the <strong>Airmez Xbeat 40000 Puffs Vape<\/strong> - the revolutionary <strong>XBeats Vape<\/strong>, that perfectly combines vaping and music. This unique <strong>TWS Vape<\/strong> is one of the first devices in the world to offer a powerful <strong>40000 Puffs Vape<\/strong> with high-quality integrated TWS earbuds.<\/p>\n<p dir=\"auto\">With the advanced Dual Mesh Coils technology, the <strong>Airmez XBeats<\/strong> dense, even vapor and intense flavor development. The 20 ml pre-filled e-liquid and the 1000 mAh battery ensure that you can vape with the <strong>XBeats Vape<\/strong> enjoy up to 40,000 puffs - without constant recharging or changing.<\/p>\n<p dir=\"auto\">The highlight of the <strong>Airmez Xbeat 40000 Puffs Vape<\/strong> are the built-in HI-FI TWS earbuds with Bluetooth 5.0. Simply take out the headphones, connect them via Bluetooth and enjoy crystal-clear sound - ideal for commuting, sports or leisure. The <strong>TWS Vape<\/strong> turns your vaping experience into a real multi-sensory highlight.<\/p>\n<p dir=\"auto\">Practical features such as adjustable airflow, LED display for battery status and e-liquid fill level as well as fast USB Type-C charging make the <strong>Airmez XBeats<\/strong> particularly user-friendly. Available in 15 delicious flavors.<\/p>\n<p dir=\"auto\"><img loading=\"lazy\" decoding=\"async\" class=\"wd-lazy-fade alignnone wp-image-1673\" src=\"https:\/\/aivape.de\/wp-content\/themes\/woodmart\/images\/lazy.svg\" data-src=\"https:\/\/aivape.de\/wp-content\/uploads\/2026\/03\/Airmez-XBeats-40000-Puffs-Disposable-Vape-3-1-300x169.png\" alt=\"Airmez XBeats 40000 Puffs Disposable Vape (3)\" width=\"984\" height=\"554\" srcset=\"\" data-srcset=\"https:\/\/aivape.de\/wp-content\/uploads\/2026\/03\/Airmez-XBeats-40000-Puffs-Disposable-Vape-3-1-300x169.png 300w, https:\/\/aivape.de\/wp-content\/uploads\/2026\/03\/Airmez-XBeats-40000-Puffs-Disposable-Vape-3-1-1024x575.png 1024w, https:\/\/aivape.de\/wp-content\/uploads\/2026\/03\/Airmez-XBeats-40000-Puffs-Disposable-Vape-3-1-768x432.png 768w, https:\/\/aivape.de\/wp-content\/uploads\/2026\/03\/Airmez-XBeats-40000-Puffs-Disposable-Vape-3-1-1536x863.png 1536w, https:\/\/aivape.de\/wp-content\/uploads\/2026\/03\/Airmez-XBeats-40000-Puffs-Disposable-Vape-3-1-1200x674.png 1200w, https:\/\/aivape.de\/wp-content\/uploads\/2026\/03\/Airmez-XBeats-40000-Puffs-Disposable-Vape-3-1-150x84.png 150w, https:\/\/aivape.de\/wp-content\/uploads\/2026\/03\/Airmez-XBeats-40000-Puffs-Disposable-Vape-3-1.png 1920w\" sizes=\"auto, (max-width: 984px) 100vw, 984px\" \/><\/p>\n<h3 dir=\"auto\">Technical data<\/h3>\n<ul dir=\"auto\">\n<li>Maximum puffs: Up to 40,000 puffs<\/li>\n<li>Prefilled capacity: 20 ml<\/li>\n<li>Battery capacity: 1000 mAh<\/li>\n<li>Nicotine strength: 5 %<\/li>\n<li>Heating element: Dual Mesh Coils<\/li>\n<li>Air flow: Adjustable<\/li>\n<li>Display: LED screen<\/li>\n<li>Charging port: USB Type-C<\/li>\n<li>Integrated function: HI-FI TWS earbuds with Bluetooth 5.0<\/li>\n<li>Flavors: 15 available<\/li>\n<\/ul>\n<h3 dir=\"auto\">Why Airmez Xbeat 40000 Puffs Vape?<\/h3>\n<ul dir=\"auto\">\n<li>First <strong>40000 Puffs Vape<\/strong> with integrated TWS headphones<\/li>\n<li>Durable <strong>XBeats Vape<\/strong> for long-lasting enjoyment<\/li>\n<li>Perfect combination of taste and sound in the <strong>TWS Vape<\/strong><\/li>\n<\/ul>","protected":false},"excerpt":{"rendered":"<p dir=\"auto\">Airmez Xbeat 40000 Puffs Vape with integrated TWS headphones - the smart XBeats Vape for up to 40,000 puffs. Dual mesh coils, 20 ml e-liquid, Bluetooth 5.0. vaping and music in one device!<\/p>","protected":false},"featured_media":1656,"comment_status":"open","ping_status":"closed","template":"","meta":[],"product_brand":[67],"product_cat":[36],"product_tag":[],"class_list":{"0":"post-1655","1":"product","2":"type-product","3":"status-publish","4":"has-post-thumbnail","6":"product_brand-airmez","7":"product_cat-puff-40k","9":"first","10":"instock","11":"shipping-taxable","12":"purchasable","13":"product-type-variable"},"yoast_head":"<!-- This site is optimized with the Yoast SEO plugin v27.1.1 - https:\/\/yoast.com\/product\/yoast-seo-wordpress\/ -->\n<title>Airmez Xbeat 40000 Puffs Vape mit TWS Earbuds | XBeats Vape<\/title>\n<meta name=\"description\" content=\"Airmez Xbeat 40000 Puffs Vape mit integrierten TWS Kopfh\u00f6rern \u2013 der smarte XBeats Vape f\u00fcr bis zu 40.000 Z\u00fcge. Dual Mesh Coils, 20 ml E-Liquid, Bluetooth 5.0. Dampfen und Musik in einem Ger\u00e4t!\" \/>\n<meta name=\"robots\" content=\"index, follow, max-snippet:-1, max-image-preview:large, max-video-preview:-1\" \/>\n<link rel=\"canonical\" href=\"https:\/\/aivape.de\/en\/product\/airmez-xbeat-40000-puffs-vape-mit-tws-earbuds-xbeats-vape\/\" \/>\n<meta property=\"og:locale\" content=\"en_US\" \/>\n<meta property=\"og:type\" content=\"article\" \/>\n<meta property=\"og:title\" content=\"Airmez Xbeat 40000 Puffs Vape mit TWS Earbuds | XBeats Vape\" \/>\n<meta property=\"og:description\" content=\"Airmez Xbeat 40000 Puffs Vape mit integrierten TWS Kopfh\u00f6rern \u2013 der smarte XBeats Vape f\u00fcr bis zu 40.000 Z\u00fcge. Dual Mesh Coils, 20 ml E-Liquid, Bluetooth 5.0. Dampfen und Musik in einem Ger\u00e4t!\" \/>\n<meta property=\"og:url\" content=\"https:\/\/aivape.de\/en\/product\/airmez-xbeat-40000-puffs-vape-mit-tws-earbuds-xbeats-vape\/\" \/>\n<meta property=\"og:site_name\" content=\"AiVape | Premium E-Zigaretten &amp; Vape Shop Deutschland\" \/>\n<meta property=\"article:modified_time\" content=\"2026-03-24T09:15:50+00:00\" \/>\n<meta property=\"og:image\" content=\"https:\/\/aivape.de\/wp-content\/uploads\/2026\/03\/Airmez-XBeats-40000-Puffs-Disposable-Vape-1.png\" \/>\n\t<meta property=\"og:image:width\" content=\"1080\" \/>\n\t<meta property=\"og:image:height\" content=\"1080\" \/>\n\t<meta property=\"og:image:type\" content=\"image\/png\" \/>\n<meta name=\"twitter:card\" content=\"summary_large_image\" \/>\n<meta name=\"twitter:label1\" content=\"Est. reading time\" \/>\n\t<meta name=\"twitter:data1\" content=\"2 minutes\" \/>\n<script type=\"application\/ld+json\" class=\"yoast-schema-graph\">{\"@context\":\"https:\/\/schema.org\",\"@graph\":[{\"@type\":\"WebPage\",\"@id\":\"https:\/\/aivape.de\/produkt\/airmez-xbeat-40000-puffs-vape-mit-tws-earbuds-xbeats-vape\/\",\"url\":\"https:\/\/aivape.de\/produkt\/airmez-xbeat-40000-puffs-vape-mit-tws-earbuds-xbeats-vape\/\",\"name\":\"Airmez Xbeat 40000 Puffs Vape mit TWS Earbuds | XBeats Vape\",\"isPartOf\":{\"@id\":\"https:\/\/aivape.de\/#website\"},\"primaryImageOfPage\":{\"@id\":\"https:\/\/aivape.de\/produkt\/airmez-xbeat-40000-puffs-vape-mit-tws-earbuds-xbeats-vape\/#primaryimage\"},\"image\":{\"@id\":\"https:\/\/aivape.de\/produkt\/airmez-xbeat-40000-puffs-vape-mit-tws-earbuds-xbeats-vape\/#primaryimage\"},\"thumbnailUrl\":\"https:\/\/aivape.de\/wp-content\/uploads\/2026\/03\/Airmez-XBeats-40000-Puffs-Disposable-Vape-1.png\",\"datePublished\":\"2026-03-24T08:40:13+00:00\",\"dateModified\":\"2026-03-24T09:15:50+00:00\",\"description\":\"Airmez Xbeat 40000 Puffs Vape mit integrierten TWS Kopfh\u00f6rern \u2013 der smarte XBeats Vape f\u00fcr bis zu 40.000 Z\u00fcge. Dual Mesh Coils, 20 ml E-Liquid, Bluetooth 5.0. Dampfen und Musik in einem Ger\u00e4t!\",\"breadcrumb\":{\"@id\":\"https:\/\/aivape.de\/produkt\/airmez-xbeat-40000-puffs-vape-mit-tws-earbuds-xbeats-vape\/#breadcrumb\"},\"inLanguage\":\"en-US\",\"potentialAction\":[{\"@type\":\"ReadAction\",\"target\":[\"https:\/\/aivape.de\/produkt\/airmez-xbeat-40000-puffs-vape-mit-tws-earbuds-xbeats-vape\/\"]}]},{\"@type\":\"ImageObject\",\"inLanguage\":\"en-US\",\"@id\":\"https:\/\/aivape.de\/produkt\/airmez-xbeat-40000-puffs-vape-mit-tws-earbuds-xbeats-vape\/#primaryimage\",\"url\":\"https:\/\/aivape.de\/wp-content\/uploads\/2026\/03\/Airmez-XBeats-40000-Puffs-Disposable-Vape-1.png\",\"contentUrl\":\"https:\/\/aivape.de\/wp-content\/uploads\/2026\/03\/Airmez-XBeats-40000-Puffs-Disposable-Vape-1.png\",\"width\":1080,\"height\":1080,\"caption\":\"Airmez XBeats 40000 Puffs Disposable Vape\"},{\"@type\":\"BreadcrumbList\",\"@id\":\"https:\/\/aivape.de\/produkt\/airmez-xbeat-40000-puffs-vape-mit-tws-earbuds-xbeats-vape\/#breadcrumb\",\"itemListElement\":[{\"@type\":\"ListItem\",\"position\":1,\"name\":\"Home\",\"item\":\"https:\/\/aivape.de\/\"},{\"@type\":\"ListItem\",\"position\":2,\"name\":\"Shop\",\"item\":\"https:\/\/aivape.de\/shop\/\"},{\"@type\":\"ListItem\",\"position\":3,\"name\":\"Airmez Xbeat 40000 Puffs Vape mit TWS Earbuds | XBeats Vape\"}]},{\"@type\":\"WebSite\",\"@id\":\"https:\/\/aivape.de\/#website\",\"url\":\"https:\/\/aivape.de\/\",\"name\":\"AiVape | Premium E-Zigaretten &amp; Vape Shop Deutschland\",\"description\":\"Dein Experte f\u00fcr Vozol, Bang King &amp; Hifancy Vapes \u2013 Schneller EU-Versand\",\"potentialAction\":[{\"@type\":\"SearchAction\",\"target\":{\"@type\":\"EntryPoint\",\"urlTemplate\":\"https:\/\/aivape.de\/?s={search_term_string}\"},\"query-input\":{\"@type\":\"PropertyValueSpecification\",\"valueRequired\":true,\"valueName\":\"search_term_string\"}}],\"inLanguage\":\"en-US\"}]}<\/script>\n<!-- \/ Yoast SEO plugin. -->","yoast_head_json":{"title":"Airmez Xbeat 40000 Puffs Vape with TWS Earbuds | XBeats Vape","description":"Airmez Xbeat 40000 Puffs Vape with integrated TWS headphones - the smart XBeats Vape for up to 40,000 puffs. Dual mesh coils, 20 ml e-liquid, Bluetooth 5.0. vaping and music in one device!","robots":{"index":"index","follow":"follow","max-snippet":"max-snippet:-1","max-image-preview":"max-image-preview:large","max-video-preview":"max-video-preview:-1"},"canonical":"https:\/\/aivape.de\/en\/product\/airmez-xbeat-40000-puffs-vape-mit-tws-earbuds-xbeats-vape\/","og_locale":"en_US","og_type":"article","og_title":"Airmez Xbeat 40000 Puffs Vape mit TWS Earbuds | XBeats Vape","og_description":"Airmez Xbeat 40000 Puffs Vape mit integrierten TWS Kopfh\u00f6rern \u2013 der smarte XBeats Vape f\u00fcr bis zu 40.000 Z\u00fcge. Dual Mesh Coils, 20 ml E-Liquid, Bluetooth 5.0. Dampfen und Musik in einem Ger\u00e4t!","og_url":"https:\/\/aivape.de\/en\/product\/airmez-xbeat-40000-puffs-vape-mit-tws-earbuds-xbeats-vape\/","og_site_name":"AiVape | Premium E-Zigaretten &amp; Vape Shop Deutschland","article_modified_time":"2026-03-24T09:15:50+00:00","og_image":[{"width":1080,"height":1080,"url":"https:\/\/aivape.de\/wp-content\/uploads\/2026\/03\/Airmez-XBeats-40000-Puffs-Disposable-Vape-1.png","type":"image\/png"}],"twitter_card":"summary_large_image","twitter_misc":{"Est. reading time":"2 minutes"},"schema":{"@context":"https:\/\/schema.org","@graph":[{"@type":"WebPage","@id":"https:\/\/aivape.de\/produkt\/airmez-xbeat-40000-puffs-vape-mit-tws-earbuds-xbeats-vape\/","url":"https:\/\/aivape.de\/produkt\/airmez-xbeat-40000-puffs-vape-mit-tws-earbuds-xbeats-vape\/","name":"Airmez Xbeat 40000 Puffs Vape with TWS Earbuds | XBeats Vape","isPartOf":{"@id":"https:\/\/aivape.de\/#website"},"primaryImageOfPage":{"@id":"https:\/\/aivape.de\/produkt\/airmez-xbeat-40000-puffs-vape-mit-tws-earbuds-xbeats-vape\/#primaryimage"},"image":{"@id":"https:\/\/aivape.de\/produkt\/airmez-xbeat-40000-puffs-vape-mit-tws-earbuds-xbeats-vape\/#primaryimage"},"thumbnailUrl":"https:\/\/aivape.de\/wp-content\/uploads\/2026\/03\/Airmez-XBeats-40000-Puffs-Disposable-Vape-1.png","datePublished":"2026-03-24T08:40:13+00:00","dateModified":"2026-03-24T09:15:50+00:00","description":"Airmez Xbeat 40000 Puffs Vape with integrated TWS headphones - the smart XBeats Vape for up to 40,000 puffs. Dual mesh coils, 20 ml e-liquid, Bluetooth 5.0. vaping and music in one device!","breadcrumb":{"@id":"https:\/\/aivape.de\/produkt\/airmez-xbeat-40000-puffs-vape-mit-tws-earbuds-xbeats-vape\/#breadcrumb"},"inLanguage":"en-US","potentialAction":[{"@type":"ReadAction","target":["https:\/\/aivape.de\/produkt\/airmez-xbeat-40000-puffs-vape-mit-tws-earbuds-xbeats-vape\/"]}]},{"@type":"ImageObject","inLanguage":"en-US","@id":"https:\/\/aivape.de\/produkt\/airmez-xbeat-40000-puffs-vape-mit-tws-earbuds-xbeats-vape\/#primaryimage","url":"https:\/\/aivape.de\/wp-content\/uploads\/2026\/03\/Airmez-XBeats-40000-Puffs-Disposable-Vape-1.png","contentUrl":"https:\/\/aivape.de\/wp-content\/uploads\/2026\/03\/Airmez-XBeats-40000-Puffs-Disposable-Vape-1.png","width":1080,"height":1080,"caption":"Airmez XBeats 40000 Puffs Disposable Vape"},{"@type":"BreadcrumbList","@id":"https:\/\/aivape.de\/produkt\/airmez-xbeat-40000-puffs-vape-mit-tws-earbuds-xbeats-vape\/#breadcrumb","itemListElement":[{"@type":"ListItem","position":1,"name":"Home","item":"https:\/\/aivape.de\/"},{"@type":"ListItem","position":2,"name":"Shop","item":"https:\/\/aivape.de\/shop\/"},{"@type":"ListItem","position":3,"name":"Airmez Xbeat 40000 Puffs Vape mit TWS Earbuds | XBeats Vape"}]},{"@type":"WebSite","@id":"https:\/\/aivape.de\/#website","url":"https:\/\/aivape.de\/","name":"AiVape | Premium E-Zigaretten &amp; Vape Shop Deutschland","description":"Dein Experte f\u00fcr Vozol, Bang King &amp; Hifancy Vapes \u2013 Schneller EU-Versand","potentialAction":[{"@type":"SearchAction","target":{"@type":"EntryPoint","urlTemplate":"https:\/\/aivape.de\/?s={search_term_string}"},"query-input":{"@type":"PropertyValueSpecification","valueRequired":true,"valueName":"search_term_string"}}],"inLanguage":"en-US"}]}},"tiered_pricing_type":"fixed","tiered_pricing_fixed_rules":{"30":"10.99","50":"10.45","100":"9.99"},"tiered_pricing_product_settings":{"layout":"default","base_unit_name":{"singular":null,"plural":null},"default_variation":null},"tiered_pricing_minimum_quantity":10,"tiered_pricing_roles_data":[],"tiered_pricing_percentage_rules":[],"tiered_pricing_maximum_quantity":null,"tiered_pricing_quantity_step":"10","_links":{"self":[{"href":"https:\/\/aivape.de\/en\/wp-json\/wp\/v2\/product\/1655","targetHints":{"allow":["GET"]}}],"collection":[{"href":"https:\/\/aivape.de\/en\/wp-json\/wp\/v2\/product"}],"about":[{"href":"https:\/\/aivape.de\/en\/wp-json\/wp\/v2\/types\/product"}],"replies":[{"embeddable":true,"href":"https:\/\/aivape.de\/en\/wp-json\/wp\/v2\/comments?post=1655"}],"version-history":[{"count":1,"href":"https:\/\/aivape.de\/en\/wp-json\/wp\/v2\/product\/1655\/revisions"}],"predecessor-version":[{"id":1689,"href":"https:\/\/aivape.de\/en\/wp-json\/wp\/v2\/product\/1655\/revisions\/1689"}],"wp:featuredmedia":[{"embeddable":true,"href":"https:\/\/aivape.de\/en\/wp-json\/wp\/v2\/media\/1656"}],"wp:attachment":[{"href":"https:\/\/aivape.de\/en\/wp-json\/wp\/v2\/media?parent=1655"}],"wp:term":[{"taxonomy":"product_brand","embeddable":true,"href":"https:\/\/aivape.de\/en\/wp-json\/wp\/v2\/product_brand?post=1655"},{"taxonomy":"product_cat","embeddable":true,"href":"https:\/\/aivape.de\/en\/wp-json\/wp\/v2\/product_cat?post=1655"},{"taxonomy":"product_tag","embeddable":true,"href":"https:\/\/aivape.de\/en\/wp-json\/wp\/v2\/product_tag?post=1655"}],"curies":[{"name":"wp","href":"https:\/\/api.w.org\/{rel}","templated":true}]}}