{"id":1583,"date":"2026-03-23T11:30:23","date_gmt":"2026-03-23T10:30:23","guid":{"rendered":"https:\/\/aivape.de\/?post_type=product&#038;p=1583"},"modified":"2026-03-24T10:20:53","modified_gmt":"2026-03-24T09:20:53","slug":"airmez-vape-fox-4in1-120k-120-000-zuege-4-geschmaecker","status":"publish","type":"product","link":"https:\/\/aivape.de\/en\/product\/airmez-vape-fox-4in1-120k-120-000-zuege-4-geschmaecker\/","title":{"rendered":"Airmez Vape Fox 4in1 120K - 120,000 puffs 4 flavors"},"content":{"rendered":"<h1 dir=\"auto\">Airmez Vape Fox 4in1 120K - The ultimate 120000 puffs vape with 4 flavor modes<\/h1>\n<p dir=\"auto\">Are you looking for an Airmez vape that really lasts a long time and offers variety? The Airmez Fox 4in1 120K sets new standards: up to 120,000 puffs in a compact device, four separate 15 ml tanks (60 ml liquid in total) and four freely selectable flavors - all in one! Whether you are looking for Airmez Fox, Airmez 120K or simply the best Airmez Vape Germany - here you get maximum variety without changing devices. Perfect for heavy vapers who want to vape for a long time.<\/p>\n<ul>\n<li>\ud83d\udd25 <strong>Record-breaking 120,000 trains<\/strong> - The <strong>Airmez Fox 120K<\/strong> Lasts an extremely long time and saves money<\/li>\n<li>\ud83c\udf53 <strong>4in1 - Four flavors in one vape<\/strong> - Simply switch between 4 premium flavors using the twist mechanism (approx. 30,000 puffs per tank)<\/li>\n<li>\ud83d\udca7 <strong>60 ml Premium Liquid<\/strong> - 15 ml \u00d7 4 tanks for pure flavor variety without mixing<\/li>\n<li>\ud83d\udd0b <strong>850 mAh rechargeable battery<\/strong> - USB Type-C fast charging, never again empty in the middle of enjoyment<\/li>\n<li>\ud83d\udda5\ufe0f <strong>Intelligent LED display<\/strong> - Displays battery level, liquid level and active flavor<\/li>\n<li>\ud83c\udf00 <strong>1.0 \u03a9 Mesh coil<\/strong> - Dense vapor, intense taste, smooth hit<\/li>\n<li>\ud83c\udfa8 <strong>10+ popular flavors<\/strong> - From fruity-fresh to icy-cool (varies depending on the batch)<\/li>\n<li>\u26a1 <strong>Simple operation<\/strong> - Draw-Activated, no need to press a button<\/li>\n<\/ul>\n<p dir=\"auto\"><img loading=\"lazy\" decoding=\"async\" class=\"wd-lazy-fade alignnone  wp-image-1601\" src=\"https:\/\/aivape.de\/wp-content\/themes\/woodmart\/images\/lazy.svg\" data-src=\"https:\/\/aivape.de\/wp-content\/uploads\/2026\/03\/Airmez-Vape-4in1-300x300.png\" alt=\"Airmez Vape 4in1\" width=\"455\" height=\"455\" srcset=\"\" data-srcset=\"https:\/\/aivape.de\/wp-content\/uploads\/2026\/03\/Airmez-Vape-4in1-300x300.png 300w, https:\/\/aivape.de\/wp-content\/uploads\/2026\/03\/Airmez-Vape-4in1-1024x1024.png 1024w, https:\/\/aivape.de\/wp-content\/uploads\/2026\/03\/Airmez-Vape-4in1-150x150.png 150w, https:\/\/aivape.de\/wp-content\/uploads\/2026\/03\/Airmez-Vape-4in1-768x768.png 768w, https:\/\/aivape.de\/wp-content\/uploads\/2026\/03\/Airmez-Vape-4in1-1536x1536.png 1536w, https:\/\/aivape.de\/wp-content\/uploads\/2026\/03\/Airmez-Vape-4in1-2048x2048.png 2048w, https:\/\/aivape.de\/wp-content\/uploads\/2026\/03\/Airmez-Vape-4in1-600x600.png 600w, https:\/\/aivape.de\/wp-content\/uploads\/2026\/03\/Airmez-Vape-4in1-1200x1200.png 1200w\" sizes=\"auto, (max-width: 455px) 100vw, 455px\" \/><\/p>\n<p dir=\"auto\">The <strong>Airmez Fox 4 in 1 120K<\/strong> is more than just a disposable vape - it is the perfect solution for anyone who <strong>Airmez 120k<\/strong>, <strong>Airmez Fox 120000<\/strong> or <strong>Airmez Vape 40000 Puffs<\/strong> and more, but do not want to do without variety. In contrast to normal <strong>Airmez Matrix<\/strong> or <strong>Airmez XBeats<\/strong> models, the Fox offers real <strong>4-in-1 function<\/strong>Four independent tanks ensure that the flavors never mix - ideal if you fancy strawberry and then mint.<\/p>\n<p dir=\"auto\">With the innovative rotating mouthpiece, you can change the flavor in a flash - no annoying changing of pods or devices. The <strong>Airmez Fox<\/strong> combines huge capacity with smart technology: the LED display keeps you informed at all times, the mesh coil delivers dense, aromatic vapor and the 850 mAh battery with Type-C recharges quickly.<\/p>\n<p dir=\"auto\">Whether you're on the move, gaming or relaxing at home - the <strong>Airmez Vape Germany<\/strong> Bestseller <strong>Fox 120K<\/strong> fits perfectly into your everyday life. And yes: it is significantly more durable than <strong>Airmez 25000<\/strong>, <strong>Airmez 25K<\/strong>, <strong>Airmez 30K<\/strong> or even many <strong>Airmez 40K<\/strong> Models.<\/p>\n<p dir=\"auto\"><strong>Usage scenarios:<\/strong><\/p>\n<ul>\n<li><strong>Commuters &amp; frequent steamers<\/strong> \u2192 120,000 puffs means weeks of vaping without having to buy more<\/li>\n<li><strong>Taste hunters<\/strong> \u2192 Four flavors in one device - ideal for indecisive days<\/li>\n<li><strong>Party &amp; Festival<\/strong> \u2192 Compact, rechargeable, long runtime - the perfect companion<\/li>\n<li><strong>Music &amp; Chill<\/strong> \u2192 Combine it with your favorite songs (tip: also check out the <strong>Airmez XBeats<\/strong> with integrated headphones)<\/li>\n<\/ul>\n<h2><strong>Why choose Airmez Vape?<\/strong><\/h2>\n<ul>\n<li>Original <strong>Airmez Vape Germany<\/strong> - Direct import, EU-compliant, fast delivery<\/li>\n<li>Better than many <strong>Airmez Matrix 25000<\/strong>, <strong>Airmez Matrix Pro 30000<\/strong> or <strong>Airmez 40000 Puffs<\/strong> - 4 times higher capacity &amp; real variety of flavors<\/li>\n<li>More environmentally conscious than 10 normal 10K vapes - less waste, more enjoyment<\/li>\n<li>Top ratings &amp; growing hype in the community<\/li>\n<\/ul>\n<p><strong>FAQ<\/strong><\/p>\n<p dir=\"auto\"><strong>What is the difference between Airmez Fox 120K and Airmez XBeats 40K?<\/strong> The Fox 120K has four flavors + 120,000 puffs, the XBeats has integrated Bluetooth headphones (vape with headphones \/ airmez xbeats).<\/p>\n<p dir=\"auto\"><strong>How do I change the flavor of the Airmez Fox 4in1?<\/strong> Lift the mouthpiece and turn to activate the next tank.<\/p>\n<p dir=\"auto\"><strong>Is the Airmez Fox 120K refillable?<\/strong> No, it is a high-quality disposable vape - but it is extremely durable.<\/p>\n<p dir=\"auto\"><strong>What nicotine strength is available?<\/strong> Usually 2% or 5% (depending on the batch - please check the product description).<\/p>\n<p dir=\"auto\"><strong>Shipping to Germany?<\/strong> Yes, fast shipping from EU warehouse, discreetly packaged.<\/p>\n<p dir=\"auto\"><strong>CTA<\/strong><\/p>\n<p dir=\"auto\">Get your Airmez Fox 4in1 120K now - while stocks last! Only while stocks last \u2192 Add to cart &amp; enjoy 120,000 puffs of pure variety. Buy Airmez Vape - Germany's top choice for mega puffs!<\/p>","protected":false},"excerpt":{"rendered":"<p>Discover the Airmez Fox 4in1 120K: Up to 120,000 puffs, 4 adjustable flavors in one device, 60 ml liquid (15 ml \u00d7 4 tanks), 850mAh battery, USB-C &amp; LED display. Buy Airmez Vape now - Airmez Fox 120K in Germany!<\/p>","protected":false},"featured_media":1601,"comment_status":"open","ping_status":"closed","template":"","meta":[],"product_brand":[67],"product_cat":[23],"product_tag":[],"class_list":{"0":"post-1583","1":"product","2":"type-product","3":"status-publish","4":"has-post-thumbnail","6":"product_brand-airmez","7":"product_cat-puff-120k","9":"first","10":"instock","11":"shipping-taxable","12":"purchasable","13":"product-type-variable"},"yoast_head":"<!-- This site is optimized with the Yoast SEO plugin v27.1.1 - https:\/\/yoast.com\/product\/yoast-seo-wordpress\/ -->\n<title>Airmez Vape Fox 4in1 120K \u2013 120.000 Z\u00fcge 4 Geschm\u00e4cker<\/title>\n<meta name=\"description\" content=\"Entdecke den Airmez Fox 4in1 120K: Bis zu 120.000 Z\u00fcge, 4 einstellbare Aromen in einem Ger\u00e4t, 60 ml Liquid (15 ml \u00d7 4 Tanks), 850mAh Akku, USB-C &amp; LED-Display. Jetzt Airmez Vape kaufen \u2013 Airmez Fox 120K in Deutschland!\" \/>\n<meta name=\"robots\" content=\"index, follow, max-snippet:-1, max-image-preview:large, max-video-preview:-1\" \/>\n<link rel=\"canonical\" href=\"https:\/\/aivape.de\/en\/product\/airmez-vape-fox-4in1-120k-120-000-zuege-4-geschmaecker\/\" \/>\n<meta property=\"og:locale\" content=\"en_US\" \/>\n<meta property=\"og:type\" content=\"article\" \/>\n<meta property=\"og:title\" content=\"Airmez Vape Fox 4in1 120K \u2013 120.000 Z\u00fcge 4 Geschm\u00e4cker\" \/>\n<meta property=\"og:description\" content=\"Entdecke den Airmez Fox 4in1 120K: Bis zu 120.000 Z\u00fcge, 4 einstellbare Aromen in einem Ger\u00e4t, 60 ml Liquid (15 ml \u00d7 4 Tanks), 850mAh Akku, USB-C &amp; LED-Display. Jetzt Airmez Vape kaufen \u2013 Airmez Fox 120K in Deutschland!\" \/>\n<meta property=\"og:url\" content=\"https:\/\/aivape.de\/en\/product\/airmez-vape-fox-4in1-120k-120-000-zuege-4-geschmaecker\/\" \/>\n<meta property=\"og:site_name\" content=\"AiVape | Premium E-Zigaretten &amp; Vape Shop Deutschland\" \/>\n<meta property=\"article:modified_time\" content=\"2026-03-24T09:20:53+00:00\" \/>\n<meta property=\"og:image\" content=\"https:\/\/aivape.de\/wp-content\/uploads\/2026\/03\/Airmez-Vape-4in1-1024x1024.png\" \/>\n\t<meta property=\"og:image:width\" content=\"1024\" \/>\n\t<meta property=\"og:image:height\" content=\"1024\" \/>\n\t<meta property=\"og:image:type\" content=\"image\/png\" \/>\n<meta name=\"twitter:card\" content=\"summary_large_image\" \/>\n<meta name=\"twitter:label1\" content=\"Est. reading time\" \/>\n\t<meta name=\"twitter:data1\" content=\"4 minutes\" \/>\n<script type=\"application\/ld+json\" class=\"yoast-schema-graph\">{\"@context\":\"https:\/\/schema.org\",\"@graph\":[{\"@type\":\"WebPage\",\"@id\":\"https:\/\/aivape.de\/produkt\/airmez-vape-fox-4in1-120k-120-000-zuege-4-geschmaecker\/\",\"url\":\"https:\/\/aivape.de\/produkt\/airmez-vape-fox-4in1-120k-120-000-zuege-4-geschmaecker\/\",\"name\":\"Airmez Vape Fox 4in1 120K \u2013 120.000 Z\u00fcge 4 Geschm\u00e4cker\",\"isPartOf\":{\"@id\":\"https:\/\/aivape.de\/#website\"},\"primaryImageOfPage\":{\"@id\":\"https:\/\/aivape.de\/produkt\/airmez-vape-fox-4in1-120k-120-000-zuege-4-geschmaecker\/#primaryimage\"},\"image\":{\"@id\":\"https:\/\/aivape.de\/produkt\/airmez-vape-fox-4in1-120k-120-000-zuege-4-geschmaecker\/#primaryimage\"},\"thumbnailUrl\":\"https:\/\/aivape.de\/wp-content\/uploads\/2026\/03\/Airmez-Vape-4in1.png\",\"datePublished\":\"2026-03-23T10:30:23+00:00\",\"dateModified\":\"2026-03-24T09:20:53+00:00\",\"description\":\"Entdecke den Airmez Fox 4in1 120K: Bis zu 120.000 Z\u00fcge, 4 einstellbare Aromen in einem Ger\u00e4t, 60 ml Liquid (15 ml \u00d7 4 Tanks), 850mAh Akku, USB-C & LED-Display. Jetzt Airmez Vape kaufen \u2013 Airmez Fox 120K in Deutschland!\",\"breadcrumb\":{\"@id\":\"https:\/\/aivape.de\/produkt\/airmez-vape-fox-4in1-120k-120-000-zuege-4-geschmaecker\/#breadcrumb\"},\"inLanguage\":\"en-US\",\"potentialAction\":[{\"@type\":\"ReadAction\",\"target\":[\"https:\/\/aivape.de\/produkt\/airmez-vape-fox-4in1-120k-120-000-zuege-4-geschmaecker\/\"]}]},{\"@type\":\"ImageObject\",\"inLanguage\":\"en-US\",\"@id\":\"https:\/\/aivape.de\/produkt\/airmez-vape-fox-4in1-120k-120-000-zuege-4-geschmaecker\/#primaryimage\",\"url\":\"https:\/\/aivape.de\/wp-content\/uploads\/2026\/03\/Airmez-Vape-4in1.png\",\"contentUrl\":\"https:\/\/aivape.de\/wp-content\/uploads\/2026\/03\/Airmez-Vape-4in1.png\",\"width\":2480,\"height\":2480,\"caption\":\"Airmez Vape 4in1\"},{\"@type\":\"BreadcrumbList\",\"@id\":\"https:\/\/aivape.de\/produkt\/airmez-vape-fox-4in1-120k-120-000-zuege-4-geschmaecker\/#breadcrumb\",\"itemListElement\":[{\"@type\":\"ListItem\",\"position\":1,\"name\":\"Home\",\"item\":\"https:\/\/aivape.de\/\"},{\"@type\":\"ListItem\",\"position\":2,\"name\":\"Shop\",\"item\":\"https:\/\/aivape.de\/shop\/\"},{\"@type\":\"ListItem\",\"position\":3,\"name\":\"Airmez Vape Fox 4in1 120K \u2013 120.000 Z\u00fcge 4 Geschm\u00e4cker\"}]},{\"@type\":\"WebSite\",\"@id\":\"https:\/\/aivape.de\/#website\",\"url\":\"https:\/\/aivape.de\/\",\"name\":\"AiVape | Premium E-Zigaretten &amp; Vape Shop Deutschland\",\"description\":\"Dein Experte f\u00fcr Vozol, Bang King &amp; Hifancy Vapes \u2013 Schneller EU-Versand\",\"potentialAction\":[{\"@type\":\"SearchAction\",\"target\":{\"@type\":\"EntryPoint\",\"urlTemplate\":\"https:\/\/aivape.de\/?s={search_term_string}\"},\"query-input\":{\"@type\":\"PropertyValueSpecification\",\"valueRequired\":true,\"valueName\":\"search_term_string\"}}],\"inLanguage\":\"en-US\"}]}<\/script>\n<!-- \/ Yoast SEO plugin. -->","yoast_head_json":{"title":"Airmez Vape Fox 4in1 120K - 120,000 puffs 4 flavors","description":"Discover the Airmez Fox 4in1 120K: Up to 120,000 puffs, 4 adjustable flavors in one device, 60 ml liquid (15 ml \u00d7 4 tanks), 850mAh battery, USB-C &amp; LED display. Buy Airmez Vape now - Airmez Fox 120K in Germany!","robots":{"index":"index","follow":"follow","max-snippet":"max-snippet:-1","max-image-preview":"max-image-preview:large","max-video-preview":"max-video-preview:-1"},"canonical":"https:\/\/aivape.de\/en\/product\/airmez-vape-fox-4in1-120k-120-000-zuege-4-geschmaecker\/","og_locale":"en_US","og_type":"article","og_title":"Airmez Vape Fox 4in1 120K \u2013 120.000 Z\u00fcge 4 Geschm\u00e4cker","og_description":"Entdecke den Airmez Fox 4in1 120K: Bis zu 120.000 Z\u00fcge, 4 einstellbare Aromen in einem Ger\u00e4t, 60 ml Liquid (15 ml \u00d7 4 Tanks), 850mAh Akku, USB-C & LED-Display. Jetzt Airmez Vape kaufen \u2013 Airmez Fox 120K in Deutschland!","og_url":"https:\/\/aivape.de\/en\/product\/airmez-vape-fox-4in1-120k-120-000-zuege-4-geschmaecker\/","og_site_name":"AiVape | Premium E-Zigaretten &amp; Vape Shop Deutschland","article_modified_time":"2026-03-24T09:20:53+00:00","og_image":[{"width":1024,"height":1024,"url":"https:\/\/aivape.de\/wp-content\/uploads\/2026\/03\/Airmez-Vape-4in1-1024x1024.png","type":"image\/png"}],"twitter_card":"summary_large_image","twitter_misc":{"Est. reading time":"4 minutes"},"schema":{"@context":"https:\/\/schema.org","@graph":[{"@type":"WebPage","@id":"https:\/\/aivape.de\/produkt\/airmez-vape-fox-4in1-120k-120-000-zuege-4-geschmaecker\/","url":"https:\/\/aivape.de\/produkt\/airmez-vape-fox-4in1-120k-120-000-zuege-4-geschmaecker\/","name":"Airmez Vape Fox 4in1 120K - 120,000 puffs 4 flavors","isPartOf":{"@id":"https:\/\/aivape.de\/#website"},"primaryImageOfPage":{"@id":"https:\/\/aivape.de\/produkt\/airmez-vape-fox-4in1-120k-120-000-zuege-4-geschmaecker\/#primaryimage"},"image":{"@id":"https:\/\/aivape.de\/produkt\/airmez-vape-fox-4in1-120k-120-000-zuege-4-geschmaecker\/#primaryimage"},"thumbnailUrl":"https:\/\/aivape.de\/wp-content\/uploads\/2026\/03\/Airmez-Vape-4in1.png","datePublished":"2026-03-23T10:30:23+00:00","dateModified":"2026-03-24T09:20:53+00:00","description":"Discover the Airmez Fox 4in1 120K: Up to 120,000 puffs, 4 adjustable flavors in one device, 60 ml liquid (15 ml \u00d7 4 tanks), 850mAh battery, USB-C &amp; LED display. Buy Airmez Vape now - Airmez Fox 120K in Germany!","breadcrumb":{"@id":"https:\/\/aivape.de\/produkt\/airmez-vape-fox-4in1-120k-120-000-zuege-4-geschmaecker\/#breadcrumb"},"inLanguage":"en-US","potentialAction":[{"@type":"ReadAction","target":["https:\/\/aivape.de\/produkt\/airmez-vape-fox-4in1-120k-120-000-zuege-4-geschmaecker\/"]}]},{"@type":"ImageObject","inLanguage":"en-US","@id":"https:\/\/aivape.de\/produkt\/airmez-vape-fox-4in1-120k-120-000-zuege-4-geschmaecker\/#primaryimage","url":"https:\/\/aivape.de\/wp-content\/uploads\/2026\/03\/Airmez-Vape-4in1.png","contentUrl":"https:\/\/aivape.de\/wp-content\/uploads\/2026\/03\/Airmez-Vape-4in1.png","width":2480,"height":2480,"caption":"Airmez Vape 4in1"},{"@type":"BreadcrumbList","@id":"https:\/\/aivape.de\/produkt\/airmez-vape-fox-4in1-120k-120-000-zuege-4-geschmaecker\/#breadcrumb","itemListElement":[{"@type":"ListItem","position":1,"name":"Home","item":"https:\/\/aivape.de\/"},{"@type":"ListItem","position":2,"name":"Shop","item":"https:\/\/aivape.de\/shop\/"},{"@type":"ListItem","position":3,"name":"Airmez Vape Fox 4in1 120K \u2013 120.000 Z\u00fcge 4 Geschm\u00e4cker"}]},{"@type":"WebSite","@id":"https:\/\/aivape.de\/#website","url":"https:\/\/aivape.de\/","name":"AiVape | Premium E-Zigaretten &amp; Vape Shop Deutschland","description":"Dein Experte f\u00fcr Vozol, Bang King &amp; Hifancy Vapes \u2013 Schneller EU-Versand","potentialAction":[{"@type":"SearchAction","target":{"@type":"EntryPoint","urlTemplate":"https:\/\/aivape.de\/?s={search_term_string}"},"query-input":{"@type":"PropertyValueSpecification","valueRequired":true,"valueName":"search_term_string"}}],"inLanguage":"en-US"}]}},"tiered_pricing_type":"fixed","tiered_pricing_fixed_rules":{"30":"11.73","50":"11.12","100":"10.65","200":"9.99"},"tiered_pricing_product_settings":{"layout":"default","base_unit_name":{"singular":null,"plural":null},"default_variation":null},"tiered_pricing_minimum_quantity":10,"tiered_pricing_roles_data":[],"tiered_pricing_percentage_rules":[],"tiered_pricing_maximum_quantity":null,"tiered_pricing_quantity_step":"10","_links":{"self":[{"href":"https:\/\/aivape.de\/en\/wp-json\/wp\/v2\/product\/1583","targetHints":{"allow":["GET"]}}],"collection":[{"href":"https:\/\/aivape.de\/en\/wp-json\/wp\/v2\/product"}],"about":[{"href":"https:\/\/aivape.de\/en\/wp-json\/wp\/v2\/types\/product"}],"replies":[{"embeddable":true,"href":"https:\/\/aivape.de\/en\/wp-json\/wp\/v2\/comments?post=1583"}],"version-history":[{"count":5,"href":"https:\/\/aivape.de\/en\/wp-json\/wp\/v2\/product\/1583\/revisions"}],"predecessor-version":[{"id":1589,"href":"https:\/\/aivape.de\/en\/wp-json\/wp\/v2\/product\/1583\/revisions\/1589"}],"wp:featuredmedia":[{"embeddable":true,"href":"https:\/\/aivape.de\/en\/wp-json\/wp\/v2\/media\/1601"}],"wp:attachment":[{"href":"https:\/\/aivape.de\/en\/wp-json\/wp\/v2\/media?parent=1583"}],"wp:term":[{"taxonomy":"product_brand","embeddable":true,"href":"https:\/\/aivape.de\/en\/wp-json\/wp\/v2\/product_brand?post=1583"},{"taxonomy":"product_cat","embeddable":true,"href":"https:\/\/aivape.de\/en\/wp-json\/wp\/v2\/product_cat?post=1583"},{"taxonomy":"product_tag","embeddable":true,"href":"https:\/\/aivape.de\/en\/wp-json\/wp\/v2\/product_tag?post=1583"}],"curies":[{"name":"wp","href":"https:\/\/api.w.org\/{rel}","templated":true}]}}